{"id":51430,"date":"2026-05-06T15:48:43","date_gmt":"2026-05-06T13:48:43","guid":{"rendered":"https:\/\/vapotheque.ch\/boutique\/amazon-japura-conquistador-50-ml-70-ml-e-liquid\/"},"modified":"2026-05-06T15:48:43","modified_gmt":"2026-05-06T13:48:43","slug":"amazon-japura-conquistador-50-ml-70-ml-e-liquid","status":"publish","type":"product","link":"https:\/\/vapotheque.ch\/de\/shop\/amazon-japura-conquistador-50-ml-70-ml-e-liquid\/","title":{"rendered":"Amazon &#8211; Japura Conquistador 50 ml \/ 70 ml E-Liquid"},"content":{"rendered":"<h2 data-section-id=\"x0nqdm\" data-start=\"65\" data-end=\"166\">Amazone &#8211; Japura Conquistador 50 ml \/ 70 ml E-Liquid: eine Eroberung der Aromen \u2620\ufe0f<\/h2>\n<p data-start=\"168\" data-end=\"355\">Mit dem <strong>Amazone &#8211; Japura Conquistador 50 ml \/ 70 ml E-Liquid<\/strong> nimmt <span class=\"hover:entity-accent entity-underline inline cursor-pointer align-baseline\"><span class=\"whitespace-normal\">E-Tasty<\/span><\/span> Sie mit auf eine echte Geschmacksexpedition.<br data-start=\"290\" data-end=\"293\">Ein k\u00fchnes, unerwartetes E-Liquid&#8230; und ehrlich gesagt einpr\u00e4gsam.<\/p>\n<hr data-start=\"357\" data-end=\"360\">\n<h3 data-section-id=\"bwk1bn\" data-start=\"362\" data-end=\"400\">Eine fruchtige Basis, die schl\u00e4gt<\/h3>\n<p data-start=\"402\" data-end=\"487\">Alles beginnt mit einer erfrischenden Inspiration:<br data-start=\"453\" data-end=\"456\"><strong data-start=\"463\" data-end=\"485\">Schwarzbeerlimonade<\/strong><\/p>\n<ul data-start=\"489\" data-end=\"619\">\n<li data-section-id=\"eqhgn4\" data-start=\"489\" data-end=\"562\">Schwarzbeere bringt eine <strong data-start=\"513\" data-end=\"560\">intensive, fruchtige und leicht s\u00e4uerliche Note<\/strong><\/li>\n<li data-section-id=\"110drf9\" data-start=\"563\" data-end=\"619\">Limonade verleiht eine <strong data-start=\"588\" data-end=\"617\">sprudelnde und lebhafte Note<\/strong><\/li>\n<\/ul>\n<p data-start=\"621\" data-end=\"686\">Das Ergebnis: ein frischer und energiegeladener Start<\/p>\n<hr data-start=\"688\" data-end=\"691\">\n<h3 data-section-id=\"klyakh\" data-start=\"693\" data-end=\"739\">Die Wendung, die den entscheidenden Unterschied macht<\/h3>\n<p data-start=\"741\" data-end=\"761\">Und dann&#8230; \u00dcberraschung<\/p>\n<p data-start=\"763\" data-end=\"812\">Flavorists kommen, um das Ganze aufzupeppen mit:<\/p>\n<ul data-start=\"813\" data-end=\"918\">\n<li data-section-id=\"fx6m7s\" data-start=\"813\" data-end=\"865\">Ein <strong data-start=\"818\" data-end=\"835\">torfiger<\/strong>, tiefer und leicht rauchiger Whisky<\/li>\n<li data-section-id=\"gfyxm9\" data-start=\"866\" data-end=\"918\"><strong data-start=\"872\" data-end=\"892\">Zitronenbraste,<\/strong> um das Ganze aufzupeppen.<\/li>\n<\/ul>\n<p data-start=\"920\" data-end=\"996\">Ein perfekt gemeisterter Kontrast zwischen Frische, Fruchtigkeit und Kraft<\/p>\n<hr data-start=\"998\" data-end=\"1001\">\n<h3 data-section-id=\"taja22\" data-start=\"1003\" data-end=\"1043\">Ein komplexer und ausgewogener \u2696\ufe0f Vape<\/h3>\n<p data-start=\"1045\" data-end=\"1224\">Japura Conquistador ist:<br data-start=\"1073\" data-end=\"1076\">\u2714 Ein originelles Rezept, das abweichend vom ausgetretenen Weg abweicht<br data-start=\"1128\" data-end=\"1131\">\u2714 Eine echte aromatische F\u00fclle<br data-start=\"1162\" data-end=\"1165\">\u2714 Ein subtiles Gleichgewicht zwischen S\u00fc\u00dfe, S\u00e4ure und Charakter<\/p>\n<p data-start=\"1226\" data-end=\"1290\">Jeder Zug entwickelt sich, \u00fcberrascht&#8230; und einen dazu bringen zu wollen, wieder darauf zur\u00fcckzukommen<\/p>\n<hr data-start=\"1292\" data-end=\"1295\">\n<h3 data-section-id=\"c7m1o1\" data-start=\"1297\" data-end=\"1347\">F\u00fcr neugierige (und anspruchsvolle) Dampfer<\/h3>\n<p data-start=\"1349\" data-end=\"1391\">Dieses E-Liquid ist perfekt, wenn Sie m\u00f6chten:<\/p>\n<ul data-start=\"1392\" data-end=\"1513\">\n<li data-section-id=\"oc9qx2\" data-start=\"1392\" data-end=\"1436\"><strong data-start=\"1406\" data-end=\"1434\">Komplexe und aufwendige Aromen<\/strong><\/li>\n<li data-section-id=\"1mkv7hz\" data-start=\"1437\" data-end=\"1467\"><strong data-start=\"1452\" data-end=\"1465\">Fette Mischungen<\/strong><\/li>\n<li data-section-id=\"julco3\" data-start=\"1468\" data-end=\"1513\">Erfahrungen, die sich vom Alltag unterscheiden<\/li>\n<\/ul>\n<p data-start=\"1515\" data-end=\"1551\">Offensichtlich kein gew\u00f6hnlicher Saft.<\/p>\n<hr data-start=\"1553\" data-end=\"1556\">\n<h3 data-section-id=\"1lguejq\" data-start=\"1558\" data-end=\"1582\">Praktisches Format<\/h3>\n<ul data-start=\"1584\" data-end=\"1705\">\n<li data-section-id=\"1w4ey6\" data-start=\"1584\" data-end=\"1643\"><strong data-start=\"1596\" data-end=\"1605\">70-ml-Flasche<\/strong> gef\u00fcllt mit E-Liquid, die in Aromen angereichert ist<\/li>\n<li data-section-id=\"1rot1ga\" data-start=\"1644\" data-end=\"1661\">Nikotinfrei<\/li>\n<li data-section-id=\"q039r7\" data-start=\"1662\" data-end=\"1705\">Es gibt Platz, um deinen Booster hinzuzuf\u00fcgen<\/li>\n<\/ul>\n<p data-start=\"1707\" data-end=\"1809\">\u26a0\ufe0f Wichtig:<br data-start=\"1721\" data-end=\"1724\">Die Fl\u00fcssigkeit wird mit Aromen \u00fcberdosiert, um nach der Verd\u00fcnnung ihre gesamte Intensit\u00e4t zu erhalten.<\/p>\n","protected":false},"excerpt":{"rendered":"<p>Amazone &#8211; Japura Conquistador 50 ml \/ 70 ml E-Liquid: eine Eroberung der Aromen \u2620\ufe0f Mit dem Amazone &#8211; Japura Conquistador 50 ml \/ 70 ml E-Liquid nimmt E-Tasty Sie mit auf eine echte Geschmacksexpedition.Ein k\u00fchnes, unerwartetes E-Liquid&#8230; und ehrlich gesagt einpr\u00e4gsam. Eine fruchtige Basis, die schl\u00e4gt Alles beginnt mit einer erfrischenden Inspiration:Schwarzbeerlimonade Schwarzbeere bringt [&hellip;]<\/p>\n","protected":false},"featured_media":51420,"template":"","meta":{"_acf_changed":false},"product_cat":[405,404,442,408,1686,1679],"product_tag":[],"class_list":{"0":"post-51430","1":"product","2":"type-product","3":"status-publish","4":"has-post-thumbnail","6":"product_brand-e-tasty-de","7":"product_cat-e-liquids","8":"product_cat-fruchtig","9":"product_cat-hervorgehobene-produkte","10":"product_cat-lieferbar-innerhalb-von-24-stunden-de","11":"product_cat-50-ml-fur-70-ml","12":"product_cat-menge-e-flussigkeit-kapazitat-flasche","14":"first","15":"instock","16":"taxable","17":"shipping-taxable","18":"purchasable","19":"product-type-simple"},"acf":[],"jetpack_sharing_enabled":true,"_links":{"self":[{"href":"https:\/\/vapotheque.ch\/de\/wp-json\/wp\/v2\/product\/51430","targetHints":{"allow":["GET"]}}],"collection":[{"href":"https:\/\/vapotheque.ch\/de\/wp-json\/wp\/v2\/product"}],"about":[{"href":"https:\/\/vapotheque.ch\/de\/wp-json\/wp\/v2\/types\/product"}],"wp:featuredmedia":[{"embeddable":true,"href":"https:\/\/vapotheque.ch\/de\/wp-json\/wp\/v2\/media\/51420"}],"wp:attachment":[{"href":"https:\/\/vapotheque.ch\/de\/wp-json\/wp\/v2\/media?parent=51430"}],"wp:term":[{"taxonomy":"product_cat","embeddable":true,"href":"https:\/\/vapotheque.ch\/de\/wp-json\/wp\/v2\/product_cat?post=51430"},{"taxonomy":"product_tag","embeddable":true,"href":"https:\/\/vapotheque.ch\/de\/wp-json\/wp\/v2\/product_tag?post=51430"}],"curies":[{"name":"wp","href":"https:\/\/api.w.org\/{rel}","templated":true}]}}