{"id":51429,"date":"2026-05-06T16:02:11","date_gmt":"2026-05-06T14:02:11","guid":{"rendered":"https:\/\/vapotheque.ch\/boutique\/amazon-japura-royal-50-ml-70-ml-e-liquid\/"},"modified":"2026-05-06T16:02:11","modified_gmt":"2026-05-06T14:02:11","slug":"amazon-japura-royal-50-ml-70-ml-e-liquid","status":"publish","type":"product","link":"https:\/\/vapotheque.ch\/de\/shop\/amazon-japura-royal-50-ml-70-ml-e-liquid\/","title":{"rendered":"Amazon &#8211; Japura Royal 50 ml \/ 70 ml E-Liquid"},"content":{"rendered":"<h2 data-section-id=\"prxqia\" data-start=\"66\" data-end=\"168\">Amazone &#8211; Japura Royal 50 ml \/ 70 ml E-Liquid: ein Cocktail, der Funken \u2728 fliegen l\u00e4sst<\/h2>\n<p data-start=\"170\" data-end=\"376\">Mit dem <strong>Amazone &#8211; Japura Royal 50 ml \/ 70 ml E-Liquid<\/strong> serviert <span class=\"hover:entity-accent entity-underline inline cursor-pointer align-baseline\"><span class=\"whitespace-normal\">Ihnen E-Tasty<\/span><\/span> einen Vape, der besonderen Anl\u00e4ssen w\u00fcrdig ist.<br data-start=\"278\" data-end=\"281\">Ein <strong data-start=\"294\" data-end=\"332\">elegantes, fruchtiges und ultradynamisches<\/strong> E-Liquid, das eindeutig nicht an Eleganz mangelt.<\/p>\n<hr data-start=\"378\" data-end=\"381\">\n<h3 data-section-id=\"rbht0a\" data-start=\"383\" data-end=\"429\">Eine fruchtige und funkelnde Explosion<\/h3>\n<p data-start=\"431\" data-end=\"534\">Im Kern dieses Rezepts:<br data-start=\"457\" data-end=\"460\">Ein <strong data-start=\"466\" data-end=\"491\">sprudelnder Cocktail<\/strong> , der sofort die Geschmacksknospen weckt<\/p>\n<ul data-start=\"536\" data-end=\"672\">\n<li data-section-id=\"1l3he5h\" data-start=\"536\" data-end=\"591\">Eine <strong data-start=\"541\" data-end=\"559\">intensive Zitrone<\/strong> , die Pep und Frische bringt<\/li>\n<li data-section-id=\"1hq8myt\" data-start=\"592\" data-end=\"672\"><strong data-start=\"598\" data-end=\"633\">Leicht s\u00e4uerliche Himbeeren<\/strong> f\u00fcr eine kr\u00e4ftige, fruchtige Note<\/li>\n<\/ul>\n<p data-start=\"674\" data-end=\"751\">Das Ergebnis<strong data-start=\"697\" data-end=\"749\">: ein lebendiger, ausgewogener und \u00e4u\u00dferst erfrischender<\/strong> Vape<\/p>\n<hr data-start=\"753\" data-end=\"756\">\n<h3 data-section-id=\"1icoxhy\" data-start=\"758\" data-end=\"810\">Eleganz mit Charakter<\/h3>\n<p data-start=\"812\" data-end=\"993\">Japura Royal ist nicht nur eine klassische Fruchtigkeit:<br data-start=\"866\" data-end=\"869\">\u2714 Perfekt ausbalancierte Intensit\u00e4t<br data-start=\"903\" data-end=\"906\">\u2714 Ein Gleichgewicht zwischen S\u00e4ure und S\u00fc\u00dfe<br data-start=\"945\" data-end=\"948\">\u2714 Ein funkelndes Gef\u00fchl bei jedem Zug<\/p>\n<p data-start=\"995\" data-end=\"1054\">Ein Rezept, das sowohl <strong data-start=\"1020\" data-end=\"1052\">raffiniert als auch voller Energie<\/strong> ist<\/p>\n<hr data-start=\"1056\" data-end=\"1059\">\n<h3 data-section-id=\"1w0xj06\" data-start=\"1061\" data-end=\"1117\">F\u00fcr Liebhaber fruchtiger Weine, die aus der Masse herausstechen<\/h3>\n<p data-start=\"1119\" data-end=\"1168\">Dieses E-Liquid ist f\u00fcr Sie, wenn Sie m\u00f6chten:<\/p>\n<ul data-start=\"1169\" data-end=\"1304\">\n<li data-section-id=\"1bmqhho\" data-start=\"1169\" data-end=\"1207\"><strong data-start=\"1183\" data-end=\"1205\">Fruchtige und kr\u00e4ftige Aromen<\/strong><\/li>\n<li data-section-id=\"1b6zexe\" data-start=\"1208\" data-end=\"1256\"><strong data-start=\"1222\" data-end=\"1254\">Frische und leicht saure<\/strong> Profile<\/li>\n<li data-section-id=\"1diqs34\" data-start=\"1257\" data-end=\"1304\"><strong data-start=\"1272\" data-end=\"1302\">Elegante, aber zug\u00e4ngliche Rezepte<\/strong><\/li>\n<\/ul>\n<p data-start=\"1306\" data-end=\"1373\">Ein perfekter ganzt\u00e4giger Laden f\u00fcr alle, die Geschmack ohne Schwergewicht wollen.<\/p>\n<hr data-start=\"1375\" data-end=\"1378\">\n<h3 data-section-id=\"ma75cn\" data-start=\"1380\" data-end=\"1410\">Ready-to-Boost-Format<\/h3>\n<ul data-start=\"1412\" data-end=\"1549\">\n<li data-section-id=\"1w4ey6\" data-start=\"1412\" data-end=\"1471\"><strong data-start=\"1424\" data-end=\"1433\">70-ml-Flasche<\/strong> gef\u00fcllt mit E-Liquid, die in Aromen angereichert ist<\/li>\n<li data-section-id=\"1rot1ga\" data-start=\"1472\" data-end=\"1489\">Nikotinfrei<\/li>\n<li data-section-id=\"1rbrenm\" data-start=\"1490\" data-end=\"1549\">Platz, um deinen Booster nach deinen Vorlieben hinzuzuf\u00fcgen<\/li>\n<\/ul>\n<p data-start=\"1551\" data-end=\"1652\">\u26a0\ufe0f Wichtig:<br data-start=\"1565\" data-end=\"1568\">Die Fl\u00fcssigkeit wird mit Aromen \u00fcberdosiert, um nach der Verd\u00fcnnung einen optimalen Geschmack zu gew\u00e4hrleisten.<\/p>\n","protected":false},"excerpt":{"rendered":"<p>Amazone &#8211; Japura Royal 50 ml \/ 70 ml E-Liquid: ein Cocktail, der Funken \u2728 fliegen l\u00e4sst Mit dem Amazone &#8211; Japura Royal 50 ml \/ 70 ml E-Liquid serviert Ihnen E-Tasty einen Vape, der besonderen Anl\u00e4ssen w\u00fcrdig ist.Ein elegantes, fruchtiges und ultradynamisches E-Liquid, das eindeutig nicht an Eleganz mangelt. Eine fruchtige und funkelnde Explosion [&hellip;]<\/p>\n","protected":false},"featured_media":51423,"template":"","meta":{"_acf_changed":false},"product_cat":[405,404,442,408,1686,1679],"product_tag":[],"class_list":{"0":"post-51429","1":"product","2":"type-product","3":"status-publish","4":"has-post-thumbnail","6":"product_brand-e-tasty-de","7":"product_cat-e-liquids","8":"product_cat-fruchtig","9":"product_cat-hervorgehobene-produkte","10":"product_cat-lieferbar-innerhalb-von-24-stunden-de","11":"product_cat-50-ml-fur-70-ml","12":"product_cat-menge-e-flussigkeit-kapazitat-flasche","14":"first","15":"instock","16":"taxable","17":"shipping-taxable","18":"purchasable","19":"product-type-simple"},"acf":[],"jetpack_sharing_enabled":true,"_links":{"self":[{"href":"https:\/\/vapotheque.ch\/de\/wp-json\/wp\/v2\/product\/51429","targetHints":{"allow":["GET"]}}],"collection":[{"href":"https:\/\/vapotheque.ch\/de\/wp-json\/wp\/v2\/product"}],"about":[{"href":"https:\/\/vapotheque.ch\/de\/wp-json\/wp\/v2\/types\/product"}],"wp:featuredmedia":[{"embeddable":true,"href":"https:\/\/vapotheque.ch\/de\/wp-json\/wp\/v2\/media\/51423"}],"wp:attachment":[{"href":"https:\/\/vapotheque.ch\/de\/wp-json\/wp\/v2\/media?parent=51429"}],"wp:term":[{"taxonomy":"product_cat","embeddable":true,"href":"https:\/\/vapotheque.ch\/de\/wp-json\/wp\/v2\/product_cat?post=51429"},{"taxonomy":"product_tag","embeddable":true,"href":"https:\/\/vapotheque.ch\/de\/wp-json\/wp\/v2\/product_tag?post=51429"}],"curies":[{"name":"wp","href":"https:\/\/api.w.org\/{rel}","templated":true}]}}