{"id":51428,"date":"2026-05-06T16:12:28","date_gmt":"2026-05-06T14:12:28","guid":{"rendered":"https:\/\/vapotheque.ch\/boutique\/amazon-japura-janeiro-limited-edition-100-ml-120-ml-e-liquid\/"},"modified":"2026-05-06T16:12:28","modified_gmt":"2026-05-06T14:12:28","slug":"amazon-japura-janeiro-limited-edition-100-ml-120-ml-e-liquid","status":"publish","type":"product","link":"https:\/\/vapotheque.ch\/de\/shop\/amazon-japura-janeiro-limited-edition-100-ml-120-ml-e-liquid\/","title":{"rendered":"Amazon &#8211; Japura Janeiro Limited Edition 100 ml \/ 120 ml E-Liquid"},"content":{"rendered":"<h2 data-section-id=\"9gvzpx\" data-start=\"65\" data-end=\"183\">Amazone &#8211; Japura Janeiro Limited Edition 100 ml \/ 120 ml E-Liquid: der Aperitif erneut in einer Vape-Version<\/h2>\n<p data-start=\"185\" data-end=\"224\">Bereiten Sie sich darauf vor, \u00fcberrascht zu werden. Schon wieder. <\/p>\n<p data-start=\"226\" data-end=\"389\">Mit dem <strong>Amazone &#8211; Japura Janeiro Limited Edition 100 ml \/ 120 ml E-Liquid<\/strong> knackt <span class=\"hover:entity-accent entity-underline inline cursor-pointer align-baseline\"><span class=\"whitespace-normal\">E-Tasty<\/span><\/span> die Codes und nimmt dich mit auf ein Erlebnis, das ebenso originell wie s\u00fcchtig machend ist.<\/p>\n<hr data-start=\"391\" data-end=\"394\">\n<h3 data-section-id=\"xmtpa0\" data-start=\"396\" data-end=\"431\">Ein Cocktail&#8230; Cloud-Version<\/h3>\n<p data-start=\"433\" data-end=\"648\">In diesem mutigen Rezept rekonstruieren Geschmacksexperten die Aromen einer ber\u00fchmten Vorspeise nach:<br data-start=\"525\" data-end=\"528\">Eine subtile Mischung <strong data-start=\"552\" data-end=\"581\">aus Wein und Cr\u00e8me de Cassis<\/strong>, zugleich fruchtig, leicht sauer und tief aromatisch<\/p>\n<p data-start=\"650\" data-end=\"682\">Aber sie h\u00f6ren dort nicht auf&#8230;<\/p>\n<hr data-start=\"684\" data-end=\"687\">\n<h3 data-section-id=\"1jyteq2\" data-start=\"689\" data-end=\"723\">Die Ber\u00fchrung, die alles ver\u00e4ndert<\/h3>\n<p data-start=\"725\" data-end=\"823\">Um dieses intensive Profil abzuschw\u00e4chen:<br data-start=\"757\" data-end=\"760\">Eine <strong data-start=\"767\" data-end=\"799\">Note von weichem Marshmallow<\/strong> bedeckt das Ganze<\/p>\n<p data-start=\"825\" data-end=\"837\">Ergebnis?<\/p>\n<ul data-start=\"838\" data-end=\"990\">\n<li data-section-id=\"uh424x\" data-start=\"838\" data-end=\"873\">Ein <strong data-start=\"849\" data-end=\"871\">geschmeidiger und feinschmeckiger<\/strong> Vape<\/li>\n<li data-section-id=\"k4yi23\" data-start=\"874\" data-end=\"929\">Eine perfekte Balance zwischen <strong data-start=\"903\" data-end=\"927\">Charakter und Rundheit<\/strong><\/li>\n<li data-section-id=\"1mfnwro\" data-start=\"930\" data-end=\"990\">Ein Gef\u00fchl, das sowohl <strong data-start=\"956\" data-end=\"988\">\u00fcberraschend als auch tr\u00f6stlich<\/strong> ist<\/li>\n<\/ul>\n<hr data-start=\"992\" data-end=\"995\">\n<h3 data-section-id=\"y9k5mc\" data-start=\"997\" data-end=\"1034\">Eine Sch\u00f6pfung, die aus der Masse heraussticht<\/h3>\n<p data-start=\"1036\" data-end=\"1205\">Japura Janeiro ist:<br data-start=\"1059\" data-end=\"1062\">\u2714 Eine originelle E-Liquid, die klassische Rezepte ver\u00e4ndert<br data-start=\"1120\" data-end=\"1123\">\u2714 Eine echte aromatische Komplexit\u00e4t<br data-start=\"1156\" data-end=\"1159\">\u2714 Eine limitierte Edition, die man nicht verpassen sollte<\/p>\n<p data-start=\"1207\" data-end=\"1260\">Offensichtlich nicht die Art von Fl\u00fcssigkeit, die man vergisst.<\/p>\n<hr data-start=\"1262\" data-end=\"1265\">\n<h3 data-section-id=\"1raco2n\" data-start=\"1267\" data-end=\"1306\">Gro\u00dfformat f\u00fcr maximales Vergn\u00fcgen<\/h3>\n<ul data-start=\"1308\" data-end=\"1438\">\n<li data-section-id=\"10i2ncq\" data-start=\"1308\" data-end=\"1368\"><strong data-start=\"1320\" data-end=\"1330\">120 ml<\/strong> Flasche gef\u00fcllt mit E-Liquid, die mit Aromen angereichert ist<\/li>\n<li data-section-id=\"1rot1ga\" data-start=\"1369\" data-end=\"1386\">Nikotinfrei<\/li>\n<li data-section-id=\"wyrykv\" data-start=\"1387\" data-end=\"1438\">Bereit, deine Booster nach Belieben willkommen zu hei\u00dfen<\/li>\n<\/ul>\n<p data-start=\"1440\" data-end=\"1557\">\u26a0\ufe0f Wichtig:<br data-start=\"1454\" data-end=\"1457\">Die Fl\u00fcssigkeit wird absichtlich mit Aromen \u00fcberdosiert, um nach der Verd\u00fcnnung ihre gesamte Intensit\u00e4t zu bewahren.<\/p>\n","protected":false},"excerpt":{"rendered":"<p>Amazone &#8211; Japura Janeiro Limited Edition 100 ml \/ 120 ml E-Liquid: der Aperitif erneut in einer Vape-Version Bereiten Sie sich darauf vor, \u00fcberrascht zu werden. Schon wieder. Mit dem Amazone &#8211; Japura Janeiro Limited Edition 100 ml \/ 120 ml E-Liquid knackt E-Tasty die Codes und nimmt dich mit auf ein Erlebnis, das ebenso [&hellip;]<\/p>\n","protected":false},"featured_media":51426,"template":"","meta":{"_acf_changed":false},"product_cat":[405,404,442,408,1686,1679],"product_tag":[],"class_list":{"0":"post-51428","1":"product","2":"type-product","3":"status-publish","4":"has-post-thumbnail","6":"product_brand-e-tasty-de","7":"product_cat-e-liquids","8":"product_cat-fruchtig","9":"product_cat-hervorgehobene-produkte","10":"product_cat-lieferbar-innerhalb-von-24-stunden-de","11":"product_cat-50-ml-fur-70-ml","12":"product_cat-menge-e-flussigkeit-kapazitat-flasche","14":"first","15":"instock","16":"taxable","17":"shipping-taxable","18":"purchasable","19":"product-type-simple"},"acf":[],"jetpack_sharing_enabled":true,"_links":{"self":[{"href":"https:\/\/vapotheque.ch\/de\/wp-json\/wp\/v2\/product\/51428","targetHints":{"allow":["GET"]}}],"collection":[{"href":"https:\/\/vapotheque.ch\/de\/wp-json\/wp\/v2\/product"}],"about":[{"href":"https:\/\/vapotheque.ch\/de\/wp-json\/wp\/v2\/types\/product"}],"wp:featuredmedia":[{"embeddable":true,"href":"https:\/\/vapotheque.ch\/de\/wp-json\/wp\/v2\/media\/51426"}],"wp:attachment":[{"href":"https:\/\/vapotheque.ch\/de\/wp-json\/wp\/v2\/media?parent=51428"}],"wp:term":[{"taxonomy":"product_cat","embeddable":true,"href":"https:\/\/vapotheque.ch\/de\/wp-json\/wp\/v2\/product_cat?post=51428"},{"taxonomy":"product_tag","embeddable":true,"href":"https:\/\/vapotheque.ch\/de\/wp-json\/wp\/v2\/product_tag?post=51428"}],"curies":[{"name":"wp","href":"https:\/\/api.w.org\/{rel}","templated":true}]}}