{"id":50868,"date":"2026-04-16T15:27:56","date_gmt":"2026-04-16T13:27:56","guid":{"rendered":"https:\/\/vapotheque.ch\/boutique\/protect-the-cleaner-50-ml-75-ml\/"},"modified":"2026-04-16T15:27:56","modified_gmt":"2026-04-16T13:27:56","slug":"protect-the-cleaner-50-ml-75-ml","status":"publish","type":"product","link":"https:\/\/vapotheque.ch\/de\/shop\/protect-the-cleaner-50-ml-75-ml\/","title":{"rendered":"Protect \u2013 The Cleaner 50 ml \/ 75 ml"},"content":{"rendered":"<h2 data-section-id=\"1h9g6ru\" data-start=\"59\" data-end=\"142\">Protect \u2013 Der 50 ml \/ 75 ml Reiniger: Sanftheit, die sauber \u2728 macht<\/h2>\n<p data-start=\"144\" data-end=\"305\">In <span class=\"hover:entity-accent entity-underline inline cursor-pointer align-baseline\"><span class=\"whitespace-normal\">Protects<\/span><\/span> Bienenstock hat jeder eine sehr spezifische Rolle&#8230; und <strong data-start=\"233\" data-end=\"250\">The Cleaner<\/strong> ist eindeutig nicht f\u00fcr eine Statistin da.<\/p>\n<p data-start=\"307\" data-end=\"486\">Diskret, aber unverzichtbar, sorgt sie daf\u00fcr, dass alles sauber und ausgewogen ist. Und in deinem Clearo? Er macht genau dasselbe: <strong data-start=\"439\" data-end=\"483\">ein sauberer, glatter und schn\u00f6rkelloser Vape<\/strong>.  <\/p>\n<hr data-start=\"488\" data-end=\"491\">\n<h3 data-section-id=\"1u0rhey\" data-start=\"493\" data-end=\"528\">Ein Klassiker mit Finesse<\/h3>\n<p data-start=\"530\" data-end=\"624\">Hier gibt es keine Geschmacksrichtungen, die zu kraftvoll oder zu s\u00fc\u00df sind.<br data-start=\"580\" data-end=\"583\">La Nettoyeuse konzentriert sich auf das Wesentliche:<\/p>\n<ul data-start=\"626\" data-end=\"747\">\n<li data-section-id=\"1wso8i6\" data-start=\"626\" data-end=\"660\">Ein <strong data-start=\"631\" data-end=\"658\">leichter und neutraler Klassiker<\/strong><\/li>\n<li data-section-id=\"1kzusft\" data-start=\"661\" data-end=\"694\"><strong data-start=\"667\" data-end=\"692\">Sanfte Intensit\u00e4t (1\/7)<\/strong><\/li>\n<li data-section-id=\"9vmc6w\" data-start=\"695\" data-end=\"747\">Ein <strong data-start=\"706\" data-end=\"745\">sanfter und angenehmer Vape von morgens bis abends<\/strong><\/li>\n<\/ul>\n<p data-start=\"749\" data-end=\"903\">Das ist das perfekte E-Liquid, wenn Sie suchen:<br data-start=\"794\" data-end=\"797\">\u2714 Ein diskreter ganzt\u00e4giger Dienst<br data-start=\"817\" data-end=\"820\">\u2714 Ein sanfter \u00dcbergang vom Rauchen<br data-start=\"867\" data-end=\"870\">\u2714 ein einfacher Geschmack&#8230; aber gemeistert<\/p>\n<hr data-start=\"905\" data-end=\"908\">\n<h3 data-section-id=\"1crpltj\" data-start=\"910\" data-end=\"934\">Das clevere Format<\/h3>\n<p data-start=\"936\" data-end=\"1013\">Angeboten in <strong data-start=\"947\" data-end=\"971\">50 ml Ready-to-Boost,<\/strong> gibt dieses E-Liquid Ihnen die Kontrolle:<\/p>\n<p data-start=\"1015\" data-end=\"1126\">Gib deinen Nikotinbooster bei Bedarf hinzu<br data-start=\"1069\" data-end=\"1072\">Passen Sie Ihre Dosierung an<br data-start=\"1095\" data-end=\"1098\">Kreiere deinen idealen Vape<\/p>\n<p data-start=\"1128\" data-end=\"1207\">\u26a0\ufe0f Hinweis: Die <strong data-start=\"1156\" data-end=\"1173\">Fl\u00fcssigkeit ist urspr\u00fcnglich nikotinfrei<\/strong> und muss verd\u00fcnnt werden.<\/p>\n<hr data-start=\"1209\" data-end=\"1212\">\n<h3 data-section-id=\"d79bfd\" data-start=\"1214\" data-end=\"1261\">Ein sauberes Rezept bis ins Wesentliche<\/h3>\n<p data-start=\"1263\" data-end=\"1325\">Ganz seinem Namen entsprechend spielt La Nettoyeuse die Reinheitskarte:<\/p>\n<ul data-start=\"1327\" data-end=\"1496\">\n<li data-section-id=\"1up1ah0\" data-start=\"1327\" data-end=\"1354\"><strong data-start=\"1334\" data-end=\"1352\">100 % pflanzliche Basis<\/strong><\/li>\n<li data-section-id=\"19g7uiw\" data-start=\"1355\" data-end=\"1423\"><strong data-start=\"1363\" data-end=\"1378\">40\/60 PG\/VG-Verh\u00e4ltnis<\/strong> \u2192 perfekte Balance zwischen Geschmack und Dampf<\/li>\n<li data-section-id=\"ggtbly\" data-start=\"1424\" data-end=\"1496\">\u00dcberdosierte Aromen, um nach dem Hinzuf\u00fcgen von Booster die ganze Intensit\u00e4t zu bewahren<\/li>\n<\/ul>\n<hr data-start=\"1498\" data-end=\"1501\">\n<h3 data-section-id=\"1qc7x20\" data-start=\"1503\" data-end=\"1535\">Hergestellt in Frankreich<\/h3>\n<p data-start=\"1537\" data-end=\"1704\">Wie alle <span class=\"hover:entity-accent entity-underline inline cursor-pointer align-baseline\"><span class=\"whitespace-normal\">Protect-Produkte<\/span><\/span> ist diese E-Liquid:<br data-start=\"1618\" data-end=\"1621\">Entworfen und hergestellt in Frankreich<br data-start=\"1651\" data-end=\"1654\">In Einhaltung strenger Qualit\u00e4tsstandards<\/p>\n<hr data-start=\"1706\" data-end=\"1709\">\n<h3 data-section-id=\"mulwqw\" data-start=\"1711\" data-end=\"1756\">Das kleine Extra, das den Unterschied macht<\/h3>\n<p data-start=\"1758\" data-end=\"1929\">Die <em data-start=\"1767\" data-end=\"1797\">Reihe &#8220;Die gro\u00dfe Rolle der Bienen&#8221;<\/em> zollt diesen Heldinnen der Schatten Tribut.<br data-start=\"1837\" data-end=\"1840\">Und La Nettoyeuse verk\u00f6rpert diesen Geist perfekt: <strong data-start=\"1891\" data-end=\"1926\">einfach, effizient&#8230; Unverzichtbar<\/strong>.<\/p>\n","protected":false},"excerpt":{"rendered":"<p>Protect \u2013 Der 50 ml \/ 75 ml Reiniger: Sanftheit, die sauber \u2728 macht In Protects Bienenstock hat jeder eine sehr spezifische Rolle&#8230; und The Cleaner ist eindeutig nicht f\u00fcr eine Statistin da. Diskret, aber unverzichtbar, sorgt sie daf\u00fcr, dass alles sauber und ausgewogen ist. Und in deinem Clearo? Er macht genau dasselbe: ein sauberer, [&hellip;]<\/p>\n","protected":false},"featured_media":50851,"template":"","meta":{"_acf_changed":false},"product_cat":[405,442,408,403,1687,1679],"product_tag":[],"class_list":{"0":"post-50868","1":"product","2":"type-product","3":"status-publish","4":"has-post-thumbnail","6":"product_brand-protect-de","7":"product_cat-e-liquids","8":"product_cat-hervorgehobene-produkte","9":"product_cat-lieferbar-innerhalb-von-24-stunden-de","10":"product_cat-tabak","11":"product_cat-50-ml-fur-75-ml","12":"product_cat-menge-e-flussigkeit-kapazitat-flasche","14":"first","15":"instock","16":"taxable","17":"shipping-taxable","18":"purchasable","19":"product-type-simple"},"acf":[],"jetpack_sharing_enabled":true,"_links":{"self":[{"href":"https:\/\/vapotheque.ch\/de\/wp-json\/wp\/v2\/product\/50868","targetHints":{"allow":["GET"]}}],"collection":[{"href":"https:\/\/vapotheque.ch\/de\/wp-json\/wp\/v2\/product"}],"about":[{"href":"https:\/\/vapotheque.ch\/de\/wp-json\/wp\/v2\/types\/product"}],"wp:featuredmedia":[{"embeddable":true,"href":"https:\/\/vapotheque.ch\/de\/wp-json\/wp\/v2\/media\/50851"}],"wp:attachment":[{"href":"https:\/\/vapotheque.ch\/de\/wp-json\/wp\/v2\/media?parent=50868"}],"wp:term":[{"taxonomy":"product_cat","embeddable":true,"href":"https:\/\/vapotheque.ch\/de\/wp-json\/wp\/v2\/product_cat?post=50868"},{"taxonomy":"product_tag","embeddable":true,"href":"https:\/\/vapotheque.ch\/de\/wp-json\/wp\/v2\/product_tag?post=50868"}],"curies":[{"name":"wp","href":"https:\/\/api.w.org\/{rel}","templated":true}]}}