{"id":50867,"date":"2026-04-16T15:34:38","date_gmt":"2026-04-16T13:34:38","guid":{"rendered":"https:\/\/vapotheque.ch\/boutique\/protect-the-forager-50-ml-75-ml\/"},"modified":"2026-04-16T15:34:38","modified_gmt":"2026-04-16T13:34:38","slug":"protect-the-forager-50-ml-75-ml","status":"publish","type":"product","link":"https:\/\/vapotheque.ch\/de\/shop\/protect-the-forager-50-ml-75-ml\/","title":{"rendered":"Protect \u2013 The Forager 50 ml \/ 75 ml"},"content":{"rendered":"<h2 data-section-id=\"ohhw99\" data-start=\"68\" data-end=\"137\">Protect \u2013 The Forager 50 ml \/ 75 ml: der Klassiker mit Charakter<\/h2>\n<p data-start=\"139\" data-end=\"336\">In <span class=\"hover:entity-accent entity-underline inline cursor-pointer align-baseline\"><span class=\"whitespace-normal\">Protects<\/span><\/span> Bienenstock ist der Sammler ein wirklich harter Arbeiter.<br data-start=\"231\" data-end=\"234\">Sie ist diejenige, die sich auf ein Abenteuer begibt, von Blume zu Blume, um alles zur\u00fcckzuholen, was die Kolonie ern\u00e4hrt.<\/p>\n<p data-start=\"338\" data-end=\"394\">Ergebnis? Ein reicher, komplexer Nektar&#8230; und unverzichtbar.<\/p>\n<p data-start=\"396\" data-end=\"444\">Und genau das ist der Geist dieses E-Liquids.<\/p>\n<hr data-start=\"446\" data-end=\"449\">\n<h3 data-section-id=\"3wbiau\" data-start=\"451\" data-end=\"492\">Eine kraftvolle und authentische Mischung<\/h3>\n<p data-start=\"494\" data-end=\"619\">Bei <strong data-start=\"499\" data-end=\"515\">La Butineuse<\/strong> wechseln wir eindeutig das Register:<br data-start=\"551\" data-end=\"554\">Hier gibt es keine sch\u00fcchterne S\u00fc\u00dfe \u2013 wir sind auf einem <strong data-start=\"597\" data-end=\"616\">starken Klassiker<\/strong>.<\/p>\n<p data-start=\"621\" data-end=\"637\">Im Programm:<\/p>\n<ul data-start=\"638\" data-end=\"762\">\n<li data-section-id=\"106scp8\" data-start=\"638\" data-end=\"670\">Ein <strong data-start=\"643\" data-end=\"660\">eleganter blonder Klassiker<\/strong><\/li>\n<li data-section-id=\"16d09hk\" data-start=\"671\" data-end=\"707\">Ein tieferer <strong data-start=\"676\" data-end=\"692\">brauner Klassiker<\/strong><\/li>\n<li data-section-id=\"18zcqdp\" data-start=\"708\" data-end=\"762\">Eine <strong data-start=\"714\" data-end=\"739\">leichte Asche-Note<\/strong> , um es aufzupeppen.<\/li>\n<\/ul>\n<p data-start=\"764\" data-end=\"888\">Das Ergebnis <strong data-start=\"790\" data-end=\"829\">: ein reichhaltiger, trockener Vape voller Charakter<\/strong>, perfekt f\u00fcr Liebhaber von ausgepr\u00e4gteren Empfindungen.<\/p>\n<hr data-start=\"890\" data-end=\"893\">\n<h3 data-section-id=\"w1jlcv\" data-start=\"895\" data-end=\"914\">F\u00fcr wen?<\/h3>\n<p data-start=\"916\" data-end=\"1078\">Der Forager ist ideal, wenn Sie suchen:<br data-start=\"958\" data-end=\"961\">\u2714 Eine E-Liquid, die den Empfindungen von Tabak nahekommt<br data-start=\"1006\" data-end=\"1009\">\u2714 Ein intensiveres und strukturierteres Dampfen<br data-start=\"1046\" data-end=\"1049\">\u2714 Ein ganzt\u00e4giger Aufenthalt mit Erleichterung<\/p>\n<p data-start=\"1080\" data-end=\"1150\">Dies ist typischerweise die Art von Fl\u00fcssigkeit, die <strong data-start=\"1122\" data-end=\"1147\">nicht unbemerkt bleibt<\/strong>.<\/p>\n<hr data-start=\"1152\" data-end=\"1155\">\n<h3 data-section-id=\"ma75cn\" data-start=\"1157\" data-end=\"1187\">Ready-to-Boost-Format<\/h3>\n<p data-start=\"1189\" data-end=\"1272\">Angeboten in <strong data-start=\"1200\" data-end=\"1233\">50 ml in einer 75-ml-Flasche<\/strong>, gibt Ihnen dieses E-Liquid die Freiheit zu:<\/p>\n<p data-start=\"1274\" data-end=\"1356\">Gib deinen Nikotinbooster hinzu<br data-start=\"1310\" data-end=\"1313\">Passe deine Dosierung an deinen Bed\u00fcrfnissen an<\/p>\n<p data-start=\"1358\" data-end=\"1374\">\u26a0\ufe0f Wichtig:<\/p>\n<ul data-start=\"1375\" data-end=\"1450\">\n<li data-section-id=\"x8wth3\" data-start=\"1375\" data-end=\"1412\">Urspr\u00fcnglich nikotinfreie Fl\u00fcssigkeit<\/li>\n<li data-section-id=\"1n6qkxx\" data-start=\"1413\" data-end=\"1450\">Muss vor der Anwendung verd\u00fcnnt werden<\/li>\n<\/ul>\n<hr data-start=\"1452\" data-end=\"1455\">\n<h3 data-section-id=\"112rj8p\" data-start=\"1457\" data-end=\"1494\">Eine saubere und ausgewogene Basis<\/h3>\n<p data-start=\"1496\" data-end=\"1552\">Getreu der <span class=\"hover:entity-accent entity-underline inline cursor-pointer align-baseline\"><span class=\"whitespace-normal\">Protect-DNA<\/span><\/span> :<\/p>\n<ul data-start=\"1554\" data-end=\"1726\">\n<li data-section-id=\"1up1ah0\" data-start=\"1554\" data-end=\"1581\"><strong data-start=\"1561\" data-end=\"1579\">100 % pflanzliche Basis<\/strong><\/li>\n<li data-section-id=\"wvz71d\" data-start=\"1582\" data-end=\"1653\"><strong data-start=\"1590\" data-end=\"1605\">40\/60 PG\/VG-Verh\u00e4ltnis<\/strong> \u2192 ideale Balance zwischen Treffer, Geschmack und Dampf<\/li>\n<li data-section-id=\"y69f4m\" data-start=\"1654\" data-end=\"1726\">Die Aromen behielten nach der Verd\u00fcnnung ihre gesamte Intensit\u00e4t<\/li>\n<\/ul>\n<hr data-start=\"1728\" data-end=\"1731\">\n<h3 data-section-id=\"1qc7x20\" data-start=\"1733\" data-end=\"1765\">Hergestellt in Frankreich<\/h3>\n<p data-start=\"1767\" data-end=\"1843\">Entworfen und hergestellt in Frankreich<br data-start=\"1797\" data-end=\"1800\">Einhaltung strenger Qualit\u00e4tsstandards<\/p>\n<hr data-start=\"1845\" data-end=\"1848\">\n<h3 data-section-id=\"1jdquyd\" data-start=\"1850\" data-end=\"1879\">Der Geist des Gebirges<\/h3>\n<p data-start=\"1881\" data-end=\"2077\">Die <em data-start=\"1895\" data-end=\"1925\">Sammlung &#8220;Die gro\u00dfe Rolle der Bienen&#8221;<\/em> hebt diese unverzichtbaren Heldinnen hervor.<br data-start=\"1969\" data-end=\"1972\">Und La Butineuse ist der perfekte Botschafter: <strong data-start=\"2022\" data-end=\"2074\">k\u00fchn, unverzichtbar&#8230; und voller Ressourcen<\/strong>.<\/p>\n","protected":false},"excerpt":{"rendered":"<p>Protect \u2013 The Forager 50 ml \/ 75 ml: der Klassiker mit Charakter In Protects Bienenstock ist der Sammler ein wirklich harter Arbeiter.Sie ist diejenige, die sich auf ein Abenteuer begibt, von Blume zu Blume, um alles zur\u00fcckzuholen, was die Kolonie ern\u00e4hrt. Ergebnis? Ein reicher, komplexer Nektar&#8230; und unverzichtbar. Und genau das ist der Geist [&hellip;]<\/p>\n","protected":false},"featured_media":50855,"template":"","meta":{"_acf_changed":false},"product_cat":[405,442,408,403,1687,1679],"product_tag":[],"class_list":{"0":"post-50867","1":"product","2":"type-product","3":"status-publish","4":"has-post-thumbnail","6":"product_brand-protect-de","7":"product_cat-e-liquids","8":"product_cat-hervorgehobene-produkte","9":"product_cat-lieferbar-innerhalb-von-24-stunden-de","10":"product_cat-tabak","11":"product_cat-50-ml-fur-75-ml","12":"product_cat-menge-e-flussigkeit-kapazitat-flasche","14":"first","15":"instock","16":"taxable","17":"shipping-taxable","18":"purchasable","19":"product-type-simple"},"acf":[],"jetpack_sharing_enabled":true,"_links":{"self":[{"href":"https:\/\/vapotheque.ch\/de\/wp-json\/wp\/v2\/product\/50867","targetHints":{"allow":["GET"]}}],"collection":[{"href":"https:\/\/vapotheque.ch\/de\/wp-json\/wp\/v2\/product"}],"about":[{"href":"https:\/\/vapotheque.ch\/de\/wp-json\/wp\/v2\/types\/product"}],"wp:featuredmedia":[{"embeddable":true,"href":"https:\/\/vapotheque.ch\/de\/wp-json\/wp\/v2\/media\/50855"}],"wp:attachment":[{"href":"https:\/\/vapotheque.ch\/de\/wp-json\/wp\/v2\/media?parent=50867"}],"wp:term":[{"taxonomy":"product_cat","embeddable":true,"href":"https:\/\/vapotheque.ch\/de\/wp-json\/wp\/v2\/product_cat?post=50867"},{"taxonomy":"product_tag","embeddable":true,"href":"https:\/\/vapotheque.ch\/de\/wp-json\/wp\/v2\/product_tag?post=50867"}],"curies":[{"name":"wp","href":"https:\/\/api.w.org\/{rel}","templated":true}]}}