{"id":50866,"date":"2026-04-16T16:20:36","date_gmt":"2026-04-16T14:20:36","guid":{"rendered":"https:\/\/vapotheque.ch\/boutique\/protect-the-handler-50-ml-75-ml\/"},"modified":"2026-04-16T16:20:36","modified_gmt":"2026-04-16T14:20:36","slug":"protect-the-handler-50-ml-75-ml","status":"publish","type":"product","link":"https:\/\/vapotheque.ch\/de\/shop\/protect-the-handler-50-ml-75-ml\/","title":{"rendered":"Protect \u2013 The Handler 50 ml \/ 75 ml"},"content":{"rendered":"<h2 data-section-id=\"1vmlkqx\" data-start=\"69\" data-end=\"150\">Protect \u2013 Der 50 ml \/ 75 ml Material Handler: Pr\u00e4zision im Dienst des Klassikers \u2696\ufe0f<\/h2>\n<p data-start=\"152\" data-end=\"288\">In Protects Bienenstock macht der <span class=\"hover:entity-accent entity-underline inline cursor-pointer align-baseline\"><span class=\"whitespace-normal\">Betreuer<\/span><\/span> kein Ger\u00e4usch&#8230; Aber ohne sie l\u00e4uft nichts richtig.<\/p>\n<p data-start=\"290\" data-end=\"413\">Er ist derjenige, der den Nektar empf\u00e4ngt, sortiert, verwandelt und ausbalanciert, um ihn zu etwas perfekt Kontrolliertem zu machen.<\/p>\n<p data-start=\"415\" data-end=\"498\">Und in deinem Vape? Das Ergebnis ist ein <strong data-start=\"459\" data-end=\"495\">klarer, strukturierter und kompromissloser<\/strong> Klassiker. <\/p>\n<hr data-start=\"500\" data-end=\"503\">\n<h3 data-section-id=\"1r5515d\" data-start=\"505\" data-end=\"552\">Ein reiner und meisterhafter amerikanischer Klassiker<\/h3>\n<p data-start=\"554\" data-end=\"612\">Mit <strong data-start=\"559\" data-end=\"582\">La Manutentionnaire<\/strong> kehren wir zu den Basics zur\u00fcck:<\/p>\n<ul data-start=\"614\" data-end=\"724\">\n<li data-section-id=\"1oapx8j\" data-start=\"614\" data-end=\"650\">Ein <strong data-start=\"619\" data-end=\"648\">authentischer blonder Klassiker<\/strong><\/li>\n<li data-section-id=\"k5mlgx\" data-start=\"651\" data-end=\"683\">Ein <strong data-start=\"662\" data-end=\"681\">reiner und trockener<\/strong> Vape<\/li>\n<li data-section-id=\"rgqlnw\" data-start=\"684\" data-end=\"724\">Ein <strong data-start=\"695\" data-end=\"722\">sauberer, schn\u00f6rkelloser<\/strong> Look<\/li>\n<\/ul>\n<p data-start=\"726\" data-end=\"835\">Hier gibt es keinen \u00fcberm\u00e4\u00dfigen Zucker oder unn\u00f6tige Effekte:<br data-start=\"777\" data-end=\"780\">Nur ein treuer, pr\u00e4ziser, perfekt ausgewogener Geschmack.<\/p>\n<hr data-start=\"837\" data-end=\"840\">\n<h3 data-section-id=\"i9osw5\" data-start=\"842\" data-end=\"898\">F\u00fcr Liebhaber der Einfachheit&#8230; aber fordernd<\/h3>\n<p data-start=\"900\" data-end=\"1072\">Dieses E-Liquid ist f\u00fcr Sie, wenn Sie m\u00f6chten:<br data-start=\"947\" data-end=\"950\">\u2714 Die realistischen und gut konstruierten Klassiker<br data-start=\"993\" data-end=\"996\">\u2714 Ein t\u00e4glicher Vape ohne \u00dcberraschungen<br data-start=\"1032\" data-end=\"1035\">\u2714 Ein trockenes, elegantes und gleichm\u00e4\u00dfiges Finish<\/p>\n<p data-start=\"1074\" data-end=\"1149\">Es ist die Art von Fl\u00fcssigkeit, die schnell zum Muss f\u00fcr den <strong data-start=\"1120\" data-end=\"1146\">ganzen Tag<\/strong> wird.<\/p>\n<hr data-start=\"1151\" data-end=\"1154\">\n<h3 data-section-id=\"ma75cn\" data-start=\"1156\" data-end=\"1186\">Ready-to-Boost-Format<\/h3>\n<p data-start=\"1188\" data-end=\"1260\">Wie die gesamte Bandbreite:<br data-start=\"1210\" data-end=\"1213\">50 ml E-Liquid in einer 75-ml-Flasche<\/p>\n<p data-start=\"1262\" data-end=\"1277\">Sie k\u00f6nnen:<\/p>\n<ul data-start=\"1278\" data-end=\"1362\">\n<li data-section-id=\"yxrzou\" data-start=\"1278\" data-end=\"1315\">Gib deinen Nikotinbooster hinzu<\/li>\n<li data-section-id=\"1bof3em\" data-start=\"1316\" data-end=\"1362\">Passe deine Dosierung nach deinen Vorlieben an<\/li>\n<\/ul>\n<p data-start=\"1364\" data-end=\"1379\">\u26a0\ufe0f N\u00e4mlich:<\/p>\n<ul data-start=\"1380\" data-end=\"1443\">\n<li data-section-id=\"l5r42b\" data-start=\"1380\" data-end=\"1405\">Nikotinfreie Fl\u00fcssigkeit<\/li>\n<li data-section-id=\"1n6qkxx\" data-start=\"1406\" data-end=\"1443\">Muss vor der Anwendung verd\u00fcnnt werden<\/li>\n<\/ul>\n<hr data-start=\"1445\" data-end=\"1448\">\n<h3 data-section-id=\"97j55o\" data-start=\"1450\" data-end=\"1485\">Eine saubere und effektive Basis<\/h3>\n<p data-start=\"1487\" data-end=\"1548\">Getreu der <span class=\"hover:entity-accent entity-underline inline cursor-pointer align-baseline\"><span class=\"whitespace-normal\">Schutz-Anforderung<\/span><\/span> :<\/p>\n<ul data-start=\"1550\" data-end=\"1699\">\n<li data-section-id=\"1up1ah0\" data-start=\"1550\" data-end=\"1577\"><strong data-start=\"1557\" data-end=\"1575\">100 % pflanzliche Basis<\/strong><\/li>\n<li data-section-id=\"19jjh7\" data-start=\"1578\" data-end=\"1643\"><strong data-start=\"1586\" data-end=\"1601\">40\/60 PG\/VG-Verh\u00e4ltnis<\/strong> \u2192 perfekte Balance zwischen Treffer und Dampf<\/li>\n<li data-section-id=\"18fk2zu\" data-start=\"1644\" data-end=\"1699\">Optimierte Aromen bleiben nach der Verd\u00fcnnung stabil<\/li>\n<\/ul>\n<hr data-start=\"1701\" data-end=\"1704\">\n<h3 data-section-id=\"1qc7x20\" data-start=\"1706\" data-end=\"1738\">Hergestellt in Frankreich<\/h3>\n<p data-start=\"1740\" data-end=\"1835\">Entworfen und hergestellt in Frankreich<br data-start=\"1770\" data-end=\"1773\">Strenge Standards f\u00fcr h\u00f6chste Qualit\u00e4t<\/p>\n<hr data-start=\"1837\" data-end=\"1840\">\n<h3 data-section-id=\"dtl9un\" data-start=\"1842\" data-end=\"1871\">Der Geist des Bienenstocks<\/h3>\n<p data-start=\"1873\" data-end=\"2037\">In der <em data-start=\"1892\" data-end=\"1922\">Sammlung &#8220;Die gro\u00dfe Rolle der Bienen&#8221; hat jedes Portr\u00e4t<\/em> seine eigene Mission.<br data-start=\"1951\" data-end=\"1954\">Und La Manutentionnaire verk\u00f6rpert vollkommen: <strong data-start=\"1999\" data-end=\"2034\">Strenge, Konsistenz und Pr\u00e4zision<\/strong>.<\/p>\n","protected":false},"excerpt":{"rendered":"<p>Protect \u2013 Der 50 ml \/ 75 ml Material Handler: Pr\u00e4zision im Dienst des Klassikers \u2696\ufe0f In Protects Bienenstock macht der Betreuer kein Ger\u00e4usch&#8230; Aber ohne sie l\u00e4uft nichts richtig. Er ist derjenige, der den Nektar empf\u00e4ngt, sortiert, verwandelt und ausbalanciert, um ihn zu etwas perfekt Kontrolliertem zu machen. Und in deinem Vape? Das Ergebnis [&hellip;]<\/p>\n","protected":false},"featured_media":50859,"template":"","meta":{"_acf_changed":false},"product_cat":[405,442,408,403,1687,1679],"product_tag":[],"class_list":{"0":"post-50866","1":"product","2":"type-product","3":"status-publish","4":"has-post-thumbnail","6":"product_brand-protect-de","7":"product_cat-e-liquids","8":"product_cat-hervorgehobene-produkte","9":"product_cat-lieferbar-innerhalb-von-24-stunden-de","10":"product_cat-tabak","11":"product_cat-50-ml-fur-75-ml","12":"product_cat-menge-e-flussigkeit-kapazitat-flasche","14":"first","15":"instock","16":"taxable","17":"shipping-taxable","18":"purchasable","19":"product-type-simple"},"acf":[],"jetpack_sharing_enabled":true,"_links":{"self":[{"href":"https:\/\/vapotheque.ch\/de\/wp-json\/wp\/v2\/product\/50866","targetHints":{"allow":["GET"]}}],"collection":[{"href":"https:\/\/vapotheque.ch\/de\/wp-json\/wp\/v2\/product"}],"about":[{"href":"https:\/\/vapotheque.ch\/de\/wp-json\/wp\/v2\/types\/product"}],"wp:featuredmedia":[{"embeddable":true,"href":"https:\/\/vapotheque.ch\/de\/wp-json\/wp\/v2\/media\/50859"}],"wp:attachment":[{"href":"https:\/\/vapotheque.ch\/de\/wp-json\/wp\/v2\/media?parent=50866"}],"wp:term":[{"taxonomy":"product_cat","embeddable":true,"href":"https:\/\/vapotheque.ch\/de\/wp-json\/wp\/v2\/product_cat?post=50866"},{"taxonomy":"product_tag","embeddable":true,"href":"https:\/\/vapotheque.ch\/de\/wp-json\/wp\/v2\/product_tag?post=50866"}],"curies":[{"name":"wp","href":"https:\/\/api.w.org\/{rel}","templated":true}]}}