{"id":50865,"date":"2026-04-16T17:04:04","date_gmt":"2026-04-16T15:04:04","guid":{"rendered":"https:\/\/vapotheque.ch\/boutique\/protect-the-queen-50-ml-75-ml\/"},"modified":"2026-04-16T17:04:04","modified_gmt":"2026-04-16T15:04:04","slug":"protect-the-queen-50-ml-75-ml","status":"publish","type":"product","link":"https:\/\/vapotheque.ch\/de\/shop\/protect-the-queen-50-ml-75-ml\/","title":{"rendered":"Protect \u2013 The Queen 50 ml \/ 75 ml"},"content":{"rendered":"<h2 data-section-id=\"178avs5\" data-start=\"65\" data-end=\"131\">Protect &#8211; La Reine 50 ml \/ 75 ml: Gourmet-Eleganz an der Spitze<\/h2>\n<p data-start=\"133\" data-end=\"320\">In <span class=\"hover:entity-accent entity-underline inline cursor-pointer align-baseline\"><span class=\"whitespace-normal\">Protects<\/span><\/span> Bienenstock gibt es eine wesentliche <strong data-start=\"224\" data-end=\"236\">Figur: die K\u00f6nigin<\/strong>.<br data-start=\"237\" data-end=\"240\">Sie ist diejenige, die alles orchestriert, die Gleichgewicht und Harmonie in die Kolonie bringt.<\/p>\n<p data-start=\"322\" data-end=\"420\">Und bei deinem Vape macht es genau dasselbe&#8230; aber mit einem Hauch von Gier dazu.<\/p>\n<hr data-start=\"422\" data-end=\"425\">\n<h3 data-section-id=\"1ljt2hp\" data-start=\"427\" data-end=\"465\">Ein Klassiker&#8230; mit einer Krone<\/h3>\n<p data-start=\"467\" data-end=\"547\">Bei <strong data-start=\"472\" data-end=\"484\">The Queen<\/strong> bleiben wir bei einem klassischen Blond, aber mit Finesse wieder aufgegriffen:<\/p>\n<ul data-start=\"549\" data-end=\"705\">\n<li data-section-id=\"1dihbps\" data-start=\"549\" data-end=\"597\">Eine <strong data-start=\"560\" data-end=\"595\">weiche und elegante klassische blonde<\/strong> Basis<\/li>\n<li data-section-id=\"p5m3py\" data-start=\"598\" data-end=\"649\">Eine subtile und umh\u00fcllende <strong data-start=\"604\" data-end=\"623\">Note von Vanille<\/strong><\/li>\n<li data-section-id=\"18tldq6\" data-start=\"650\" data-end=\"705\">Ein <strong data-start=\"655\" data-end=\"681\">leichter M\u00fcsligeschmack<\/strong> zur Abrundung<\/li>\n<\/ul>\n<p data-start=\"707\" data-end=\"814\">Das Ergebnis: ein <strong data-start=\"730\" data-end=\"766\">ausgewogener, leicht gourmetartiger<\/strong> Vape, der den Tabak weicher macht, ohne ihn jemals zu \u00fcberdecken.<\/p>\n<hr data-start=\"816\" data-end=\"819\">\n<h3 data-section-id=\"1543y38\" data-start=\"821\" data-end=\"855\">S\u00fc\u00dfe und Charakter vereint \u2728<\/h3>\n<p data-start=\"857\" data-end=\"1020\">Dieses E-Liquid ist perfekt, wenn Sie suchen:<br data-start=\"900\" data-end=\"903\">\u2714 Ein weniger trockener, runderer Classic<br data-start=\"936\" data-end=\"939\">\u2714 Ein Gourmet-Touch ohne \u00dcberma\u00df<br data-start=\"972\" data-end=\"975\">\u2714 Ein tr\u00f6stlicher, aber nicht aufdringlicher ganzer Tag<\/p>\n<p data-start=\"1022\" data-end=\"1098\">Es ist der ideale Kompromiss zwischen <strong data-start=\"1053\" data-end=\"1095\">Authentizit\u00e4t und kontrolliertem s\u00fc\u00dfem Vergn\u00fcgen<\/strong>.<\/p>\n<hr data-start=\"1100\" data-end=\"1103\">\n<h3 data-section-id=\"ma75cn\" data-start=\"1105\" data-end=\"1135\">Ready-to-Boost-Format<\/h3>\n<p data-start=\"1137\" data-end=\"1196\">Wie die gesamte Bandbreite:<br data-start=\"1159\" data-end=\"1162\">50 ml in einer 75-ml-Flasche<\/p>\n<p data-start=\"1198\" data-end=\"1217\">Es liegt an dir:<\/p>\n<ul data-start=\"1218\" data-end=\"1289\">\n<li data-section-id=\"il5mjq\" data-start=\"1218\" data-end=\"1255\">Gib deinen Nikotinbooster hinzu<\/li>\n<li data-section-id=\"thlnnb\" data-start=\"1256\" data-end=\"1289\">Passen Sie sich nach Ihren Vorlieben an<\/li>\n<\/ul>\n<p data-start=\"1291\" data-end=\"1307\">\u26a0\ufe0f Wichtig:<\/p>\n<ul data-start=\"1308\" data-end=\"1375\">\n<li data-section-id=\"1ecdpdq\" data-start=\"1308\" data-end=\"1337\">Urspr\u00fcnglich nikotinfrei<\/li>\n<li data-section-id=\"1n6qkxx\" data-start=\"1338\" data-end=\"1375\">Muss vor der Anwendung verd\u00fcnnt werden<\/li>\n<\/ul>\n<hr data-start=\"1377\" data-end=\"1380\">\n<h3 data-section-id=\"1r39mpy\" data-start=\"1382\" data-end=\"1420\">Eine saubere und ausgewogene Basis<\/h3>\n<p data-start=\"1422\" data-end=\"1478\">Getreu der <span class=\"hover:entity-accent entity-underline inline cursor-pointer align-baseline\"><span class=\"whitespace-normal\">Protect-DNA<\/span><\/span> :<\/p>\n<ul data-start=\"1480\" data-end=\"1641\">\n<li data-section-id=\"1up1ah0\" data-start=\"1480\" data-end=\"1507\"><strong data-start=\"1487\" data-end=\"1505\">100 % pflanzliche Basis<\/strong><\/li>\n<li data-section-id=\"xvw96w\" data-start=\"1508\" data-end=\"1576\"><strong data-start=\"1516\" data-end=\"1531\">40\/60 PG\/VG-Verh\u00e4ltnis<\/strong> \u2192 perfekte Balance zwischen Geschmack und Dampf<\/li>\n<li data-section-id=\"1rph2ch\" data-start=\"1577\" data-end=\"1641\">Die Aromen wirkten auch nach der Verd\u00fcnnung harmonisch<\/li>\n<\/ul>\n<hr data-start=\"1643\" data-end=\"1646\">\n<h3 data-section-id=\"1qc7x20\" data-start=\"1648\" data-end=\"1680\">Hergestellt in Frankreich<\/h3>\n<p data-start=\"1682\" data-end=\"1758\">Entworfen und hergestellt in Frankreich<br data-start=\"1712\" data-end=\"1715\">Nach strengen Qualit\u00e4tsstandards<\/p>\n<hr data-start=\"1760\" data-end=\"1763\">\n<h3 data-section-id=\"1jdquyd\" data-start=\"1765\" data-end=\"1794\">Der Geist des Gebirges<\/h3>\n<p data-start=\"1796\" data-end=\"1958\">In <em data-start=\"1801\" data-end=\"1831\">&#8220;Die gro\u00dfe Rolle der Bienen&#8221;<\/em> ist jedes Profil wichtig.<br data-start=\"1864\" data-end=\"1867\">Und The Queen verk\u00f6rpert perfekt: <strong data-start=\"1901\" data-end=\"1955\">Balance, Sanftmut&#8230; und ein Hauch von Adel.<\/strong><\/p>\n","protected":false},"excerpt":{"rendered":"<p>Protect &#8211; La Reine 50 ml \/ 75 ml: Gourmet-Eleganz an der Spitze In Protects Bienenstock gibt es eine wesentliche Figur: die K\u00f6nigin.Sie ist diejenige, die alles orchestriert, die Gleichgewicht und Harmonie in die Kolonie bringt. Und bei deinem Vape macht es genau dasselbe&#8230; aber mit einem Hauch von Gier dazu. Ein Klassiker&#8230; mit einer [&hellip;]<\/p>\n","protected":false},"featured_media":50863,"template":"","meta":{"_acf_changed":false},"product_cat":[405,442,408,403,1687,1679],"product_tag":[],"class_list":{"0":"post-50865","1":"product","2":"type-product","3":"status-publish","4":"has-post-thumbnail","6":"product_brand-protect-de","7":"product_cat-e-liquids","8":"product_cat-hervorgehobene-produkte","9":"product_cat-lieferbar-innerhalb-von-24-stunden-de","10":"product_cat-tabak","11":"product_cat-50-ml-fur-75-ml","12":"product_cat-menge-e-flussigkeit-kapazitat-flasche","14":"first","15":"instock","16":"taxable","17":"shipping-taxable","18":"purchasable","19":"product-type-simple"},"acf":[],"jetpack_sharing_enabled":true,"_links":{"self":[{"href":"https:\/\/vapotheque.ch\/de\/wp-json\/wp\/v2\/product\/50865","targetHints":{"allow":["GET"]}}],"collection":[{"href":"https:\/\/vapotheque.ch\/de\/wp-json\/wp\/v2\/product"}],"about":[{"href":"https:\/\/vapotheque.ch\/de\/wp-json\/wp\/v2\/types\/product"}],"wp:featuredmedia":[{"embeddable":true,"href":"https:\/\/vapotheque.ch\/de\/wp-json\/wp\/v2\/media\/50863"}],"wp:attachment":[{"href":"https:\/\/vapotheque.ch\/de\/wp-json\/wp\/v2\/media?parent=50865"}],"wp:term":[{"taxonomy":"product_cat","embeddable":true,"href":"https:\/\/vapotheque.ch\/de\/wp-json\/wp\/v2\/product_cat?post=50865"},{"taxonomy":"product_tag","embeddable":true,"href":"https:\/\/vapotheque.ch\/de\/wp-json\/wp\/v2\/product_tag?post=50865"}],"curies":[{"name":"wp","href":"https:\/\/api.w.org\/{rel}","templated":true}]}}