{"id":50710,"date":"2026-04-08T16:44:06","date_gmt":"2026-04-08T14:44:06","guid":{"rendered":"https:\/\/vapotheque.ch\/boutique\/lost-mary-lux-7000-nachfuellung\/"},"modified":"2026-04-08T16:44:06","modified_gmt":"2026-04-08T14:44:06","slug":"lost-mary-lux-7000-nachfuellung","status":"publish","type":"product","link":"https:\/\/vapotheque.ch\/de\/shop\/lost-mary-lux-7000-nachfuellung\/","title":{"rendered":"Lost Mary \u2013 Lux 7000 Nachf\u00fcllung"},"content":{"rendered":"<h3 data-section-id=\"s9rqxi\" data-start=\"64\" data-end=\"137\">Lost Mary \u2013 Lux 7000 Recharge: Verl\u00e4ngere das Vergn\u00fcgen m\u00fchelos<\/h3>\n<p data-start=\"139\" data-end=\"347\">Mit dem Laden des <span class=\"hover:entity-accent entity-underline inline cursor-pointer align-baseline\"><span class=\"whitespace-normal\">Lost Mary LUX<\/span><\/span> 7000 m\u00fcssen Sie Ihr gesamtes Ger\u00e4t nicht \u00e4ndern:<br data-start=\"252\" data-end=\"255\">Du ersetzt einfach den Tank&#8230; Und du gehst f\u00fcr tausende Z\u00fcge zur\u00fcck.<\/p>\n<p data-start=\"349\" data-end=\"401\">Einfach, schnell und im Alltag praktisch.<\/p>\n<hr data-start=\"403\" data-end=\"406\">\n<h3 data-section-id=\"m02dd\" data-start=\"408\" data-end=\"436\">Express-Installation \u26a1<\/h3>\n<p data-start=\"438\" data-end=\"468\"><strong data-start=\"438\" data-end=\"466\">1. Die Nachf\u00fcllung ersetzen<\/strong><\/p>\n<ul data-start=\"469\" data-end=\"616\">\n<li data-section-id=\"1sd30qc\" data-start=\"469\" data-end=\"491\">\u00d6ffne das Paket<\/li>\n<li data-section-id=\"d88887\" data-start=\"492\" data-end=\"529\">Entfernen Sie die E-Liquid-Flasche<\/li>\n<li data-section-id=\"1p94vec\" data-start=\"530\" data-end=\"576\">Entferne leere Ladung von deinem Ger\u00e4t<\/li>\n<li data-section-id=\"146thav\" data-start=\"577\" data-end=\"616\">F\u00fcgen Sie die neue ein, bis zum <em data-start=\"608\" data-end=\"614\">Klick<\/em><\/li>\n<\/ul>\n<p data-start=\"618\" data-end=\"657\">Gut auf = einsatzbereit<\/p>\n<hr data-start=\"659\" data-end=\"662\">\n<h3 data-section-id=\"1cuz92q\" data-start=\"664\" data-end=\"704\">Kleiner Schl\u00fcsselschritt: Aktivierung<\/h3>\n<ul data-start=\"706\" data-end=\"772\">\n<li data-section-id=\"rfkvak\" data-start=\"706\" data-end=\"772\">Drehen Sie Ihr Ger\u00e4t f\u00fcr <strong data-start=\"755\" data-end=\"770\">10 Sekunden<\/strong> auf den Kopf<\/li>\n<\/ul>\n<p data-start=\"774\" data-end=\"858\">Die Fl\u00fcssigkeit zieht sich perfekt f\u00fcr einen Top-Vape vom ersten Zug an<\/p>\n<hr data-start=\"860\" data-end=\"863\">\n<h3 data-section-id=\"1jwh6th\" data-start=\"865\" data-end=\"909\">Wie benutzt man? Immer noch so einfach <\/h3>\n<ul data-start=\"911\" data-end=\"969\">\n<li data-section-id=\"17h088l\" data-start=\"911\" data-end=\"946\">Dreh das Ger\u00e4t wieder auf den Kopf<\/li>\n<li data-section-id=\"1bblye5\" data-start=\"947\" data-end=\"969\">Zieh die Spitze heraus<\/li>\n<\/ul>\n<p data-start=\"971\" data-end=\"1031\">Keine Kn\u00f6pfe, keine Einstellungen&#8230; Nur du und dein Vape<\/p>\n<hr data-start=\"1033\" data-end=\"1036\">\n<h3 data-section-id=\"1fotl15\" data-start=\"1038\" data-end=\"1073\">Genie\u00dfe es ohne Unterbrechung<\/h3>\n<p data-start=\"1075\" data-end=\"1120\">Sobald es bereit ist:<br data-start=\"1090\" data-end=\"1093\">Dampfe leise<\/p>\n<p data-start=\"1122\" data-end=\"1188\">Wenn die LED rot blinkt\u2192 lade den Akku per USB-C wieder auf<\/p>\n<hr data-start=\"1190\" data-end=\"1193\">\n<h3 data-section-id=\"xeewdt\" data-start=\"1195\" data-end=\"1232\">Warum Lost Mary w\u00e4hlen?<\/h3>\n<p data-start=\"1234\" data-end=\"1307\">Die <span class=\"hover:entity-accent entity-underline inline cursor-pointer align-baseline\"><span class=\"whitespace-normal\">Marke Lost Mary<\/span><\/span> hat sich dank folgender Positionen etabliert:<\/p>\n<ul data-start=\"1308\" data-end=\"1412\">\n<li data-section-id=\"x5jmcu\" data-start=\"1308\" data-end=\"1334\"><strong data-start=\"1314\" data-end=\"1332\">Zuverl\u00e4ssige Qualit\u00e4t<\/strong><\/li>\n<li data-section-id=\"1dltgga\" data-start=\"1335\" data-end=\"1374\"><strong data-start=\"1341\" data-end=\"1372\">Ultra-intuitive Bedienung<\/strong><\/li>\n<li data-section-id=\"u0g2ob\" data-start=\"1375\" data-end=\"1412\"><strong data-start=\"1381\" data-end=\"1410\">Reichhaltige und vielf\u00e4ltige Geschmacksrichtungen<\/strong><\/li>\n<\/ul>\n<p data-start=\"1414\" data-end=\"1482\">Es ist auch eine ausgezeichnete M\u00f6glichkeit, um reibungslos mit dem Dampfen zu beginnen.<\/p>\n<hr data-start=\"1484\" data-end=\"1487\">\n<h3 data-section-id=\"18s2taq\" data-start=\"1489\" data-end=\"1528\">Qualit\u00e4t und Sicherheit stehen an erster Stelle \ufe0f<\/h3>\n<p data-start=\"1530\" data-end=\"1685\">Bei Lost Mary:<br data-start=\"1546\" data-end=\"1549\">Jedes Produkt wird <strong data-start=\"1587\" data-end=\"1621\">im Labor nach strengen Standards<\/strong> getestet<br data-start=\"1621\" data-end=\"1624\">Nur Ger\u00e4te werden vermarktet, die zu 100 % validiert sind<\/p>\n","protected":false},"excerpt":{"rendered":"<p>Lost Mary \u2013 Lux 7000 Recharge: Verl\u00e4ngere das Vergn\u00fcgen m\u00fchelos Mit dem Laden des Lost Mary LUX 7000 m\u00fcssen Sie Ihr gesamtes Ger\u00e4t nicht \u00e4ndern:Du ersetzt einfach den Tank&#8230; Und du gehst f\u00fcr tausende Z\u00fcge zur\u00fcck. Einfach, schnell und im Alltag praktisch. Express-Installation \u26a1 1. Die Nachf\u00fcllung ersetzen \u00d6ffne das Paket Entfernen Sie die E-Liquid-Flasche [&hellip;]<\/p>\n","protected":false},"featured_media":50682,"template":"","meta":{"_acf_changed":false},"product_cat":[442,408,453,466,469],"product_tag":[],"class_list":{"0":"post-50710","1":"product","2":"type-product","3":"status-publish","4":"has-post-thumbnail","6":"product_brand-verlorene-mary","7":"product_cat-hervorgehobene-produkte","8":"product_cat-lieferbar-innerhalb-von-24-stunden-de","9":"product_cat-pods-de","10":"product_cat-puff-einweg-vapes","11":"product_cat-zubehor-pods","13":"first","14":"instock","15":"taxable","16":"shipping-taxable","17":"purchasable","18":"product-type-variable"},"acf":[],"jetpack_sharing_enabled":true,"_links":{"self":[{"href":"https:\/\/vapotheque.ch\/de\/wp-json\/wp\/v2\/product\/50710","targetHints":{"allow":["GET"]}}],"collection":[{"href":"https:\/\/vapotheque.ch\/de\/wp-json\/wp\/v2\/product"}],"about":[{"href":"https:\/\/vapotheque.ch\/de\/wp-json\/wp\/v2\/types\/product"}],"wp:featuredmedia":[{"embeddable":true,"href":"https:\/\/vapotheque.ch\/de\/wp-json\/wp\/v2\/media\/50682"}],"wp:attachment":[{"href":"https:\/\/vapotheque.ch\/de\/wp-json\/wp\/v2\/media?parent=50710"}],"wp:term":[{"taxonomy":"product_cat","embeddable":true,"href":"https:\/\/vapotheque.ch\/de\/wp-json\/wp\/v2\/product_cat?post=50710"},{"taxonomy":"product_tag","embeddable":true,"href":"https:\/\/vapotheque.ch\/de\/wp-json\/wp\/v2\/product_tag?post=50710"}],"curies":[{"name":"wp","href":"https:\/\/api.w.org\/{rel}","templated":true}]}}