{"id":50707,"date":"2026-04-08T16:13:50","date_gmt":"2026-04-08T14:13:50","guid":{"rendered":"https:\/\/vapotheque.ch\/boutique\/lost-mary-lux-7000-bausatz\/"},"modified":"2026-04-08T16:13:50","modified_gmt":"2026-04-08T14:13:50","slug":"lost-mary-lux-7000-bausatz","status":"publish","type":"product","link":"https:\/\/vapotheque.ch\/de\/shop\/lost-mary-lux-7000-bausatz\/","title":{"rendered":"Lost Mary \u2013 Lux 7000 Bausatz"},"content":{"rendered":"<h3 data-section-id=\"16nun2a\" data-start=\"64\" data-end=\"130\">Lost Mary \u2013 Lux 7000 Kit: einfach, schnell, effizient<\/h3>\n<p data-start=\"132\" data-end=\"274\">Mit der <span class=\"hover:entity-accent entity-underline inline cursor-pointer align-baseline\"><span class=\"whitespace-normal\">Lost Mary<\/span><\/span> BM6000 musst du kein Experte sein: Alles ist f\u00fcr <strong data-start=\"252\" data-end=\"271\">ultraintuitive<\/strong> Nutzung konzipiert.<\/p>\n<hr data-start=\"276\" data-end=\"279\">\n<h3 data-section-id=\"1tjp753\" data-start=\"281\" data-end=\"326\">2-Schritt-, 3-Z\u00fcge-Installation \u26a1<\/h3>\n<p data-start=\"328\" data-end=\"356\"><strong data-start=\"328\" data-end=\"354\">1. Die Nachf\u00fcllung einsetzen<\/strong><\/p>\n<ul data-start=\"357\" data-end=\"460\">\n<li data-section-id=\"lpujau\" data-start=\"357\" data-end=\"376\">\u00d6ffne die Kiste<\/li>\n<li data-section-id=\"qe2qw5\" data-start=\"377\" data-end=\"413\">Nimm die Flasche E-Liquid heraus<\/li>\n<li data-section-id=\"1mkv0dj\" data-start=\"414\" data-end=\"460\">Stecke es ins Ger\u00e4t, bis du <em data-start=\"452\" data-end=\"458\">klickst<\/em><\/li>\n<\/ul>\n<p data-start=\"462\" data-end=\"497\">Wenn es klickt, ist es gut!<\/p>\n<hr data-start=\"499\" data-end=\"502\">\n<h3 data-section-id=\"1uheh9g\" data-start=\"504\" data-end=\"536\">Und jetzt&#8230; Viel Spa\u00df<\/h3>\n<ul data-start=\"538\" data-end=\"616\">\n<li data-section-id=\"ignqky\" data-start=\"538\" data-end=\"584\">Ziehen Sie einfach das Mundst\u00fcck heraus, um zu dampfen.<\/li>\n<li data-section-id=\"6i6i3e\" data-start=\"585\" data-end=\"616\">Keine Kn\u00f6pfe, keine Einstellungen<\/li>\n<\/ul>\n<p data-start=\"618\" data-end=\"753\">Wenn die LED rot blinkt, \u2192 \u00fcber USB-C laden<br data-start=\"673\" data-end=\"676\">Oder ersetze die Batterie direkt durch eine geladene, falls du eine hast<\/p>\n<hr data-start=\"755\" data-end=\"758\">\n<h3 data-section-id=\"6umjig\" data-start=\"760\" data-end=\"802\">Einfaches Laden, l\u00e4ngere Freude<\/h3>\n<p data-start=\"804\" data-end=\"956\">Sobald der <strong data-start=\"829\" data-end=\"838\">10-ml-Tank<\/strong> leer ist:<br data-start=\"845\" data-end=\"848\">Ersetzen Sie durch eine neue Nachf\u00fcllung (separat erh\u00e4ltlich)<br data-start=\"907\" data-end=\"910\">Und geh zur\u00fcck f\u00fcr tausende Z\u00fcge<\/p>\n<hr data-start=\"958\" data-end=\"961\">\n<h3 data-section-id=\"xeewdt\" data-start=\"963\" data-end=\"1000\">Warum Lost Mary w\u00e4hlen?<\/h3>\n<p data-start=\"1002\" data-end=\"1054\">Lost Mary hat sich in Europa einen Namen gemacht durch:<\/p>\n<ul data-start=\"1055\" data-end=\"1172\">\n<li data-section-id=\"19dbmyz\" data-start=\"1055\" data-end=\"1095\"><strong data-start=\"1061\" data-end=\"1093\">Super-Verarbeitungsqualit\u00e4t<\/strong><\/li>\n<li data-section-id=\"nj1df1\" data-start=\"1096\" data-end=\"1132\"><strong data-start=\"1102\" data-end=\"1130\">Sehr einfach zu bedienen<\/strong><\/li>\n<li data-section-id=\"1pgqrzk\" data-start=\"1133\" data-end=\"1172\"><strong data-start=\"1139\" data-end=\"1170\">Vielf\u00e4ltige und intensive Geschmacksrichtungen<\/strong><\/li>\n<\/ul>\n<p data-start=\"1174\" data-end=\"1272\">Es ist eindeutig eine ideale Wahl f\u00fcr Raucher, die ohne Komplikationen zum Dampfen wechseln m\u00f6chten.<\/p>\n<hr data-start=\"1274\" data-end=\"1277\">\n<h3 data-section-id=\"18s2taq\" data-start=\"1279\" data-end=\"1318\">Qualit\u00e4t und Sicherheit stehen an erster Stelle \ufe0f<\/h3>\n<p data-start=\"1320\" data-end=\"1471\">Bei Lost Mary:<br data-start=\"1336\" data-end=\"1339\">Jedes Ger\u00e4t wird <strong data-start=\"1375\" data-end=\"1407\">strengen Labortests<\/strong> unterzogen<br data-start=\"1407\" data-end=\"1410\">Nur 100 % konforme Produkte erreichen den Markt<\/p>\n<hr data-start=\"1473\" data-end=\"1476\">\n<h3 data-section-id=\"1bs3kcg\" data-start=\"1478\" data-end=\"1530\">Perfekt f\u00fcr Anf\u00e4nger (und Nomaden)<\/h3>\n<p data-start=\"1532\" data-end=\"1571\">Die Lost Mary Hybridmodelle sind:<\/p>\n<ul data-start=\"1572\" data-end=\"1666\">\n<li data-section-id=\"bjo5wr\" data-start=\"1572\" data-end=\"1597\">Leicht zu transportieren<\/li>\n<li data-section-id=\"tgez34\" data-start=\"1598\" data-end=\"1624\">Allt\u00e4gliche Praktiken<\/li>\n<li data-section-id=\"66nctn\" data-start=\"1625\" data-end=\"1666\">Sehr beliebt bei neuen Dampfern<\/li>\n<\/ul>\n<hr data-start=\"1668\" data-end=\"1671\">\n<h3 data-section-id=\"10mkrkw\" data-start=\"1673\" data-end=\"1708\">Vorsicht vor F\u00e4lschungen \u26a0\ufe0f<\/h3>\n<p data-start=\"1710\" data-end=\"1809\">Lost Mary-Produkte werden oft kopiert. Zum Gl\u00fcck gibt es eine einfache M\u00f6glichkeit, das zu \u00fcberpr\u00fcfen: <\/p>\n<p data-start=\"1811\" data-end=\"1956\">Scanne den QR-Code auf der Verpackung<br data-start=\"1848\" data-end=\"1851\">Wenn Sie auf die offizielle <span class=\"hover:entity-accent entity-underline inline cursor-pointer align-baseline\"><span class=\"whitespace-normal\">Website von Lost Mary<\/span><\/span> weitergeleitet werden, handelt es sich um ein Original<\/p>\n<p data-start=\"1958\" data-end=\"2029\">Sie k\u00f6nnen den Produktcode auch direkt auf deren Website \u00fcberpr\u00fcfen.<\/p>\n","protected":false},"excerpt":{"rendered":"<p>Lost Mary \u2013 Lux 7000 Kit: einfach, schnell, effizient Mit der Lost Mary BM6000 musst du kein Experte sein: Alles ist f\u00fcr ultraintuitive Nutzung konzipiert. 2-Schritt-, 3-Z\u00fcge-Installation \u26a1 1. Die Nachf\u00fcllung einsetzen \u00d6ffne die Kiste Nimm die Flasche E-Liquid heraus Stecke es ins Ger\u00e4t, bis du klickst Wenn es klickt, ist es gut! Und jetzt&#8230; [&hellip;]<\/p>\n","protected":false},"featured_media":50660,"template":"","meta":{"_acf_changed":false},"product_cat":[442,408,453,466],"product_tag":[],"class_list":{"0":"post-50707","1":"product","2":"type-product","3":"status-publish","4":"has-post-thumbnail","6":"product_brand-verlorene-mary","7":"product_cat-hervorgehobene-produkte","8":"product_cat-lieferbar-innerhalb-von-24-stunden-de","9":"product_cat-pods-de","10":"product_cat-puff-einweg-vapes","12":"first","13":"instock","14":"taxable","15":"shipping-taxable","16":"purchasable","17":"product-type-variable"},"acf":[],"jetpack_sharing_enabled":true,"_links":{"self":[{"href":"https:\/\/vapotheque.ch\/de\/wp-json\/wp\/v2\/product\/50707","targetHints":{"allow":["GET"]}}],"collection":[{"href":"https:\/\/vapotheque.ch\/de\/wp-json\/wp\/v2\/product"}],"about":[{"href":"https:\/\/vapotheque.ch\/de\/wp-json\/wp\/v2\/types\/product"}],"wp:featuredmedia":[{"embeddable":true,"href":"https:\/\/vapotheque.ch\/de\/wp-json\/wp\/v2\/media\/50660"}],"wp:attachment":[{"href":"https:\/\/vapotheque.ch\/de\/wp-json\/wp\/v2\/media?parent=50707"}],"wp:term":[{"taxonomy":"product_cat","embeddable":true,"href":"https:\/\/vapotheque.ch\/de\/wp-json\/wp\/v2\/product_cat?post=50707"},{"taxonomy":"product_tag","embeddable":true,"href":"https:\/\/vapotheque.ch\/de\/wp-json\/wp\/v2\/product_tag?post=50707"}],"curies":[{"name":"wp","href":"https:\/\/api.w.org\/{rel}","templated":true}]}}