{"id":50695,"date":"2026-04-08T15:08:09","date_gmt":"2026-04-08T13:08:09","guid":{"rendered":"https:\/\/vapotheque.ch\/boutique\/elf-bar-nx-7000-nachfuellung\/"},"modified":"2026-04-08T15:08:09","modified_gmt":"2026-04-08T13:08:09","slug":"elf-bar-nx-7000-nachfuellung","status":"publish","type":"product","link":"https:\/\/vapotheque.ch\/de\/shop\/elf-bar-nx-7000-nachfuellung\/","title":{"rendered":"Elf Bar \u2013 NX 7000 Nachf\u00fcllung"},"content":{"rendered":"<h3 data-section-id=\"pzy4s0\" data-start=\"64\" data-end=\"145\">Elf Bar &#8211; NX 7000 Recharge: Bereit f\u00fcr tausende Z\u00fcge<\/h3>\n<p data-start=\"147\" data-end=\"322\"><span class=\"hover:entity-accent entity-underline inline cursor-pointer align-baseline\"><span class=\"whitespace-normal\">Elfbar<\/span><\/span> ist schlicht <strong data-start=\"208\" data-end=\"246\">die Nummer 1 Vape-Marke in der Schweiz<\/strong> \u2013 und mit der NX7000-Nachf\u00fcllung setzt sie die Messlatte weiterhin sehr hoch.<\/p>\n<p data-start=\"324\" data-end=\"505\">Hier sprechen wir von einem <strong data-start=\"343\" data-end=\"406\">E-Liquid-Tank, der speziell f\u00fcr Ihren NX7000 entwickelt<\/strong> wurde, um das Vergn\u00fcgen zu verl\u00e4ngern, ohne das gesamte Ger\u00e4t zu ver\u00e4ndern. Praktisch, schnell&#8230; Und ehrlich gesagt clever. <\/p>\n<hr data-start=\"507\" data-end=\"510\">\n<h3 data-section-id=\"a7goaq\" data-start=\"512\" data-end=\"571\">Wie funktioniert das? (Spoiler: Es ist super einfach) <\/h3>\n<p data-start=\"573\" data-end=\"609\"><strong data-start=\"573\" data-end=\"607\">1. Austausch der Nachf\u00fclle<\/strong><\/p>\n<ul data-start=\"610\" data-end=\"782\">\n<li data-section-id=\"1sd30qc\" data-start=\"610\" data-end=\"632\">\u00d6ffne das Paket<\/li>\n<li data-section-id=\"64nx1j\" data-start=\"633\" data-end=\"678\">Hol die neue Flasche E-Liquid heraus<\/li>\n<li data-section-id=\"1m2y8k8\" data-start=\"679\" data-end=\"725\">Entferne die leere Ladung von deinem Ger\u00e4t<\/li>\n<li data-section-id=\"1bevzqb\" data-start=\"726\" data-end=\"782\">Stecke die neue ein, bis du ein leises <em data-start=\"774\" data-end=\"780\">Klicken<\/em> h\u00f6rst<\/li>\n<\/ul>\n<p data-start=\"784\" data-end=\"815\">Wenn es klickt, ist es bereit!<\/p>\n<p data-start=\"817\" data-end=\"836\"><strong data-start=\"817\" data-end=\"834\">2. Aktivierung<\/strong><\/p>\n<ul data-start=\"837\" data-end=\"903\">\n<li data-section-id=\"rfkvak\" data-start=\"837\" data-end=\"903\">Drehen Sie Ihr Ger\u00e4t f\u00fcr <strong data-start=\"886\" data-end=\"901\">10 Sekunden<\/strong> auf den Kopf<\/li>\n<\/ul>\n<p data-start=\"905\" data-end=\"968\">Die Fl\u00fcssigkeit verteilt sich perfekt f\u00fcr einen optimalen Vape<\/p>\n<p data-start=\"970\" data-end=\"990\"><strong data-start=\"970\" data-end=\"988\">3. Nutzung<\/strong><\/p>\n<ul data-start=\"991\" data-end=\"1060\">\n<li data-section-id=\"17h088l\" data-start=\"991\" data-end=\"1026\">Dreh das Ger\u00e4t wieder auf den Kopf<\/li>\n<li data-section-id=\"1du9i69\" data-start=\"1027\" data-end=\"1060\">Zieh einfach an der Spitze<\/li>\n<\/ul>\n<p data-start=\"1062\" data-end=\"1086\">Und da hast du es, es dampft!<\/p>\n<hr data-start=\"1088\" data-end=\"1091\">\n<h3 data-section-id=\"1n0752k\" data-start=\"1093\" data-end=\"1123\">Was kommt als N\u00e4chstes? Viel Spa\u00df <\/h3>\n<p data-start=\"1125\" data-end=\"1182\">Sobald man sich eingerichtet hat, muss man nur genie\u00dfen.<\/p>\n<p data-start=\"1184\" data-end=\"1284\">Eine kleine Erinnerung:<br data-start=\"1201\" data-end=\"1204\">Wenn die LED rot blinkt\u2192 ist es Zeit, den Akku per USB-C aufzuladen.<\/p>\n<hr data-start=\"1286\" data-end=\"1289\">\n<h3 data-section-id=\"1shpai0\" data-start=\"1291\" data-end=\"1324\">Warum ELFBAR w\u00e4hlen? \u2b50<\/h3>\n<p data-start=\"1326\" data-end=\"1367\">Elfbar-Produkte sind bekannt f\u00fcr:<\/p>\n<ul data-start=\"1368\" data-end=\"1472\">\n<li data-section-id=\"x5jmcu\" data-start=\"1368\" data-end=\"1394\"><strong data-start=\"1374\" data-end=\"1392\">Zuverl\u00e4ssige Qualit\u00e4t<\/strong><\/li>\n<li data-section-id=\"1dltgga\" data-start=\"1395\" data-end=\"1434\"><strong data-start=\"1401\" data-end=\"1432\">Ultra-intuitive Bedienung<\/strong><\/li>\n<li data-section-id=\"18xj5l4\" data-start=\"1435\" data-end=\"1472\">Eine <strong data-start=\"1441\" data-end=\"1470\">riesige Vielfalt an Geschmacksrichtungen<\/strong><\/li>\n<\/ul>\n<p data-start=\"1474\" data-end=\"1575\">Es ist auch eine gro\u00dfartige Option f\u00fcr Raucher, die ohne Aufwand zum Dampfen wechseln m\u00f6chten.<\/p>\n<hr data-start=\"1577\" data-end=\"1580\">\n<h3 data-section-id=\"jqu0aa\" data-start=\"1582\" data-end=\"1621\">Sicherheit und Qualit\u00e4t stehen an erster Stelle \ufe0f<\/h3>\n<p data-start=\"1623\" data-end=\"1796\">In Elfbar bleibt nichts dem Zufall \u00fcberlassen:<br data-start=\"1665\" data-end=\"1668\">Jedes Ger\u00e4t und jedes E-Liquid wird <strong data-start=\"1727\" data-end=\"1761\">im Labor nach strengen Standards<\/strong> getestet, bevor es in Ihre H\u00e4nde gelangt.<\/p>\n","protected":false},"excerpt":{"rendered":"<p>Elf Bar &#8211; NX 7000 Recharge: Bereit f\u00fcr tausende Z\u00fcge Elfbar ist schlicht die Nummer 1 Vape-Marke in der Schweiz \u2013 und mit der NX7000-Nachf\u00fcllung setzt sie die Messlatte weiterhin sehr hoch. Hier sprechen wir von einem E-Liquid-Tank, der speziell f\u00fcr Ihren NX7000 entwickelt wurde, um das Vergn\u00fcgen zu verl\u00e4ngern, ohne das gesamte Ger\u00e4t zu [&hellip;]<\/p>\n","protected":false},"featured_media":50624,"template":"","meta":{"_acf_changed":false},"product_cat":[442,408,453,466,469],"product_tag":[],"class_list":{"0":"post-50695","1":"product","2":"type-product","3":"status-publish","4":"has-post-thumbnail","6":"product_brand-elf-bar-de","7":"product_cat-hervorgehobene-produkte","8":"product_cat-lieferbar-innerhalb-von-24-stunden-de","9":"product_cat-pods-de","10":"product_cat-puff-einweg-vapes","11":"product_cat-zubehor-pods","13":"first","14":"instock","15":"taxable","16":"shipping-taxable","17":"purchasable","18":"product-type-variable"},"acf":[],"jetpack_sharing_enabled":true,"_links":{"self":[{"href":"https:\/\/vapotheque.ch\/de\/wp-json\/wp\/v2\/product\/50695","targetHints":{"allow":["GET"]}}],"collection":[{"href":"https:\/\/vapotheque.ch\/de\/wp-json\/wp\/v2\/product"}],"about":[{"href":"https:\/\/vapotheque.ch\/de\/wp-json\/wp\/v2\/types\/product"}],"wp:featuredmedia":[{"embeddable":true,"href":"https:\/\/vapotheque.ch\/de\/wp-json\/wp\/v2\/media\/50624"}],"wp:attachment":[{"href":"https:\/\/vapotheque.ch\/de\/wp-json\/wp\/v2\/media?parent=50695"}],"wp:term":[{"taxonomy":"product_cat","embeddable":true,"href":"https:\/\/vapotheque.ch\/de\/wp-json\/wp\/v2\/product_cat?post=50695"},{"taxonomy":"product_tag","embeddable":true,"href":"https:\/\/vapotheque.ch\/de\/wp-json\/wp\/v2\/product_tag?post=50695"}],"curies":[{"name":"wp","href":"https:\/\/api.w.org\/{rel}","templated":true}]}}