{"id":50683,"date":"2026-04-08T14:59:36","date_gmt":"2026-04-08T12:59:36","guid":{"rendered":"https:\/\/vapotheque.ch\/boutique\/elf-bar-bausatz-nx7000\/"},"modified":"2026-04-08T14:59:36","modified_gmt":"2026-04-08T12:59:36","slug":"elf-bar-bausatz-nx7000","status":"publish","type":"product","link":"https:\/\/vapotheque.ch\/de\/shop\/elf-bar-bausatz-nx7000\/","title":{"rendered":"Elf Bar \u2013 Bausatz NX7000"},"content":{"rendered":"<h3 data-section-id=\"1o5a1fk\" data-start=\"64\" data-end=\"119\">Elf Bar &#8211; NX7000 Kit: der Puff, der nicht losl\u00e4sst<\/h3>\n<p data-start=\"121\" data-end=\"268\">M\u00fcde von Puffs, die so schnell verschwinden, wie sie kommen? Der NX7000 von <span class=\"hover:entity-accent entity-underline inline cursor-pointer align-baseline\"><span class=\"whitespace-normal\">Elfbar<\/span><\/span> ist ein kompletter Spielver\u00e4nderer. <\/p>\n<p data-start=\"270\" data-end=\"406\">Hier gehen wir auf die n\u00e4chste Stufe: Du beh\u00e4ltst die Batterie, du wechselst einfach das Ladesystem. Einfach, clever&#8230; und schlichtweg nachhaltiger. <\/p>\n<p data-start=\"408\" data-end=\"573\">Das Ergebnis: immer noch so einfach zu bedienen, aber mit deutlich mehr Akkulaufzeit. Und ja, bis zu <strong data-start=\"509\" data-end=\"526\">7000 Puffs<\/strong> angek\u00fcndigt (wir lassen Sie den Test machen). <\/p>\n<hr data-start=\"575\" data-end=\"578\">\n<h3 data-section-id=\"gzh5gk\" data-start=\"580\" data-end=\"617\">Eine neue Generation von Puff<\/h3>\n<p data-start=\"619\" data-end=\"679\">Der NX7000 ist die weiterentwickelte Version des klassischen Puffs:<\/p>\n<ul data-start=\"680\" data-end=\"769\">\n<li data-section-id=\"1ajpxrg\" data-start=\"680\" data-end=\"708\">Wiederaufladbarer \u2714\ufe0f Akku<\/li>\n<li data-section-id=\"l04xh2\" data-start=\"709\" data-end=\"742\">Austauschbare Nachf\u00fcllungen \u2714\ufe0f<\/li>\n<li data-section-id=\"rt2n7v\" data-start=\"743\" data-end=\"769\">Weniger Verschwendung \u2714\ufe0f<\/li>\n<\/ul>\n<p data-start=\"771\" data-end=\"887\">Er ist auch der w\u00fcrdige Nachfahre des AF5000, aber besser: mehr Autonomie, mehr Komfort, mehr Spa\u00df.<\/p>\n<hr data-start=\"889\" data-end=\"892\">\n<h3 data-section-id=\"ynf40a\" data-start=\"894\" data-end=\"927\">Kleinformat, gro\u00dfe Performance \u26a1<\/h3>\n<p data-start=\"929\" data-end=\"983\">Unter seinem kompakten Design verbirgt sich eine echte Maschine:<\/p>\n<ul data-start=\"984\" data-end=\"1110\">\n<li data-section-id=\"ka6h5v\" data-start=\"984\" data-end=\"1026\">2 ml (Mundst\u00fcck mit eingebautem Widerstand)<\/li>\n<li data-section-id=\"am8fha\" data-start=\"1027\" data-end=\"1110\">\n<ul data-start=\"1029\" data-end=\"1110\">\n<li data-section-id=\"mj3hzn\" data-start=\"1029\" data-end=\"1110\">10 ml Nachf\u00fcllung<br data-start=\"1048\" data-end=\"1051\">Gesamt: <strong data-start=\"1062\" data-end=\"1084\">12 ml E-Liquid<\/strong> f\u00fcr stundenlanges Dampfen<\/li>\n<\/ul>\n<\/li>\n<\/ul>\n<p data-start=\"1112\" data-end=\"1248\">Mit seiner 0,8-Ohm-Coil und Elfbars Quad Techno erwartet man von <strong data-start=\"1192\" data-end=\"1245\">Anfang bis Ende einen gleichm\u00e4\u00dfigen, leckeren und sanften Vape<\/strong>.<\/p>\n<hr data-start=\"1250\" data-end=\"1253\">\n<h3 data-section-id=\"16v9c38\" data-start=\"1255\" data-end=\"1296\">Ultra einfach, keine Kopfschmerzen<\/h3>\n<p data-start=\"1298\" data-end=\"1366\">Keine Kn\u00f6pfe.<br data-start=\"1312\" data-end=\"1315\">Keine Anpassung.<br data-start=\"1330\" data-end=\"1333\">Keine komplizierten Anweisungen.<\/p>\n<p data-start=\"1368\" data-end=\"1428\">Man setzt die Nachf\u00fcllung ein, atmet ein&#8230; Und los geht&#8217;s.<\/p>\n<p data-start=\"1430\" data-end=\"1484\">Wenn es leer ist? Du ersetzt sie, und wir fangen von vorne an. <\/p>\n<hr data-start=\"1486\" data-end=\"1489\">\n<h3 data-section-id=\"15ey8k0\" data-start=\"1491\" data-end=\"1515\">Feste Batterie<\/h3>\n<ul data-start=\"1517\" data-end=\"1624\">\n<li data-section-id=\"81qqn7\" data-start=\"1517\" data-end=\"1557\">1000 mAh halten den ganzen Tag<\/li>\n<li data-section-id=\"52kxhg\" data-start=\"1558\" data-end=\"1579\">USB-C-Laden<\/li>\n<li data-section-id=\"10b9f54\" data-start=\"1580\" data-end=\"1624\">Diskrete LED zur \u00dcberwachung der Laufzeit<\/li>\n<\/ul>\n<p data-start=\"1626\" data-end=\"1669\">Kleines Detail: Das Kabel ist nicht enthalten.<\/p>\n<hr data-start=\"1671\" data-end=\"1674\">\n<h3 data-section-id=\"2f62uk\" data-start=\"1676\" data-end=\"1711\">Geschmacksrichtungen, die senden \u2744\ufe0f<\/h3>\n<p data-start=\"1713\" data-end=\"1822\">Elfbar bleibt dem treu, was es am besten kann: intensive Aromen mit einem Hauch von s\u00fcchtig machender Frische.<\/p>\n<p data-start=\"1824\" data-end=\"1844\">Ein paar Neuigkeiten:<\/p>\n<ul data-start=\"1845\" data-end=\"2056\">\n<li data-section-id=\"ds83it\" data-start=\"1845\" data-end=\"1880\">Bananenmilch: Ultra Gourmet<\/li>\n<li data-section-id=\"iafryv\" data-start=\"1881\" data-end=\"1920\">Blueberry Ice \u2744\ufe0f: S\u00fc\u00df und Eisig<\/li>\n<li data-section-id=\"1vj2gf1\" data-start=\"1921\" data-end=\"1962\">Pink Lemonade: sprudelnd und frisch<\/li>\n<li data-section-id=\"1bzu9qa\" data-start=\"1963\" data-end=\"2004\">Wassermelonen-Eis \u2744\ufe0f: saftig und frostig<\/li>\n<li data-section-id=\"ne58uv\" data-start=\"2005\" data-end=\"2056\">Kiwi-Passionsfrucht-Guava: eine exotische Explosion<\/li>\n<\/ul>\n<p data-start=\"2058\" data-end=\"2104\">Und viele andere, um die Freuden zu variieren<\/p>\n<p data-start=\"2106\" data-end=\"2216\">Alle Nachf\u00fcllungen enthalten <strong data-start=\"2143\" data-end=\"2174\">Nikotinsalze mit 20 mg\/ml<\/strong> f\u00fcr ein sanftes, aber wirkungsvolles Gef\u00fchl.<\/p>\n<hr data-start=\"2218\" data-end=\"2221\">\n<h3 data-section-id=\"1prz89m\" data-start=\"2223\" data-end=\"2245\">In der Kiste<\/h3>\n<ul data-start=\"2247\" data-end=\"2308\">\n<li data-section-id=\"19cx5ps\" data-start=\"2247\" data-end=\"2268\">1 x NX7000-Batterie<\/li>\n<li data-section-id=\"16qigb0\" data-start=\"2269\" data-end=\"2295\">1 Nachf\u00fcllung (10 + 2 ml)<\/li>\n<li data-section-id=\"3zvo7b\" data-start=\"2296\" data-end=\"2308\">1 Schaltgetriebe<\/li>\n<\/ul>\n","protected":false},"excerpt":{"rendered":"<p>Elf Bar &#8211; NX7000 Kit: der Puff, der nicht losl\u00e4sst M\u00fcde von Puffs, die so schnell verschwinden, wie sie kommen? Der NX7000 von Elfbar ist ein kompletter Spielver\u00e4nderer. Hier gehen wir auf die n\u00e4chste Stufe: Du beh\u00e4ltst die Batterie, du wechselst einfach das Ladesystem. Einfach, clever&#8230; und schlichtweg nachhaltiger. Das Ergebnis: immer noch so einfach [&hellip;]<\/p>\n","protected":false},"featured_media":50588,"template":"","meta":{"_acf_changed":false},"product_cat":[442,408,453,466],"product_tag":[],"class_list":{"0":"post-50683","1":"product","2":"type-product","3":"status-publish","4":"has-post-thumbnail","6":"product_brand-elf-bar-de","7":"product_cat-hervorgehobene-produkte","8":"product_cat-lieferbar-innerhalb-von-24-stunden-de","9":"product_cat-pods-de","10":"product_cat-puff-einweg-vapes","12":"first","13":"instock","14":"taxable","15":"shipping-taxable","16":"purchasable","17":"product-type-variable"},"acf":[],"jetpack_sharing_enabled":true,"_links":{"self":[{"href":"https:\/\/vapotheque.ch\/de\/wp-json\/wp\/v2\/product\/50683","targetHints":{"allow":["GET"]}}],"collection":[{"href":"https:\/\/vapotheque.ch\/de\/wp-json\/wp\/v2\/product"}],"about":[{"href":"https:\/\/vapotheque.ch\/de\/wp-json\/wp\/v2\/types\/product"}],"wp:featuredmedia":[{"embeddable":true,"href":"https:\/\/vapotheque.ch\/de\/wp-json\/wp\/v2\/media\/50588"}],"wp:attachment":[{"href":"https:\/\/vapotheque.ch\/de\/wp-json\/wp\/v2\/media?parent=50683"}],"wp:term":[{"taxonomy":"product_cat","embeddable":true,"href":"https:\/\/vapotheque.ch\/de\/wp-json\/wp\/v2\/product_cat?post=50683"},{"taxonomy":"product_tag","embeddable":true,"href":"https:\/\/vapotheque.ch\/de\/wp-json\/wp\/v2\/product_tag?post=50683"}],"curies":[{"name":"wp","href":"https:\/\/api.w.org\/{rel}","templated":true}]}}