{"id":50583,"date":"2026-04-08T10:40:31","date_gmt":"2026-04-08T08:40:31","guid":{"rendered":"https:\/\/vapotheque.ch\/boutique\/cuttwood-zuckeruebersprossen-100-ml-120-ml-e-liquid\/"},"modified":"2026-04-08T10:40:31","modified_gmt":"2026-04-08T08:40:31","slug":"cuttwood-zuckeruebersprossen-100-ml-120-ml-e-liquid","status":"publish","type":"product","link":"https:\/\/vapotheque.ch\/de\/shop\/cuttwood-zuckeruebersprossen-100-ml-120-ml-e-liquid\/","title":{"rendered":"Cuttwood \u2013 Zucker\u00fcbersprossen 100 ml \/ 120 ml E-Liquid"},"content":{"rendered":"<h2 data-start=\"57\" data-end=\"103\">Cuttwood \u2013 Zucker\u00fcbersprossen 100 ml \/ 120 ml E-Liquid<strong data-start=\"57\" data-end=\"103\"> \u2728<\/strong><\/h2>\n<p data-start=\"105\" data-end=\"366\">Lassen Sie sich von der unwiderstehlichen S\u00fc\u00dfe von Cuttwoods <em data-start=\"158\" data-end=\"173\">Sugar Drizzle<\/em> umh\u00fcllen. Dieses Gourmet-E-Liquid verbindet perfekt die w\u00fcrzige W\u00e4rme von Zimt mit der Cremigkeit einer cremigen, s\u00fc\u00dfen Milch&#8230; F\u00fcr einen tr\u00f6stlichen, sanften und total s\u00fcchtig machenden Vape. <\/p>\n<h3 data-section-id=\"14mtj43\" data-start=\"368\" data-end=\"400\">Warum du darauf hereinfallen wirst:<\/h3>\n<ul data-start=\"401\" data-end=\"862\">\n<li data-section-id=\"1svd3r9\" data-start=\"401\" data-end=\"490\"><strong data-start=\"403\" data-end=\"426\">Geschmacksprofil:<\/strong> Warmer Zimt, verst\u00e4rkt durch ultra-cremige ges\u00fc\u00dfte Milch<\/li>\n<li data-section-id=\"16k9ve1\" data-start=\"491\" data-end=\"571\"><strong data-start=\"493\" data-end=\"514\">Gro\u00dfz\u00fcgiges Format:<\/strong> 100 ml Shortfill-Flasche \u2013 um das Vergn\u00fcgen zu verl\u00e4ngern<\/li>\n<li data-section-id=\"1rd350b\" data-start=\"572\" data-end=\"646\"><strong data-start=\"574\" data-end=\"596\">Nikotinspiegel:<\/strong> 0 mg (gib deinen Booster nach Vorlieben ein)<\/li>\n<li data-section-id=\"1egpr7e\" data-start=\"647\" data-end=\"728\"><strong data-start=\"649\" data-end=\"666\">VG\/PG-Verh\u00e4ltnis:<\/strong> 70\/30 \u2013 ideal f\u00fcr dichten Dampf und intensive Aromen<\/li>\n<li data-section-id=\"1rc5kc6\" data-start=\"729\" data-end=\"815\"><strong data-start=\"731\" data-end=\"750\">Kompatibilit\u00e4t:<\/strong> Perfekt mit Subohm-Clearomizern und leistungsstarken Setups<\/li>\n<li data-section-id=\"1f4vb61\" data-start=\"816\" data-end=\"862\"><strong data-start=\"818\" data-end=\"831\">Herkunft:<\/strong> Hergestellt in den USA<\/li>\n<\/ul>\n<h3 data-section-id=\"k9qxx2\" data-start=\"864\" data-end=\"897\">Das Zucker-Niesel-Erlebnis<\/h3>\n<p data-start=\"898\" data-end=\"1108\">Stell dir ein frisch gebackenes Dessert vor&#8230; Eine Prise Zimt, noch warm, garniert mit einem Schuss schmelzender s\u00fc\u00dfer Milch. Jeder Zug ist ein echter Kokon-Moment, wie eine Gourmetpause am Feuer. <\/p>\n<p data-start=\"1110\" data-end=\"1213\">Wenn Sie ein Fan von s\u00fc\u00dfen und w\u00fcrzigen Aromen sind, ist <em data-start=\"1157\" data-end=\"1172\">Sugar Drizzle<\/em> Ihr neues heimliches Vergn\u00fcgen!<\/p>\n","protected":false},"excerpt":{"rendered":"<p>Cuttwood \u2013 Zucker\u00fcbersprossen 100 ml \/ 120 ml E-Liquid \u2728 Lassen Sie sich von der unwiderstehlichen S\u00fc\u00dfe von Cuttwoods Sugar Drizzle umh\u00fcllen. Dieses Gourmet-E-Liquid verbindet perfekt die w\u00fcrzige W\u00e4rme von Zimt mit der Cremigkeit einer cremigen, s\u00fc\u00dfen Milch&#8230; F\u00fcr einen tr\u00f6stlichen, sanften und total s\u00fcchtig machenden Vape. Warum du darauf hereinfallen wirst: Geschmacksprofil: Warmer Zimt, [&hellip;]<\/p>\n","protected":false},"featured_media":50562,"template":"","meta":{"_acf_changed":false},"product_cat":[405,397,442,408,1690,1679],"product_tag":[],"class_list":{"0":"post-50583","1":"product","2":"type-product","3":"status-publish","4":"has-post-thumbnail","6":"product_brand-cuttwood-de","7":"product_cat-e-liquids","8":"product_cat-gourmands-de","9":"product_cat-hervorgehobene-produkte","10":"product_cat-lieferbar-innerhalb-von-24-stunden-de","11":"product_cat-100-ml-fur-120-ml","12":"product_cat-menge-e-flussigkeit-kapazitat-flasche","14":"first","15":"instock","16":"taxable","17":"shipping-taxable","18":"purchasable","19":"product-type-simple"},"acf":[],"jetpack_sharing_enabled":true,"_links":{"self":[{"href":"https:\/\/vapotheque.ch\/de\/wp-json\/wp\/v2\/product\/50583","targetHints":{"allow":["GET"]}}],"collection":[{"href":"https:\/\/vapotheque.ch\/de\/wp-json\/wp\/v2\/product"}],"about":[{"href":"https:\/\/vapotheque.ch\/de\/wp-json\/wp\/v2\/types\/product"}],"wp:featuredmedia":[{"embeddable":true,"href":"https:\/\/vapotheque.ch\/de\/wp-json\/wp\/v2\/media\/50562"}],"wp:attachment":[{"href":"https:\/\/vapotheque.ch\/de\/wp-json\/wp\/v2\/media?parent=50583"}],"wp:term":[{"taxonomy":"product_cat","embeddable":true,"href":"https:\/\/vapotheque.ch\/de\/wp-json\/wp\/v2\/product_cat?post=50583"},{"taxonomy":"product_tag","embeddable":true,"href":"https:\/\/vapotheque.ch\/de\/wp-json\/wp\/v2\/product_tag?post=50583"}],"curies":[{"name":"wp","href":"https:\/\/api.w.org\/{rel}","templated":true}]}}