{"id":50582,"date":"2026-04-08T10:37:50","date_gmt":"2026-04-08T08:37:50","guid":{"rendered":"https:\/\/vapotheque.ch\/boutique\/cuttwood-mr-fritter-100-ml-120-ml-e-liquid\/"},"modified":"2026-04-08T10:37:50","modified_gmt":"2026-04-08T08:37:50","slug":"cuttwood-mr-fritter-100-ml-120-ml-e-liquid","status":"publish","type":"product","link":"https:\/\/vapotheque.ch\/de\/shop\/cuttwood-mr-fritter-100-ml-120-ml-e-liquid\/","title":{"rendered":"Cuttwood \u2013 Mr. Fritter 100 ml \/ 120 ml E-Liquid"},"content":{"rendered":"<p data-start=\"57\" data-end=\"101\"><strong data-start=\"57\" data-end=\"101\">Cuttwood \u2013 Mr. Fritter 100 ml \/ 120 ml E-Liquid   <\/strong><\/p>\n<p data-start=\"103\" data-end=\"422\">Machen Sie sich bereit f\u00fcr eine echte ged\u00e4mpfte Leckerei mit <em data-start=\"167\" data-end=\"179\">Mr Fritter<\/em>, einem der Klassiker von Cuttwood. Inspiriert vom ber\u00fchmten Apfel-Fritter, der gerade aus dem Ofen kommt, begeistert dich diese E-Liquid mit Noten s\u00fc\u00dfer \u00c4pfel, einem Hauch von w\u00fcrzigem Zimt und einem goldenen, schmelzenden, leicht buttrigen Teig. <\/p>\n<h3 data-section-id=\"1ipurcb\" data-start=\"424\" data-end=\"461\">Warum es einstimmig ist:<\/h3>\n<ul data-start=\"462\" data-end=\"935\">\n<li data-section-id=\"1sbi5t7\" data-start=\"462\" data-end=\"568\"><strong data-start=\"464\" data-end=\"487\">Geschmacksprofil:<\/strong> Warmer Apfel-Fritter \u2013 s\u00fc\u00dfe \u00c4pfel, duftender Zimt und Gourmetteig<\/li>\n<li data-section-id=\"19oz676\" data-start=\"569\" data-end=\"657\"><strong data-start=\"571\" data-end=\"592\">Gro\u00dfz\u00fcgiges Format:<\/strong> 100 ml Shortfill-Flasche \u2013 f\u00fcr langanhaltenden Genuss<\/li>\n<li data-section-id=\"u6prdk\" data-start=\"658\" data-end=\"727\"><strong data-start=\"660\" data-end=\"682\">Nikotinspiegel:<\/strong> 0 mg (gib deinen Booster bei Bedarf ein)<\/li>\n<li data-section-id=\"1o4g0l4\" data-start=\"728\" data-end=\"803\"><strong data-start=\"730\" data-end=\"747\">VG\/PG-Verh\u00e4ltnis:<\/strong> 70\/30 \u2013 dichter Dampf und reichhaltige Aromen<\/li>\n<li data-section-id=\"1xxm1m7\" data-start=\"804\" data-end=\"888\"><strong data-start=\"806\" data-end=\"825\">Kompatibilit\u00e4t:<\/strong> Ideal f\u00fcr Subohm-Clearomizer und leistungsstarke Setups<\/li>\n<li data-section-id=\"1f4vb61\" data-start=\"889\" data-end=\"935\"><strong data-start=\"891\" data-end=\"904\">Herkunft:<\/strong> Hergestellt in den USA<\/li>\n<\/ul>\n<h3 data-section-id=\"bae6pt\" data-start=\"937\" data-end=\"967\">Das Mr. Fritter-Erlebnis<\/h3>\n<p data-start=\"968\" data-end=\"1238\">Stell dir vor, du bei\u00dfst in eine noch warme Apfelfritter&#8230; Der leicht karamellisierte Zucker, die fruchtige S\u00fc\u00dfe der \u00c4pfel und dieser Zimthauch, der alles w\u00e4rmt. Jeder Zug ist ein reiner Moment des Vergn\u00fcgens, zwischen Gier und Nostalgie nach selbstgemachtem Geb\u00e4ck. <\/p>\n<p data-start=\"1240\" data-end=\"1353\">Wenn Sie ein Fan von reichhaltigen und wohltuenden Desserts sind, ist <em data-start=\"1293\" data-end=\"1305\">Mr Fritter<\/em> definitiv ein Muss in Ihrer Sammlung.<\/p>\n","protected":false},"excerpt":{"rendered":"<p>Cuttwood \u2013 Mr. Fritter 100 ml \/ 120 ml E-Liquid Machen Sie sich bereit f\u00fcr eine echte ged\u00e4mpfte Leckerei mit Mr Fritter, einem der Klassiker von Cuttwood. Inspiriert vom ber\u00fchmten Apfel-Fritter, der gerade aus dem Ofen kommt, begeistert dich diese E-Liquid mit Noten s\u00fc\u00dfer \u00c4pfel, einem Hauch von w\u00fcrzigem Zimt und einem goldenen, schmelzenden, leicht [&hellip;]<\/p>\n","protected":false},"featured_media":50559,"template":"","meta":{"_acf_changed":false},"product_cat":[405,397,442,408,1690,1679],"product_tag":[],"class_list":{"0":"post-50582","1":"product","2":"type-product","3":"status-publish","4":"has-post-thumbnail","6":"product_brand-cuttwood-de","7":"product_cat-e-liquids","8":"product_cat-gourmands-de","9":"product_cat-hervorgehobene-produkte","10":"product_cat-lieferbar-innerhalb-von-24-stunden-de","11":"product_cat-100-ml-fur-120-ml","12":"product_cat-menge-e-flussigkeit-kapazitat-flasche","14":"first","15":"instock","16":"taxable","17":"shipping-taxable","18":"purchasable","19":"product-type-simple"},"acf":[],"jetpack_sharing_enabled":true,"_links":{"self":[{"href":"https:\/\/vapotheque.ch\/de\/wp-json\/wp\/v2\/product\/50582","targetHints":{"allow":["GET"]}}],"collection":[{"href":"https:\/\/vapotheque.ch\/de\/wp-json\/wp\/v2\/product"}],"about":[{"href":"https:\/\/vapotheque.ch\/de\/wp-json\/wp\/v2\/types\/product"}],"wp:featuredmedia":[{"embeddable":true,"href":"https:\/\/vapotheque.ch\/de\/wp-json\/wp\/v2\/media\/50559"}],"wp:attachment":[{"href":"https:\/\/vapotheque.ch\/de\/wp-json\/wp\/v2\/media?parent=50582"}],"wp:term":[{"taxonomy":"product_cat","embeddable":true,"href":"https:\/\/vapotheque.ch\/de\/wp-json\/wp\/v2\/product_cat?post=50582"},{"taxonomy":"product_tag","embeddable":true,"href":"https:\/\/vapotheque.ch\/de\/wp-json\/wp\/v2\/product_tag?post=50582"}],"curies":[{"name":"wp","href":"https:\/\/api.w.org\/{rel}","templated":true}]}}