{"id":50581,"date":"2026-04-08T10:36:36","date_gmt":"2026-04-08T08:36:36","guid":{"rendered":"https:\/\/vapotheque.ch\/boutique\/cuttwood-mega-melons-100-ml-120-ml-e-liquid\/"},"modified":"2026-04-08T10:36:36","modified_gmt":"2026-04-08T08:36:36","slug":"cuttwood-mega-melons-100-ml-120-ml-e-liquid","status":"publish","type":"product","link":"https:\/\/vapotheque.ch\/de\/shop\/cuttwood-mega-melons-100-ml-120-ml-e-liquid\/","title":{"rendered":"Cuttwood &#8211; Mega Melons 100 ml \/ 120 ml E-Liquid"},"content":{"rendered":"<h2 data-start=\"57\" data-end=\"104\"><strong>Cuttwood &#8211; Mega Melons 100 ml \/ 120 ml E-Liquid  <\/strong><\/h2>\n<p data-start=\"106\" data-end=\"369\">Willst du von allem weg? Cuttwoods <em data-start=\"124\" data-end=\"137\">Mega Melons<\/em> f\u00fchrt dich direkt in die Tropen mit einem explosiven Cocktail exotischer Fr\u00fcchte. Saftige Mango, s\u00fc\u00dfe Melone und sonniger Papaya mischen sich zu einem frischen, fruchtigen und unglaublich exotischen Vape. <\/p>\n<h3 data-section-id=\"hjib0a\" data-start=\"371\" data-end=\"404\">Warum Sie es lieben werden:<\/h3>\n<ul data-start=\"405\" data-end=\"837\">\n<li data-section-id=\"1o67pzx\" data-start=\"405\" data-end=\"481\"><strong data-start=\"407\" data-end=\"430\">Geschmacksprofil:<\/strong> Exotische Mango, s\u00fc\u00dfe Melone und Gourmet-Papaya<\/li>\n<li data-section-id=\"1227ax1\" data-start=\"482\" data-end=\"563\"><strong data-start=\"484\" data-end=\"505\">Gro\u00dfz\u00fcgiges Format:<\/strong> 100ml Shortfill-Flasche \u2013 f\u00fcr einen langlebigen Vape<\/li>\n<li data-section-id=\"1rd350b\" data-start=\"564\" data-end=\"638\"><strong data-start=\"566\" data-end=\"588\">Nikotinspiegel:<\/strong> 0 mg (gib deinen Booster nach Vorlieben ein)<\/li>\n<li data-section-id=\"mx0kpw\" data-start=\"639\" data-end=\"703\"><strong data-start=\"641\" data-end=\"658\">VG\/PG-Verh\u00e4ltnis:<\/strong> 70\/30 \u2013 dichter Dampf und helle Aromen<\/li>\n<li data-section-id=\"1b7s7xb\" data-start=\"704\" data-end=\"790\"><strong data-start=\"706\" data-end=\"725\">Kompatibilit\u00e4t:<\/strong> Perfekt f\u00fcr Subohm-Clearomizer und leistungsstarke Setups<\/li>\n<li data-section-id=\"1f4vb61\" data-start=\"791\" data-end=\"837\"><strong data-start=\"793\" data-end=\"806\">Herkunft:<\/strong> Hergestellt in den USA<\/li>\n<\/ul>\n<h3 data-section-id=\"1up1mup\" data-start=\"839\" data-end=\"870\">Das Mega Melons-Erlebnis<\/h3>\n<p data-start=\"871\" data-end=\"1097\">Stell dir einen frischen tropischen Obstsalat vor, gegessen in der Sonne&#8230; Die S\u00fc\u00dfe von Mango, die Frische der Melone und der exotische Hauch von Papaya folgen bei jedem Zug und sorgen f\u00fcr ein ultra-erfrischendes Gef\u00fchl.<\/p>\n<p data-start=\"1099\" data-end=\"1226\">Wenn du ein Fan von fruchtigen und exotischen Geschmacksrichtungen bist, ist <em data-start=\"1149\" data-end=\"1162\">Mega Melons<\/em> ein One-Way-Ticket zu den Feiertagen&#8230; Ohne dein Setup zu verlassen!<\/p>\n","protected":false},"excerpt":{"rendered":"<p>Cuttwood &#8211; Mega Melons 100 ml \/ 120 ml E-Liquid Willst du von allem weg? Cuttwoods Mega Melons f\u00fchrt dich direkt in die Tropen mit einem explosiven Cocktail exotischer Fr\u00fcchte. Saftige Mango, s\u00fc\u00dfe Melone und sonniger Papaya mischen sich zu einem frischen, fruchtigen und unglaublich exotischen Vape. Warum Sie es lieben werden: Geschmacksprofil: Exotische Mango, [&hellip;]<\/p>\n","protected":false},"featured_media":50556,"template":"","meta":{"_acf_changed":false},"product_cat":[405,404,442,408,1690,1679],"product_tag":[],"class_list":{"0":"post-50581","1":"product","2":"type-product","3":"status-publish","4":"has-post-thumbnail","6":"product_brand-cuttwood-de","7":"product_cat-e-liquids","8":"product_cat-fruchtig","9":"product_cat-hervorgehobene-produkte","10":"product_cat-lieferbar-innerhalb-von-24-stunden-de","11":"product_cat-100-ml-fur-120-ml","12":"product_cat-menge-e-flussigkeit-kapazitat-flasche","14":"first","15":"instock","16":"taxable","17":"shipping-taxable","18":"purchasable","19":"product-type-simple"},"acf":[],"jetpack_sharing_enabled":true,"_links":{"self":[{"href":"https:\/\/vapotheque.ch\/de\/wp-json\/wp\/v2\/product\/50581","targetHints":{"allow":["GET"]}}],"collection":[{"href":"https:\/\/vapotheque.ch\/de\/wp-json\/wp\/v2\/product"}],"about":[{"href":"https:\/\/vapotheque.ch\/de\/wp-json\/wp\/v2\/types\/product"}],"wp:featuredmedia":[{"embeddable":true,"href":"https:\/\/vapotheque.ch\/de\/wp-json\/wp\/v2\/media\/50556"}],"wp:attachment":[{"href":"https:\/\/vapotheque.ch\/de\/wp-json\/wp\/v2\/media?parent=50581"}],"wp:term":[{"taxonomy":"product_cat","embeddable":true,"href":"https:\/\/vapotheque.ch\/de\/wp-json\/wp\/v2\/product_cat?post=50581"},{"taxonomy":"product_tag","embeddable":true,"href":"https:\/\/vapotheque.ch\/de\/wp-json\/wp\/v2\/product_tag?post=50581"}],"curies":[{"name":"wp","href":"https:\/\/api.w.org\/{rel}","templated":true}]}}