{"id":50572,"date":"2026-03-04T11:20:18","date_gmt":"2026-03-04T10:20:18","guid":{"rendered":"https:\/\/vapotheque.ch\/boutique\/vaporesso-luxus-x3\/"},"modified":"2026-03-04T11:20:18","modified_gmt":"2026-03-04T10:20:18","slug":"vaporesso-luxus-x3","status":"publish","type":"product","link":"https:\/\/vapotheque.ch\/de\/shop\/vaporesso-luxus-x3\/","title":{"rendered":"Vaporesso \u2013 Luxus X3"},"content":{"rendered":"<h2 data-start=\"0\" data-end=\"30\">\u26a1 Vaporesso &#8211; Luxe X3: <em data-start=\"31\" data-end=\"82\">Die R\u00fcckkehr eines Klassikers&#8230; in einer aufgeladenen Version<\/em><\/h2>\n<p data-start=\"84\" data-end=\"431\">Die <strong data-start=\"93\" data-end=\"101\">Luxe-Serie<\/strong> hat nie aufgeh\u00f6rt, Dampfer zu verf\u00fchren, und mit dem <strong data-start=\"156\" data-end=\"167\">Luxe X3<\/strong> setzt Vaporesso die Z\u00e4hler zur\u00fcck. Leistungsst\u00e4rker, autonomer und noch schmackhafter \u2013 diese neue Generation des Pods kommt mit <strong data-start=\"303\" data-end=\"324\">45 W Leistung<\/strong>, einem <strong data-start=\"330\" data-end=\"354\">2600-mAh-Akku<\/strong> und den neuen <strong data-start=\"372\" data-end=\"396\">Dual-Mesh-Kartuschen<\/strong> f\u00fcr ein noch intensiveres Dampfen. <\/p>\n<p data-start=\"433\" data-end=\"513\">Kurz gesagt, eine Kapsel, die wieder im Rampenlicht steht&#8230; und wer dort bleiben will.<\/p>\n<hr data-start=\"515\" data-end=\"518\">\n<h3 data-start=\"520\" data-end=\"566\">\u2728 Kompaktes Design, das Qualit\u00e4t ausstrahlt<\/h3>\n<p data-start=\"567\" data-end=\"722\">Der <strong data-start=\"570\" data-end=\"581\">Luxe X3<\/strong> bewahrt die charakteristische Eleganz der Baureihe, integriert aber noch mehr Technologie in ein kompaktes Format (<strong data-start=\"696\" data-end=\"720\">107 \u00d7 31,4 \u00d7 22,8 mm<\/strong>).<\/p>\n<p data-start=\"724\" data-end=\"811\">Das <strong data-start=\"728\" data-end=\"753\">0,8&#8243;-Digitaldisplay<\/strong> zeigt alle wesentlichen Informationen klar an:<\/p>\n<ul data-start=\"812\" data-end=\"888\">\n<li data-start=\"812\" data-end=\"838\">\n<p data-start=\"814\" data-end=\"838\">Ausgew\u00e4hlte Kraft<\/p>\n<\/li>\n<li data-start=\"839\" data-end=\"861\">\n<p data-start=\"841\" data-end=\"861\">Batteriestand<\/p>\n<\/li>\n<li data-start=\"862\" data-end=\"888\">\n<p data-start=\"864\" data-end=\"888\">Schleusenstatus<\/p>\n<\/li>\n<\/ul>\n<p data-start=\"890\" data-end=\"942\">Einfach, lesbar und angenehm t\u00e4glich zu benutzen.<\/p>\n<p data-start=\"944\" data-end=\"1106\">Stilistisch bietet Vaporesso <strong data-start=\"974\" data-end=\"995\">mehrere Farben<\/strong> an, von dezent bis gewagt, alle mit <strong data-start=\"1041\" data-end=\"1072\">einem wundersch\u00f6nen metallischen Finish<\/strong> , das dem Pod ein hochwertiges Aussehen verleiht.<\/p>\n<hr data-start=\"1108\" data-end=\"1111\">\n<h3 data-start=\"1113\" data-end=\"1145\">Bis zu 45W Leistung<\/h3>\n<p data-start=\"1146\" data-end=\"1262\">Mit einem Leistungsbereich von <strong data-start=\"1184\" data-end=\"1200\">5 bis 45 Watt<\/strong> passt sich der Luxe X3 problemlos an alle Dampfstile an:<\/p>\n<ul data-start=\"1263\" data-end=\"1331\">\n<li data-start=\"1263\" data-end=\"1293\">\n<p data-start=\"1265\" data-end=\"1293\">M\u00e4\u00dfige und schmackhafte Druckauflage<\/p>\n<\/li>\n<li data-start=\"1294\" data-end=\"1331\">\n<p data-start=\"1296\" data-end=\"1331\">RDL-Vape ist gro\u00dfz\u00fcgiger im Dampf<\/p>\n<\/li>\n<\/ul>\n<p data-start=\"1333\" data-end=\"1541\">Die Einstellung ist sehr einfach: <strong data-start=\"1370\" data-end=\"1406\">Mit drei Dr\u00fccken auf den Schalterknopf<\/strong> kannst du die Wattst\u00e4rke anpassen. Und um Fehler zu vermeiden, wird die Leistung automatisch <strong data-start=\"1501\" data-end=\"1540\">je nach verwendeter Patrone begrenzt<\/strong>. <\/p>\n<p data-start=\"1543\" data-end=\"1647\">Dazu kommt noch ein <strong data-start=\"1561\" data-end=\"1581\">verstellbarer Luftstrom<\/strong>, und du hast einen Vape, der perfekt auf deine Vorlieben abgestimmt ist.<\/p>\n<hr data-start=\"1649\" data-end=\"1652\">\n<h3 data-start=\"1654\" data-end=\"1695\">Intuitiv und sicher zu verwenden<\/h3>\n<p data-start=\"1696\" data-end=\"1889\">Unter der Kapsel verriegelt ein <strong data-start=\"1712\" data-end=\"1738\">Verriegelungsknopf<\/strong> den Schalter, um eine versehentliche Aktivierung in einer Tasche oder Tasche zu verhindern. Ein kleines Detail&#8230; aber gro\u00dfen Trost im Alltag. <\/p>\n<p data-start=\"1891\" data-end=\"1945\">Das Luxe X3 bietet au\u00dferdem <strong data-start=\"1916\" data-end=\"1943\">zwei Aktivierungsmodi<\/strong> :<\/p>\n<ul data-start=\"1946\" data-end=\"2070\">\n<li data-start=\"1946\" data-end=\"2005\">\n<p data-start=\"1948\" data-end=\"2005\"><strong data-start=\"1948\" data-end=\"1961\">Auto-Draw:<\/strong> Ein einfaches Einatmen l\u00f6st den Vape aus<\/p>\n<\/li>\n<li data-start=\"2006\" data-end=\"2070\">\n<p data-start=\"2008\" data-end=\"2070\"><strong data-start=\"2008\" data-end=\"2025\">Schalter-Knopf:<\/strong> f\u00fcr diejenigen, die manuelle Steuerung bevorzugen<\/p>\n<\/li>\n<\/ul>\n<p data-start=\"2072\" data-end=\"2110\">Jeder kann daher auf seine eigene Weise dampfen.<\/p>\n<hr data-start=\"2112\" data-end=\"2115\">\n<h3 data-start=\"2117\" data-end=\"2166\">Ein solider Akku f\u00fcr langes Dampfen<\/h3>\n<p data-start=\"2167\" data-end=\"2360\">Mit seinem <strong data-start=\"2175\" data-end=\"2208\">eingebauten 2600-mAh-Akku<\/strong> bietet das Luxe X3 eine ausgezeichnete Akkulaufzeit. Genug, um den ganzen Tag ohne Stress zu dampfen&#8230; Oder sogar mehrere Tage, wenn du moderate Energie benutzt. <\/p>\n<p data-start=\"2362\" data-end=\"2442\">Das Laden erfolgt \u00fcber <strong data-start=\"2389\" data-end=\"2408\">USB-C (5V \/ 2A)<\/strong> f\u00fcr eine schnelle R\u00fcckkehr zum Betrieb.<\/p>\n<p data-start=\"2444\" data-end=\"2522\">Der Batteriestand wird auf dem Display mit einem <strong data-start=\"2498\" data-end=\"2520\">klaren Farbcode<\/strong> angezeigt:<\/p>\n<ul data-start=\"2523\" data-end=\"2611\">\n<li data-start=\"2523\" data-end=\"2553\">\n<p data-start=\"2525\" data-end=\"2553\"><strong data-start=\"2528\" data-end=\"2536\">Gr\u00fcn<\/strong> : 100 % bis 60 %<\/p>\n<\/li>\n<li data-start=\"2554\" data-end=\"2583\">\n<p data-start=\"2556\" data-end=\"2583\"><strong data-start=\"2559\" data-end=\"2567\">Blau<\/strong> : 60 % bis 20 %<\/p>\n<\/li>\n<li data-start=\"2584\" data-end=\"2611\">\n<p data-start=\"2586\" data-end=\"2611\"><strong data-start=\"2589\" data-end=\"2598\">Rot<\/strong> : 20 % zu 0 %<\/p>\n<\/li>\n<\/ul>\n<hr data-start=\"2613\" data-end=\"2616\">\n<h3 data-start=\"2618\" data-end=\"2671\">\u2601\ufe0f Luxe X Dual Mesh Patronen: Verbesserte Geschmacksrichtungen<\/h3>\n<p data-start=\"2672\" data-end=\"2806\">Das Luxe X3 ist mit <strong data-start=\"2703\" data-end=\"2746\">allen Luxe X und Luxe XR Cartridges<\/strong> kompatibel, was je nach Vape-Stil viel Freiheit bietet.<\/p>\n<p data-start=\"2808\" data-end=\"2891\">In diesem Set enth\u00e4lt Vaporesso <strong data-start=\"2842\" data-end=\"2873\">die Luxe X Dual Mesh Patronen<\/strong>, bekannt f\u00fcr:<\/p>\n<ul data-start=\"2892\" data-end=\"2994\">\n<li data-start=\"2892\" data-end=\"2923\">\n<p data-start=\"2894\" data-end=\"2923\"><strong data-start=\"2898\" data-end=\"2923\">Homogeneres R\u00f6sten<\/strong><\/p>\n<\/li>\n<li data-start=\"2924\" data-end=\"2967\">\n<p data-start=\"2926\" data-end=\"2967\"><strong data-start=\"2930\" data-end=\"2967\">Bessere Restitution der Aromen<\/strong><\/p>\n<\/li>\n<li data-start=\"2968\" data-end=\"2994\">\n<p data-start=\"2970\" data-end=\"2994\"><strong data-start=\"2974\" data-end=\"2994\">Erh\u00f6hte Langlebigkeit<\/strong><\/p>\n<\/li>\n<\/ul>\n<p data-start=\"2996\" data-end=\"3123\">Die Kartuschen verf\u00fcgen \u00fcber einen <strong data-start=\"3026\" data-end=\"3056\">gro\u00dfz\u00fcgigen 5-ml-Beh\u00e4lter<\/strong> und schnelle, unkomplizierte <strong data-start=\"3065\" data-end=\"3092\">Auff\u00fcllung des Deckels<\/strong>.<\/p>\n<p data-start=\"3125\" data-end=\"3158\"><strong data-start=\"3125\" data-end=\"3156\">Dual-Mesh-Cartridge 0,4 Ohm<\/strong><\/p>\n<ul data-start=\"3159\" data-end=\"3275\">\n<li data-start=\"3159\" data-end=\"3182\">\n<p data-start=\"3161\" data-end=\"3182\">Unentschieden: Aerial RDL<\/p>\n<\/li>\n<li data-start=\"3183\" data-end=\"3208\">\n<p data-start=\"3185\" data-end=\"3208\">Leistung: 26 bis 32 W<\/p>\n<\/li>\n<\/ul>\n<p data-start=\"3277\" data-end=\"3310\"><strong data-start=\"3277\" data-end=\"3308\">Dual-Mesh-Cartridge 0,6 Ohm<\/strong><\/p>\n<ul data-start=\"3311\" data-end=\"3433\">\n<li data-start=\"3311\" data-end=\"3339\">\n<p data-start=\"3313\" data-end=\"3339\">Durchblutung: RDL moderater<\/p>\n<\/li>\n<li data-start=\"3340\" data-end=\"3365\">\n<p data-start=\"3342\" data-end=\"3365\">Leistung: 20 bis 30 W<\/p>\n<\/li>\n<\/ul>\n<hr data-start=\"3435\" data-end=\"3438\">\n<h3 data-start=\"3440\" data-end=\"3489\">Top-F\u00fcllung: schnell und einfach<\/h3>\n<p data-start=\"3490\" data-end=\"3533\">Es ist nicht n\u00f6tig, die Kartusche aus dem Pod zu entfernen:<\/p>\n<p data-start=\"3535\" data-end=\"3661\">1\ufe0f\u20e3 \u00d6ffne das F\u00fcllsystem an der Seite des Tanks<br data-start=\"3602\" data-end=\"3605\">2\ufe0f\u20e3 Gib dein E-Liquid hinzu<br data-start=\"3632\" data-end=\"3635\">3\ufe0f\u20e3 Fast&#8230; Und dampfen!<\/p>\n<hr data-start=\"3663\" data-end=\"3666\">\n<h3 data-start=\"3668\" data-end=\"3697\">Inhalt des Luxe X3-Bausatzes<\/h3>\n<ul data-start=\"3698\" data-end=\"3898\">\n<li data-start=\"3698\" data-end=\"3736\">\n<p data-start=\"3700\" data-end=\"3736\">1 \u00d7 <strong data-start=\"3704\" data-end=\"3734\">Vaporesso Luxe Batterie x3<\/strong><\/p>\n<\/li>\n<li data-start=\"3737\" data-end=\"3798\">\n<p data-start=\"3739\" data-end=\"3798\">1 \u00d7 <strong data-start=\"3743\" data-end=\"3796\">Luxe X Dual Mesh 0,6 Ohm Cartridge (vorinstalliert)<\/strong><\/p>\n<\/li>\n<li data-start=\"3799\" data-end=\"3845\">\n<p data-start=\"3801\" data-end=\"3845\">1 \u00d7 <strong data-start=\"3805\" data-end=\"3843\">Luxe X Dual Mesh 0,4 Ohm Cartridge<\/strong><\/p>\n<\/li>\n<li data-start=\"3846\" data-end=\"3869\">\n<p data-start=\"3848\" data-end=\"3869\">1 \u00d7 <strong data-start=\"3852\" data-end=\"3867\">USB-C-Kabel<\/strong><\/p>\n<\/li>\n<li data-start=\"3870\" data-end=\"3898\">\n<p data-start=\"3872\" data-end=\"3898\">1 \u00d7 <strong data-start=\"3876\" data-end=\"3898\">Benutzerhandbuch<\/strong><\/p>\n<\/li>\n<\/ul>\n","protected":false},"excerpt":{"rendered":"<p>\u26a1 Vaporesso &#8211; Luxe X3: Die R\u00fcckkehr eines Klassikers&#8230; in einer aufgeladenen Version Die Luxe-Serie hat nie aufgeh\u00f6rt, Dampfer zu verf\u00fchren, und mit dem Luxe X3 setzt Vaporesso die Z\u00e4hler zur\u00fcck. Leistungsst\u00e4rker, autonomer und noch schmackhafter \u2013 diese neue Generation des Pods kommt mit 45 W Leistung, einem 2600-mAh-Akku und den neuen Dual-Mesh-Kartuschen f\u00fcr ein [&hellip;]<\/p>\n","protected":false},"featured_media":49990,"template":"","meta":{"_acf_changed":false},"product_cat":[442,408,453,454],"product_tag":[],"class_list":{"0":"post-50572","1":"product","2":"type-product","3":"status-publish","4":"has-post-thumbnail","6":"product_brand-vaporesso-de","7":"product_cat-hervorgehobene-produkte","8":"product_cat-lieferbar-innerhalb-von-24-stunden-de","9":"product_cat-pods-de","10":"product_cat-vapes-pods-de","12":"first","13":"instock","14":"taxable","15":"shipping-taxable","16":"purchasable","17":"product-type-variable"},"acf":[],"jetpack_sharing_enabled":true,"_links":{"self":[{"href":"https:\/\/vapotheque.ch\/de\/wp-json\/wp\/v2\/product\/50572","targetHints":{"allow":["GET"]}}],"collection":[{"href":"https:\/\/vapotheque.ch\/de\/wp-json\/wp\/v2\/product"}],"about":[{"href":"https:\/\/vapotheque.ch\/de\/wp-json\/wp\/v2\/types\/product"}],"wp:featuredmedia":[{"embeddable":true,"href":"https:\/\/vapotheque.ch\/de\/wp-json\/wp\/v2\/media\/49990"}],"wp:attachment":[{"href":"https:\/\/vapotheque.ch\/de\/wp-json\/wp\/v2\/media?parent=50572"}],"wp:term":[{"taxonomy":"product_cat","embeddable":true,"href":"https:\/\/vapotheque.ch\/de\/wp-json\/wp\/v2\/product_cat?post=50572"},{"taxonomy":"product_tag","embeddable":true,"href":"https:\/\/vapotheque.ch\/de\/wp-json\/wp\/v2\/product_tag?post=50572"}],"curies":[{"name":"wp","href":"https:\/\/api.w.org\/{rel}","templated":true}]}}