{"id":50571,"date":"2026-04-08T10:45:08","date_gmt":"2026-04-08T08:45:08","guid":{"rendered":"https:\/\/vapotheque.ch\/boutique\/cuttwood-einhornmilch-100-ml-120-ml-e-liquid\/"},"modified":"2026-04-08T10:45:08","modified_gmt":"2026-04-08T08:45:08","slug":"cuttwood-einhornmilch-100-ml-120-ml-e-liquid","status":"publish","type":"product","link":"https:\/\/vapotheque.ch\/de\/shop\/cuttwood-einhornmilch-100-ml-120-ml-e-liquid\/","title":{"rendered":"Cuttwood \u2013 Einhornmilch 100 ml \/ 120 ml E-Liquid"},"content":{"rendered":"<h2 data-start=\"57\" data-end=\"105\"><strong>Cuttwood \u2013 Einhornmilch 100 ml \/ 120 ml E-Liquid  <\/strong><\/h2>\n<p data-start=\"107\" data-end=\"408\">Die Legende tritt mit <em data-start=\"134\" data-end=\"148\">Unicorn Milk<\/em> ein, Cuttwoods ikonischer E-Liquid, der Dampfer auf der ganzen Welt erobert hat. Dieses mythische Rezept verbindet perfekt die S\u00fc\u00dfe reifer Erdbeeren mit einer cremigen, milchshake\u00e4hnlichen Sahne&#8230; F\u00fcr einen ultra-gourmet und extrem s\u00fcchtig machenden Vape. <\/p>\n<h3 data-section-id=\"1wureey\" data-start=\"410\" data-end=\"450\">Warum alle dar\u00fcber sprechen:<\/h3>\n<ul data-start=\"451\" data-end=\"869\">\n<li data-section-id=\"1a5s9ro\" data-start=\"451\" data-end=\"526\"><strong data-start=\"453\" data-end=\"476\">Geschmacksprofil:<\/strong> Saftige Erdbeeren und reichhaltige Milchshake-Stil Sahne<\/li>\n<li data-section-id=\"3w8cdy\" data-start=\"527\" data-end=\"605\"><strong data-start=\"529\" data-end=\"550\">Gro\u00dfz\u00fcgiges Format:<\/strong> 100-ml-Kurzf\u00fcllflasche \u2013 um die Magie zu verl\u00e4ngern<\/li>\n<li data-section-id=\"pfoob5\" data-start=\"606\" data-end=\"675\"><strong data-start=\"608\" data-end=\"630\">Nikotinspiegel:<\/strong> 0 mg (gib deinen Booster nach Belieben ein)<\/li>\n<li data-section-id=\"pdkzpu\" data-start=\"676\" data-end=\"737\"><strong data-start=\"678\" data-end=\"695\">VG\/PG-Verh\u00e4ltnis:<\/strong> 70\/30 \u2013 dichter Dampf und volle Aromen<\/li>\n<li data-section-id=\"dh3ww6\" data-start=\"738\" data-end=\"822\"><strong data-start=\"740\" data-end=\"759\">Kompatibilit\u00e4t:<\/strong> Ideal mit Subohm-Clearomizern und leistungsstarken Setups<\/li>\n<li data-section-id=\"1f4vb61\" data-start=\"823\" data-end=\"869\"><strong data-start=\"825\" data-end=\"838\">Herkunft:<\/strong> Hergestellt in den USA<\/li>\n<\/ul>\n<h3 data-section-id=\"idaey\" data-start=\"871\" data-end=\"903\">Das Einhornmilch-Erlebnis<\/h3>\n<p data-start=\"904\" data-end=\"1148\">Stellen Sie sich einen perfekt ausgewogenen Erdbeermilchshake vor: s\u00fc\u00df, cremig, mit genau der richtigen Portion fruchtiger Frische. Jeder Zug ist eine s\u00fc\u00dfe Ber\u00fchrung, die im Mund schmilzt (oder besser gesagt Dampf!), und hinterl\u00e4sst einen k\u00f6stlich r\u00fcckschrittlichen Geschmack. <\/p>\n<p data-start=\"1150\" data-end=\"1280\">Wenn du fruchtige und cremige Aromen magst, ist <em data-start=\"1200\" data-end=\"1214\">Unicorn Milk<\/em> nicht nur ein Klassiker&#8230; Es ist eine unverzichtbare Referenz.<\/p>\n","protected":false},"excerpt":{"rendered":"<p>Cuttwood \u2013 Einhornmilch 100 ml \/ 120 ml E-Liquid Die Legende tritt mit Unicorn Milk ein, Cuttwoods ikonischer E-Liquid, der Dampfer auf der ganzen Welt erobert hat. Dieses mythische Rezept verbindet perfekt die S\u00fc\u00dfe reifer Erdbeeren mit einer cremigen, milchshake\u00e4hnlichen Sahne&#8230; F\u00fcr einen ultra-gourmet und extrem s\u00fcchtig machenden Vape. Warum alle dar\u00fcber sprechen: Geschmacksprofil: Saftige [&hellip;]<\/p>\n","protected":false},"featured_media":50568,"template":"","meta":{"_acf_changed":false},"product_cat":[405,397,442,408,1690,1679],"product_tag":[],"class_list":{"0":"post-50571","1":"product","2":"type-product","3":"status-publish","4":"has-post-thumbnail","6":"product_brand-cuttwood-de","7":"product_cat-e-liquids","8":"product_cat-gourmands-de","9":"product_cat-hervorgehobene-produkte","10":"product_cat-lieferbar-innerhalb-von-24-stunden-de","11":"product_cat-100-ml-fur-120-ml","12":"product_cat-menge-e-flussigkeit-kapazitat-flasche","14":"first","15":"instock","16":"taxable","17":"shipping-taxable","18":"purchasable","19":"product-type-simple"},"acf":[],"jetpack_sharing_enabled":true,"_links":{"self":[{"href":"https:\/\/vapotheque.ch\/de\/wp-json\/wp\/v2\/product\/50571","targetHints":{"allow":["GET"]}}],"collection":[{"href":"https:\/\/vapotheque.ch\/de\/wp-json\/wp\/v2\/product"}],"about":[{"href":"https:\/\/vapotheque.ch\/de\/wp-json\/wp\/v2\/types\/product"}],"wp:featuredmedia":[{"embeddable":true,"href":"https:\/\/vapotheque.ch\/de\/wp-json\/wp\/v2\/media\/50568"}],"wp:attachment":[{"href":"https:\/\/vapotheque.ch\/de\/wp-json\/wp\/v2\/media?parent=50571"}],"wp:term":[{"taxonomy":"product_cat","embeddable":true,"href":"https:\/\/vapotheque.ch\/de\/wp-json\/wp\/v2\/product_cat?post=50571"},{"taxonomy":"product_tag","embeddable":true,"href":"https:\/\/vapotheque.ch\/de\/wp-json\/wp\/v2\/product_tag?post=50571"}],"curies":[{"name":"wp","href":"https:\/\/api.w.org\/{rel}","templated":true}]}}