{"id":49732,"date":"2026-02-17T12:00:02","date_gmt":"2026-02-17T11:00:02","guid":{"rendered":"https:\/\/vapotheque.ch\/boutique\/geekvape-clearomizer-z-subohm-5\/"},"modified":"2026-02-17T12:00:02","modified_gmt":"2026-02-17T11:00:02","slug":"geekvape-clearomizer-z-subohm-5","status":"publish","type":"product","link":"https:\/\/vapotheque.ch\/de\/shop\/geekvape-clearomizer-z-subohm-5\/","title":{"rendered":"Geekvape &#8211; Clearomizer Z SubOhm 5"},"content":{"rendered":"<h2 data-start=\"0\" data-end=\"42\">\u2601\ufe0f Geekvape &#8211; Clearomizer Z SubOhm 5: <em data-start=\"43\" data-end=\"84\">Der K\u00f6nig der Wolken feiert ein Comeback<\/em><\/h2>\n<p data-start=\"86\" data-end=\"349\">Die Legende geht weiter. Mit dem <strong>Geekvape &#8211; Clearomizer <\/strong><strong data-start=\"115\" data-end=\"129\">Z Subohm 5<\/strong> gibt die Marke all ihre Kraft der mythischen Zeus-(Z)-Linie zur\u00fcck. Moderner, pr\u00e4ziser und noch mehr auf <strong data-start=\"247\" data-end=\"259\">XXL-Vape<\/strong> ausgerichtet, richtet sich dieser Tank eindeutig an Liebhaber <strong data-start=\"306\" data-end=\"321\">gro\u00dfer Wolken<\/strong> und <strong data-start=\"328\" data-end=\"348\">intensiver Aromen.<\/strong>  <\/p>\n<p data-start=\"351\" data-end=\"550\">Ultrakontrollierter Luftstrom, vereinfachte Bef\u00fcllung und vollst\u00e4ndige Kompatibilit\u00e4t mit <strong data-start=\"430\" data-end=\"472\">Z-Serie Coils, einschlie\u00dflich des XM<\/strong> : Der Z Subohm 5 erf\u00fcllt alle Anforderungen der neuen Generation des Subohm-Vape.<\/p>\n<hr data-start=\"552\" data-end=\"555\">\n<h3 data-start=\"557\" data-end=\"610\">Ein imposantes Design&#8230; aber perfekt gemeistert<\/h3>\n<p data-start=\"611\" data-end=\"819\">Mit seiner <strong data-start=\"620\" data-end=\"664\">H\u00f6he von 59,6 mm (einschlie\u00dflich 810 Tropfspitzen)<\/strong> zeigt der <strong>Geekvape &#8211; Clearomiser <\/strong><strong data-start=\"115\" data-end=\"129\">Z Subohm 5<\/strong> deutlich seine Ambitionen. Das robuste Stahlchassis und das elegant gebogene Pyrex verleihen ihm ein hochwertiges und ausgewogenes Aussehen. <\/p>\n<p data-start=\"821\" data-end=\"846\">Geekvape hat an alles gedacht:<\/p>\n<ul data-start=\"847\" data-end=\"998\">\n<li data-start=\"847\" data-end=\"917\">\n<p data-start=\"849\" data-end=\"917\"><strong data-start=\"849\" data-end=\"893\">29 mm Durchmesser am Tank f\u00fcr<\/strong> einen gro\u00dfz\u00fcgigen Tank<\/p>\n<\/li>\n<li data-start=\"918\" data-end=\"998\">\n<p data-start=\"920\" data-end=\"998\"><strong data-start=\"920\" data-end=\"939\">24 mm am Boden<\/strong> , um die meisten modernen Boxen problemlos zu passen<\/p>\n<\/li>\n<\/ul>\n<p data-start=\"1000\" data-end=\"1073\">Das Ergebnis: ein Clearo, das aufzwingt, ohne jemals unverh\u00e4ltnism\u00e4\u00dfig zu wirken.<\/p>\n<hr data-start=\"1075\" data-end=\"1078\">\n<h3 data-start=\"1080\" data-end=\"1137\">Push to Fill: schnelle und befriedigende F\u00fcllung<\/h3>\n<p data-start=\"1138\" data-end=\"1356\">Hier gibt es keine Deckel zum Abschrauben oder komplizierte Handhabung.<br data-start=\"1199\" data-end=\"1202\">Das <strong data-start=\"1213\" data-end=\"1229\">Push-to-Fill-System<\/strong> \u00f6ffnet sich mit einer einfachen Ber\u00fchrung:<br data-start=\"1261\" data-end=\"1264\">Du schiebst.<br data-start=\"1280\" data-end=\"1283\">Man f\u00fcllt (5,5 ml oder 7 ml, je nach Pyrex).<br data-start=\"1334\" data-end=\"1337\">Du schlie\u00dft zu.<\/p>\n<p data-start=\"1358\" data-end=\"1413\">Einfach, schnell, effizient. Ein wahres Vergn\u00fcgen im Alltag. <\/p>\n<hr data-start=\"1415\" data-end=\"1418\">\n<h3 data-start=\"1420\" data-end=\"1467\">\ufe0f Luftstrom, der auf Leistung ausgelegt ist<\/h3>\n<p data-start=\"1468\" data-end=\"1560\">Der <strong>Geekvape &#8211; Clearomiser <\/strong><strong data-start=\"115\" data-end=\"129\">Z Subohm 5<\/strong> verf\u00fcgt \u00fcber einen <strong data-start=\"1495\" data-end=\"1545\">gro\u00dfen, fl\u00fcssigen und ultrapr\u00e4zisen Luftstromring<\/strong>, ideal f\u00fcr:<\/p>\n<ul data-start=\"1561\" data-end=\"1640\">\n<li data-start=\"1561\" data-end=\"1597\">\n<p data-start=\"1563\" data-end=\"1597\">Ein <strong data-start=\"1573\" data-end=\"1597\">luftiger und massiver DTL-Druck<\/strong><\/p>\n<\/li>\n<li data-start=\"1598\" data-end=\"1640\">\n<p data-start=\"1600\" data-end=\"1640\">Oder ein <strong data-start=\"1606\" data-end=\"1640\">etwas restriktiveres RDL<\/strong><\/p>\n<\/li>\n<\/ul>\n<p data-start=\"1642\" data-end=\"1819\">Am oberen Rand des Tanks platziert, begrenzt der Lufteinlass das Risiko von Lecks erheblich. Geekvape bleibt dem Erfolg der Serie treu: <strong data-start=\"1791\" data-end=\"1818\">Leistung + Zuverl\u00e4ssigkeit<\/strong>. <\/p>\n<hr data-start=\"1821\" data-end=\"1824\">\n<h3 data-start=\"1826\" data-end=\"1889\">Z-Serie &amp; Z-Serie XM-kompatibel: das Beste vom Besten<\/h3>\n<p data-start=\"1890\" data-end=\"2004\">Der Z Subohm 5 funktioniert mit allen <strong data-start=\"1931\" data-end=\"1955\">Z-Serien-Widerst\u00e4nden<\/strong>, einschlie\u00dflich <strong data-start=\"1971\" data-end=\"1986\">XM-Versionen<\/strong>, die bekannt sind f\u00fcr:<\/p>\n<ul data-start=\"2005\" data-end=\"2127\">\n<li data-start=\"2005\" data-end=\"2037\">\n<p data-start=\"2007\" data-end=\"2037\"><strong data-start=\"2011\" data-end=\"2037\">Verl\u00e4ngerte Einsatzzeit<\/strong><\/p>\n<\/li>\n<li data-start=\"2038\" data-end=\"2091\">\n<p data-start=\"2040\" data-end=\"2091\"><strong data-start=\"2044\" data-end=\"2091\">Noch genauere Geschmackswiedergabe<\/strong><\/p>\n<\/li>\n<li data-start=\"2092\" data-end=\"2127\">\n<p data-start=\"2094\" data-end=\"2127\">Ein stabiler Vape mit hoher Potenz<\/p>\n<\/li>\n<\/ul>\n<p data-start=\"2129\" data-end=\"2180\">Zwei Widerst\u00e4nde sind enthalten, um einen starken Start zu erleichtern:<\/p>\n<p data-start=\"2182\" data-end=\"2207\"><strong data-start=\"2182\" data-end=\"2205\">Z-Serie XM 0,2 Ohm<\/strong><\/p>\n<ul data-start=\"2208\" data-end=\"2318\">\n<li data-start=\"2208\" data-end=\"2224\">\n<p data-start=\"2210\" data-end=\"2224\">Auflage: DTL<\/p>\n<\/li>\n<li data-start=\"2225\" data-end=\"2250\">\n<p data-start=\"2227\" data-end=\"2250\">Leistung: 70 bis 80 W<\/p>\n<\/li>\n<li data-start=\"2251\" data-end=\"2276\">\n<p data-start=\"2253\" data-end=\"2276\">PG\/VG: 30\/70 bis 20\/80<\/p>\n<\/li>\n<\/ul>\n<p data-start=\"2320\" data-end=\"2345\"><strong data-start=\"2320\" data-end=\"2343\">Z-Serie XM 0,4 Ohm<\/strong><\/p>\n<ul data-start=\"2346\" data-end=\"2456\">\n<li data-start=\"2346\" data-end=\"2362\">\n<p data-start=\"2348\" data-end=\"2362\">Auflage: DTL<\/p>\n<\/li>\n<li data-start=\"2363\" data-end=\"2388\">\n<p data-start=\"2365\" data-end=\"2388\">Leistung: 50 bis 60 W<\/p>\n<\/li>\n<li data-start=\"2389\" data-end=\"2414\">\n<p data-start=\"2391\" data-end=\"2414\">PG\/VG: 30\/70 bis 20\/80<\/p>\n<\/li>\n<\/ul>\n<p data-start=\"2458\" data-end=\"2497\">Es gen\u00fcgt zu sagen, dass es schwer \u2601\ufe0f ist<\/p>\n<hr data-start=\"2499\" data-end=\"2502\">\n<h3 data-start=\"2504\" data-end=\"2532\">Inhalt des <strong>Geekvape \u2013 Clearomiser <\/strong><strong data-start=\"115\" data-end=\"129\">Z Subohm 5<\/strong><\/h3>\n<ul data-start=\"2533\" data-end=\"2746\">\n<li data-start=\"2533\" data-end=\"2564\">\n<p data-start=\"2535\" data-end=\"2564\">1 \u00d7 Clearomizer Z Subohm 5<\/p>\n<\/li>\n<li data-start=\"2565\" data-end=\"2596\">\n<p data-start=\"2567\" data-end=\"2596\">1 \u00d7 Z XM 0,2 Ohm Spule<\/p>\n<\/li>\n<li data-start=\"2597\" data-end=\"2628\">\n<p data-start=\"2599\" data-end=\"2628\">1 \u00d7 Z XM 0,4-Ohm-Widerstand<\/p>\n<\/li>\n<li data-start=\"2629\" data-end=\"2661\">\n<p data-start=\"2631\" data-end=\"2661\">1 \u00d7 Pyrex 5,5 ml vorinstalliert<\/p>\n<\/li>\n<li data-start=\"2662\" data-end=\"2692\">\n<p data-start=\"2664\" data-end=\"2692\">1 \u00d7 Pyrex-Ersatz 7 ml<\/p>\n<\/li>\n<li data-start=\"2693\" data-end=\"2717\">\n<p data-start=\"2695\" data-end=\"2717\">1 \u00d7 Widerstandsschl\u00fcssel<\/p>\n<\/li>\n<li data-start=\"2718\" data-end=\"2746\">\n<p data-start=\"2720\" data-end=\"2746\">1 \u00d7 Benutzerhandbuch<\/p>\n<\/li>\n<\/ul>\n","protected":false},"excerpt":{"rendered":"<p>\u2601\ufe0f Geekvape &#8211; Clearomizer Z SubOhm 5: Der K\u00f6nig der Wolken feiert ein Comeback Die Legende geht weiter. Mit dem Geekvape &#8211; Clearomizer Z Subohm 5 gibt die Marke all ihre Kraft der mythischen Zeus-(Z)-Linie zur\u00fcck. Moderner, pr\u00e4ziser und noch mehr auf XXL-Vape ausgerichtet, richtet sich dieser Tank eindeutig an Liebhaber gro\u00dfer Wolken und intensiver [&hellip;]<\/p>\n","protected":false},"featured_media":49707,"template":"","meta":{"_acf_changed":false},"product_cat":[440,418,442,408],"product_tag":[],"class_list":{"0":"post-49732","1":"product","2":"type-product","3":"status-publish","4":"has-post-thumbnail","6":"product_brand-geekvape-de","7":"product_cat-atomizer","8":"product_cat-clearomizer","9":"product_cat-hervorgehobene-produkte","10":"product_cat-lieferbar-innerhalb-von-24-stunden-de","12":"first","13":"instock","14":"taxable","15":"shipping-taxable","16":"purchasable","17":"product-type-variable"},"acf":[],"jetpack_sharing_enabled":true,"_links":{"self":[{"href":"https:\/\/vapotheque.ch\/de\/wp-json\/wp\/v2\/product\/49732","targetHints":{"allow":["GET"]}}],"collection":[{"href":"https:\/\/vapotheque.ch\/de\/wp-json\/wp\/v2\/product"}],"about":[{"href":"https:\/\/vapotheque.ch\/de\/wp-json\/wp\/v2\/types\/product"}],"wp:featuredmedia":[{"embeddable":true,"href":"https:\/\/vapotheque.ch\/de\/wp-json\/wp\/v2\/media\/49707"}],"wp:attachment":[{"href":"https:\/\/vapotheque.ch\/de\/wp-json\/wp\/v2\/media?parent=49732"}],"wp:term":[{"taxonomy":"product_cat","embeddable":true,"href":"https:\/\/vapotheque.ch\/de\/wp-json\/wp\/v2\/product_cat?post=49732"},{"taxonomy":"product_tag","embeddable":true,"href":"https:\/\/vapotheque.ch\/de\/wp-json\/wp\/v2\/product_tag?post=49732"}],"curies":[{"name":"wp","href":"https:\/\/api.w.org\/{rel}","templated":true}]}}