{"id":49729,"date":"2026-02-17T10:44:11","date_gmt":"2026-02-17T09:44:11","guid":{"rendered":"https:\/\/vapotheque.ch\/boutique\/pachamama-erdbeer-guava-jackfrucht-50-ml-60-ml\/"},"modified":"2026-02-17T10:44:11","modified_gmt":"2026-02-17T09:44:11","slug":"pachamama-erdbeer-guava-jackfrucht-50-ml-60-ml","status":"publish","type":"product","link":"https:\/\/vapotheque.ch\/de\/shop\/pachamama-erdbeer-guava-jackfrucht-50-ml-60-ml\/","title":{"rendered":"Pachamama \u2013 Erdbeer-Guava-Jackfrucht 50 ml \/ 60 ml"},"content":{"rendered":"<h2 data-start=\"0\" data-end=\"58\">Pachamama E-Liquid \u2013 Erdbeer-Guava-Jackfruit 50 ml \/ 60 ml: <em data-start=\"59\" data-end=\"90\">Die Fruchtigkeit, die die Codes knackt<\/em><\/h2>\n<p data-start=\"92\" data-end=\"361\">Suchen Sie einen fruchtigen Cocktail, der abseits der ausgetretenen Pfade liegt?<br data-start=\"149\" data-end=\"152\"><strong data-start=\"155\" data-end=\"185\">Die Erdbeer-Guava-Jackfrucht<\/strong> aus der <strong data-start=\"198\" data-end=\"211\">Pachamama-Reihe<\/strong> mischt mutig <strong data-start=\"235\" data-end=\"253\">saftige Erdbeere<\/strong>, <strong data-start=\"258\" data-end=\"287\">exotische Guavennektar<\/strong> und <strong data-start=\"303\" data-end=\"315\">unerwartete Jackfruit<\/strong> zu einem Vape, der ebenso \u00fcberraschend wie s\u00fcchtig macht.<\/p>\n<p data-start=\"363\" data-end=\"763\">Beim ersten Zug bringt die Erdbeere ihre s\u00fc\u00dfe, vertraute S\u00fc\u00dfe mit. Die Guave setzt ihre tropische, leicht saure und ultraduftende Seite fort. Dann kommt die Jackfrucht, eine seltene und originelle Frucht, die dem Rezept diesen <strong data-start=\"594\" data-end=\"635\">Hauch von Authentizit\u00e4t und Charakter<\/strong> verleiht, der den entscheidenden Unterschied macht.   Ergebnis? Eine perfekte Balance zwischen fruchtiger Frische, exotischer Rundheit und angenommener Originalit\u00e4t.<\/p>\n<hr data-start=\"765\" data-end=\"768\">\n<h3 data-start=\"770\" data-end=\"821\">Die Handwerkskunst von Charlie&#8217;s Chalk Dust<\/h3>\n<p data-start=\"822\" data-end=\"1139\">Hinter Pachamama finden wir die amerikanischen Sch\u00f6pfer von <strong data-start=\"882\" data-end=\"906\">Charlie&#8217;s Chalk Dust<\/strong>, bekannt f\u00fcr ihre <strong data-start=\"936\" data-end=\"985\">ultra-aufwendigen und perfekt ausgewogenen Rezepte<\/strong>. Hier wird jedes Aroma sorgf\u00e4ltig dosiert, um beim ersten Zug ein intensives, verst\u00f6rendes fruchtiges Erlebnis zu erzeugen&#8230; und vom zweiten Mal an absolut bezaubernd. <\/p>\n<hr data-start=\"1141\" data-end=\"1144\">\n<h3 data-start=\"1146\" data-end=\"1200\">\u2601\ufe0f Gemacht f\u00fcr Liebhaber gro\u00dfer fruchtiger Wolken<\/h3>\n<p data-start=\"1201\" data-end=\"1288\">Mit seinem <strong data-start=\"1210\" data-end=\"1234\">PG\/VG-Verh\u00e4ltnis von 30\/70<\/strong> ist diese E-Liquid ideal f\u00fcr einen DL Air Vape:<\/p>\n<ul data-start=\"1289\" data-end=\"1388\">\n<li data-start=\"1289\" data-end=\"1318\">\n<p data-start=\"1291\" data-end=\"1318\">Dichte und gro\u00dfz\u00fcgige Wolken<\/p>\n<\/li>\n<li data-start=\"1319\" data-end=\"1349\">\n<p data-start=\"1321\" data-end=\"1349\">Runde und intensive Aromen<\/p>\n<\/li>\n<li data-start=\"1350\" data-end=\"1388\">\n<p data-start=\"1352\" data-end=\"1388\">Langanhaltendes fruchtiges Gef\u00fchl im Mund<\/p>\n<\/li>\n<\/ul>\n<p data-start=\"1390\" data-end=\"1464\">Perfekt f\u00fcr Liebhaber leistungsstarker Sets und VG-reicher Fl\u00fcssigkeiten.<\/p>\n<hr data-start=\"1466\" data-end=\"1469\">\n<h3 data-start=\"1471\" data-end=\"1499\">Ready-to-Boost-Format<\/h3>\n<p data-start=\"1500\" data-end=\"1631\">Verpackt in einer <strong data-start=\"1520\" data-end=\"1547\">60-ml-Einhornflasche<\/strong> mit <strong data-start=\"1558\" data-end=\"1596\">50 ml aromatisiertem E-Liquid<\/strong>, ist es bereit zur Personalisierung:<\/p>\n<ul data-start=\"1633\" data-end=\"1693\">\n<li data-start=\"1633\" data-end=\"1662\">\n<p data-start=\"1635\" data-end=\"1662\">\u2795 <strong data-start=\"1637\" data-end=\"1650\">1 Auffrischungsdosis<\/strong> \u2192 3 mg\/ml<\/p>\n<\/li>\n<li data-start=\"1663\" data-end=\"1693\">\n<p data-start=\"1665\" data-end=\"1693\">\u2795 <strong data-start=\"1667\" data-end=\"1681\">2 Auffrischungsdosen<\/strong> \u2192 6 mg\/ml<\/p>\n<\/li>\n<\/ul>\n<p data-start=\"1695\" data-end=\"1775\">Hinzuf\u00fcgen, sch\u00fctteln, es ruhen lassen&#8230; und lass dich in die Tropen mitnehmen.<\/p>\n<hr data-start=\"1777\" data-end=\"1780\">\n<h3 data-start=\"1782\" data-end=\"1805\">Merkmale<\/h3>\n<ul data-start=\"1806\" data-end=\"1994\">\n<li data-start=\"1806\" data-end=\"1853\">\n<p data-start=\"1808\" data-end=\"1853\">Einhornflasche <strong data-start=\"1823\" data-end=\"1832\">60 ml<\/strong> (50 ml Fl\u00fcssigkeit)<\/p>\n<\/li>\n<li data-start=\"1854\" data-end=\"1881\">\n<p data-start=\"1856\" data-end=\"1881\"><strong data-start=\"1862\" data-end=\"1879\">PG\/VG-Verh\u00e4ltnis: 30\/70<\/strong><\/p>\n<\/li>\n<li data-start=\"1882\" data-end=\"1916\">\n<p data-start=\"1884\" data-end=\"1916\">Nikotinfrei (bereit zum Boost)<\/p>\n<\/li>\n<li data-start=\"1917\" data-end=\"1969\">\n<p data-start=\"1919\" data-end=\"1969\">Aromatische Noten: <strong data-start=\"1939\" data-end=\"1967\">Erdbeere, Guave, Jackfruit<\/strong><\/p>\n<\/li>\n<li data-start=\"1970\" data-end=\"1994\">\n<p data-start=\"1972\" data-end=\"1994\"><strong data-start=\"1972\" data-end=\"1992\">Hergestellt in den USA<\/strong><\/p>\n<\/li>\n<\/ul>\n","protected":false},"excerpt":{"rendered":"<p>Pachamama E-Liquid \u2013 Erdbeer-Guava-Jackfruit 50 ml \/ 60 ml: Die Fruchtigkeit, die die Codes knackt Suchen Sie einen fruchtigen Cocktail, der abseits der ausgetretenen Pfade liegt?Die Erdbeer-Guava-Jackfrucht aus der Pachamama-Reihe mischt mutig saftige Erdbeere, exotische Guavennektar und unerwartete Jackfruit zu einem Vape, der ebenso \u00fcberraschend wie s\u00fcchtig macht. Beim ersten Zug bringt die Erdbeere ihre [&hellip;]<\/p>\n","protected":false},"featured_media":49689,"template":"","meta":{"_acf_changed":false},"product_cat":[405,404,408,1685,1679],"product_tag":[],"class_list":{"0":"post-49729","1":"product","2":"type-product","3":"status-publish","4":"has-post-thumbnail","6":"product_brand-pachamama-de","7":"product_cat-e-liquids","8":"product_cat-fruchtig","9":"product_cat-lieferbar-innerhalb-von-24-stunden-de","10":"product_cat-50-ml-fur-60-ml","11":"product_cat-menge-e-flussigkeit-kapazitat-flasche","13":"first","14":"instock","15":"taxable","16":"shipping-taxable","17":"purchasable","18":"product-type-simple"},"acf":[],"jetpack_sharing_enabled":true,"_links":{"self":[{"href":"https:\/\/vapotheque.ch\/de\/wp-json\/wp\/v2\/product\/49729","targetHints":{"allow":["GET"]}}],"collection":[{"href":"https:\/\/vapotheque.ch\/de\/wp-json\/wp\/v2\/product"}],"about":[{"href":"https:\/\/vapotheque.ch\/de\/wp-json\/wp\/v2\/types\/product"}],"wp:featuredmedia":[{"embeddable":true,"href":"https:\/\/vapotheque.ch\/de\/wp-json\/wp\/v2\/media\/49689"}],"wp:attachment":[{"href":"https:\/\/vapotheque.ch\/de\/wp-json\/wp\/v2\/media?parent=49729"}],"wp:term":[{"taxonomy":"product_cat","embeddable":true,"href":"https:\/\/vapotheque.ch\/de\/wp-json\/wp\/v2\/product_cat?post=49729"},{"taxonomy":"product_tag","embeddable":true,"href":"https:\/\/vapotheque.ch\/de\/wp-json\/wp\/v2\/product_tag?post=49729"}],"curies":[{"name":"wp","href":"https:\/\/api.w.org\/{rel}","templated":true}]}}