{"id":49728,"date":"2026-02-17T12:14:48","date_gmt":"2026-02-17T11:14:48","guid":{"rendered":"https:\/\/vapotheque.ch\/boutique\/geekvape-z-sub-ohm-5-bulb-7ml\/"},"modified":"2026-02-17T12:14:48","modified_gmt":"2026-02-17T11:14:48","slug":"geekvape-z-sub-ohm-5-bulb-7ml","status":"publish","type":"product","link":"https:\/\/vapotheque.ch\/de\/shop\/geekvape-z-sub-ohm-5-bulb-7ml\/","title":{"rendered":"Geekvape &#8211; Z Sub Ohm 5 &#8211; Bulb 7ml"},"content":{"rendered":"<h2>Geekvape &#8211; Z Sub Ohm 5 &#8211; Bulb 7ml<\/h2>\n<p>Ersatz-Pyrex f\u00fcr Geekvape Z Subohm 5 Clearomiser. Ersatztank, identisch mit dem Originalmodell, konstruiert, um im Falle eines Bruchs die Integrit\u00e4t und Kapazit\u00e4t des Clearomisers wiederherzustellen. <\/p>\n<ul>\n<li>Marke: Geekvape<\/li>\n<li>Kompatibilit\u00e4t: Z Subohm 5<\/li>\n<li>Kapazit\u00e4t: 7 ml<\/li>\n<li>Verpackung: Einzel verkauft<\/li>\n<\/ul>\n","protected":false},"excerpt":{"rendered":"<p>Geekvape &#8211; Z Sub Ohm 5 &#8211; Bulb 7ml Ersatz-Pyrex f\u00fcr Geekvape Z Subohm 5 Clearomiser. Ersatztank, identisch mit dem Originalmodell, konstruiert, um im Falle eines Bruchs die Integrit\u00e4t und Kapazit\u00e4t des Clearomisers wiederherzustellen. Marke: Geekvape Kompatibilit\u00e4t: Z Subohm 5 Kapazit\u00e4t: 7 ml Verpackung: Einzel verkauft<\/p>\n","protected":false},"featured_media":49725,"template":"","meta":{"_acf_changed":false},"product_cat":[408,456,416],"product_tag":[],"class_list":{"0":"post-49728","1":"product","2":"type-product","3":"status-publish","4":"has-post-thumbnail","6":"product_brand-geekvape-de","7":"product_cat-lieferbar-innerhalb-von-24-stunden-de","8":"product_cat-verschiedene","9":"product_cat-zubehor","11":"first","12":"instock","13":"taxable","14":"shipping-taxable","15":"purchasable","16":"product-type-simple"},"acf":[],"jetpack_sharing_enabled":true,"_links":{"self":[{"href":"https:\/\/vapotheque.ch\/de\/wp-json\/wp\/v2\/product\/49728","targetHints":{"allow":["GET"]}}],"collection":[{"href":"https:\/\/vapotheque.ch\/de\/wp-json\/wp\/v2\/product"}],"about":[{"href":"https:\/\/vapotheque.ch\/de\/wp-json\/wp\/v2\/types\/product"}],"wp:featuredmedia":[{"embeddable":true,"href":"https:\/\/vapotheque.ch\/de\/wp-json\/wp\/v2\/media\/49725"}],"wp:attachment":[{"href":"https:\/\/vapotheque.ch\/de\/wp-json\/wp\/v2\/media?parent=49728"}],"wp:term":[{"taxonomy":"product_cat","embeddable":true,"href":"https:\/\/vapotheque.ch\/de\/wp-json\/wp\/v2\/product_cat?post=49728"},{"taxonomy":"product_tag","embeddable":true,"href":"https:\/\/vapotheque.ch\/de\/wp-json\/wp\/v2\/product_tag?post=49728"}],"curies":[{"name":"wp","href":"https:\/\/api.w.org\/{rel}","templated":true}]}}