{"id":49727,"date":"2026-02-11T11:39:19","date_gmt":"2026-02-11T10:39:19","guid":{"rendered":"https:\/\/vapotheque.ch\/boutique\/protect-die-4-jahreszeiten-winter-french-toast-karamell-50-ml-75-ml\/"},"modified":"2026-02-11T11:39:19","modified_gmt":"2026-02-11T10:39:19","slug":"protect-die-4-jahreszeiten-winter-french-toast-karamell-50-ml-75-ml","status":"publish","type":"product","link":"https:\/\/vapotheque.ch\/de\/shop\/protect-die-4-jahreszeiten-winter-french-toast-karamell-50-ml-75-ml\/","title":{"rendered":"Protect \u2013 Die 4 Jahreszeiten Winter \u2013 French Toast Karamell 50 ml \/ 75 ml"},"content":{"rendered":"<h2 data-start=\"0\" data-end=\"70\">Protect E-liquid \u2013 Die 4 Jahreszeiten Winter \u2013 Brioche Perdue Caramel 50 ml \/ 75 ml: <em data-start=\"71\" data-end=\"110\">Die Winterdelikatesse par excellence<\/em><\/h2>\n<p data-start=\"112\" data-end=\"445\">Wenn die Temperaturen sinken, nimmt <strong data-start=\"144\" data-end=\"186\">Protect &#8211; Les 4 Saisons &#8211; Brioche Perdu Caramel 50 ml \/ 75 ml<\/strong> das Karo, die hei\u00dfe Tasse&#8230; und der ultra-tr\u00f6stliche \u2744\ufe0f Vape<br data-start=\"254\" data-end=\"257\">Die franz\u00f6sische <strong data-start=\"277\" data-end=\"288\">Marke Protect<\/strong> l\u00e4dt Sie zu einer Kokon-Pause mit einem <strong data-start=\"340\" data-end=\"383\">reichhaltigen, hei\u00dfen und \u00e4u\u00dferst s\u00fcchtig machenden<\/strong> Rezept ein, inspiriert von einem French Toast direkt aus der Pfanne.<\/p>\n<p data-start=\"447\" data-end=\"813\">Beim Einatmen zeigt die <strong data-start=\"466\" data-end=\"485\">ger\u00f6stete Brioche<\/strong> ihre goldenen und leicht knusprigen Noten. Beim Ausatmen umh\u00fcllt ein <strong data-start=\"561\" data-end=\"589\">Hauch schmelzender Butter<\/strong> das Ganze, bevor es in ein <strong data-start=\"644\" data-end=\"664\">feinschmeckerisches<\/strong>, weiches und schmelzendes Karamell \u00fcbergeht, das nie zu s\u00fc\u00df ist.  Ergebnis? Ein selbstgemachter Dessert-Vape, perfekt f\u00fcr den Winter&#8230; Oder das Vergn\u00fcgen das ganze Jahr \u00fcber verl\u00e4ngern.<\/p>\n<p data-start=\"815\" data-end=\"1051\">In <strong data-start=\"824\" data-end=\"855\">gro\u00dfem Format serviert, bereit zum Boosten<\/strong>, ist dieser Shortfill f\u00fcr Liebhaber gro\u00dfz\u00fcgiger Delikatessen, die gerne lange dampfen, ohne den Boden der Flasche zu sehen (auch wenn \u2013 seien wir ehrlich \u2013 sie schnell leert, weil sie so gut schmeckt).<\/p>\n<hr data-start=\"1053\" data-end=\"1056\">\n<h3 data-start=\"1058\" data-end=\"1123\">Wie verst\u00e4rkt <strong data-start=\"144\" data-end=\"186\">man den Protect &#8211; Les 4 Saisons &#8211; Brioche Perdue Caramel 50 ml \/ 75 ml E-Liquid<\/strong> ?<\/h3>\n<p data-start=\"1124\" data-end=\"1272\">Dieser Winter-Delight wird in einer <strong data-start=\"1167\" data-end=\"1186\">75-ml-Flasche<\/strong> mit <strong data-start=\"1197\" data-end=\"1232\">50 ml nikotinfreiem E-Liquid<\/strong> verpackt. Es liegt an dir, es nach deinen W\u00fcnschen anzupassen: <\/p>\n<ul data-start=\"1274\" data-end=\"1441\">\n<li data-start=\"1274\" data-end=\"1321\">\n<p data-start=\"1276\" data-end=\"1321\">\u2795 <strong data-start=\"1278\" data-end=\"1291\">1 Auffrischungsdosierung<\/strong> \u2192 60 ml dosiert mit <strong data-start=\"1308\" data-end=\"1319\">3 mg\/ml<\/strong><\/p>\n<\/li>\n<li data-start=\"1322\" data-end=\"1370\">\n<p data-start=\"1324\" data-end=\"1370\">\u2795 <strong data-start=\"1326\" data-end=\"1340\">2 Auffrischungsdosen<\/strong> \u2192 70 ml mit <strong data-start=\"1357\" data-end=\"1368\">6 mg\/ml<\/strong><\/p>\n<\/li>\n<li data-start=\"1371\" data-end=\"1441\">\n<p data-start=\"1373\" data-end=\"1441\">Nikotinfrei? Ersetze die Booster durch <strong data-start=\"1425\" data-end=\"1440\">die neutrale Basis<\/strong>. <\/p>\n<\/li>\n<\/ul>\n<p data-start=\"1443\" data-end=\"1566\">Sch\u00fctteln, es ein paar Momente ruhen lassen&#8230; Und genie\u00dfe diese <strong data-start=\"1505\" data-end=\"1548\">ultra-tr\u00f6stliche karamellisierte Brioche<\/strong> bei jedem Zug.<\/p>\n<p data-start=\"1568\" data-end=\"1805\"><strong data-start=\"1571\" data-end=\"1587\">Gut zu wissen<\/strong> : Das Brioche Perdue Caramel E-Liquid wird <strong data-start=\"1629\" data-end=\"1650\">mit Aromen \u00fcberdosiert<\/strong> , um nach der Verd\u00fcnnung seine gesamte F\u00fclle zu bewahren. Um seinen buttrigen und karamellisierten Charakter zu erhalten, sollten Sie <strong data-start=\"1773\" data-end=\"1804\">2 Booster oder 20 ml Base<\/strong> nicht \u00fcberschreiten. <\/p>\n<hr data-start=\"1807\" data-end=\"1810\">\n<h3 data-start=\"1812\" data-end=\"1871\">Eigenschaften des <strong data-start=\"144\" data-end=\"186\">Protect \u2013 Les 4 Saisons \u2013 Brioche Perdue Caramel 50 ml \/ 75 ml<\/strong><\/h3>\n<ul data-start=\"1872\" data-end=\"2171\">\n<li data-start=\"1872\" data-end=\"1934\">\n<p data-start=\"1874\" data-end=\"1934\"><strong data-start=\"1881\" data-end=\"1890\">75 ml<\/strong> recycelbare P.E.T.-Flasche mit Kindersicherung<\/p>\n<\/li>\n<li data-start=\"1935\" data-end=\"1978\">\n<p data-start=\"1937\" data-end=\"1978\"><strong data-start=\"1937\" data-end=\"1946\">50 ml<\/strong> E-Liquid, \u00fcberdosiert mit Aromen<\/p>\n<\/li>\n<li data-start=\"1979\" data-end=\"2013\">\n<p data-start=\"1981\" data-end=\"2013\">Nikotinfrei (bereit zum Boost)<\/p>\n<\/li>\n<li data-start=\"2014\" data-end=\"2043\">\n<p data-start=\"2016\" data-end=\"2043\"><strong data-start=\"2022\" data-end=\"2041\">MPGV\/VG-Verh\u00e4ltnis: 40\/60<\/strong><\/p>\n<\/li>\n<li data-start=\"2044\" data-end=\"2071\">\n<p data-start=\"2046\" data-end=\"2071\"><strong data-start=\"2051\" data-end=\"2069\">100 % pflanzliche Basis<\/strong><\/p>\n<\/li>\n<li data-start=\"2072\" data-end=\"2132\">\n<p data-start=\"2074\" data-end=\"2132\">Aromatische Noten: <strong data-start=\"2094\" data-end=\"2130\">ger\u00f6stete Brioche, Butter, Karamell<\/strong><\/p>\n<\/li>\n<li data-start=\"2133\" data-end=\"2171\">\n<p data-start=\"2135\" data-end=\"2171\"><strong data-start=\"2135\" data-end=\"2157\">Hergestellt in Frankreich<\/strong> von Protect<\/p>\n<\/li>\n<\/ul>\n","protected":false},"excerpt":{"rendered":"<p>Protect E-liquid \u2013 Die 4 Jahreszeiten Winter \u2013 Brioche Perdue Caramel 50 ml \/ 75 ml: Die Winterdelikatesse par excellence Wenn die Temperaturen sinken, nimmt Protect &#8211; Les 4 Saisons &#8211; Brioche Perdu Caramel 50 ml \/ 75 ml das Karo, die hei\u00dfe Tasse&#8230; und der ultra-tr\u00f6stliche \u2744\ufe0f VapeDie franz\u00f6sische Marke Protect l\u00e4dt Sie zu [&hellip;]<\/p>\n","protected":false},"featured_media":49519,"template":"","meta":{"_acf_changed":false},"product_cat":[405,397,442,408,1687,1679],"product_tag":[],"class_list":{"0":"post-49727","1":"product","2":"type-product","3":"status-publish","4":"has-post-thumbnail","6":"product_brand-protect-de","7":"product_cat-e-liquids","8":"product_cat-gourmands-de","9":"product_cat-hervorgehobene-produkte","10":"product_cat-lieferbar-innerhalb-von-24-stunden-de","11":"product_cat-50-ml-fur-75-ml","12":"product_cat-menge-e-flussigkeit-kapazitat-flasche","14":"first","15":"instock","16":"taxable","17":"shipping-taxable","18":"purchasable","19":"product-type-simple"},"acf":[],"jetpack_sharing_enabled":true,"_links":{"self":[{"href":"https:\/\/vapotheque.ch\/de\/wp-json\/wp\/v2\/product\/49727","targetHints":{"allow":["GET"]}}],"collection":[{"href":"https:\/\/vapotheque.ch\/de\/wp-json\/wp\/v2\/product"}],"about":[{"href":"https:\/\/vapotheque.ch\/de\/wp-json\/wp\/v2\/types\/product"}],"wp:featuredmedia":[{"embeddable":true,"href":"https:\/\/vapotheque.ch\/de\/wp-json\/wp\/v2\/media\/49519"}],"wp:attachment":[{"href":"https:\/\/vapotheque.ch\/de\/wp-json\/wp\/v2\/media?parent=49727"}],"wp:term":[{"taxonomy":"product_cat","embeddable":true,"href":"https:\/\/vapotheque.ch\/de\/wp-json\/wp\/v2\/product_cat?post=49727"},{"taxonomy":"product_tag","embeddable":true,"href":"https:\/\/vapotheque.ch\/de\/wp-json\/wp\/v2\/product_tag?post=49727"}],"curies":[{"name":"wp","href":"https:\/\/api.w.org\/{rel}","templated":true}]}}