{"id":49178,"date":"2026-02-05T11:58:28","date_gmt":"2026-02-05T10:58:28","guid":{"rendered":"https:\/\/vapotheque.ch\/boutique\/cloud-empire-von-fuu-nocciola-100-ml-120-ml\/"},"modified":"2026-02-05T11:58:28","modified_gmt":"2026-02-05T10:58:28","slug":"cloud-empire-von-fuu-nocciola-100-ml-120-ml","status":"publish","type":"product","link":"https:\/\/vapotheque.ch\/de\/shop\/cloud-empire-von-fuu-nocciola-100-ml-120-ml\/","title":{"rendered":"Cloud Empire von Fuu &#8211; Nocciola &#8211; 100 ml \/ 120 ml"},"content":{"rendered":"<h2 data-start=\"0\" data-end=\"54\">Cloud Empire von Fuu &#8211; Nocciola &#8211; 100 ml \/ 120 ml: <em data-start=\"55\" data-end=\"100\">Gen\u00fcsse ohne Grenzen (oder Schuld)<\/em><\/h2>\n<p data-start=\"102\" data-end=\"481\">Achtung f\u00fcr S\u00fc\u00dfes und Liebhaber tr\u00f6stlicher Desserts <br data-start=\"172\" data-end=\"175\">Mit <strong data-start=\"180\" data-end=\"192\">Nocciola<\/strong> nimmt die <strong data-start=\"203\" data-end=\"219\">Wolkenreich-Reihe<\/strong> den Holzl\u00f6ffel heraus und nimmt die Gier bis zum Ende an. Hier greift Fuu <strong data-start=\"306\" data-end=\"339\">den Haselnussaufstrich<\/strong> in einer ultracremigen, reichhaltigen und umh\u00fcllenden Version erneut auf. Ein rundes, gro\u00dfz\u00fcgiges, fast unanst\u00e4ndiges Rezept&#8230; und doch perfekt kontrolliert.  <\/p>\n<p data-start=\"483\" data-end=\"837\">Jeder Puff ruft eine schmelzende, leicht ger\u00f6stete Haselnuss im Herzen einer weichen, samtigen Sahne hervor. Die Art von <strong data-start=\"604\" data-end=\"614\">kuscheligem<\/strong> Vape, ideal f\u00fcr den ganzt\u00e4gigen Gebrauch f\u00fcr Feinschmecker oder als Moment des Vergn\u00fcgens, wenn das Verlangen nach S\u00fc\u00dfe aufkommt. Und wie immer bei Fuu: <strong data-start=\"742\" data-end=\"760\">kein Sucralose<\/strong>, f\u00fcr einen reinen Geschmack, ein sauberer Vape und Coils, die dir danken.  <\/p>\n<p data-start=\"839\" data-end=\"1000\">Jetzt erh\u00e4ltlich im <strong data-start=\"860\" data-end=\"892\">100-ml-Format und bereit zum Boosten<\/strong>, ist der <strong data-start=\"897\" data-end=\"909\">Nocciola<\/strong> eindeutig f\u00fcr diejenigen gemacht, die nie den Boden der Flasche erreichen wollen.<\/p>\n<hr data-start=\"1002\" data-end=\"1005\">\n<h3 data-start=\"1007\" data-end=\"1065\">Wie steigert man Cloud Empire Nocciola E-Liquid?<\/h3>\n<p data-start=\"1066\" data-end=\"1178\"><strong data-start=\"1069\" data-end=\"1088\">Nocciola 100 ml<\/strong> wird in einer <strong data-start=\"1113\" data-end=\"1133\">120-ml-Flasche<\/strong> ohne Nikotin verpackt. Es liegt an dir, es anzupassen: <\/p>\n<ul data-start=\"1180\" data-end=\"1388\">\n<li data-start=\"1180\" data-end=\"1229\">\n<p data-start=\"1182\" data-end=\"1229\">\u2795 <strong data-start=\"1184\" data-end=\"1198\">2 Auffrischungsdosen<\/strong> \u2192 120 ml mit <strong data-start=\"1216\" data-end=\"1227\">3 mg\/ml<\/strong><\/p>\n<\/li>\n<li data-start=\"1230\" data-end=\"1306\">\n<p data-start=\"1232\" data-end=\"1306\">\u2795 <strong data-start=\"1234\" data-end=\"1248\">4 Auffrischungsdosen<\/strong> \u2192 140 ml mit <strong data-start=\"1266\" data-end=\"1277\">6 mg\/ml<\/strong> <em data-start=\"1278\" data-end=\"1304\">(eine leere Flasche mitbringen)<\/em><\/p>\n<\/li>\n<li data-start=\"1307\" data-end=\"1388\">\n<p data-start=\"1309\" data-end=\"1388\">Nikotinfrei? Ersetze einfach die Booster durch <strong data-start=\"1372\" data-end=\"1387\">die Neutralbasis<\/strong>. <\/p>\n<\/li>\n<\/ul>\n<p data-start=\"1390\" data-end=\"1488\">Hinzuf\u00fcgen, sch\u00fctteln, ein paar Momente warten&#8230; Und lass den <strong data-start=\"1451\" data-end=\"1472\">Rest der schmelzenden Haselnuss<\/strong> erledigen.<\/p>\n<p data-start=\"1490\" data-end=\"1718\"><strong data-start=\"1493\" data-end=\"1509\">Gut zu wissen<\/strong> : Nocciola ist mit <strong data-start=\"1528\" data-end=\"1549\">Aromen \u00fcberdosiert<\/strong> , um nach der Verd\u00fcnnung all seine F\u00fclle und Cremigkeit zu bewahren. Um das perfekte Gleichgewicht im Rezept zu gew\u00e4hrleisten, vermeiden Sie <strong data-start=\"1686\" data-end=\"1717\">es, 4 Booster oder 40 ml Base<\/strong> zu \u00fcberschreiten. <\/p>\n<hr data-start=\"1720\" data-end=\"1723\">\n<h3 data-start=\"1725\" data-end=\"1773\">Merkmale des Wolkenreichs Nocciola<\/h3>\n<ul data-start=\"1774\" data-end=\"2089\">\n<li data-start=\"1774\" data-end=\"1816\">\n<p data-start=\"1776\" data-end=\"1816\"><strong data-start=\"1783\" data-end=\"1793\">120-ml-Flasche<\/strong> in recycelbarer P.E.T.<\/p>\n<\/li>\n<li data-start=\"1817\" data-end=\"1861\">\n<p data-start=\"1819\" data-end=\"1861\"><strong data-start=\"1819\" data-end=\"1829\">100 ml<\/strong> E-Liquid, \u00fcberdosiert mit Aromen<\/p>\n<\/li>\n<li data-start=\"1862\" data-end=\"1933\">\n<p data-start=\"1864\" data-end=\"1933\"><strong data-start=\"1870\" data-end=\"1887\">PG\/VG-Verh\u00e4ltnis: 40\/60<\/strong> \u2013 ideal f\u00fcr einen luftigen und gro\u00dfz\u00fcgigen Vape<\/p>\n<\/li>\n<li data-start=\"1934\" data-end=\"1977\">\n<p data-start=\"1936\" data-end=\"1977\">Nikotinfrei (einstellbar mit Boostern)<\/p>\n<\/li>\n<li data-start=\"1978\" data-end=\"2000\">\n<p data-start=\"1980\" data-end=\"2000\"><strong data-start=\"1980\" data-end=\"1998\">Ohne Sucralose<\/strong><\/p>\n<\/li>\n<li data-start=\"2001\" data-end=\"2054\">\n<p data-start=\"2003\" data-end=\"2054\">Aromatische Noten: <strong data-start=\"2023\" data-end=\"2052\">Haselnuss, aufgestrichen<\/strong><\/p>\n<\/li>\n<li data-start=\"2055\" data-end=\"2089\">\n<p data-start=\"2057\" data-end=\"2089\"><strong data-start=\"2057\" data-end=\"2079\">Hergestellt in Frankreich<\/strong> von Fuu<\/p>\n<\/li>\n<\/ul>\n","protected":false},"excerpt":{"rendered":"<p>Cloud Empire von Fuu &#8211; Nocciola &#8211; 100 ml \/ 120 ml: Gen\u00fcsse ohne Grenzen (oder Schuld) Achtung f\u00fcr S\u00fc\u00dfes und Liebhaber tr\u00f6stlicher Desserts Mit Nocciola nimmt die Wolkenreich-Reihe den Holzl\u00f6ffel heraus und nimmt die Gier bis zum Ende an. Hier greift Fuu den Haselnussaufstrich in einer ultracremigen, reichhaltigen und umh\u00fcllenden Version erneut auf. Ein [&hellip;]<\/p>\n","protected":false},"featured_media":49173,"template":"","meta":{"_acf_changed":false},"product_cat":[405,397,442,408,1690,1679],"product_tag":[],"class_list":{"0":"post-49178","1":"product","2":"type-product","3":"status-publish","4":"has-post-thumbnail","6":"product_brand-fuu-de","7":"product_cat-e-liquids","8":"product_cat-gourmands-de","9":"product_cat-hervorgehobene-produkte","10":"product_cat-lieferbar-innerhalb-von-24-stunden-de","11":"product_cat-100-ml-fur-120-ml","12":"product_cat-menge-e-flussigkeit-kapazitat-flasche","14":"first","15":"instock","16":"taxable","17":"shipping-taxable","18":"purchasable","19":"product-type-simple"},"acf":[],"jetpack_sharing_enabled":true,"_links":{"self":[{"href":"https:\/\/vapotheque.ch\/de\/wp-json\/wp\/v2\/product\/49178","targetHints":{"allow":["GET"]}}],"collection":[{"href":"https:\/\/vapotheque.ch\/de\/wp-json\/wp\/v2\/product"}],"about":[{"href":"https:\/\/vapotheque.ch\/de\/wp-json\/wp\/v2\/types\/product"}],"wp:featuredmedia":[{"embeddable":true,"href":"https:\/\/vapotheque.ch\/de\/wp-json\/wp\/v2\/media\/49173"}],"wp:attachment":[{"href":"https:\/\/vapotheque.ch\/de\/wp-json\/wp\/v2\/media?parent=49178"}],"wp:term":[{"taxonomy":"product_cat","embeddable":true,"href":"https:\/\/vapotheque.ch\/de\/wp-json\/wp\/v2\/product_cat?post=49178"},{"taxonomy":"product_tag","embeddable":true,"href":"https:\/\/vapotheque.ch\/de\/wp-json\/wp\/v2\/product_tag?post=49178"}],"curies":[{"name":"wp","href":"https:\/\/api.w.org\/{rel}","templated":true}]}}