{"id":49177,"date":"2026-02-05T11:17:52","date_gmt":"2026-02-05T10:17:52","guid":{"rendered":"https:\/\/vapotheque.ch\/boutique\/cloud-empire-von-fuu-eiskokosnuss-100-ml-120-ml\/"},"modified":"2026-02-05T11:17:52","modified_gmt":"2026-02-05T10:17:52","slug":"cloud-empire-von-fuu-eiskokosnuss-100-ml-120-ml","status":"publish","type":"product","link":"https:\/\/vapotheque.ch\/de\/shop\/cloud-empire-von-fuu-eiskokosnuss-100-ml-120-ml\/","title":{"rendered":"Cloud Empire von Fuu \u2013 Eiskokosnuss \u2013 100 ml \/ 120 ml"},"content":{"rendered":"<h2 data-start=\"0\" data-end=\"57\">\u2744\ufe0f Cloud Empire von Fuu \u2013 Eis-Kokosnuss \u2013 100 ml \/ 120 ml: <em data-start=\"58\" data-end=\"90\">Exotizit\u00e4t, die einen fr\u00f6steln l\u00e4sst<\/em><\/h2>\n<p data-start=\"92\" data-end=\"512\">Willst du ein One-Way-Ticket in den Tropen&#8230; Mit einem Polarwind als Bonus? <br data-start=\"172\" data-end=\"175\">Die <strong data-start=\"178\" data-end=\"193\">Iced Coconut<\/strong> aus der <strong data-start=\"206\" data-end=\"222\">Cloud Empire-Reihe<\/strong> von <strong data-start=\"227\" data-end=\"234\">Fuu<\/strong> <strong data-start=\"247\" data-end=\"286\">verbindet eine sanfte und gourmetartige Kokosnuss<\/strong> mit einer <strong data-start=\"293\" data-end=\"314\">intensiven Frische,<\/strong> die schon beim ersten Zug richtig zuschl\u00e4gt. Das Ergebnis? Ein exotischer, ultra-erfrischender und total s\u00fcchtig machender Vape, perfekt f\u00fcr Liebhaber gro\u00dfer Wolken, die es m\u00f6gen, wenn es kalt wird.  <\/p>\n<p data-start=\"514\" data-end=\"865\">Dieses E-Liquid wird im <strong data-start=\"525\" data-end=\"557\">100-ml-Format angeboten, bereit zum Boosten<\/strong>, und ist f\u00fcr die Wolkenjagd gemacht: <strong data-start=\"611\" data-end=\"628\">dichte Wolken<\/strong>, eine <strong data-start=\"634\" data-end=\"654\">cremige Textur<\/strong> und ein frostiges Gef\u00fchl, das die Geschmacksknospen weckt. All das nat\u00fcrlich <strong data-start=\"725\" data-end=\"743\">ohne Sucralose<\/strong>, f\u00fcr einen sauberen, sauberen und treuen Geschmack vom ersten bis zum letzten Zug. Pure Fuu: anspruchsvoll, kontrolliert und \u00e4u\u00dferst effektiv.  <\/p>\n<hr data-start=\"867\" data-end=\"870\">\n<h3 data-start=\"872\" data-end=\"933\">Wie kann man das Cloud Empire Coco Iced E-Liquid verbessern?<\/h3>\n<p data-start=\"934\" data-end=\"1083\"><strong data-start=\"937\" data-end=\"959\">Die Iced Coconut 100 ml<\/strong> wird in einer <strong data-start=\"984\" data-end=\"1004\">120-ml-Flasche<\/strong> ohne Nikotin verpackt. Alles, was Sie tun m\u00fcssen, ist, es nach Ihren W\u00fcnschen anzupassen: <\/p>\n<ul data-start=\"1085\" data-end=\"1308\">\n<li data-start=\"1085\" data-end=\"1134\">\n<p data-start=\"1087\" data-end=\"1134\">\u2795 <strong data-start=\"1089\" data-end=\"1103\">2 Auffrischungsdosen<\/strong> \u2192 120 ml mit <strong data-start=\"1121\" data-end=\"1132\">3 mg\/ml<\/strong><\/p>\n<\/li>\n<li data-start=\"1135\" data-end=\"1211\">\n<p data-start=\"1137\" data-end=\"1211\">\u2795 <strong data-start=\"1139\" data-end=\"1153\">4 Auffrischungsdosen<\/strong> \u2192 140 ml mit <strong data-start=\"1171\" data-end=\"1182\">6 mg\/ml<\/strong> <em data-start=\"1183\" data-end=\"1209\">(eine leere Flasche mitbringen)<\/em><\/p>\n<\/li>\n<li data-start=\"1212\" data-end=\"1308\">\n<p data-start=\"1214\" data-end=\"1308\">Nikotin? Keine Verpflichtung: Ersetze einfach die Booster durch <strong data-start=\"1292\" data-end=\"1307\">eine neutrale Basis<\/strong>. <\/p>\n<\/li>\n<\/ul>\n<p data-start=\"1310\" data-end=\"1448\">Kr\u00e4ftig sch\u00fctteln, ihn ein paar Momente ruhen lassen&#8230; Und genie\u00dfe eine <strong data-start=\"1386\" data-end=\"1412\">eisige tropische Welle<\/strong> , die bereit ist, deinen Clearomiser zu \u00fcberfallen.<\/p>\n<p data-start=\"1450\" data-end=\"1678\"><strong data-start=\"1453\" data-end=\"1469\">Gut zu wissen<\/strong> : Eis-Kokosnuss wird <strong data-start=\"1491\" data-end=\"1512\">mit Aromen \u00fcberdosiert<\/strong> , um nach der Verd\u00fcnnung ihre gesamte Intensit\u00e4t zu bewahren. Um das perfekte Gleichgewicht zwischen Kokosnuss und Frische zu bewahren, sollten Sie <strong data-start=\"1646\" data-end=\"1677\">4 Booster oder 40 ml Base<\/strong> nicht \u00fcberschreiten. <\/p>\n<hr data-start=\"1680\" data-end=\"1683\">\n<h3 data-start=\"1685\" data-end=\"1736\">Merkmale von Cloud Empire Coco Glazed<\/h3>\n<ul data-start=\"1737\" data-end=\"2068\">\n<li data-start=\"1737\" data-end=\"1779\">\n<p data-start=\"1739\" data-end=\"1779\"><strong data-start=\"1746\" data-end=\"1756\">120-ml-Flasche<\/strong> in recycelbarer P.E.T.<\/p>\n<\/li>\n<li data-start=\"1780\" data-end=\"1824\">\n<p data-start=\"1782\" data-end=\"1824\"><strong data-start=\"1782\" data-end=\"1792\">100 ml<\/strong> E-Liquid, \u00fcberdosiert mit Aromen<\/p>\n<\/li>\n<li data-start=\"1825\" data-end=\"1896\">\n<p data-start=\"1827\" data-end=\"1896\"><strong data-start=\"1833\" data-end=\"1850\">PG\/VG-Verh\u00e4ltnis: 40\/60<\/strong> \u2013 ideal f\u00fcr einen luftigen und gro\u00dfz\u00fcgigen Vape<\/p>\n<\/li>\n<li data-start=\"1897\" data-end=\"1940\">\n<p data-start=\"1899\" data-end=\"1940\">Nikotinfrei (einstellbar mit Boostern)<\/p>\n<\/li>\n<li data-start=\"1941\" data-end=\"1963\">\n<p data-start=\"1943\" data-end=\"1963\"><strong data-start=\"1943\" data-end=\"1961\">Ohne Sucralose<\/strong><\/p>\n<\/li>\n<li data-start=\"1964\" data-end=\"2033\">\n<p data-start=\"1966\" data-end=\"2033\">Aromatische Noten: <strong data-start=\"1986\" data-end=\"2031\">cremige Kokosnuss und intensive Frische<\/strong><\/p>\n<\/li>\n<li data-start=\"2034\" data-end=\"2068\">\n<p data-start=\"2036\" data-end=\"2068\"><strong data-start=\"2036\" data-end=\"2058\">Hergestellt in Frankreich<\/strong> von Fuu<\/p>\n<\/li>\n<\/ul>\n","protected":false},"excerpt":{"rendered":"<p>\u2744\ufe0f Cloud Empire von Fuu \u2013 Eis-Kokosnuss \u2013 100 ml \/ 120 ml: Exotizit\u00e4t, die einen fr\u00f6steln l\u00e4sst Willst du ein One-Way-Ticket in den Tropen&#8230; Mit einem Polarwind als Bonus? Die Iced Coconut aus der Cloud Empire-Reihe von Fuu verbindet eine sanfte und gourmetartige Kokosnuss mit einer intensiven Frische, die schon beim ersten Zug richtig [&hellip;]<\/p>\n","protected":false},"featured_media":49170,"template":"","meta":{"_acf_changed":false},"product_cat":[405,397,442,408,1690,1679],"product_tag":[],"class_list":{"0":"post-49177","1":"product","2":"type-product","3":"status-publish","4":"has-post-thumbnail","6":"product_brand-fuu-de","7":"product_cat-e-liquids","8":"product_cat-gourmands-de","9":"product_cat-hervorgehobene-produkte","10":"product_cat-lieferbar-innerhalb-von-24-stunden-de","11":"product_cat-100-ml-fur-120-ml","12":"product_cat-menge-e-flussigkeit-kapazitat-flasche","14":"first","15":"instock","16":"taxable","17":"shipping-taxable","18":"purchasable","19":"product-type-simple"},"acf":[],"jetpack_sharing_enabled":true,"_links":{"self":[{"href":"https:\/\/vapotheque.ch\/de\/wp-json\/wp\/v2\/product\/49177","targetHints":{"allow":["GET"]}}],"collection":[{"href":"https:\/\/vapotheque.ch\/de\/wp-json\/wp\/v2\/product"}],"about":[{"href":"https:\/\/vapotheque.ch\/de\/wp-json\/wp\/v2\/types\/product"}],"wp:featuredmedia":[{"embeddable":true,"href":"https:\/\/vapotheque.ch\/de\/wp-json\/wp\/v2\/media\/49170"}],"wp:attachment":[{"href":"https:\/\/vapotheque.ch\/de\/wp-json\/wp\/v2\/media?parent=49177"}],"wp:term":[{"taxonomy":"product_cat","embeddable":true,"href":"https:\/\/vapotheque.ch\/de\/wp-json\/wp\/v2\/product_cat?post=49177"},{"taxonomy":"product_tag","embeddable":true,"href":"https:\/\/vapotheque.ch\/de\/wp-json\/wp\/v2\/product_tag?post=49177"}],"curies":[{"name":"wp","href":"https:\/\/api.w.org\/{rel}","templated":true}]}}