{"id":49048,"date":"2026-02-03T15:58:56","date_gmt":"2026-02-03T14:58:56","guid":{"rendered":"https:\/\/vapotheque.ch\/boutique\/aspire-kit-pod-pixo-max\/"},"modified":"2026-02-03T15:58:56","modified_gmt":"2026-02-03T14:58:56","slug":"aspire-kit-pod-pixo-max","status":"publish","type":"product","link":"https:\/\/vapotheque.ch\/de\/shop\/aspire-kit-pod-pixo-max\/","title":{"rendered":"Aspire &#8211; Kit Pod Pixo Max"},"content":{"rendered":"<h2 data-start=\"0\" data-end=\"33\">Aspire &#8211; Kit Pod Pixo Max : <em data-start=\"34\" data-end=\"64\">Wenn Pixo in den MAX-Modus wechselt<\/em><\/h2>\n<p data-start=\"66\" data-end=\"422\">Die Pixo-Saga geht weiter&#8230; Und sie macht die Dinge offensichtlich nicht halb. Mit dem <strong>Aspire &#8211; Pixo Kit Pod Max<\/strong> hebt Aspire alle Schieberegler noch eine Stufe h\u00f6her: <strong data-start=\"215\" data-end=\"277\">mehr Autonomie, mehr Dampf und noch mehr Geschmack<\/strong><strong data-start=\"149\" data-end=\"161\">, besonders dank der neuen <strong data-start=\"309\" data-end=\"338\">Pixo Dual Mesh Kassetten<\/strong>. Wenn Sie das Pixo schon geliebt haben, machen Sie sich bereit, sich endg\u00fcltig in es zu verlieben.<\/strong>  <\/p>\n<hr data-start=\"424\" data-end=\"427\">\n<h3 data-start=\"429\" data-end=\"485\">\u2728 Ein elegantes Design&#8230; Mit genau der richtigen Portion Stil<\/h3>\n<p data-start=\"486\" data-end=\"787\">Aspire hat das Display aufger\u00e4umt, und das Ergebnis ist ebenso clever wie elegant. Der klassische Bildschirm ist verschwunden: Hier leuchtet die wesentliche Information direkt <strong data-start=\"649\" data-end=\"673\">im K\u00f6rper der Kapsel<\/strong> bei jedem Zug auf und verschwindet dann wenige Sekunden sp\u00e4ter. Wow-Effekt garantiert, ohne das Design zu \u00fcberlasten.  <\/p>\n<p data-start=\"789\" data-end=\"1060\">Das <strong data-start=\"792\" data-end=\"810\">kompakte Format<\/strong> bleibt der Pixo-DNA treu (117,3 x 32 x 20 mm), mit <strong data-start=\"868\" data-end=\"886\">abgerundeten Kanten<\/strong> , die sehr angenehm in der Hand sind. N\u00fcchtern, ja&#8230; Aber nie langweilig. Der Pixo Max ist in mehreren Farben erh\u00e4ltlich, um Ihrem Vape einen Hauch von Spa\u00df und Pers\u00f6nlichkeit zu verleihen.  <\/p>\n<hr data-start=\"1062\" data-end=\"1065\">\n<h3 data-start=\"1067\" data-end=\"1113\">Ein ma\u00dfgeschneiderter Vape, ohne den Aufwand<\/h3>\n<p data-start=\"1114\" data-end=\"1249\">Das <strong>Aspire &#8211; Kit Pod Pixo Max <\/strong><strong data-start=\"149\" data-end=\"161\">wurde entwickelt, um das Leben der Dampfer zu vereinfachen und gleichzeitig Freiheit zu bewahren. Drei Kraftstufen sind im Men\u00fc:<\/strong> <\/p>\n<ul data-start=\"1251\" data-end=\"1415\">\n<li data-start=\"1251\" data-end=\"1301\">\n<p data-start=\"1253\" data-end=\"1301\"><strong data-start=\"1253\" data-end=\"1260\">Eco<\/strong> : Weich, diskret und batterieeffizient<\/p>\n<\/li>\n<li data-start=\"1302\" data-end=\"1354\">\n<p data-start=\"1304\" data-end=\"1354\"><strong data-start=\"1304\" data-end=\"1314\">Normal<\/strong> : das perfekte Gleichgewicht f\u00fcr einen ganzt\u00e4gigen Dienst<\/p>\n<\/li>\n<li data-start=\"1355\" data-end=\"1415\">\n<p data-start=\"1357\" data-end=\"1415\"><strong data-start=\"1357\" data-end=\"1364\">Max<\/strong> : Mehr Punch, mehr Dampf, mehr Spa\u00df<\/p>\n<\/li>\n<\/ul>\n<p data-start=\"1417\" data-end=\"1686\">Die gute Nachricht <strong data-start=\"1434\" data-end=\"1458\">ist, dass alles automatisch l\u00e4uft<\/strong>. Der Pod passt die Leistung je nach verwendeter Cartridge an. Man kann nichts falsch machen, selbst wenn man gerade erst anf\u00e4ngt. Und obendrein erm\u00f6glicht ein <strong data-start=\"1603\" data-end=\"1623\">verstellbarer Luftstrom,<\/strong> den Verbrauch genau so einzustellen, wie du es m\u00f6chtest.   <\/p>\n<hr data-start=\"1688\" data-end=\"1691\">\n<h3 data-start=\"1693\" data-end=\"1740\">Eine Arbeitsweise, die deinen Gewohnheiten folgt<\/h3>\n<p data-start=\"1741\" data-end=\"1859\">Lieber automatisch zeichnen? Lieber Knopf? Oder beides?<br data-start=\"1789\" data-end=\"1792\">Das <strong>Aspire &#8211; Kit Pod Pixo Max <\/strong><strong data-start=\"149\" data-end=\"161\">passt sich mit <strong data-start=\"1829\" data-end=\"1857\">drei Aktivierungsmodi<\/strong> an dich an:<\/strong>  <\/p>\n<ul data-start=\"1860\" data-end=\"1913\">\n<li data-start=\"1860\" data-end=\"1882\">\n<p data-start=\"1862\" data-end=\"1882\">Automatische Ziehung<\/p>\n<\/li>\n<li data-start=\"1883\" data-end=\"1893\">\n<p data-start=\"1885\" data-end=\"1893\">Knopf<\/p>\n<\/li>\n<li data-start=\"1894\" data-end=\"1913\">\n<p data-start=\"1896\" data-end=\"1913\">Zieh + Knopf<\/p>\n<\/li>\n<\/ul>\n<p data-start=\"1915\" data-end=\"2001\">Das Ergebnis: ein fl\u00fcssiger, intuitiver und nat\u00fcrlicher Vape, ohne dir jemals einen Stil aufzuzwingen.<\/p>\n<hr data-start=\"2003\" data-end=\"2006\">\n<h3 data-start=\"2008\" data-end=\"2061\">Eine Bande, die wirklich den Namen &#8220;Max&#8221; verdient.<\/h3>\n<p data-start=\"2062\" data-end=\"2281\">Das ist DER gro\u00dfe Vorteil dieser Version: ein <strong data-start=\"2110\" data-end=\"2143\">eingebauter 2600-mAh-Akku<\/strong>. Es gen\u00fcgt zu sagen, dass der Pixo Max f\u00fcr die Langlebigkeit gebaut ist, selbst mit anhaltendem Vape. Mehrere Tage stressfreie Akkulaufzeit ver\u00e4ndern alles.  <\/p>\n<p data-start=\"2283\" data-end=\"2396\">Und wann ist es Zeit zum Aufladen? Der <strong data-start=\"2315\" data-end=\"2337\">5V\/2A USB-C-Anschluss<\/strong> sorgt f\u00fcr schnelles und effizientes Laden (Kabel nicht enthalten). <\/p>\n<hr data-start=\"2398\" data-end=\"2401\">\n<h3 data-start=\"2403\" data-end=\"2463\">\ufe0f Maximale Geschmacksrichtungen mit Pixo Dual Mesh Patronen<\/h3>\n<p data-start=\"2464\" data-end=\"2629\">Das <strong>Aspire \u2013 Kit Pod Pixo Max Pod Kit <\/strong><strong data-start=\"149\" data-end=\"161\"> stellt die <strong data-start=\"2489\" data-end=\"2518\">Pixo Dual Mesh Patronen<\/strong> vor, und man sp\u00fcrt es schon beim ersten Zug. Gleiches <strong data-start=\"2576\" data-end=\"2584\">3 ml<\/strong> Fassungsverm\u00f6gen und praktische Seitenf\u00fcllung, aber mit:<\/strong> <\/p>\n<ul data-start=\"2630\" data-end=\"2716\">\n<li data-start=\"2630\" data-end=\"2669\">\n<p data-start=\"2632\" data-end=\"2669\">Noch pr\u00e4zisere Aromen<\/p>\n<\/li>\n<li data-start=\"2670\" data-end=\"2716\">\n<p data-start=\"2672\" data-end=\"2716\">\u2601\ufe0f Dichterer, vollerer Dampf<\/p>\n<\/li>\n<\/ul>\n<p data-start=\"2718\" data-end=\"2843\">Im Kit findest du die <strong data-start=\"2749\" data-end=\"2780\">Dual Mesh 0,4 Ohm Cartridge<\/strong>, perfekt f\u00fcr einen luftigen, reichhaltigen und schmackhaften <strong data-start=\"2805\" data-end=\"2821\">RDL-Vape<\/strong>.<\/p>\n<p data-start=\"2845\" data-end=\"2883\"><strong data-start=\"2845\" data-end=\"2881\">Pixo Dual Mesh 0,4 Ohm Kartusche<\/strong><\/p>\n<ul data-start=\"2884\" data-end=\"2994\">\n<li data-start=\"2884\" data-end=\"2900\">\n<p data-start=\"2886\" data-end=\"2900\">Auflage: RDL<\/p>\n<\/li>\n<li data-start=\"2901\" data-end=\"2926\">\n<p data-start=\"2903\" data-end=\"2926\">Leistung: 22 bis 28 W<\/p>\n<\/li>\n<li data-start=\"2927\" data-end=\"2952\">\n<p data-start=\"2929\" data-end=\"2952\">PG\/VG: 50\/50 bis 30\/70<\/p>\n<\/li>\n<li data-start=\"2953\" data-end=\"2994\">\n<p data-start=\"2955\" data-end=\"2994\">Empfohlenes Nikotin: bis zu 6 mg\/ml<\/p>\n<\/li>\n<\/ul>\n<p data-start=\"2996\" data-end=\"3172\">Willst du einen strafferen Zug? <strong data-start=\"3042\" data-end=\"3068\">Die Pixo Dual Mesh 0,6 Ohm<\/strong> Cartridges sind ebenfalls enthalten. Und nat\u00fcrlich <strong data-start=\"3107\" data-end=\"3154\">sind alle Pixo-Cartridges mit<\/strong> dem Pixo Max kompatibel.  <\/p>\n<hr data-start=\"3174\" data-end=\"3177\">\n<h3 data-start=\"3179\" data-end=\"3218\">Inhalt des <strong>Aspire &#8211; Kit Pod <\/strong><strong data-start=\"149\" data-end=\"161\">Pixo Max<\/strong><\/h3>\n<ul data-start=\"3219\" data-end=\"3319\">\n<li data-start=\"3219\" data-end=\"3243\">\n<p data-start=\"3221\" data-end=\"3243\">1 \u00d7 <strong data-start=\"3225\" data-end=\"3241\">Pixo Max Pod<\/strong><\/p>\n<\/li>\n<li data-start=\"3244\" data-end=\"3288\">\n<p data-start=\"3246\" data-end=\"3288\">1 \u00d7 <strong data-start=\"3250\" data-end=\"3286\">Pixo Dual Mesh 0,4 Ohm Cartridge<\/strong><\/p>\n<\/li>\n<li data-start=\"3289\" data-end=\"3319\">\n<p data-start=\"3291\" data-end=\"3319\">1 \u00d7 <strong data-start=\"3295\" data-end=\"3319\">Benutzerhandbuch<\/strong><\/p>\n<\/li>\n<\/ul>\n<p>Hier finden Sie alle unsere <strong><a href=\"..\/categorie\/pods?orderby=date\/\" target=\"_blank\" rel=\"noopener\">Pods.<\/a><br \/>\nEntdecken Sie alle anderen Produkte der Marke <strong><a href=\"..\/product_brand\/aspire\/\" target=\"_blank\" rel=\"noopener\">Aspire<\/a><\/strong>.<\/strong><\/p>\n<p>Erhalten Sie Rabatte oder die neuesten Informationen zu unseren anderen im Gesch\u00e4ft verf\u00fcgbaren Produkten, indem Sie uns in unseren sozialen Netzwerken folgen: <strong><a href=\"https:\/\/www.facebook.com\/VapeAigleCH\" target=\"_blank\" rel=\"noopener\">Facebook<\/a><\/strong> oder <strong><a href=\"https:\/\/www.instagram.com\/vapotheque\/\" target=\"_blank\" rel=\"noopener\">Instagram<\/a><\/strong>.<\/p>\n","protected":false},"excerpt":{"rendered":"<p>Aspire &#8211; Kit Pod Pixo Max : Wenn Pixo in den MAX-Modus wechselt Die Pixo-Saga geht weiter&#8230; Und sie macht die Dinge offensichtlich nicht halb. Mit dem Aspire &#8211; Pixo Kit Pod Max hebt Aspire alle Schieberegler noch eine Stufe h\u00f6her: mehr Autonomie, mehr Dampf und noch mehr Geschmack, besonders dank der neuen Pixo Dual [&hellip;]<\/p>\n","protected":false},"featured_media":49022,"template":"","meta":{"_acf_changed":false},"product_cat":[442,408,453,454],"product_tag":[],"class_list":{"0":"post-49048","1":"product","2":"type-product","3":"status-publish","4":"has-post-thumbnail","6":"product_brand-aspire-de","7":"product_cat-hervorgehobene-produkte","8":"product_cat-lieferbar-innerhalb-von-24-stunden-de","9":"product_cat-pods-de","10":"product_cat-vapes-pods-de","12":"first","13":"instock","14":"taxable","15":"shipping-taxable","16":"purchasable","17":"product-type-variable"},"acf":[],"jetpack_sharing_enabled":true,"_links":{"self":[{"href":"https:\/\/vapotheque.ch\/de\/wp-json\/wp\/v2\/product\/49048","targetHints":{"allow":["GET"]}}],"collection":[{"href":"https:\/\/vapotheque.ch\/de\/wp-json\/wp\/v2\/product"}],"about":[{"href":"https:\/\/vapotheque.ch\/de\/wp-json\/wp\/v2\/types\/product"}],"wp:featuredmedia":[{"embeddable":true,"href":"https:\/\/vapotheque.ch\/de\/wp-json\/wp\/v2\/media\/49022"}],"wp:attachment":[{"href":"https:\/\/vapotheque.ch\/de\/wp-json\/wp\/v2\/media?parent=49048"}],"wp:term":[{"taxonomy":"product_cat","embeddable":true,"href":"https:\/\/vapotheque.ch\/de\/wp-json\/wp\/v2\/product_cat?post=49048"},{"taxonomy":"product_tag","embeddable":true,"href":"https:\/\/vapotheque.ch\/de\/wp-json\/wp\/v2\/product_tag?post=49048"}],"curies":[{"name":"wp","href":"https:\/\/api.w.org\/{rel}","templated":true}]}}