{"id":49014,"date":"2026-02-03T14:06:04","date_gmt":"2026-02-03T13:06:04","guid":{"rendered":"https:\/\/vapotheque.ch\/boutique\/vaporesso-box-armour-ultra\/"},"modified":"2026-02-03T14:06:04","modified_gmt":"2026-02-03T13:06:04","slug":"vaporesso-box-armour-ultra","status":"publish","type":"product","link":"https:\/\/vapotheque.ch\/de\/shop\/vaporesso-box-armour-ultra\/","title":{"rendered":"Vaporesso &#8211; Box Armour Ultra"},"content":{"rendered":"<h2 data-start=\"0\" data-end=\"36\">Vaporesso &#8211; Box Armour Ultra: <em data-start=\"37\" data-end=\"73\">Die stille St\u00e4rke&#8230; Ultra-Version<\/em><\/h2>\n<p data-start=\"75\" data-end=\"440\">Bei Vaporesso machen wir nichts halb. Und mit dem <strong>Vaporesso &#8211; Box <\/strong><strong data-start=\"138\" data-end=\"154\">Armour Ultra<\/strong> bringt die Marke eindeutig die schwere Artillerie hervor. Zuverl\u00e4ssig, leistungsstark, ultra-langlebig und f\u00fcr die schlimmsten Bedingungen ausgelegt, richtet sich diese elektronische Box an anspruchsvolle Dampfer, die <strong data-start=\"355\" data-end=\"398\">starke, leistungsstarke und langlebige<\/strong>&#8230; ohne jemals auf das Vergn\u00fcgen des Dampfens zu verzichten.  <\/p>\n<hr data-start=\"442\" data-end=\"445\">\n<h3 data-start=\"447\" data-end=\"497\">XXL-Autonomie beim Dampfen ohne Z\u00e4hlen<\/h3>\n<p data-start=\"498\" data-end=\"793\">Im Zentrum des <strong>Vaporesso \u2013 Box <\/strong><strong data-start=\"138\" data-end=\"154\">Armour Ultra<\/strong> steht ein <strong data-start=\"546\" data-end=\"579\">eingebauter 5500-mAh-Akku<\/strong>. Es gen\u00fcgt zu sagen, dass Nachf\u00fcllungen selten werden, selbst f\u00fcr starke Dampfer. Perfekt f\u00fcr den ganzen Tag (und noch viel mehr), l\u00e4dt er sich schnell \u00fcber seinen praktischen und modernen <strong data-start=\"757\" data-end=\"771\">USB-C-Anschluss<\/strong> auf.  <\/p>\n<hr data-start=\"795\" data-end=\"798\">\n<h3 data-start=\"800\" data-end=\"836\">\ufe0f Zuverl\u00e4ssig f\u00fcr jeden Test<\/h3>\n<p data-start=\"837\" data-end=\"912\">Der Armour Ultra macht seinem Namen alle Ehre. <strong data-start=\"883\" data-end=\"900\">IP68- und IP69K-zertifiziert<\/strong>, ist er: <\/p>\n<ul data-start=\"913\" data-end=\"1051\">\n<li data-start=\"913\" data-end=\"941\">\n<p data-start=\"915\" data-end=\"941\">Sturzfest<\/p>\n<\/li>\n<li data-start=\"942\" data-end=\"975\">\n<p data-start=\"944\" data-end=\"975\">\ufe0f Unempfindlich gegen\u00fcber Staub<\/p>\n<\/li>\n<li data-start=\"976\" data-end=\"1051\">\n<p data-start=\"978\" data-end=\"1051\">Widerstandsf\u00e4hig gegen Wasserspritzer und Druckstrahlen<\/p>\n<\/li>\n<\/ul>\n<p data-start=\"1053\" data-end=\"1208\">Eine ideale Box f\u00fcr abenteuerlustige Dampfer, chronisch tollpatschig oder einfach diejenigen, die Ausr\u00fcstung suchen, die im echten Leben \u00fcberleben kann.<\/p>\n<hr data-start=\"1210\" data-end=\"1213\">\n<h3 data-start=\"1215\" data-end=\"1261\">\u26a1 AXON-Chipsatz: Leistung und Intelligenz<\/h3>\n<p data-start=\"1262\" data-end=\"1372\">Im Inneren hat Vaporesso seinen <strong data-start=\"1301\" data-end=\"1317\">AXON-Chipsatz<\/strong> integriert, der f\u00fcr seine Reaktionsf\u00e4higkeit und Zuverl\u00e4ssigkeit bekannt ist. Ergebnis:<\/p>\n<ul data-start=\"1373\" data-end=\"1579\">\n<li data-start=\"1373\" data-end=\"1413\">\n<p data-start=\"1375\" data-end=\"1413\"><strong data-start=\"1378\" data-end=\"1413\">100 Watt maximale Leistung<\/strong><\/p>\n<\/li>\n<li data-start=\"1414\" data-end=\"1503\">\n<p data-start=\"1416\" data-end=\"1503\"><strong data-start=\"1419\" data-end=\"1441\">Verst\u00e4rkungsmodus<\/strong>, bis zu <strong data-start=\"1451\" data-end=\"1473\">25 % effizienter<\/strong> als fr\u00fchere Pulse-Modi<\/p>\n<\/li>\n<li data-start=\"1504\" data-end=\"1579\">\n<p data-start=\"1506\" data-end=\"1579\">\u2699\ufe0f Ein stabiler, schneller und ultra-effizienter Vape vom ersten Zug an<\/p>\n<\/li>\n<\/ul>\n<p data-start=\"1581\" data-end=\"1656\">Jede Atemung ist offener, intensiver und perfekt kontrolliert.<\/p>\n<hr data-start=\"1658\" data-end=\"1661\">\n<h3 data-start=\"1663\" data-end=\"1713\">Eine Box, die f\u00fcr anspruchsvolle Dampfer konzipiert ist<\/h3>\n<p data-start=\"1714\" data-end=\"1774\">Mit dem <strong data-start=\"1722\" data-end=\"1738\">Armour Ultra<\/strong> erf\u00fcllt Vaporesso alle Kriterien:<\/p>\n<ul data-start=\"1775\" data-end=\"1870\">\n<li data-start=\"1775\" data-end=\"1795\">\n<p data-start=\"1777\" data-end=\"1795\">Lange Akkulaufzeit<\/p>\n<\/li>\n<li data-start=\"1796\" data-end=\"1821\">\n<p data-start=\"1798\" data-end=\"1821\">Komfortable Leistung<\/p>\n<\/li>\n<li data-start=\"1822\" data-end=\"1844\">\n<p data-start=\"1824\" data-end=\"1844\">Extreme Robustheit<\/p>\n<\/li>\n<li data-start=\"1845\" data-end=\"1870\">\n<p data-start=\"1847\" data-end=\"1870\">Modernste Technologie<\/p>\n<\/li>\n<\/ul>\n<p data-start=\"1872\" data-end=\"1989\">Ein elektronischer Mod, der die gierigsten Clearomizer und Atomizer begleitet, ohne jemals mit der Wimper zu zucken.<\/p>\n<hr data-start=\"1991\" data-end=\"1994\">\n<h3 data-start=\"1996\" data-end=\"2030\">Inhalt des <strong>Vaporesso &#8211; Box <\/strong><strong data-start=\"138\" data-end=\"154\">Armour Ultra<\/strong> Kits<\/h3>\n<ul data-start=\"2031\" data-end=\"2110\">\n<li data-start=\"2031\" data-end=\"2057\">\n<p data-start=\"2033\" data-end=\"2057\">1 \u00d7 <strong data-start=\"2037\" data-end=\"2057\">Box Armour Ultra<\/strong><\/p>\n<\/li>\n<li data-start=\"2058\" data-end=\"2079\">\n<p data-start=\"2060\" data-end=\"2079\">1 \u00d7 <strong data-start=\"2064\" data-end=\"2079\">USB-C-Kabel<\/strong><\/p>\n<\/li>\n<li data-start=\"2080\" data-end=\"2110\">\n<p data-start=\"2082\" data-end=\"2110\">1 \u00d7 <strong data-start=\"2086\" data-end=\"2110\">Benutzerhandbuch<\/strong><\/p>\n<\/li>\n<\/ul>\n<p>Erhalten Sie Rabatte oder die neuesten Informationen zu unseren anderen Produkten, die im Gesch\u00e4ft erh\u00e4ltlich sind, indem Sie uns in unseren sozialen Netzwerken folgen: <a href=\"https:\/\/www.facebook.com\/VapeAigleCH\" target=\"_blank\" rel=\"noopener\">Facebook<\/a> oder <a href=\"https:\/\/www.instagram.com\/vapotheque\/\" target=\"_blank\" rel=\"noopener\">Instagram<\/a>.<\/p>\n","protected":false},"excerpt":{"rendered":"<p>Vaporesso &#8211; Box Armour Ultra: Die stille St\u00e4rke&#8230; Ultra-Version Bei Vaporesso machen wir nichts halb. Und mit dem Vaporesso &#8211; Box Armour Ultra bringt die Marke eindeutig die schwere Artillerie hervor. Zuverl\u00e4ssig, leistungsstark, ultra-langlebig und f\u00fcr die schlimmsten Bedingungen ausgelegt, richtet sich diese elektronische Box an anspruchsvolle Dampfer, die starke, leistungsstarke und langlebige&#8230; ohne jemals [&hellip;]<\/p>\n","protected":false},"featured_media":48992,"template":"","meta":{"_acf_changed":false},"product_cat":[448,450,442,408],"product_tag":[],"class_list":{"0":"post-49014","1":"product","2":"type-product","3":"status-publish","4":"has-post-thumbnail","6":"product_brand-vaporesso-de","7":"product_cat-box-mods-de","8":"product_cat-elektro","9":"product_cat-hervorgehobene-produkte","10":"product_cat-lieferbar-innerhalb-von-24-stunden-de","12":"first","13":"instock","14":"taxable","15":"shipping-taxable","16":"purchasable","17":"product-type-variable"},"acf":[],"jetpack_sharing_enabled":true,"_links":{"self":[{"href":"https:\/\/vapotheque.ch\/de\/wp-json\/wp\/v2\/product\/49014","targetHints":{"allow":["GET"]}}],"collection":[{"href":"https:\/\/vapotheque.ch\/de\/wp-json\/wp\/v2\/product"}],"about":[{"href":"https:\/\/vapotheque.ch\/de\/wp-json\/wp\/v2\/types\/product"}],"wp:featuredmedia":[{"embeddable":true,"href":"https:\/\/vapotheque.ch\/de\/wp-json\/wp\/v2\/media\/48992"}],"wp:attachment":[{"href":"https:\/\/vapotheque.ch\/de\/wp-json\/wp\/v2\/media?parent=49014"}],"wp:term":[{"taxonomy":"product_cat","embeddable":true,"href":"https:\/\/vapotheque.ch\/de\/wp-json\/wp\/v2\/product_cat?post=49014"},{"taxonomy":"product_tag","embeddable":true,"href":"https:\/\/vapotheque.ch\/de\/wp-json\/wp\/v2\/product_tag?post=49014"}],"curies":[{"name":"wp","href":"https:\/\/api.w.org\/{rel}","templated":true}]}}