{"id":48698,"date":"2026-01-30T14:29:48","date_gmt":"2026-01-30T13:29:48","guid":{"rendered":"https:\/\/vapotheque.ch\/boutique\/geekvape-p-series-coils-pack-x5\/"},"modified":"2026-01-30T14:29:48","modified_gmt":"2026-01-30T13:29:48","slug":"geekvape-p-series-coils-pack-x5","status":"publish","type":"product","link":"https:\/\/vapotheque.ch\/de\/shop\/geekvape-p-series-coils-pack-x5\/","title":{"rendered":"Geekvape \u2013 P Series Coils \u2013 Pack x5"},"content":{"rendered":"<h2 data-start=\"0\" data-end=\"40\">Geekvape \u2013 P Series Coils \u2013 Pack x5<\/h2>\n<p data-start=\"41\" data-end=\"99\"><em data-start=\"41\" data-end=\"99\">Kontrollierte Leistung f\u00fcr einen Vape, der stark wirkt<\/em><\/p>\n<p>Die <strong>Geekvape \u2013 P Series Coils \u2013 Pack x5<\/strong>, sie sind ein bisschen wie die aufgeladenen Motoren des Aegis-\u00d6kosystems. Entwickelt als Begleitung der muskul\u00f6ssten Pods und Cartridges der Marke, liefern sie einen <strong data-start=\"306\" data-end=\"327\">gro\u00dfz\u00fcgigen DL-Vape<\/strong>, <strong data-start=\"333\" data-end=\"349\">dicke Wolken<\/strong> und <strong data-start=\"356\" data-end=\"392\">eine \u00e4u\u00dferst effektive Geschmackswiedergabe<\/strong> \u2013 alles mit der legend\u00e4ren Robustheit des Geek Vape. <\/p>\n<p data-start=\"447\" data-end=\"640\">Kompatibel mit einer Vielzahl von Hardware (Aegis Boost Pro, E100 \/ Eteno, Z100C, B100 und vielen anderen) sind sie ideal f\u00fcr alle, die einen kompromisslosen Air-Vape w\u00fcnschen.<\/p>\n<hr data-start=\"642\" data-end=\"645\">\n<h3 data-start=\"647\" data-end=\"708\">Mesh Kanthal A1: Aromen und Dampf auf voller Leistung<\/h3>\n<p data-start=\"709\" data-end=\"782\">Ausgestattet mit einem <strong data-start=\"723\" data-end=\"745\">Kanthal A1-Mesh<\/strong> bieten die Widerst\u00e4nde der P-Serie:<\/p>\n<ul data-start=\"783\" data-end=\"967\">\n<li data-start=\"783\" data-end=\"820\">\n<p data-start=\"785\" data-end=\"820\">Schnelle und gleichm\u00e4\u00dfige Erw\u00e4rmung<\/p>\n<\/li>\n<li data-start=\"821\" data-end=\"872\">\n<p data-start=\"823\" data-end=\"872\">Eine intensive und treue aromatische Nachbildung<\/p>\n<\/li>\n<li data-start=\"873\" data-end=\"912\">\n<p data-start=\"875\" data-end=\"912\">\u2601\ufe0f Massive Dampfproduktion<\/p>\n<\/li>\n<li data-start=\"913\" data-end=\"967\">\n<p data-start=\"915\" data-end=\"967\">\u23f3 Ausgezeichnete Haltbarkeit, selbst bei hoher Leistung<\/p>\n<\/li>\n<\/ul>\n<p data-start=\"969\" data-end=\"1064\">Perfekt, um deine VG-reichen E-Liquids zu sublimieren und eine Fl\u00fcssigkeit sowie normalen Vape zu genie\u00dfen.<\/p>\n<hr data-start=\"1066\" data-end=\"1069\">\n<h3 data-start=\"1071\" data-end=\"1115\">\u2699\ufe0f Drei Werte f\u00fcr drei DL-Stile<\/h3>\n<p data-start=\"1116\" data-end=\"1231\">Egal, ob Sie gro\u00dfe Waffen m\u00f6gen oder einen etwas ruhigeren Luftvape \u2013 die P-Serie passt sich Ihren W\u00fcnschen an:<\/p>\n<ul data-start=\"1233\" data-end=\"1655\">\n<li data-start=\"1233\" data-end=\"1367\">\n<p data-start=\"1235\" data-end=\"1367\"><strong data-start=\"1235\" data-end=\"1256\">P-Serie 0,15 Ohm<\/strong><br data-start=\"1256\" data-end=\"1259\">Sehr luftiger und leistungsstarker DL-Vape<br data-start=\"1295\" data-end=\"1298\">Ideal f\u00fcr Liebhaber gro\u00dfer Wolken und intensiver Empfindungen<\/p>\n<\/li>\n<li data-start=\"1369\" data-end=\"1507\">\n<p data-start=\"1371\" data-end=\"1507\"><strong data-start=\"1371\" data-end=\"1391\">P-Serie 0,2 Ohm<\/strong><br data-start=\"1391\" data-end=\"1394\">Ein ausgezeichnetes Gleichgewicht zwischen dichtem Dampf und starken Aromen<br data-start=\"1463\" data-end=\"1466\">Perfekt f\u00fcr einen t\u00e4glichen DL-Vape<\/p>\n<\/li>\n<li data-start=\"1509\" data-end=\"1655\">\n<p data-start=\"1511\" data-end=\"1655\"><strong data-start=\"1511\" data-end=\"1531\">P-Serie 0,4 Ohm<\/strong><br data-start=\"1531\" data-end=\"1534\">Sanfteres und leicht einschr\u00e4nkendes DL-Vape<br data-start=\"1580\" data-end=\"1583\">Ideal f\u00fcr einen angemesseneren Konsum, ohne dabei auf Geschmack zu verzichten<\/p>\n<\/li>\n<\/ul>\n<hr data-start=\"1657\" data-end=\"1660\">\n<h3 data-start=\"1662\" data-end=\"1686\">XXL-Kompatibilit\u00e4t<\/h3>\n<p data-start=\"1687\" data-end=\"1735\">P-Serie Widerst\u00e4nde sind kompatibel mit:<\/p>\n<ul data-start=\"1736\" data-end=\"1974\">\n<li data-start=\"1736\" data-end=\"1763\">\n<p data-start=\"1738\" data-end=\"1763\"><strong data-start=\"1742\" data-end=\"1761\">Aegis Boost Pro<\/strong> Pod<\/p>\n<\/li>\n<li data-start=\"1764\" data-end=\"1797\">\n<p data-start=\"1766\" data-end=\"1797\"><strong data-start=\"1770\" data-end=\"1795\">Aegis Boost Pro 21700<\/strong> Pod<\/p>\n<\/li>\n<li data-start=\"1798\" data-end=\"1839\">\n<p data-start=\"1800\" data-end=\"1839\"><strong data-start=\"1804\" data-end=\"1837\">Pod Aegis Eteno E100 \/ Eteno 100i<\/strong><\/p>\n<\/li>\n<li data-start=\"1840\" data-end=\"1876\">\n<p data-start=\"1842\" data-end=\"1876\"><strong data-start=\"1846\" data-end=\"1874\">Aegis Boost Pro 2 Pod (B100)<\/strong><\/p>\n<\/li>\n<li data-start=\"1877\" data-end=\"1922\">\n<p data-start=\"1879\" data-end=\"1922\"><strong data-start=\"1883\" data-end=\"1896\">Z100C DNA-Pod<\/strong> und verwandte Pods<\/p>\n<\/li>\n<li data-start=\"1923\" data-end=\"1974\">\n<p data-start=\"1925\" data-end=\"1974\">Aegis Boost Pro Pods (mit oder ohne Coils)<\/p>\n<\/li>\n<\/ul>\n<p data-start=\"1976\" data-end=\"2053\">Kurz gesagt: Wenn es <strong data-start=\"1994\" data-end=\"2010\">muskul\u00e4re Aegis<\/strong> ist, besteht eine gute Chance, dass es dazu passt<\/p>\n<hr data-start=\"2055\" data-end=\"2058\">\n<h3 data-start=\"2060\" data-end=\"2082\">Verpackung<\/h3>\n<ul data-start=\"2083\" data-end=\"2187\">\n<li data-start=\"2083\" data-end=\"2130\">\n<p data-start=\"2085\" data-end=\"2130\"><strong data-start=\"2085\" data-end=\"2130\">Schachtel mit 5 P Series Geek Vape Coils<\/strong><\/p>\n<\/li>\n<li data-start=\"2131\" data-end=\"2187\">\n<p data-start=\"2133\" data-end=\"2187\">Genug, um ruhig zu dampfen und es mit der Zeit kommen zu sehen.<\/p>\n<\/li>\n<\/ul>\n","protected":false},"excerpt":{"rendered":"<p>Geekvape \u2013 P Series Coils \u2013 Pack x5 Kontrollierte Leistung f\u00fcr einen Vape, der stark wirkt Die Geekvape \u2013 P Series Coils \u2013 Pack x5, sie sind ein bisschen wie die aufgeladenen Motoren des Aegis-\u00d6kosystems. Entwickelt als Begleitung der muskul\u00f6ssten Pods und Cartridges der Marke, liefern sie einen gro\u00dfz\u00fcgigen DL-Vape, dicke Wolken und eine \u00e4u\u00dferst [&hellip;]<\/p>\n","protected":false},"featured_media":48685,"template":"","meta":{"_acf_changed":false},"product_cat":[408,399,1977],"product_tag":[],"class_list":{"0":"post-48698","1":"product","2":"type-product","3":"status-publish","4":"has-post-thumbnail","6":"product_brand-geekvape-de","7":"product_cat-lieferbar-innerhalb-von-24-stunden-de","8":"product_cat-vorgefertigte-widerstande","9":"product_cat-lagerraeumung","11":"first","12":"outofstock","13":"sale","14":"taxable","15":"shipping-taxable","16":"purchasable","17":"product-type-variable"},"acf":[],"jetpack_sharing_enabled":true,"_links":{"self":[{"href":"https:\/\/vapotheque.ch\/de\/wp-json\/wp\/v2\/product\/48698","targetHints":{"allow":["GET"]}}],"collection":[{"href":"https:\/\/vapotheque.ch\/de\/wp-json\/wp\/v2\/product"}],"about":[{"href":"https:\/\/vapotheque.ch\/de\/wp-json\/wp\/v2\/types\/product"}],"wp:featuredmedia":[{"embeddable":true,"href":"https:\/\/vapotheque.ch\/de\/wp-json\/wp\/v2\/media\/48685"}],"wp:attachment":[{"href":"https:\/\/vapotheque.ch\/de\/wp-json\/wp\/v2\/media?parent=48698"}],"wp:term":[{"taxonomy":"product_cat","embeddable":true,"href":"https:\/\/vapotheque.ch\/de\/wp-json\/wp\/v2\/product_cat?post=48698"},{"taxonomy":"product_tag","embeddable":true,"href":"https:\/\/vapotheque.ch\/de\/wp-json\/wp\/v2\/product_tag?post=48698"}],"curies":[{"name":"wp","href":"https:\/\/api.w.org\/{rel}","templated":true}]}}