{"id":48681,"date":"2026-01-30T14:16:34","date_gmt":"2026-01-30T13:16:34","guid":{"rendered":"https:\/\/vapotheque.ch\/boutique\/geekvape-supermesh-coils-pack-x5\/"},"modified":"2026-01-30T14:16:34","modified_gmt":"2026-01-30T13:16:34","slug":"geekvape-supermesh-coils-pack-x5","status":"publish","type":"product","link":"https:\/\/vapotheque.ch\/de\/shop\/geekvape-supermesh-coils-pack-x5\/","title":{"rendered":"Geekvape &#8211; Supermesh Coils &#8211; Pack x5"},"content":{"rendered":"<h2 data-start=\"0\" data-end=\"56\">Geekvape &#8211; Supermesh Coils &#8211; Pack x5: Cerberus \/ Shield \/ Aero Coils<\/h2>\n<p data-start=\"57\" data-end=\"106\"><em data-start=\"57\" data-end=\"106\">Die Kraft von Mesh f\u00fcr gro\u00dfe Wolken<\/em><\/p>\n<p data-start=\"108\" data-end=\"432\">Mit dem <strong>Geekvape &#8211; Supermesh Coils &#8211; Pack x5,<\/strong><strong data-start=\"117\" data-end=\"178\"> kompatibel mit Aero, Shield und Cerberus<\/strong>, bringt Geek Vape die schwere Artillerie f\u00fcr Liebhaber von <strong data-start=\"236\" data-end=\"253\">Aerial Vape<\/strong> und <strong data-start=\"260\" data-end=\"284\">fettigen Geschmacksrichtungen<\/strong> hervor. Hier gibt es keine halbherzigen Ma\u00dfnahmen: Wir sprechen von <strong data-start=\"324\" data-end=\"342\">einem gut ge\u00f6ffneten DL,<\/strong> dichtem Dampf und einer aromatischen Wiedergabe, die mit jedem Zug schwer wird. <\/p>\n<hr data-start=\"434\" data-end=\"437\">\n<h3 data-start=\"439\" data-end=\"496\">Mesh-Technologie: mehr Geschmack, mehr Wolken<\/h3>\n<p data-start=\"497\" data-end=\"564\">Diese Widerst\u00e4nde verf\u00fcgen \u00fcber <strong data-start=\"527\" data-end=\"547\">Mesh-Technologie<\/strong>, bekannt f\u00fcr:<\/p>\n<ul data-start=\"565\" data-end=\"733\">\n<li data-start=\"565\" data-end=\"602\">\n<p data-start=\"567\" data-end=\"602\">Schnelle und homogene Erw\u00e4rmung<\/p>\n<\/li>\n<li data-start=\"603\" data-end=\"661\">\n<p data-start=\"605\" data-end=\"661\">Eine pr\u00e4zisere und intensivere Wiederherstellung der Aromen<\/p>\n<\/li>\n<li data-start=\"662\" data-end=\"733\">\n<p data-start=\"664\" data-end=\"733\">\u23f3 L\u00e4ngere Lebensdauer im Vergleich zu herk\u00f6mmlichen Widerst\u00e4nden<\/p>\n<\/li>\n<\/ul>\n<p data-start=\"735\" data-end=\"829\">Das Ergebnis: ein regelm\u00e4\u00dfigerer, schmackhafterer und langlebigerer Vape, selbst bei hoher Leistung.<\/p>\n<hr data-start=\"831\" data-end=\"834\">\n<h3 data-start=\"836\" data-end=\"886\">\u2699\ufe0f Zwei Versionen f\u00fcr zwei Leistungsstile<\/h3>\n<p data-start=\"887\" data-end=\"1005\">Les r\u00e9sistances Cerberus se d\u00e9clinent en <strong data-start=\"928\" data-end=\"944\">deux valeurs<\/strong>, pour s\u2019adapter \u00e0 vos envies de puissance et de sensations :<\/p>\n<ul data-start=\"1007\" data-end=\"1439\">\n<li data-start=\"1007\" data-end=\"1228\">\n<p data-start=\"1009\" data-end=\"1038\"><strong data-start=\"1009\" data-end=\"1036\">Super Mesh X1 \u2013 0.2 ohm<\/strong><\/p>\n<ul data-start=\"1041\" data-end=\"1228\">\n<li data-start=\"1041\" data-end=\"1066\">\n<p data-start=\"1043\" data-end=\"1066\">Sehr luftiger DL-Vape<\/p>\n<\/li>\n<li data-start=\"1069\" data-end=\"1109\">\n<p data-start=\"1071\" data-end=\"1109\">Empfohlene Leistung: <strong data-start=\"1095\" data-end=\"1107\">60 bis 70W<\/strong><\/p>\n<\/li>\n<li data-start=\"1112\" data-end=\"1174\">\n<p data-start=\"1114\" data-end=\"1174\">Ideal f\u00fcr gro\u00dfe Wolken und VG-reiche E-Liquids<\/p>\n<\/li>\n<li data-start=\"1177\" data-end=\"1228\">\n<p data-start=\"1179\" data-end=\"1228\">\u26a0\ufe0f <em data-start=\"1182\" data-end=\"1228\">Nicht kompatibel mit dem Cerberus-Klaromiser<\/em><\/p>\n<\/li>\n<\/ul>\n<\/li>\n<li data-start=\"1230\" data-end=\"1439\">\n<p data-start=\"1232\" data-end=\"1251\"><strong data-start=\"1232\" data-end=\"1249\">IM1 \u2013 0,4 Ohm<\/strong><\/p>\n<ul data-start=\"1254\" data-end=\"1439\">\n<li data-start=\"1254\" data-end=\"1280\">\n<p data-start=\"1256\" data-end=\"1280\">Kontrollierter DL-Vape<\/p>\n<\/li>\n<li data-start=\"1283\" data-end=\"1323\">\n<p data-start=\"1285\" data-end=\"1323\">Empfohlene Leistung: <strong data-start=\"1309\" data-end=\"1321\">40 bis 60W<\/strong><\/p>\n<\/li>\n<li data-start=\"1326\" data-end=\"1372\">\n<p data-start=\"1328\" data-end=\"1372\">Ausgezeichneter Kompromiss zwischen Geschmack und Dampf<\/p>\n<\/li>\n<li data-start=\"1375\" data-end=\"1439\">\n<p data-start=\"1377\" data-end=\"1439\">Kompatibel mit <strong data-start=\"1411\" data-end=\"1439\">Aero-, Shield- und Cerberus-Clearomizern<\/strong><\/p>\n<\/li>\n<\/ul>\n<\/li>\n<\/ul>\n<hr data-start=\"1441\" data-end=\"1444\">\n<h3 data-start=\"1446\" data-end=\"1490\">\u2601\ufe0f Ein DL-Vape, der den Dampf zum Sprechen bringt<\/h3>\n<p data-start=\"1491\" data-end=\"1750\">Egal, ob du ein <strong data-start=\"1511\" data-end=\"1527\">Team-Wolkenj\u00e4ger<\/strong> bist oder einfach ein Fan von wundersch\u00f6nen, leckeren Wirbeln \u2013 diese Coils sind genau das Richtige f\u00fcr dich. Sie gl\u00e4nzen mit E-Liquids mit hoher VG-Menge und zeigen perfekt fruchtige, Gourmet- oder frische Rezepte. <\/p>\n","protected":false},"excerpt":{"rendered":"<p>Geekvape &#8211; Supermesh Coils &#8211; Pack x5: Cerberus \/ Shield \/ Aero Coils Die Kraft von Mesh f\u00fcr gro\u00dfe Wolken Mit dem Geekvape &#8211; Supermesh Coils &#8211; Pack x5, kompatibel mit Aero, Shield und Cerberus, bringt Geek Vape die schwere Artillerie f\u00fcr Liebhaber von Aerial Vape und fettigen Geschmacksrichtungen hervor. Hier gibt es keine halbherzigen [&hellip;]<\/p>\n","protected":false},"featured_media":48672,"template":"","meta":{"_acf_changed":false},"product_cat":[408,399,1977],"product_tag":[],"class_list":{"0":"post-48681","1":"product","2":"type-product","3":"status-publish","4":"has-post-thumbnail","6":"product_brand-geekvape-de","7":"product_cat-lieferbar-innerhalb-von-24-stunden-de","8":"product_cat-vorgefertigte-widerstande","9":"product_cat-lagerraeumung","11":"first","12":"instock","13":"sale","14":"taxable","15":"shipping-taxable","16":"purchasable","17":"product-type-variable"},"acf":[],"jetpack_sharing_enabled":true,"_links":{"self":[{"href":"https:\/\/vapotheque.ch\/de\/wp-json\/wp\/v2\/product\/48681","targetHints":{"allow":["GET"]}}],"collection":[{"href":"https:\/\/vapotheque.ch\/de\/wp-json\/wp\/v2\/product"}],"about":[{"href":"https:\/\/vapotheque.ch\/de\/wp-json\/wp\/v2\/types\/product"}],"wp:featuredmedia":[{"embeddable":true,"href":"https:\/\/vapotheque.ch\/de\/wp-json\/wp\/v2\/media\/48672"}],"wp:attachment":[{"href":"https:\/\/vapotheque.ch\/de\/wp-json\/wp\/v2\/media?parent=48681"}],"wp:term":[{"taxonomy":"product_cat","embeddable":true,"href":"https:\/\/vapotheque.ch\/de\/wp-json\/wp\/v2\/product_cat?post=48681"},{"taxonomy":"product_tag","embeddable":true,"href":"https:\/\/vapotheque.ch\/de\/wp-json\/wp\/v2\/product_tag?post=48681"}],"curies":[{"name":"wp","href":"https:\/\/api.w.org\/{rel}","templated":true}]}}