{"id":48663,"date":"2026-01-30T13:49:23","date_gmt":"2026-01-30T12:49:23","guid":{"rendered":"https:\/\/vapotheque.ch\/boutique\/dotmod-dotcoil-coils-pack-x5\/"},"modified":"2026-01-30T13:49:23","modified_gmt":"2026-01-30T12:49:23","slug":"dotmod-dotcoil-coils-pack-x5","status":"publish","type":"product","link":"https:\/\/vapotheque.ch\/de\/shop\/dotmod-dotcoil-coils-pack-x5\/","title":{"rendered":"Dotmod &#8211; dotCoil Coils &#8211; Pack x5"},"content":{"rendered":"<h2 data-start=\"0\" data-end=\"36\">Dotmod DotCoil Coils \u2013 5 Packs<\/h2>\n<p data-start=\"37\" data-end=\"80\"><em data-start=\"37\" data-end=\"80\">Eleganz trifft Leistung<\/em><\/p>\n<p data-start=\"82\" data-end=\"493\">Mit den <strong> <\/strong><strong data-start=\"91\" data-end=\"114\">DotMod DotCoil Coils &#8211; Pack x5<\/strong> macht DotMod genau das, was von ihm erwartet wird: <strong data-start=\"167\" data-end=\"175\">wundersch\u00f6n<\/strong>, <strong data-start=\"180\" data-end=\"190\">pr\u00e4zise<\/strong> und vor allem&#8230; Ein <strong data-start=\"207\" data-end=\"232\">ultra-leckerer Vape<\/strong>. Diese Widerst\u00e4nde sind nahezu perfektioniert und basieren auf einem <strong data-start=\"311\" data-end=\"322\">Mesh-Design<\/strong> , das schnelle, homogene und \u00e4u\u00dferst effiziente Erw\u00e4rmung gew\u00e4hrleistet.  Ergebnis? Saubere Aromen, dichter Dampf und vorbildliche Konsistenz \u2013 Puff um Puff.<\/p>\n<hr data-start=\"495\" data-end=\"498\">\n<h3 data-start=\"500\" data-end=\"544\">Ein Widerstand, tausend M\u00f6glichkeiten zu dampfen<\/h3>\n<p data-start=\"545\" data-end=\"644\">In <strong data-start=\"560\" data-end=\"586\">mehreren Varianten<\/strong> erh\u00e4ltlich, passt sich der DotCoil an alle Vaper-Profile an:<\/p>\n<ul data-start=\"645\" data-end=\"743\">\n<li data-start=\"645\" data-end=\"682\">\n<p data-start=\"647\" data-end=\"682\">Suchen Sie <strong data-start=\"656\" data-end=\"680\">gro\u00dfe, gro\u00dfz\u00fcgige Wolken<\/strong> ?<\/p>\n<\/li>\n<li data-start=\"683\" data-end=\"740\">\n<p data-start=\"685\" data-end=\"740\">Bist du eher ein Fan von <strong data-start=\"704\" data-end=\"738\">einem engeren und schmackhafteren Zug?<\/strong><\/p>\n<\/li>\n<\/ul>\n<p data-start=\"744\" data-end=\"896\">Ganz gleich, was Ihre Vorlieben sind, es gibt einen DotCoil, der Ihre Lieblings-E-Liquids von saftiger Fruchtigkeit bis hin zu wohltuendem Genuss aufwerten kann.<\/p>\n<hr data-start=\"898\" data-end=\"901\">\n<h3 data-start=\"903\" data-end=\"940\">Mesh, im Dienst des Vergn\u00fcgens<\/h3>\n<p data-start=\"941\" data-end=\"1006\">Dank ihrer Mesh-Struktur bieten DotCoil-Widerst\u00e4nde:<\/p>\n<ul data-start=\"1007\" data-end=\"1229\">\n<li data-start=\"1007\" data-end=\"1047\">\n<p data-start=\"1009\" data-end=\"1047\">\u26a1 Ultraschnelle Erw\u00e4rmung<\/p>\n<\/li>\n<li data-start=\"1048\" data-end=\"1101\">\n<p data-start=\"1050\" data-end=\"1101\">Perfekt homogene W\u00e4rmeverteilung<\/p>\n<\/li>\n<li data-start=\"1102\" data-end=\"1154\">\n<p data-start=\"1104\" data-end=\"1154\">Genaue und treue Aromawiedergabe<\/p>\n<\/li>\n<li data-start=\"1155\" data-end=\"1229\">\n<p data-start=\"1157\" data-end=\"1229\">Bessere Lebensdauer beim Dampfen, ohne Kompromisse<\/p>\n<\/li>\n<\/ul>\n<p data-start=\"1231\" data-end=\"1290\">Kurz gesagt, ein fl\u00fcssiger, konstanter Vape ohne unangenehme \u00dcberraschungen.<\/p>\n<hr data-start=\"1292\" data-end=\"1295\">\n<h3 data-start=\"1297\" data-end=\"1324\">DotMod-Kompatibilit\u00e4t<\/h3>\n<p data-start=\"1325\" data-end=\"1548\">DotCoil-Coils sind so konzipiert, dass sie mit <strong data-start=\"1388\" data-end=\"1432\">kompatiblen DotMod-Pods und Clearomizern<\/strong> zusammenarbeiten. Sie passen perfekt in das \u00d6kosystem der Marke, treu zu ihrer Premium-DNA und ihrer Qualit\u00e4tsanforderung. <\/p>\n<hr data-start=\"1550\" data-end=\"1553\">\n<h3 data-start=\"1555\" data-end=\"1577\">Inhaltsverzeichnis des Pakets<\/h3>\n<ul data-start=\"1578\" data-end=\"1701\">\n<li data-start=\"1578\" data-end=\"1620\">\n<p data-start=\"1580\" data-end=\"1620\"><strong data-start=\"1580\" data-end=\"1620\">Packung mit 5 DotCoil DotMod-Spulen<\/strong><\/p>\n<\/li>\n<li data-start=\"1621\" data-end=\"1701\">\n<p data-start=\"1623\" data-end=\"1701\">Ideal, um sich lange zu tanken und mit guter Ruhe zu dampfen.<\/p>\n<\/li>\n<\/ul>\n","protected":false},"excerpt":{"rendered":"<p>Dotmod DotCoil Coils \u2013 5 Packs Eleganz trifft Leistung Mit den DotMod DotCoil Coils &#8211; Pack x5 macht DotMod genau das, was von ihm erwartet wird: wundersch\u00f6n, pr\u00e4zise und vor allem&#8230; Ein ultra-leckerer Vape. Diese Widerst\u00e4nde sind nahezu perfektioniert und basieren auf einem Mesh-Design , das schnelle, homogene und \u00e4u\u00dferst effiziente Erw\u00e4rmung gew\u00e4hrleistet. Ergebnis? Saubere [&hellip;]<\/p>\n","protected":false},"featured_media":48655,"template":"","meta":{"_acf_changed":false},"product_cat":[408,399,1977],"product_tag":[],"class_list":{"0":"post-48663","1":"product","2":"type-product","3":"status-publish","4":"has-post-thumbnail","6":"product_brand-dotmod-de","7":"product_cat-lieferbar-innerhalb-von-24-stunden-de","8":"product_cat-vorgefertigte-widerstande","9":"product_cat-lagerraeumung","11":"first","12":"outofstock","13":"sale","14":"taxable","15":"shipping-taxable","16":"purchasable","17":"product-type-variable"},"acf":[],"jetpack_sharing_enabled":true,"_links":{"self":[{"href":"https:\/\/vapotheque.ch\/de\/wp-json\/wp\/v2\/product\/48663","targetHints":{"allow":["GET"]}}],"collection":[{"href":"https:\/\/vapotheque.ch\/de\/wp-json\/wp\/v2\/product"}],"about":[{"href":"https:\/\/vapotheque.ch\/de\/wp-json\/wp\/v2\/types\/product"}],"wp:featuredmedia":[{"embeddable":true,"href":"https:\/\/vapotheque.ch\/de\/wp-json\/wp\/v2\/media\/48655"}],"wp:attachment":[{"href":"https:\/\/vapotheque.ch\/de\/wp-json\/wp\/v2\/media?parent=48663"}],"wp:term":[{"taxonomy":"product_cat","embeddable":true,"href":"https:\/\/vapotheque.ch\/de\/wp-json\/wp\/v2\/product_cat?post=48663"},{"taxonomy":"product_tag","embeddable":true,"href":"https:\/\/vapotheque.ch\/de\/wp-json\/wp\/v2\/product_tag?post=48663"}],"curies":[{"name":"wp","href":"https:\/\/api.w.org\/{rel}","templated":true}]}}