{"id":48649,"date":"2026-01-30T13:22:05","date_gmt":"2026-01-30T12:22:05","guid":{"rendered":"https:\/\/vapotheque.ch\/boutique\/geekvape-e100-pod-black-pack-x2\/"},"modified":"2026-01-30T13:22:05","modified_gmt":"2026-01-30T12:22:05","slug":"geekvape-e100-pod-black-pack-x2","status":"publish","type":"product","link":"https:\/\/vapotheque.ch\/de\/shop\/geekvape-e100-pod-black-pack-x2\/","title":{"rendered":"Geekvape &#8211; E100 Pod Black &#8211; Pack x2"},"content":{"rendered":"<h2 data-start=\"0\" data-end=\"59\">Geekvape &#8211; E100 Pod Black &#8211; Pack x2: E100 Aegis Eteno Pods<\/h2>\n<p data-start=\"60\" data-end=\"100\"><em data-start=\"60\" data-end=\"100\">Wechsle deinen Geschmack ohne Aufwand!<\/em><\/p>\n<p data-start=\"102\" data-end=\"395\">M\u00f6chten Sie die Freuden variieren, ohne jedes Mal zu entleeren, abzusp\u00fclen und aufzuladen? Die <strong>Geekvape &#8211; E100 Pod Black &#8211; Pack x2<\/strong> sind daf\u00fcr da. Speziell f\u00fcr die <strong data-start=\"273\" data-end=\"318\">E100 Aegis Eteno E-Zigarette von Geek Vape<\/strong> entwickelt, erm\u00f6glichen sie es Ihnen, im Handumdrehen von einer E-Liquid zur n\u00e4chsten zu wechseln.  <\/p>\n<hr data-start=\"397\" data-end=\"400\">\n<h3 data-start=\"402\" data-end=\"434\">Eine Kartusche, eine Sorte<\/h3>\n<p data-start=\"435\" data-end=\"691\">Fruchtig am Morgen, Gourmet am Nachmittag, frisch am Abend?<br data-start=\"494\" data-end=\"497\">Mit mehreren Pods zur Hand beh\u00e4ltst du <strong data-start=\"549\" data-end=\"584\">pro Kartusche einen eigenen Geschmack<\/strong> und verabschiedest dich vom chaotischen Mischen. Einfach abschneiden, f\u00fcllen, dampfen&#8230; und wie gew\u00fcnscht von vorne beginnen. <\/p>\n<hr data-start=\"693\" data-end=\"696\">\n<h3 data-start=\"698\" data-end=\"757\">Perfekte Kompatibilit\u00e4t mit P-Serien-Widerst\u00e4nden<\/h3>\n<p data-start=\"758\" data-end=\"1031\">Diese <strong data-start=\"786\" data-end=\"846\">Pods funktionieren ausschlie\u00dflich mit den P-Serie Coils von Geek Vape<\/strong>, die f\u00fcr ihre hervorragende Geschmacksrestitution und gro\u00dfz\u00fcgige Dampfproduktion bekannt sind. Egal, ob Sie eher ein unklarer RDL- oder DTL-Fan sind \u2013 die P-Series-Plattform wird Sie begeistern. <\/p>\n<hr data-start=\"1033\" data-end=\"1036\">\n<h3 data-start=\"1038\" data-end=\"1075\">\ufe0f Praktisch, solide und zuverl\u00e4ssig<\/h3>\n<p data-start=\"1076\" data-end=\"1308\">Getreu der Geek Vape-DNA ist die E100 Aegis Eteno Pod so konzipiert, dass sie langlebig ist und Ihren Alltag als Dampfer vereinfacht. Einfache Installation, sicherer Halt und intuitive Bedienung: Alles wird f\u00fcr einen stressfreien Vape erledigt. <\/p>\n","protected":false},"excerpt":{"rendered":"<p>Geekvape &#8211; E100 Pod Black &#8211; Pack x2: E100 Aegis Eteno Pods Wechsle deinen Geschmack ohne Aufwand! M\u00f6chten Sie die Freuden variieren, ohne jedes Mal zu entleeren, abzusp\u00fclen und aufzuladen? Die Geekvape &#8211; E100 Pod Black &#8211; Pack x2 sind daf\u00fcr da. Speziell f\u00fcr die E100 Aegis Eteno E-Zigarette von Geek Vape entwickelt, erm\u00f6glichen sie [&hellip;]<\/p>\n","protected":false},"featured_media":48647,"template":"","meta":{"_acf_changed":false},"product_cat":[408,422,416,469,1977],"product_tag":[],"class_list":{"0":"post-48649","1":"product","2":"type-product","3":"status-publish","4":"has-post-thumbnail","6":"product_brand-geekvape-de","7":"product_cat-lieferbar-innerhalb-von-24-stunden-de","8":"product_cat-verschiedenes-zubehor","9":"product_cat-zubehor","10":"product_cat-zubehor-pods","11":"product_cat-lagerraeumung","13":"first","14":"outofstock","15":"sale","16":"taxable","17":"shipping-taxable","18":"purchasable","19":"product-type-simple"},"acf":[],"jetpack_sharing_enabled":true,"_links":{"self":[{"href":"https:\/\/vapotheque.ch\/de\/wp-json\/wp\/v2\/product\/48649","targetHints":{"allow":["GET"]}}],"collection":[{"href":"https:\/\/vapotheque.ch\/de\/wp-json\/wp\/v2\/product"}],"about":[{"href":"https:\/\/vapotheque.ch\/de\/wp-json\/wp\/v2\/types\/product"}],"wp:featuredmedia":[{"embeddable":true,"href":"https:\/\/vapotheque.ch\/de\/wp-json\/wp\/v2\/media\/48647"}],"wp:attachment":[{"href":"https:\/\/vapotheque.ch\/de\/wp-json\/wp\/v2\/media?parent=48649"}],"wp:term":[{"taxonomy":"product_cat","embeddable":true,"href":"https:\/\/vapotheque.ch\/de\/wp-json\/wp\/v2\/product_cat?post=48649"},{"taxonomy":"product_tag","embeddable":true,"href":"https:\/\/vapotheque.ch\/de\/wp-json\/wp\/v2\/product_tag?post=48649"}],"curies":[{"name":"wp","href":"https:\/\/api.w.org\/{rel}","templated":true}]}}