{"id":48561,"date":"2026-01-21T13:08:30","date_gmt":"2026-01-21T12:08:30","guid":{"rendered":"https:\/\/vapotheque.ch\/boutique\/steam-train-traquero-24-ml-120-ml\/"},"modified":"2026-01-24T14:07:00","modified_gmt":"2026-01-24T13:07:00","slug":"steam-train-traquero-24-ml-120-ml","status":"publish","type":"product","link":"https:\/\/vapotheque.ch\/de\/shop\/steam-train-traquero-24-ml-120-ml\/","title":{"rendered":"Steam Train &#8211; Traquero 24 ml \/ 120 ml"},"content":{"rendered":"<h2 data-start=\"0\" data-end=\"73\">Dampflok \u2013 Traquero 24 ml \/ 120 ml: Mango &amp; Ananas<\/h2>\n<p data-start=\"75\" data-end=\"311\">Sofortiges Boarding in die Tropen!<br data-start=\"117\" data-end=\"120\">Mit <strong data-start=\"125\" data-end=\"137\">Traquero<\/strong> aus der Steam Train-Reihe schnallen Sie sich an: Gehen Sie auf eine Sonnenexplosion aus <strong data-start=\"223\" data-end=\"241\">saftiger Mango<\/strong> und <strong data-start=\"247\" data-end=\"266\">reifer Ananas<\/strong> \u2013 in einem Rezept, das so einfach wie s\u00fcchtig macht.<\/p>\n<p data-start=\"313\" data-end=\"633\">Hier gibt es keine unn\u00f6tigen Schnickschnack: nur das Wesentliche, perfekt gemeistert. Die samtige S\u00fc\u00dfe von Mango trifft auf die s\u00fc\u00dfe S\u00e4ure der Ananas und ergibt einen ultraausgewogenen, exotischen Cocktail, der nach Sommer, Strand und frisch gepresstem Obst riecht. Ein heller, durstl\u00f6schender und \u00e4u\u00dferst effektiver Vape.  <\/p>\n<hr data-start=\"635\" data-end=\"638\">\n<h3 data-start=\"640\" data-end=\"685\">Ein tropisches Rezept, bereit zum Start<\/h3>\n<p data-start=\"686\" data-end=\"757\">Traquero ist die Art von Mischung, die jedes Mal funktioniert:<\/p>\n<ul data-start=\"758\" data-end=\"899\">\n<li data-start=\"758\" data-end=\"787\">\n<p data-start=\"760\" data-end=\"787\">Gourmet und runde Mango<\/p>\n<\/li>\n<li data-start=\"788\" data-end=\"822\">\n<p data-start=\"790\" data-end=\"822\">Glitzernde und sonnige Ananas<\/p>\n<\/li>\n<li data-start=\"823\" data-end=\"899\">\n<p data-start=\"825\" data-end=\"899\">Ein frisches, nat\u00fcrliches und ultra-angenehmes ganzt\u00e4giges Fruchtsaft-Erlebnis<\/p>\n<\/li>\n<\/ul>\n<hr data-start=\"901\" data-end=\"904\">\n<h3 data-start=\"906\" data-end=\"940\">Konzentrierte Version, die verd\u00fcnnt werden soll<\/h3>\n<p data-start=\"941\" data-end=\"1201\">Diese <strong data-start=\"954\" data-end=\"979\">120-ml-Flasche Chubby Gorilla<\/strong> enth\u00e4lt <strong data-start=\"989\" data-end=\"1018\">24 ml stark verst\u00e4rkte Aromen<\/strong>, die bereits f\u00fcr eine optimale Verd\u00fcnnung nach der Verd\u00fcnnung eingezogen sind. Alles, was Sie tun m\u00fcssen, ist, Ihre PG\/VG-Basis und, falls n\u00f6tig, Ihre Nikotinbooster hinzuzuf\u00fcgen, um Ihr endg\u00fcltiges E-Liquid zum Dampfen bereit zu machen. <\/p>\n<p data-start=\"1203\" data-end=\"1326\">\u26a0\ufe0f <strong data-start=\"1206\" data-end=\"1221\">Vorsicht:<\/strong><br data-start=\"1221\" data-end=\"1224\">Es ist ein <strong data-start=\"1239\" data-end=\"1258\">konzentrierter Geschmack<\/strong>, sowieso nicht abababel.<br data-start=\"1284\" data-end=\"1287\">Verd\u00fcnnung vor der Anwendung erforderlich.<\/p>\n<p>&nbsp;<\/p>\n<h3>Helfen Sie, Ihre Traquero E-Liquid zu steigern:<\/h3>\n<p>Wenn Sie Ihr Traquero erhalten, m\u00fcssen Sie die <a href=\"https:\/\/vapotheque.ch\/de\/kategorie\/diy-de\/boosters-diy-de\/\"><strong>Nikotinbooster<\/strong><\/a> (falls n\u00f6tig) sowie <strong><a href=\"https:\/\/vapotheque.ch\/de\/shop\/vapor-flavour-basis-30pg-70vg\/\">die PG\/VG-Basis<\/a><\/strong> hinzuf\u00fcgen, bevor Sie es dampfen k\u00f6nnen. Tats\u00e4chlich wird die erhaltene Flasche mit <strong>24 ml konzentriertem Aroma<\/strong> gef\u00fcllt. <\/p>\n<p>Ainsi, dans l&#8217;ordre, vous devrez rajouter <strong>en premier les boosters de nicotine<\/strong> n\u00e9cessaire <strong>puis la base PG\/VG<\/strong> pour finir de remplir la bouteille. Pour vous aider sur le nombre de <a href=\"https:\/\/vapotheque.ch\/de\/kategorie\/diy-de\/boosters-diy-de\/\"><strong>boosters de nicotine<\/strong><\/a> et la quantit\u00e9 de <strong><a href=\"https:\/\/vapotheque.ch\/de\/shop\/vapor-flavour-basis-30pg-70vg\/\">base PG\/VG<\/a><\/strong> n\u00e9cessaires, ci-dessous, vous trouverez quelques exemples : <\/p>\n<ul>\n<li>F\u00fcr 3 mg\/ml Nikotin m\u00fcssen Sie 2x <a href=\"https:\/\/vapotheque.ch\/de\/kategorie\/diy-de\/boosters-diy-de\/\"><strong>Nikotinbooster<\/strong><\/a> und 1x 100 ml <strong><a href=\"https:\/\/vapotheque.ch\/de\/shop\/vapor-flavour-basis-30pg-70vg\/\">Base 30 PG \/ 70 VG bestellen.<\/a><\/strong> Sie gie\u00dfen Ihren Booster in die Flasche mit E-Liquid und f\u00fcllen dann die Flasche mit der PG \/ VG \/ VG-Basis auf. <\/li>\n<li>F\u00fcr 6 mg\/ml Nikotin m\u00fcssen Sie 4x <a href=\"https:\/\/vapotheque.ch\/de\/kategorie\/diy-de\/boosters-diy-de\/\"><strong>Nikotinbooster<\/strong><\/a> und 1x 100 ml <strong><a href=\"https:\/\/vapotheque.ch\/de\/shop\/vapor-flavour-basis-30pg-70vg\/\">30 PG\/70 VG Base<\/a><\/strong> bestellen. Sie gie\u00dfen Ihren Booster in die Flasche mit E-Liquid und f\u00fcllen dann die Flasche mit der PG \/ VG \/ VG-Basis auf. <\/li>\n<li>F\u00fcr 9 mg\/ml m\u00fcssen Sie 6x <a href=\"https:\/\/vapotheque.ch\/de\/kategorie\/diy-de\/boosters-diy-de\/\"><strong>Nikotinbooster<\/strong><\/a> und 1x 100 ml <strong><a href=\"https:\/\/vapotheque.ch\/de\/shop\/vapor-flavour-basis-30pg-70vg\/\">Base 30 PG \/ 70 VG bestellen.<\/a><\/strong> Sie gie\u00dfen Ihren Booster in die Flasche mit E-Liquid und f\u00fcllen dann die Flasche mit der PG \/ VG \/ VG-Basis auf. <\/li>\n<\/ul>\n<p><strong>Und so weiter bis zum maximalen Volumen der Flasche.<\/strong><\/p>\n<p><strong>Wenn nach dem F\u00fcllen der Flasche noch etwas vom Boden \u00fcbrig ist, denken Sie daran, ihn vor Licht gesch\u00fctzt und bei Raumtemperatur aufzubewahren. Sie k\u00f6nnen es bei Ihrer n\u00e4chsten Bestellung verwenden. <\/strong><\/p>\n<p>Wichtig: Aromakonzentrat 24 ml, verkauft in einer 120-ml-Flasche.<\/p>\n<p class=\"class-fabrication\">Hergestellt in Griechenland; Dosierung: 100% PG.<\/p>\n<p>Entdecken Sie die anderen Produkte der Marke  <a href=\"..\/marque\/steam-train\/\" target=\"_blank\" rel=\"noopener\">Dampfzug<\/a>.<\/p>\n<p>Erhalten Sie Rabatte oder die neuesten Informationen zu Steam Train, indem Sie uns auf <a href=\"https:\/\/www.facebook.com\/VapeAigleCH\" target=\"_blank\" rel=\"noopener\">Facebook<\/a> oder <a href=\"https:\/\/www.instagram.com\/vapotheque\/\" target=\"_blank\" rel=\"noopener\">Instagram<\/a> folgen.<\/p>\n","protected":false},"excerpt":{"rendered":"<p>Dampflok \u2013 Traquero 24 ml \/ 120 ml: Mango &amp; Ananas Sofortiges Boarding in die Tropen!Mit Traquero aus der Steam Train-Reihe schnallen Sie sich an: Gehen Sie auf eine Sonnenexplosion aus saftiger Mango und reifer Ananas \u2013 in einem Rezept, das so einfach wie s\u00fcchtig macht. Hier gibt es keine unn\u00f6tigen Schnickschnack: nur das Wesentliche, [&hellip;]<\/p>\n","protected":false},"featured_media":48558,"template":"","meta":{"_acf_changed":false},"product_cat":[405,404,442,408,1682,1679],"product_tag":[],"class_list":{"0":"post-48561","1":"product","2":"type-product","3":"status-publish","4":"has-post-thumbnail","6":"product_brand-steam-train-de","7":"product_cat-e-liquids","8":"product_cat-fruchtig","9":"product_cat-hervorgehobene-produkte","10":"product_cat-lieferbar-innerhalb-von-24-stunden-de","11":"product_cat-24-ml-fur-120-ml","12":"product_cat-menge-e-flussigkeit-kapazitat-flasche","14":"first","15":"instock","16":"taxable","17":"shipping-taxable","18":"purchasable","19":"product-type-simple"},"acf":[],"jetpack_sharing_enabled":true,"_links":{"self":[{"href":"https:\/\/vapotheque.ch\/de\/wp-json\/wp\/v2\/product\/48561","targetHints":{"allow":["GET"]}}],"collection":[{"href":"https:\/\/vapotheque.ch\/de\/wp-json\/wp\/v2\/product"}],"about":[{"href":"https:\/\/vapotheque.ch\/de\/wp-json\/wp\/v2\/types\/product"}],"wp:featuredmedia":[{"embeddable":true,"href":"https:\/\/vapotheque.ch\/de\/wp-json\/wp\/v2\/media\/48558"}],"wp:attachment":[{"href":"https:\/\/vapotheque.ch\/de\/wp-json\/wp\/v2\/media?parent=48561"}],"wp:term":[{"taxonomy":"product_cat","embeddable":true,"href":"https:\/\/vapotheque.ch\/de\/wp-json\/wp\/v2\/product_cat?post=48561"},{"taxonomy":"product_tag","embeddable":true,"href":"https:\/\/vapotheque.ch\/de\/wp-json\/wp\/v2\/product_tag?post=48561"}],"curies":[{"name":"wp","href":"https:\/\/api.w.org\/{rel}","templated":true}]}}