{"id":48511,"date":"2026-01-20T13:27:50","date_gmt":"2026-01-20T12:27:50","guid":{"rendered":"https:\/\/vapotheque.ch\/boutique\/montreal-original-british-classic-10-ml-20-mg-ml-nikotinsalze\/"},"modified":"2026-01-20T13:27:50","modified_gmt":"2026-01-20T12:27:50","slug":"montreal-original-british-classic-10-ml-20-mg-ml-nikotinsalze","status":"publish","type":"product","link":"https:\/\/vapotheque.ch\/de\/shop\/montreal-original-british-classic-10-ml-20-mg-ml-nikotinsalze\/","title":{"rendered":"Montreal Original \u2013 British Classic 10 ml &#8211; 20 mg\/ml Nikotinsalze"},"content":{"rendered":"<h2 data-start=\"0\" data-end=\"60\">Montreal Original \u2013 British Classic 10 ml &#8211; 20 mg\/ml Nikotinsalze<\/h2>\n<p data-start=\"61\" data-end=\"131\"><strong data-start=\"61\" data-end=\"131\">Britischer Schleim in einer weichen Version&#8230; aber \u00e4u\u00dferst effektiv<\/strong><\/p>\n<p data-start=\"133\" data-end=\"574\">Mit dem <strong data-start=\"141\" data-end=\"165\">British Classic Salt<\/strong> nimmt Montreal Original den Frock Coat heraus, richtet die Krawatte und l\u00e4dt dich zu einem stilvollen Vape ein. Hier gibt es keine auff\u00e4llige Demonstration oder Geschmack, die zu laut schreit: Wir sind auf einem <strong data-start=\"350\" data-end=\"397\">hellblonden Klassiker, rund, subtil s\u00fc\u00df<\/strong>, perfekt ausbalanciert, wie ein schwarzer Tee bei der richtigen Temperatur. Ein ruhiges, raffiniertes Rezept, ideal f\u00fcr einen t\u00e4glichen Vape von Sonnenaufgang bis Sonnenuntergang, ohne jemals langweilig zu werden.  <\/p>\n<p data-start=\"576\" data-end=\"882\">In <strong data-start=\"587\" data-end=\"607\">der Nikotinsalz-Version<\/strong> ist dieser British Classic noch angenehmer: Die Aufnahme ist schneller, das Gef\u00fchl im Hals weicher und die Befriedigung noch besser. Sofort. Perfekt f\u00fcr diejenigen, die effektives, nicht-aggressives Nikotin und einen reibungslosen \u00dcbergang vom Rauchen w\u00fcnschen. <\/p>\n<hr data-start=\"884\" data-end=\"887\">\n<h2 data-start=\"889\" data-end=\"945\">\ufe0f Die Salzversion: Weichheit, Effizienz und Gelassenheit<\/h2>\n<p data-start=\"947\" data-end=\"1005\">Dank <strong data-start=\"957\" data-end=\"977\">der Nikotinsalze<\/strong> bietet dieser British Classic:<\/p>\n<ul data-start=\"1007\" data-end=\"1208\">\n<li data-start=\"1007\" data-end=\"1075\">\n<p data-start=\"1009\" data-end=\"1075\">Ein <strong data-start=\"1012\" data-end=\"1042\">runderer und sanfterer Zug<\/strong> als ein klassisches Nikotin<\/p>\n<\/li>\n<li data-start=\"1076\" data-end=\"1127\">\n<p data-start=\"1078\" data-end=\"1127\"><strong data-start=\"1082\" data-end=\"1110\">Schnellere Aufnahme<\/strong> von Nikotin<\/p>\n<\/li>\n<li data-start=\"1128\" data-end=\"1208\">\n<p data-start=\"1130\" data-end=\"1208\">Ein idealer Vape f\u00fcr <strong data-start=\"1155\" data-end=\"1174\">ehemalige Raucher<\/strong> oder Liebhaber von engen Z\u00fcgen<\/p>\n<\/li>\n<\/ul>\n<p data-start=\"1210\" data-end=\"1408\">Das Ergebnis: ein Gef\u00fchl, das Zigaretten \u00e4hnelt, aber viel seidiger, ohne einen unangenehmen Anstieg im Hals. Das Nikotin erf\u00fcllt seine Funktion, w\u00e4hrend der Klassiker leise seine Rundheit entfaltet. <\/p>\n<hr data-start=\"1410\" data-end=\"1413\">\n<h2 data-start=\"1415\" data-end=\"1465\">Umkehrosmose: Englische Pr\u00e4zision<\/h2>\n<p data-start=\"1467\" data-end=\"1707\">Wie die gesamte Montreal Original-Reihe profitiert dieses British Classic Salt vom <strong data-start=\"1552\" data-end=\"1570\">Reverseosmose-Prozess<\/strong>, einer hochmodernen Technologie, die die Aromen von Tabak mit \u00e4u\u00dferster Pr\u00e4zision extrahiert, ohne Verunreinigungen oder unerw\u00fcnschte R\u00fcckst\u00e4nde.<\/p>\n<p data-start=\"1709\" data-end=\"1721\">Das Ergebnis:<\/p>\n<ul data-start=\"1722\" data-end=\"1888\">\n<li data-start=\"1722\" data-end=\"1770\">\n<p data-start=\"1724\" data-end=\"1770\"><strong data-start=\"1727\" data-end=\"1768\">Sauberer, frischer und realistischer Tabakgeschmack<\/strong><\/p>\n<\/li>\n<li data-start=\"1771\" data-end=\"1808\">\n<p data-start=\"1773\" data-end=\"1808\">Ein <strong data-start=\"1782\" data-end=\"1790\">reiner<\/strong> Vape, ohne Sucralose<\/p>\n<\/li>\n<li data-start=\"1809\" data-end=\"1888\">\n<p data-start=\"1811\" data-end=\"1888\">Eine getreue und elegante Reproduktion, perfekt f\u00fcr einen <strong data-start=\"1864\" data-end=\"1888\">ganzt\u00e4gigen Charakter<\/strong><\/p>\n<\/li>\n<\/ul>\n<hr data-start=\"1890\" data-end=\"1893\">\n<h2 data-start=\"1895\" data-end=\"1947\">Welches Material, um es wie ein Lord zu genie\u00dfen?<\/h2>\n<p data-start=\"1949\" data-end=\"2070\">Erh\u00e4ltlich in <strong data-start=\"1963\" data-end=\"1975\">10 mg\/ml<\/strong> und <strong data-start=\"1979\" data-end=\"1991\">20 mg\/ml<\/strong>, ist British Classic Salt f\u00fcr einen <strong data-start=\"2044\" data-end=\"2064\">Dampfer mit niedriger Potenz<\/strong> konzipiert, in:<\/p>\n<ul data-start=\"2072\" data-end=\"2190\">\n<li data-start=\"2072\" data-end=\"2106\">\n<p data-start=\"2074\" data-end=\"2106\"><strong data-start=\"2074\" data-end=\"2104\">MTL (indirekte Inhalation)<\/strong><\/p>\n<\/li>\n<li data-start=\"2107\" data-end=\"2147\">\n<p data-start=\"2109\" data-end=\"2147\">Dichter Zug, fast wie eine Zigarette<\/p>\n<\/li>\n<li data-start=\"2148\" data-end=\"2190\">\n<p data-start=\"2150\" data-end=\"2190\">Empfohlene Coils: <strong data-start=\"2177\" data-end=\"2190\">\u2265 0,8 Ohm<\/strong><\/p>\n<\/li>\n<\/ul>\n<p data-start=\"2192\" data-end=\"2312\">Es gedeiht auf geschmacksorientierte Pods und Clearomizer f\u00fcr einen geschmeidigen, pr\u00e4zisen und \u00e4u\u00dferst befriedigenden Vape.<\/p>\n<hr data-start=\"2314\" data-end=\"2317\">\n<h2 data-start=\"2319\" data-end=\"2341\">Merkmale<\/h2>\n<ul data-start=\"2343\" data-end=\"2661\">\n<li data-start=\"2343\" data-end=\"2384\">\n<p data-start=\"2345\" data-end=\"2384\"><strong data-start=\"2352\" data-end=\"2361\">10-ml-Flasche<\/strong> in recycelbarer P.E.T.<\/p>\n<\/li>\n<li data-start=\"2385\" data-end=\"2409\">\n<p data-start=\"2387\" data-end=\"2409\"><strong data-start=\"2387\" data-end=\"2407\">Nikotinsalze<\/strong><\/p>\n<\/li>\n<li data-start=\"2410\" data-end=\"2449\">\n<p data-start=\"2412\" data-end=\"2449\">Rate: <strong data-start=\"2419\" data-end=\"2431\">10 mg\/ml<\/strong> oder <strong data-start=\"2435\" data-end=\"2447\">20 mg\/ml<\/strong><\/p>\n<\/li>\n<li data-start=\"2450\" data-end=\"2477\">\n<p data-start=\"2452\" data-end=\"2477\"><strong data-start=\"2458\" data-end=\"2475\">PG\/VG-Verh\u00e4ltnis: 50\/50<\/strong><\/p>\n<\/li>\n<li data-start=\"2478\" data-end=\"2526\">\n<p data-start=\"2480\" data-end=\"2526\">Geschmack: <strong data-start=\"2489\" data-end=\"2524\">klassisch blond, weich und ausgewogen.<\/strong><\/p>\n<\/li>\n<li data-start=\"2527\" data-end=\"2549\">\n<p data-start=\"2529\" data-end=\"2549\"><strong data-start=\"2529\" data-end=\"2547\">Ohne Sucralose<\/strong><\/p>\n<\/li>\n<li data-start=\"2550\" data-end=\"2592\">\n<p data-start=\"2552\" data-end=\"2592\">Durch <strong data-start=\"2572\" data-end=\"2590\">Umkehrosmose<\/strong> extrahierte Aromen<\/p>\n<\/li>\n<li data-start=\"2593\" data-end=\"2626\">\n<p data-start=\"2595\" data-end=\"2626\">In <strong data-start=\"2614\" data-end=\"2624\">Kanada<\/strong> entwickelte Geschmacksrichtungen<\/p>\n<\/li>\n<li data-start=\"2627\" data-end=\"2661\">\n<p data-start=\"2629\" data-end=\"2661\">E-Liquid in <strong data-start=\"2651\" data-end=\"2661\">Frankreich<\/strong> montiert<\/p>\n<\/li>\n<\/ul>\n<p>Entdecken Sie weitere Produkte der Marke <a href=\"..\/product_brand\/montreal-original\/\" target=\"_blank\" rel=\"noopener\">Montreal Original<\/a>.<\/p>\n<p>Erhalten Sie Rabatte oder die neuesten Informationen zu unseren Produkten, indem Sie uns in unseren sozialen Netzwerken folgen: <a href=\"https:\/\/www.facebook.com\/VapeAigleCH\" target=\"_blank\" rel=\"noopener\">Facebook<\/a> oder <a href=\"https:\/\/www.instagram.com\/vapotheque\/\" target=\"_blank\" rel=\"noopener\">Instagram<\/a>.<\/p>\n","protected":false},"excerpt":{"rendered":"<p>Montreal Original \u2013 British Classic 10 ml &#8211; 20 mg\/ml Nikotinsalze Britischer Schleim in einer weichen Version&#8230; aber \u00e4u\u00dferst effektiv Mit dem British Classic Salt nimmt Montreal Original den Frock Coat heraus, richtet die Krawatte und l\u00e4dt dich zu einem stilvollen Vape ein. Hier gibt es keine auff\u00e4llige Demonstration oder Geschmack, die zu laut schreit: [&hellip;]<\/p>\n","protected":false},"featured_media":48509,"template":"","meta":{"_acf_changed":false},"product_cat":[405,442,408,403,1629,1716],"product_tag":[],"class_list":{"0":"post-48511","1":"product","2":"type-product","3":"status-publish","4":"has-post-thumbnail","6":"product_brand-montreal-original-de","7":"product_cat-e-liquids","8":"product_cat-hervorgehobene-produkte","9":"product_cat-lieferbar-innerhalb-von-24-stunden-de","10":"product_cat-tabak","11":"product_cat-10-ml-mit-nikotin","12":"product_cat-10ml-790-de","14":"first","15":"instock","16":"taxable","17":"shipping-taxable","18":"purchasable","19":"product-type-simple"},"acf":[],"jetpack_sharing_enabled":true,"_links":{"self":[{"href":"https:\/\/vapotheque.ch\/de\/wp-json\/wp\/v2\/product\/48511","targetHints":{"allow":["GET"]}}],"collection":[{"href":"https:\/\/vapotheque.ch\/de\/wp-json\/wp\/v2\/product"}],"about":[{"href":"https:\/\/vapotheque.ch\/de\/wp-json\/wp\/v2\/types\/product"}],"wp:featuredmedia":[{"embeddable":true,"href":"https:\/\/vapotheque.ch\/de\/wp-json\/wp\/v2\/media\/48509"}],"wp:attachment":[{"href":"https:\/\/vapotheque.ch\/de\/wp-json\/wp\/v2\/media?parent=48511"}],"wp:term":[{"taxonomy":"product_cat","embeddable":true,"href":"https:\/\/vapotheque.ch\/de\/wp-json\/wp\/v2\/product_cat?post=48511"},{"taxonomy":"product_tag","embeddable":true,"href":"https:\/\/vapotheque.ch\/de\/wp-json\/wp\/v2\/product_tag?post=48511"}],"curies":[{"name":"wp","href":"https:\/\/api.w.org\/{rel}","templated":true}]}}