{"id":48507,"date":"2026-01-20T13:16:12","date_gmt":"2026-01-20T12:16:12","guid":{"rendered":"https:\/\/vapotheque.ch\/boutique\/montreal-original-british-classic-50-ml-70-ml\/"},"modified":"2026-01-20T13:16:12","modified_gmt":"2026-01-20T12:16:12","slug":"montreal-original-british-classic-50-ml-70-ml","status":"publish","type":"product","link":"https:\/\/vapotheque.ch\/de\/shop\/montreal-original-british-classic-50-ml-70-ml\/","title":{"rendered":"Montr\u00e9al Original &#8211; British Classic 50 ml \/ 70 ml"},"content":{"rendered":"<h2 data-start=\"0\" data-end=\"61\">Montr\u00e9al Original &#8211; British Classic 50 ml \/ 70 ml<\/h2>\n<p data-start=\"62\" data-end=\"139\"><strong data-start=\"62\" data-end=\"139\">Britischer Chic in einer Vape-Version, zwischen Eleganz, Sanftheit und Charakter<\/strong><\/p>\n<p data-start=\"141\" data-end=\"582\">Mit dem <strong>Montreal Original &#8211; British Classic 50 ml \/ 70 ml<\/strong> nimmt die ber\u00fchmte Marke die Porzellantasse heraus, zieht ihre sch\u00f6nste Harrington-Jacke an und serviert uns einen Klassiker von seltener Bedeutung. Hier gibt es keinen brutalen Tabak oder zu trockenen Geschmack: Wir haben eine <strong data-start=\"377\" data-end=\"420\">zarte, runde und leicht s\u00fc\u00dfe Mischung<\/strong>, alles in Finesse, die Sie vom ersten Kaffee am Morgen bis zum letzten Pint im Pub begleiten kann, einschlie\u00dflich nat\u00fcrlich der unvermeidlichen <strong data-start=\"569\" data-end=\"581\">Teezeit<\/strong>. <\/p>\n<p data-start=\"584\" data-end=\"852\">Ein echtes englisches <strong data-start=\"592\" data-end=\"603\">ganzt\u00e4giges Album<\/strong> , elegant, zeitlos, so britisch, so leicht zu lieben wie ein Oasis-Riff oder ein Refrain, den man ohne es zu merken summt. Ein ruhiger, beruhigender Vape, mit dieser kleinen zus\u00e4tzlichen Seele, die einen immer wieder dazu bringt, wieder zur\u00fcckzukommen. <\/p>\n<p data-start=\"854\" data-end=\"1209\">Um dieses Rezept zu verbessern, verwendet Montreal Original ein ultrafortschrittliches <strong data-start=\"922\" data-end=\"940\">Umkehrosmoseverfahren<\/strong> , das die aromatischen Molek\u00fcle mit chirurgischer Pr\u00e4zision ohne Verunreinigungen oder R\u00fcckst\u00e4nde extrahiert. Das Ergebnis: eine <strong data-start=\"1077\" data-end=\"1112\">ultrarealistische klassische Darstellung<\/strong>, sauber, scharf und vor allem <strong data-start=\"1138\" data-end=\"1156\">ohne Sucralose<\/strong>, sodass der Adel des Tabaks Raum bleibt. <\/p>\n<hr data-start=\"1211\" data-end=\"1214\">\n<h2 data-start=\"1216\" data-end=\"1267\">Wie kann man seinen Montreal Original &#8211; British Classic um 50 ml \/ 70 ml steigern?<\/h2>\n<p data-start=\"1269\" data-end=\"1327\">Der British Classic ist im <strong data-start=\"1303\" data-end=\"1323\">Shortfill-Format<\/strong> erh\u00e4ltlich:<\/p>\n<ul data-start=\"1328\" data-end=\"1474\">\n<li data-start=\"1328\" data-end=\"1397\">\n<p data-start=\"1330\" data-end=\"1397\"><strong data-start=\"1340\" data-end=\"1349\">70 ml<\/strong> Flasche mit <strong data-start=\"1360\" data-end=\"1369\">50 ml<\/strong> nikotinfreiem E-Liquid<\/p>\n<\/li>\n<li data-start=\"1398\" data-end=\"1474\">\n<p data-start=\"1400\" data-end=\"1474\">Vorhanden ist Platz, um bis zu <strong data-start=\"1434\" data-end=\"1448\">zwei Booster<\/strong> direkt in das Fl\u00e4schchen zu laden<\/p>\n<\/li>\n<\/ul>\n<p data-start=\"1476\" data-end=\"1495\">M\u00f6gliche Dosierungen:<\/p>\n<ul data-start=\"1497\" data-end=\"1584\">\n<li data-start=\"1497\" data-end=\"1540\">\n<p data-start=\"1499\" data-end=\"1540\">\u2795 <strong data-start=\"1501\" data-end=\"1514\">Eine Auffrischungsdosis<\/strong> \u2192 60 ml bei <strong data-start=\"1525\" data-end=\"1538\">3,3 mg\/ml<\/strong><\/p>\n<\/li>\n<li data-start=\"1541\" data-end=\"1584\">\n<p data-start=\"1543\" data-end=\"1584\">\u2795\u2795 <strong data-start=\"1546\" data-end=\"1560\">2 Auffrischungsdosen<\/strong> \u2192 70 ml bei <strong data-start=\"1571\" data-end=\"1584\">5,7 mg\/ml<\/strong><\/p>\n<\/li>\n<\/ul>\n<p data-start=\"1586\" data-end=\"1699\">Dampfst du in 0 mg? Kein Problem: Es ist allein k\u00f6stlich oder leicht ges\u00fc\u00dft mit etwas neutraler Basis. <\/p>\n<p data-start=\"1701\" data-end=\"1945\"><strong data-start=\"1704\" data-end=\"1722\">Gut zu wissen:<\/strong> Das Rezept ist <strong data-start=\"1738\" data-end=\"1760\">mit Aromen \u00fcberdosiert<\/strong> , um nach der Verd\u00fcnnung die gesamte F\u00fclle zu bewahren. Vermeiden Sie jedoch mehr als <strong data-start=\"1839\" data-end=\"1870\">2 Auffrischungsdosen oder 20 ml Base<\/strong>, da dieser perfekt dosierte britische Schleim etwas zu stark verd\u00fcnnt wird. <\/p>\n<hr data-start=\"1947\" data-end=\"1950\">\n<h2 data-start=\"1952\" data-end=\"1997\">Welche Ausr\u00fcstung f\u00fcr einen eleganten Vape?<\/h2>\n<p data-start=\"1999\" data-end=\"2139\">Mit seinem <strong data-start=\"2008\" data-end=\"2032\">50\/50 PG\/VG-Verh\u00e4ltnis<\/strong> ist der <strong>Montreal Original &#8211; British Classic 50 ml \/ 70 ml<\/strong> so vielseitig wie ein englischer Gentleman: in allen Situationen bequem.<\/p>\n<p data-start=\"2141\" data-end=\"2167\">Er dr\u00fcckt sich wunderbar aus:<\/p>\n<ul data-start=\"2169\" data-end=\"2282\">\n<li data-start=\"2169\" data-end=\"2220\">\n<p data-start=\"2171\" data-end=\"2220\">In <strong data-start=\"2174\" data-end=\"2181\">MTL<\/strong> f\u00fcr einen Vape in der N\u00e4he von Zigaretten<\/p>\n<\/li>\n<li data-start=\"2221\" data-end=\"2282\">\n<p data-start=\"2223\" data-end=\"2282\">in <strong data-start=\"2226\" data-end=\"2233\">RDL<\/strong> f\u00fcr einen etwas offeneren und schmackhafteren Zug<\/p>\n<\/li>\n<\/ul>\n<p data-start=\"2284\" data-end=\"2408\">Empfohlener Widerstand: <strong data-start=\"2313\" data-end=\"2337\">zwischen 0,6 und 1,2 Ohm<\/strong>, um die weichen und leicht s\u00fc\u00dfen Farbt\u00f6ne voll auszusch\u00f6pfen.<\/p>\n<hr data-start=\"2410\" data-end=\"2413\">\n<h2 data-start=\"2415\" data-end=\"2441\">Produktinformationen<\/h2>\n<ul data-start=\"2443\" data-end=\"2781\">\n<li data-start=\"2443\" data-end=\"2487\">\n<p data-start=\"2445\" data-end=\"2487\"><strong data-start=\"2455\" data-end=\"2464\">70-ml-Flasche<\/strong> mit Kindersicherheit<\/p>\n<\/li>\n<li data-start=\"2488\" data-end=\"2531\">\n<p data-start=\"2490\" data-end=\"2531\"><strong data-start=\"2490\" data-end=\"2499\">50 ml<\/strong> E-Liquid, \u00fcberdosiert mit Aromen<\/p>\n<\/li>\n<li data-start=\"2532\" data-end=\"2570\">\n<p data-start=\"2534\" data-end=\"2570\"><strong data-start=\"2534\" data-end=\"2551\">Nikotinfrei<\/strong> (bereit zum Boost)<\/p>\n<\/li>\n<li data-start=\"2571\" data-end=\"2598\">\n<p data-start=\"2573\" data-end=\"2598\"><strong data-start=\"2579\" data-end=\"2596\">PG\/VG-Verh\u00e4ltnis: 50\/50<\/strong><\/p>\n<\/li>\n<li data-start=\"2599\" data-end=\"2646\">\n<p data-start=\"2601\" data-end=\"2646\">Geschmack: <strong data-start=\"2610\" data-end=\"2644\">klassisch mild, leicht s\u00fc\u00df<\/strong><\/p>\n<\/li>\n<li data-start=\"2647\" data-end=\"2669\">\n<p data-start=\"2649\" data-end=\"2669\"><strong data-start=\"2649\" data-end=\"2667\">Ohne Sucralose<\/strong><\/p>\n<\/li>\n<li data-start=\"2670\" data-end=\"2712\">\n<p data-start=\"2672\" data-end=\"2712\">Durch <strong data-start=\"2692\" data-end=\"2710\">Umkehrosmose<\/strong> extrahierte Aromen<\/p>\n<\/li>\n<li data-start=\"2713\" data-end=\"2746\">\n<p data-start=\"2715\" data-end=\"2746\">In <strong data-start=\"2734\" data-end=\"2744\">Kanada<\/strong> entwickelte Geschmacksrichtungen<\/p>\n<\/li>\n<li data-start=\"2747\" data-end=\"2781\">\n<p data-start=\"2749\" data-end=\"2781\">E-Liquid in <strong data-start=\"2771\" data-end=\"2781\">Frankreich<\/strong> montiert<\/p>\n<\/li>\n<\/ul>\n<p>&nbsp;<\/p>\n<p>Entdecken Sie weitere Produkte der Marke <a href=\"..\/product_brand\/montreal-original\/\" target=\"_blank\" rel=\"noopener\">Montreal Original<\/a>.<\/p>\n<p>Erhalten Sie Rabatte oder die neuesten Informationen zu unseren Produkten, indem Sie uns in unseren sozialen Netzwerken folgen: <a href=\"https:\/\/www.facebook.com\/VapeAigleCH\" target=\"_blank\" rel=\"noopener\">Facebook<\/a> oder <a href=\"https:\/\/www.instagram.com\/vapotheque\/\" target=\"_blank\" rel=\"noopener\">Instagram<\/a>.<\/p>\n","protected":false},"excerpt":{"rendered":"<p>Montr\u00e9al Original &#8211; British Classic 50 ml \/ 70 ml Britischer Chic in einer Vape-Version, zwischen Eleganz, Sanftheit und Charakter Mit dem Montreal Original &#8211; British Classic 50 ml \/ 70 ml nimmt die ber\u00fchmte Marke die Porzellantasse heraus, zieht ihre sch\u00f6nste Harrington-Jacke an und serviert uns einen Klassiker von seltener Bedeutung. Hier gibt es [&hellip;]<\/p>\n","protected":false},"featured_media":48504,"template":"","meta":{"_acf_changed":false},"product_cat":[405,442,403,1686,1679],"product_tag":[],"class_list":{"0":"post-48507","1":"product","2":"type-product","3":"status-publish","4":"has-post-thumbnail","6":"product_brand-montreal-original-de","7":"product_cat-e-liquids","8":"product_cat-hervorgehobene-produkte","9":"product_cat-tabak","10":"product_cat-50-ml-fur-70-ml","11":"product_cat-menge-e-flussigkeit-kapazitat-flasche","13":"first","14":"instock","15":"taxable","16":"shipping-taxable","17":"purchasable","18":"product-type-simple"},"acf":[],"jetpack_sharing_enabled":true,"_links":{"self":[{"href":"https:\/\/vapotheque.ch\/de\/wp-json\/wp\/v2\/product\/48507","targetHints":{"allow":["GET"]}}],"collection":[{"href":"https:\/\/vapotheque.ch\/de\/wp-json\/wp\/v2\/product"}],"about":[{"href":"https:\/\/vapotheque.ch\/de\/wp-json\/wp\/v2\/types\/product"}],"wp:featuredmedia":[{"embeddable":true,"href":"https:\/\/vapotheque.ch\/de\/wp-json\/wp\/v2\/media\/48504"}],"wp:attachment":[{"href":"https:\/\/vapotheque.ch\/de\/wp-json\/wp\/v2\/media?parent=48507"}],"wp:term":[{"taxonomy":"product_cat","embeddable":true,"href":"https:\/\/vapotheque.ch\/de\/wp-json\/wp\/v2\/product_cat?post=48507"},{"taxonomy":"product_tag","embeddable":true,"href":"https:\/\/vapotheque.ch\/de\/wp-json\/wp\/v2\/product_tag?post=48507"}],"curies":[{"name":"wp","href":"https:\/\/api.w.org\/{rel}","templated":true}]}}