{"id":48505,"date":"2026-01-20T13:04:47","date_gmt":"2026-01-20T12:04:47","guid":{"rendered":"https:\/\/vapotheque.ch\/boutique\/montreal-original-menthe-verte-50-ml-70-ml\/"},"modified":"2026-04-01T15:34:03","modified_gmt":"2026-04-01T13:34:03","slug":"montreal-original-menthe-verte-50-ml-70-ml","status":"publish","type":"product","link":"https:\/\/vapotheque.ch\/de\/shop\/montreal-original-menthe-verte-50-ml-70-ml\/","title":{"rendered":"Montr\u00e9al Original &#8211; Menthe Verte 50 ml \/ 70 ml"},"content":{"rendered":"<h2 data-start=\"108\" data-end=\"164\">Montr\u00e9al Original &#8211; Menthe Verte 50 ml \/ 70 ml<\/h2>\n<p data-start=\"165\" data-end=\"250\"><strong data-start=\"165\" data-end=\"250\">Minze in ihrem sch\u00f6nsten Ausdruck, frisch, gr\u00fcn und intensiv aromatisch<\/strong><\/p>\n<p data-start=\"252\" data-end=\"613\">Mit seinem <strong>Montreal Original &#8211; Spearmint E-Liquid 50 ml \/ 70 ml<\/strong> verl\u00e4sst die ber\u00fchmte Marke f\u00fcr einen Moment die Welt der Klassiker, um uns einen 100 % pflanzlichen und tonischen Urlaub zu bieten. Hier gibt es keine polare K\u00e4lte, die alles auf ihrem Weg bet\u00e4ubt, sondern eine <strong data-start=\"477\" data-end=\"518\">nat\u00fcrliche, lebendige und krautige Frische<\/strong>, als w\u00fcrde man ein gerade im Garten gepfl\u00fccktes Minzblatt zwischen den Fingern zerkn\u00fcllen. <\/p>\n<p data-start=\"615\" data-end=\"928\">Jeder Zug enth\u00fcllt eine authentische, leicht s\u00fc\u00dfe, ultraduftende Minze mit diesem kleinen Chlorophyll-Aspekt, der die Geschmacksknospen weckt und den Gaumen reinigt. Ein erfrischender, eleganter und ausgewogener Vape, perfekt den <strong data-start=\"839\" data-end=\"850\">ganzen Tag<\/strong> f\u00fcr alle, die Frische lieben&#8230; Aber das Wahre, das Nat\u00fcrliche, das Subtile. <\/p>\n<p data-start=\"930\" data-end=\"1107\">Hier angeboten in <strong data-start=\"945\" data-end=\"986\">einem 50-ml-Shortfill-Format, das bereit zum Boost<\/strong> ist, richtet sich die Spearmint sowohl an Liebhaber s\u00fc\u00dfer Menthol als auch an Liebhaber von offenen und realistischen gr\u00fcnen Geschmacksrichtungen.<\/p>\n<hr data-start=\"1109\" data-end=\"1112\">\n<h2 data-start=\"1114\" data-end=\"1174\">Wie kann man sein Montreal Original &#8211; Spearmint 50 ml \/ 70 ml steigern?<\/h2>\n<p data-start=\"1176\" data-end=\"1352\">Dieses E-Liquid ist in einer <strong data-start=\"1224\" data-end=\"1274\">75-ml-Flasche mit 50 ml nikotinfreier Fl\u00fcssigkeit<\/strong> verpackt, sodass Platz bleibt, um Ihre Booster hinzuzuf\u00fcgen (separat erh\u00e4ltlich):<\/p>\n<ul data-start=\"1354\" data-end=\"1451\">\n<li data-start=\"1354\" data-end=\"1401\">\n<p data-start=\"1356\" data-end=\"1401\">\u2795 <strong data-start=\"1358\" data-end=\"1371\">1 Auffrischungsdosierung<\/strong> \u2192 60 ml dosiert mit <strong data-start=\"1388\" data-end=\"1399\">3 mg\/ml<\/strong><\/p>\n<\/li>\n<li data-start=\"1402\" data-end=\"1451\">\n<p data-start=\"1404\" data-end=\"1451\">\u2795\u2795 <strong data-start=\"1407\" data-end=\"1421\">2 Auffrischungsdosen<\/strong> \u2192 70 ml dosiert mit <strong data-start=\"1438\" data-end=\"1449\">6 mg\/ml<\/strong><\/p>\n<\/li>\n<\/ul>\n<p data-start=\"1453\" data-end=\"1541\">Dampfst du ohne Nikotin? Genie\u00dfe es so, wie es ist, oder kr\u00f6ne es mit etwas neutraler Basis ab. <\/p>\n<p data-start=\"1543\" data-end=\"1780\"><strong data-start=\"1546\" data-end=\"1564\">Gut zu wissen:<\/strong> Das Rezept ist absichtlich <strong data-start=\"1595\" data-end=\"1617\">mit Aromen \u00fcberdosiert<\/strong> , um nach der Verd\u00fcnnung die gesamte Intensit\u00e4t und Frische der Minze zu bewahren. Um ein perfektes Ergebnis zu erzielen, sollten Sie <strong data-start=\"1748\" data-end=\"1779\">nicht mehr als 2 Auffrischungsdosen oder 20 ml Base<\/strong> einnehmen. <\/p>\n<hr data-start=\"1782\" data-end=\"1785\">\n<h2 data-start=\"1787\" data-end=\"1836\">Welche Ausr\u00fcstung, um das voll auszunutzen?<\/h2>\n<p data-start=\"1838\" data-end=\"1925\">Mit seinem <strong data-start=\"1847\" data-end=\"1871\">PG\/VG-Verh\u00e4ltnis von 50\/50<\/strong> bietet Spearmint eine ausgezeichnete Balance zwischen:<\/p>\n<ul data-start=\"1927\" data-end=\"1996\">\n<li data-start=\"1927\" data-end=\"1954\">\n<p data-start=\"1929\" data-end=\"1954\">R\u00fcckgabe der Aromen<\/p>\n<\/li>\n<li data-start=\"1955\" data-end=\"1971\">\n<p data-start=\"1957\" data-end=\"1971\">Kehltreffer<\/p>\n<\/li>\n<li data-start=\"1972\" data-end=\"1996\">\n<p data-start=\"1974\" data-end=\"1996\">Dampfproduktion<\/p>\n<\/li>\n<\/ul>\n<p data-start=\"1998\" data-end=\"2228\">Sie passt f\u00fcr die \u00fcberwiegende Mehrheit der elektronischen Zigaretten.<br data-start=\"2060\" data-end=\"2063\">Um die frische und pflanzliche Seite zu sublimieren, empfehlen wir Coils zwischen <strong data-start=\"2140\" data-end=\"2158\">0,6 und 1,2 Ohm<\/strong>, ideal f\u00fcr einen <strong data-start=\"2182\" data-end=\"2189\">MTL<\/strong> &#8211; oder <strong data-start=\"2193\" data-end=\"2200\">RDL-Vape<\/strong>, pr\u00e4zise und geschmackvoll.<\/p>\n<hr data-start=\"2230\" data-end=\"2233\">\n<h2 data-start=\"2235\" data-end=\"2305\">Merkmale des Montreal Original \u2013 Menthe Verte 50 ml \/ 70 ml<\/h2>\n<ul>\n<li data-start=\"2307\" data-end=\"2372\">\n<p data-start=\"2309\" data-end=\"2372\"><strong data-start=\"2319\" data-end=\"2328\">75 ml<\/strong> recycelbare P.E.T.-Flasche mit Kindersicherung<\/p>\n<\/li>\n<li data-start=\"2373\" data-end=\"2416\">\n<p data-start=\"2375\" data-end=\"2416\"><strong data-start=\"2375\" data-end=\"2384\">50 ml<\/strong> E-Liquid, \u00fcberdosiert mit Aromen<\/p>\n<\/li>\n<li data-start=\"2417\" data-end=\"2455\">\n<p data-start=\"2419\" data-end=\"2455\"><strong data-start=\"2419\" data-end=\"2436\">Nikotinfrei<\/strong> (bereit zum Boost)<\/p>\n<\/li>\n<li data-start=\"2456\" data-end=\"2483\">\n<p data-start=\"2458\" data-end=\"2483\"><strong data-start=\"2464\" data-end=\"2481\">PG\/VG-Verh\u00e4ltnis: 50\/50<\/strong><\/p>\n<\/li>\n<li data-start=\"2484\" data-end=\"2539\">\n<p data-start=\"2486\" data-end=\"2539\">Geschmacksrichtungen: <strong data-start=\"2496\" data-end=\"2537\">frische Gr\u00fcnminze, krautige Noten<\/strong><\/p>\n<\/li>\n<li style=\"text-align: left;\" data-start=\"2542\" data-end=\"2588\">Hergestellt in <strong data-start=\"2554\" data-end=\"2564\">Kanada<\/strong> von Montreal Original<\/li>\n<\/ul>\n<p>Entdecken Sie weitere Produkte der Marke <a href=\"..\/product_brand\/montreal-original\/\" target=\"_blank\" rel=\"noopener\">Montreal Original<\/a>.<\/p>\n<p>Erhalten Sie Rabatte oder die neuesten Informationen zu unseren Produkten, indem Sie uns in unseren sozialen Netzwerken folgen: <a href=\"https:\/\/www.facebook.com\/VapeAigleCH\" target=\"_blank\" rel=\"noopener\">Facebook<\/a> oder <a href=\"https:\/\/www.instagram.com\/vapotheque\/\" target=\"_blank\" rel=\"noopener\">Instagram<\/a>.<\/p>\n","protected":false},"excerpt":{"rendered":"<p>Montr\u00e9al Original &#8211; Menthe Verte 50 ml \/ 70 ml Minze in ihrem sch\u00f6nsten Ausdruck, frisch, gr\u00fcn und intensiv aromatisch Mit seinem Montreal Original &#8211; Spearmint E-Liquid 50 ml \/ 70 ml verl\u00e4sst die ber\u00fchmte Marke f\u00fcr einen Moment die Welt der Klassiker, um uns einen 100 % pflanzlichen und tonischen Urlaub zu bieten. Hier [&hellip;]<\/p>\n","protected":false},"featured_media":48500,"template":"","meta":{"_acf_changed":false},"product_cat":[405,442,408,401,1686,1679],"product_tag":[],"class_list":{"0":"post-48505","1":"product","2":"type-product","3":"status-publish","4":"has-post-thumbnail","6":"product_brand-montreal-original-de","7":"product_cat-e-liquids","8":"product_cat-hervorgehobene-produkte","9":"product_cat-lieferbar-innerhalb-von-24-stunden-de","10":"product_cat-minze","11":"product_cat-50-ml-fur-70-ml","12":"product_cat-menge-e-flussigkeit-kapazitat-flasche","14":"first","15":"instock","16":"taxable","17":"shipping-taxable","18":"purchasable","19":"product-type-simple"},"acf":[],"jetpack_sharing_enabled":true,"_links":{"self":[{"href":"https:\/\/vapotheque.ch\/de\/wp-json\/wp\/v2\/product\/48505","targetHints":{"allow":["GET"]}}],"collection":[{"href":"https:\/\/vapotheque.ch\/de\/wp-json\/wp\/v2\/product"}],"about":[{"href":"https:\/\/vapotheque.ch\/de\/wp-json\/wp\/v2\/types\/product"}],"wp:featuredmedia":[{"embeddable":true,"href":"https:\/\/vapotheque.ch\/de\/wp-json\/wp\/v2\/media\/48500"}],"wp:attachment":[{"href":"https:\/\/vapotheque.ch\/de\/wp-json\/wp\/v2\/media?parent=48505"}],"wp:term":[{"taxonomy":"product_cat","embeddable":true,"href":"https:\/\/vapotheque.ch\/de\/wp-json\/wp\/v2\/product_cat?post=48505"},{"taxonomy":"product_tag","embeddable":true,"href":"https:\/\/vapotheque.ch\/de\/wp-json\/wp\/v2\/product_tag?post=48505"}],"curies":[{"name":"wp","href":"https:\/\/api.w.org\/{rel}","templated":true}]}}