{"id":48411,"date":"2026-01-07T11:56:24","date_gmt":"2026-01-07T10:56:24","guid":{"rendered":"https:\/\/vapotheque.ch\/boutique\/vapor-flavour-booster-nicotine-20-mg-ml-10-ml\/"},"modified":"2026-02-06T10:49:16","modified_gmt":"2026-02-06T09:49:16","slug":"vapor-flavour-booster-nicotine-20-mg-ml-10-ml","status":"publish","type":"product","link":"https:\/\/vapotheque.ch\/de\/shop\/vapor-flavour-booster-nicotine-20-mg-ml-10-ml\/","title":{"rendered":"Vapor Flavour &#8211; Booster Nicotine 20 mg\/ml &#8211; 10 ml"},"content":{"rendered":"<h2>Vapor Flavor Booster Nikotin 10 ml in 20 mg\/ml: <strong>Top-Qualit\u00e4t, keine Kompromisse!<\/strong><\/h2>\n<p><b>Der Vapor Flavor Booster Nicotine 20 mg\/ml &#8211; 10 ml<\/b> bietet Ihnen 20 mg\/ml reines Nikotin, ausgewogen mit perfekt optimierten Verh\u00e4ltnissen von <strong>50 % Propylenglykol (PG)<\/strong> und <strong>50 % pflanzlichem Glycerin (VG).<\/strong> Dieser Booster ist die perfekte Wahl, um deine <strong>DIY-Mischungen<\/strong> zu bereichern und Fl\u00fcssigkeiten mit einer pr\u00e4zisen Dosis Nikotin zu <strong>f\u00fcllen<\/strong>. <\/p>\n<h3><strong>VaporFlavour\u2122 Nikotin-Booster &#8211; Entspricht dem neuen Schweizer Tabakgesetz!<\/strong><\/h3>\n<p>Bei <strong>VaporFlavour\u2122<\/strong> war es schon immer unsere Mission, hervorragende Produkte zu liefern, und unsere neuen <strong>Nikotin-Booster<\/strong> sind keine Ausnahme. Diese Booster entsprechen den neuesten Anforderungen des <strong>Schweizer Tabakgesetzes<\/strong> und werden mit dem <strong>reinsten Nikotin<\/strong> und einer ultra-leistungsstarken <strong>Premium-Basis<\/strong> hergestellt, um ein unvergleichliches Dampferlebnis zu garantieren. <\/p>\n<h3><strong>Warum sollten Sie sich f\u00fcr unsere Booster entscheiden?<\/strong><\/h3>\n<p>Es ist nicht nur eine Frage der Legalit\u00e4t. Wir sind der festen \u00dcberzeugung, dass <strong>Qualit\u00e4t<\/strong> und <strong>Sicherheit<\/strong> Hand in Hand gehen. Wenn unsere Preise etwas h\u00f6her als die der Konkurrenz erscheinen, dann liegt das daran, dass wir uns weigern, an der Qualit\u00e4t zu sparen. Mit <strong>VaporFlavour\u2122<\/strong> k\u00f6nnen Sie sicher sein, dass Sie Ihren Kunden <strong>das Beste auf dem Markt<\/strong> bieten, in Bezug auf Reinheit, Konsistenz und Leistung.   <\/p>\n<h3><strong>Kontrolliertes und sicheres Dampfen<\/strong><\/h3>\n<p>Unsere <strong>Booster<\/strong> sind so konzipiert, dass sie sich perfekt in jedes E-Liquid einf\u00fcgen und einen Nikotingehalt bieten, der den Bed\u00fcrfnissen jedes Einzelnen entspricht, und das alles in \u00dcbereinstimmung mit den <strong>neuen Schweizer Standards<\/strong>. Verabschieden Sie sich von Kompromissen und setzen Sie auf Sicherheit, Transparenz und die hohe Qualit\u00e4t unserer Produkte. <\/p>\n<h3><strong>Hauptmerkmale :<\/strong><\/h3>\n<ul>\n<li><strong>Hochwertiges Nikotin<\/strong> gem\u00e4\u00df den Schweizer Standards<\/li>\n<li><strong>Premium-Basis<\/strong> f\u00fcr ein sanftes und ausgewogenes Dampfen<\/li>\n<li>Geeignet f\u00fcr alle Arten von E-Liquids<\/li>\n<li>Hergestellt aus sorgf\u00e4ltig ausgew\u00e4hlten Zutaten f\u00fcr eine <strong>optimale Erfahrung<\/strong><\/li>\n<li><strong>Qualit\u00e4tsgarantie VaporFlavour\u2122<\/strong><\/li>\n<\/ul>\n<p>Entscheiden Sie sich f\u00fcr Sicherheit, Qualit\u00e4t und Zuverl\u00e4ssigkeit mit den <strong>VaporFlavour\u2122-Boostern<\/strong>. Ihre Kunden verdienen es und Sie auch! <\/p>\n<h3><strong>Wie viele Booster ben\u00f6tigen Sie?<\/strong><\/h3>\n<p>F\u00fcr eine <strong>50 ml E-Liquid <\/strong>: <\/p>\n<p>Gib <strong>1 Booster mit 10 ml<\/strong> Nikotin bei 18 mg\/ml hinzu, um <strong>3 mg\/ml<\/strong> Nikotin zu erhalten, oder <strong>2 Booster,<\/strong> um <strong>6 mg\/ml<\/strong> zu erreichen.<\/p>\n<p>F\u00fcr eine <strong>100 ml <\/strong>E-Liquid:<\/p>\n<p>F\u00fcgen Sie <strong>2 Booster mit 10 ml<\/strong> Nikotin bei 18 mg\/ml hinzu, um <strong>3 mg\/ml<\/strong> zu erreichen, und <strong>5 Booster,<\/strong> um <strong>6 mg\/ml<\/strong> zu erreichen.<\/p>\n<p>Diese Dosierungen erm\u00f6glichen es Ihnen, Ihren Nikotinspiegel anzupassen und gleichzeitig ein gutes Gleichgewicht f\u00fcr einen optimalen Vape zu erhalten.<\/p>\n<p>Sehen Sie sich auch andere Produkte der Marke <a href=\"..\/marque\/vapor-flavour\/\" target=\"_blank\" rel=\"noopener\">Vapor Flavour<\/a> an.<\/p>\n<p>Erhalten Sie Rabatte oder die neuesten Informationen zu unseren anderen Produkten, die im Gesch\u00e4ft erh\u00e4ltlich sind, indem Sie uns in unseren sozialen Netzwerken folgen: <a href=\"https:\/\/www.facebook.com\/VapeAigleCH\" target=\"_blank\" rel=\"noopener\">Facebook<\/a> oder <a href=\"https:\/\/www.instagram.com\/vapotheque\/\" target=\"_blank\" rel=\"noopener\">Instagram.<\/a><\/p>\n","protected":false},"excerpt":{"rendered":"<p>Vapor Flavor Booster Nikotin 10 ml in 20 mg\/ml: Top-Qualit\u00e4t, keine Kompromisse! Der Vapor Flavor Booster Nicotine 20 mg\/ml &#8211; 10 ml bietet Ihnen 20 mg\/ml reines Nikotin, ausgewogen mit perfekt optimierten Verh\u00e4ltnissen von 50 % Propylenglykol (PG) und 50 % pflanzlichem Glycerin (VG). Dieser Booster ist die perfekte Wahl, um deine DIY-Mischungen zu bereichern [&hellip;]<\/p>\n","protected":false},"featured_media":48409,"template":"","meta":{"_acf_changed":false},"product_cat":[443,442,408,498],"product_tag":[],"class_list":{"0":"post-48411","1":"product","2":"type-product","3":"status-publish","4":"has-post-thumbnail","6":"product_brand-vapor-flavour-de","7":"product_cat-diy-de","8":"product_cat-hervorgehobene-produkte","9":"product_cat-lieferbar-innerhalb-von-24-stunden-de","10":"product_cat-boosters-diy-de","12":"first","13":"instock","14":"taxable","15":"shipping-taxable","16":"purchasable","17":"product-type-simple"},"acf":[],"jetpack_sharing_enabled":true,"_links":{"self":[{"href":"https:\/\/vapotheque.ch\/de\/wp-json\/wp\/v2\/product\/48411","targetHints":{"allow":["GET"]}}],"collection":[{"href":"https:\/\/vapotheque.ch\/de\/wp-json\/wp\/v2\/product"}],"about":[{"href":"https:\/\/vapotheque.ch\/de\/wp-json\/wp\/v2\/types\/product"}],"wp:featuredmedia":[{"embeddable":true,"href":"https:\/\/vapotheque.ch\/de\/wp-json\/wp\/v2\/media\/48409"}],"wp:attachment":[{"href":"https:\/\/vapotheque.ch\/de\/wp-json\/wp\/v2\/media?parent=48411"}],"wp:term":[{"taxonomy":"product_cat","embeddable":true,"href":"https:\/\/vapotheque.ch\/de\/wp-json\/wp\/v2\/product_cat?post=48411"},{"taxonomy":"product_tag","embeddable":true,"href":"https:\/\/vapotheque.ch\/de\/wp-json\/wp\/v2\/product_tag?post=48411"}],"curies":[{"name":"wp","href":"https:\/\/api.w.org\/{rel}","templated":true}]}}