{"id":48159,"date":"2025-12-10T10:58:13","date_gmt":"2025-12-10T09:58:13","guid":{"rendered":"https:\/\/vapotheque.ch\/boutique\/mintaia-mint-50-ml-70-ml\/"},"modified":"2025-12-10T10:58:13","modified_gmt":"2025-12-10T09:58:13","slug":"mintaia-mint-50-ml-70-ml","status":"publish","type":"product","link":"https:\/\/vapotheque.ch\/de\/shop\/mintaia-mint-50-ml-70-ml\/","title":{"rendered":"Minta\u00efa &#8211; Mint 50 ml \/ 70 ml"},"content":{"rendered":"<h2 data-start=\"258\" data-end=\"349\">\u2744\ufe0f <strong data-start=\"263\" data-end=\"347\">Minta\u00efa E-Liquid \u2013 Mint 50 ml \/ 70 ml: die Minz-Version absoluter Freude<\/strong><\/h2>\n<p data-start=\"351\" data-end=\"751\">Vergiss die sch\u00fcchterne und diskrete Minze: Hier hat Mint beschlossen, ihre sch\u00f6nste Fleecejacke herauszuholen und dich wie nie zuvor zu erfrischen.<br data-start=\"493\" data-end=\"496\"><strong>Minta\u00efa \u2013 Mint 50 ml \/ 70 ml<\/strong> ist die perfekte Verbindung zwischen einer weichen, leicht s\u00fc\u00dfen Minze und einer frostigen Welle, die deinen Gaumen kitzelt, ohne dich jemals anzugreifen. Ein Vape, der sauber, frisch, gr\u00fcn riecht, kurz gesagt&#8230; einfaches Gl\u00fcck in seinem fl\u00fcssigen Zustand. <\/p>\n<p data-start=\"753\" data-end=\"967\">M\u00f6chten Sie eine Cloud, die Ihre Ideen wieder an ihren Platz bringt?<br data-start=\"805\" data-end=\"808\">Brauchen Sie einen ganzt\u00e4gigen Ausflug, der so leicht ist wie eine frische Luft?<br data-start=\"866\" data-end=\"869\">Minta\u00efa Mint \u00f6ffnet die T\u00fcr zu einem Mentholgarten, in dem alles Frische und Ruhe ausstrahlt.<\/p>\n<hr data-start=\"969\" data-end=\"972\">\n<h3 data-start=\"974\" data-end=\"1050\">\ufe0f <strong data-start=\"980\" data-end=\"1048\">Eine s\u00fc\u00dfe, s\u00fc\u00dfe, erfrischende Minze: die Gewinner-Trilogie<\/strong><\/h3>\n<p data-start=\"1052\" data-end=\"1171\">Die <strong data-start=\"1061\" data-end=\"1072\">Minta\u00efa-Reihe<\/strong> konzentriert sich auf einfache, aber \u00e4u\u00dferst effektive Vergn\u00fcgen, und diese Mint-Version erf\u00fcllt alle Kriterien:<\/p>\n<ul data-start=\"1173\" data-end=\"1385\">\n<li data-start=\"1173\" data-end=\"1216\">\n<p data-start=\"1175\" data-end=\"1216\">Eine <strong data-start=\"1179\" data-end=\"1195\">s\u00fc\u00dfe Minze<\/strong>, ohne Aggressivit\u00e4t.<\/p>\n<\/li>\n<li data-start=\"1217\" data-end=\"1286\">\n<p data-start=\"1219\" data-end=\"1286\">Ein <strong data-start=\"1222\" data-end=\"1245\">diskreter kleiner Zucker<\/strong>, gerade genug, um die Ecken abzurunden.<\/p>\n<\/li>\n<li data-start=\"1287\" data-end=\"1385\">\n<p data-start=\"1289\" data-end=\"1385\">Ein <strong data-start=\"1293\" data-end=\"1312\">glasiertes Finish<\/strong> , das sich erfrischt, ohne den Hals in einen industriellen Gefrierschrank zu verwandeln.<\/p>\n<\/li>\n<\/ul>\n<p data-start=\"1387\" data-end=\"1527\">Es ist sauber, ordentlich, frisch&#8230; Aber vor allem ist es <em data-start=\"1444\" data-end=\"1450\">sehr<\/em> angenehm, zu dampfen, egal ob nach einer Mahlzeit, beim Spaziergang oder den ganzen Tag.<\/p>\n<hr data-start=\"1529\" data-end=\"1532\">\n<h3 data-start=\"1534\" data-end=\"1624\"><strong data-start=\"1539\" data-end=\"1622\">50\/50 PG\/VG: das perfekte Gleichgewicht, egal wie deine elektronische Zigarette ist<\/strong><\/h3>\n<p data-start=\"1626\" data-end=\"1741\">Mit seinem <strong data-start=\"1635\" data-end=\"1660\">ausgewogenen 50\/50-Verh\u00e4ltnis<\/strong> verwendet die <strong>Minta\u00efa &#8211; Mint 50 ml \/ 70 ml<\/strong> Sahne auf den meisten Pods und E-Zigaretten:<\/p>\n<ul data-start=\"1743\" data-end=\"1830\">\n<li data-start=\"1743\" data-end=\"1768\">\n<p data-start=\"1745\" data-end=\"1768\">Gute Wiedergabe der Aromen<\/p>\n<\/li>\n<li data-start=\"1769\" data-end=\"1794\">\n<p data-start=\"1771\" data-end=\"1794\">Sch\u00f6nes Volumen Dampf<\/p>\n<\/li>\n<li data-start=\"1795\" data-end=\"1830\">\n<p data-start=\"1797\" data-end=\"1830\">Nahezu universelle Kompatibilit\u00e4t<\/p>\n<\/li>\n<\/ul>\n<p data-start=\"1832\" data-end=\"1896\">Du musst dein Leben nicht verkomplizieren: Diese Fl\u00fcssigkeit passt sich dir an.<\/p>\n<hr data-start=\"1898\" data-end=\"1901\">\n<h3 data-start=\"1903\" data-end=\"1970\">\u2795 <strong data-start=\"1907\" data-end=\"1968\">Shortfill 50 ml Ready to Boost: einfach, sauber, effektiv<\/strong><\/h3>\n<p data-start=\"1972\" data-end=\"2094\">In einer 70-ml-Flasche geliefert <strong>, kommt Mintaia &#8211; Mint 50 ml \/ 70 ml<\/strong> nikotinfrei an, aber bereit, Ihre Lieblingsbooster willkommen zu hei\u00dfen:<\/p>\n<h4 data-start=\"2096\" data-end=\"2129\">M\u00f6chtest du 3 mg\/ml?<\/h4>\n<p data-start=\"2130\" data-end=\"2199\">\u27a1\ufe0f F\u00fcge <strong data-start=\"2141\" data-end=\"2154\">1 Auffrischungsimpfung<\/strong> hinzu\u2192 du <strong data-start=\"2170\" data-end=\"2179\">60 ml<\/strong> perfekt dosiert bekommst.<\/p>\n<h4 data-start=\"2201\" data-end=\"2233\">Zielst du auf 6 mg\/ml?<\/h4>\n<p data-start=\"2234\" data-end=\"2322\">\u27a1\ufe0f Gib <strong data-start=\"2245\" data-end=\"2259\">2 Booster<\/strong> dazu\u2192 du das Fl\u00e4schchen mit <strong data-start=\"2289\" data-end=\"2298\">70 ml<\/strong> minziger Frische f\u00fcllst.<\/p>\n<h4 data-start=\"2324\" data-end=\"2358\">\u26aa Vapst du ohne Nikotin?<\/h4>\n<p data-start=\"2324\" data-end=\"2358\">\u27a1\ufe0f Dampfen Sie so, wie sie ist, oder verl\u00e4ngern Sie sie leicht mit einer PG\/VG-Neutralbasis.<\/p>\n<hr data-start=\"2433\" data-end=\"2436\">\n<h3 data-start=\"2438\" data-end=\"2496\"><strong data-start=\"2443\" data-end=\"2494\">Mit Aromen verst\u00e4rkt, um den ganzen Charakter zu bewahren<\/strong><\/h3>\n<p data-start=\"2498\" data-end=\"2659\">Da niemand einen faden Geschmack mag, ist diese Fl\u00fcssigkeit <strong data-start=\"2553\" data-end=\"2576\">mit Aromen \u00fcberladen<\/strong>.<br data-start=\"2577\" data-end=\"2580\">So kannst du deine Booster hinzuf\u00fcgen, ohne an Frische oder Intensit\u00e4t zu verlieren.<\/p>\n<blockquote data-start=\"2661\" data-end=\"2773\">\n<p data-start=\"2663\" data-end=\"2773\">Ein kleiner Tipp: Vermeiden Sie mehr als <strong data-start=\"2704\" data-end=\"2713\">20 ml<\/strong> (2 Booster oder Base), um die Minzmagie nicht zu verd\u00fcnnen.<\/p>\n<\/blockquote>\n<hr data-start=\"2775\" data-end=\"2778\">\n<h3 data-start=\"2780\" data-end=\"2831\"><strong data-start=\"2785\" data-end=\"2829\">Eigenschaften der <strong>Minta\u00efa &#8211; Mint 50 ml \/ 70 ml<\/strong> :<\/strong><\/h3>\n<ul data-start=\"2833\" data-end=\"3061\">\n<li data-start=\"2833\" data-end=\"2875\">\n<p data-start=\"2835\" data-end=\"2875\">\u2714\ufe0f 70 ml Flasche (PET, kindersicher)<\/p>\n<\/li>\n<li data-start=\"2876\" data-end=\"2917\">\n<p data-start=\"2878\" data-end=\"2917\">\u2714\ufe0f 50 ml E-Liquid mit Aromen<\/p>\n<\/li>\n<li data-start=\"2918\" data-end=\"2946\">\n<p data-start=\"2920\" data-end=\"2946\">\u2714\ufe0f PG\/VG-Verh\u00e4ltnis <strong data-start=\"2935\" data-end=\"2944\">50\/50<\/strong><\/p>\n<\/li>\n<li data-start=\"2947\" data-end=\"2979\">\n<p data-start=\"2949\" data-end=\"2979\">\u2714\ufe0f Nikotinfrei (verstellbar)<\/p>\n<\/li>\n<li data-start=\"2980\" data-end=\"3031\">\n<p data-start=\"2982\" data-end=\"3031\">\u2714\ufe0f Aromen: <strong data-start=\"2995\" data-end=\"3029\">s\u00fc\u00dfe Minze, frostige Frische<\/strong><\/p>\n<\/li>\n<li data-start=\"3032\" data-end=\"3061\">\n<p data-start=\"3034\" data-end=\"3061\">\u2714\ufe0f Hergestellt in <strong data-start=\"3049\" data-end=\"3059\">Frankreich<\/strong><\/p>\n<\/li>\n<\/ul>\n<p><span style=\"vertical-align: inherit;\">Erhalten Sie Rabatte oder die neuesten Informationen zu unseren Produkten, indem Sie uns in unseren sozialen Netzwerken folgen: <\/span><a href=\"https:\/\/www.facebook.com\/VapeAigleCH\" target=\"_blank\" rel=\"noopener\"><span style=\"vertical-align: inherit;\">Facebook<\/span><\/a><span style=\"vertical-align: inherit;\"> oder <\/span><a href=\"https:\/\/www.instagram.com\/vapotheque\/\" target=\"_blank\" rel=\"noopener\"><span style=\"vertical-align: inherit;\">Instagram<\/span><\/a><span style=\"vertical-align: inherit;\"> .<\/span><\/p>\n","protected":false},"excerpt":{"rendered":"<p>\u2744\ufe0f Minta\u00efa E-Liquid \u2013 Mint 50 ml \/ 70 ml: die Minz-Version absoluter Freude Vergiss die sch\u00fcchterne und diskrete Minze: Hier hat Mint beschlossen, ihre sch\u00f6nste Fleecejacke herauszuholen und dich wie nie zuvor zu erfrischen.Minta\u00efa \u2013 Mint 50 ml \/ 70 ml ist die perfekte Verbindung zwischen einer weichen, leicht s\u00fc\u00dfen Minze und einer frostigen [&hellip;]<\/p>\n","protected":false},"featured_media":48154,"template":"","meta":{"_acf_changed":false},"product_cat":[405,442,408,401,1686,1679],"product_tag":[],"class_list":{"0":"post-48159","1":"product","2":"type-product","3":"status-publish","4":"has-post-thumbnail","6":"product_brand-eliquid-frankreich","7":"product_cat-e-liquids","8":"product_cat-hervorgehobene-produkte","9":"product_cat-lieferbar-innerhalb-von-24-stunden-de","10":"product_cat-minze","11":"product_cat-50-ml-fur-70-ml","12":"product_cat-menge-e-flussigkeit-kapazitat-flasche","14":"first","15":"instock","16":"taxable","17":"shipping-taxable","18":"purchasable","19":"product-type-simple"},"acf":[],"jetpack_sharing_enabled":true,"_links":{"self":[{"href":"https:\/\/vapotheque.ch\/de\/wp-json\/wp\/v2\/product\/48159","targetHints":{"allow":["GET"]}}],"collection":[{"href":"https:\/\/vapotheque.ch\/de\/wp-json\/wp\/v2\/product"}],"about":[{"href":"https:\/\/vapotheque.ch\/de\/wp-json\/wp\/v2\/types\/product"}],"wp:featuredmedia":[{"embeddable":true,"href":"https:\/\/vapotheque.ch\/de\/wp-json\/wp\/v2\/media\/48154"}],"wp:attachment":[{"href":"https:\/\/vapotheque.ch\/de\/wp-json\/wp\/v2\/media?parent=48159"}],"wp:term":[{"taxonomy":"product_cat","embeddable":true,"href":"https:\/\/vapotheque.ch\/de\/wp-json\/wp\/v2\/product_cat?post=48159"},{"taxonomy":"product_tag","embeddable":true,"href":"https:\/\/vapotheque.ch\/de\/wp-json\/wp\/v2\/product_tag?post=48159"}],"curies":[{"name":"wp","href":"https:\/\/api.w.org\/{rel}","templated":true}]}}