{"id":48158,"date":"2025-12-10T09:58:41","date_gmt":"2025-12-10T08:58:41","guid":{"rendered":"https:\/\/vapotheque.ch\/boutique\/pachamama-fuji-apfel-erdbeer-nektarine-50-ml-60-ml\/"},"modified":"2026-04-10T22:33:12","modified_gmt":"2026-04-10T20:33:12","slug":"pachamama-fuji-apfel-erdbeer-nektarine-50-ml-60-ml","status":"publish","type":"product","link":"https:\/\/vapotheque.ch\/de\/shop\/pachamama-fuji-apfel-erdbeer-nektarine-50-ml-60-ml\/","title":{"rendered":"Pachamama \u2013 Fuji Apfel Erdbeer-Nektarine 50 ml \/ 60 ml"},"content":{"rendered":"<h2 data-start=\"187\" data-end=\"322\"><strong>Pachamama &#8211; Fuji Apfel Erdbeer-Nektarine 50 ml \/ 60 ml<\/strong><strong data-start=\"196\" data-end=\"320\"> (Charlie&#8217;s Chalk Dust): das fruchtige Trio, auf das sich alle einigen<\/strong><\/h2>\n<p data-start=\"324\" data-end=\"568\">Bereitet eure Geschmacksknospen vor, lasst uns direkt zu einem verzauberten Obstgarten gehen, wo die Fr\u00fcchte beschlossen haben zu feiern!<br data-start=\"433\" data-end=\"436\">Mit <strong>Pachamama \u2013 Fuji Apfel-Erdbeer-Nektarine 50 ml \/ 60 ml<\/strong> liefert Ihnen die <strong data-start=\"487\" data-end=\"500\">Pachamama-Reihe<\/strong> einen Schuss perfekt gemeisterter fruchtiger Frische:<\/p>\n<ul data-start=\"570\" data-end=\"804\">\n<li data-start=\"570\" data-end=\"651\">\n<p data-start=\"572\" data-end=\"651\">Ein saftiger und knuspriger <strong data-start=\"576\" data-end=\"590\">Fuji-Apfel<\/strong> , frisch wie ein Fr\u00fchlingsmorgen,<\/p>\n<\/li>\n<li data-start=\"652\" data-end=\"722\">\n<p data-start=\"654\" data-end=\"722\">Eine <strong data-start=\"658\" data-end=\"685\">sprudelnde rote Erdbeere<\/strong>, s\u00fc\u00df s\u00fc\u00df und unwiderstehlich,<\/p>\n<\/li>\n<li data-start=\"723\" data-end=\"804\">\n<p data-start=\"725\" data-end=\"804\">Und eine <strong data-start=\"732\" data-end=\"753\">saftige Nektarine<\/strong> , die diese samtige, runde und sonnige Seite bringt.<\/p>\n<\/li>\n<\/ul>\n<p data-start=\"806\" data-end=\"1013\">Eine 100 % fruchtige, zu 200 % angenehme und zu 1000 % s\u00fcchtig machende Mischung.<br data-start=\"865\" data-end=\"868\">Wenn Sie fruchtige E-Liquids mit Charakter, Pers\u00f6nlichkeit und einem kleinen <em data-start=\"963\" data-end=\"986\">&#8220;Komm, lass uns fliehen&#8221;-Aspekt m\u00f6gen, sind Sie<\/em> hier genau richtig.<\/p>\n<hr data-start=\"1015\" data-end=\"1018\">\n<h3 data-start=\"1020\" data-end=\"1105\"><strong data-start=\"1025\" data-end=\"1103\">Ein Rezept von Charlie&#8217;s Chalk Dust: Wenn Expertise an Magie grenzt<\/strong><\/h3>\n<p data-start=\"1107\" data-end=\"1420\">Die Amerikaner von <strong data-start=\"1125\" data-end=\"1149\">Charlie&#8217;s Chalk Dust<\/strong> kamen nicht als Statisten.<br data-start=\"1196\" data-end=\"1199\">Sie haben alle Register gezogen:<br data-start=\"1227\" data-end=\"1230\">\u2714\ufe0f <strong data-start=\"1233\" data-end=\"1268\">D\u00fcfte arbeiteten bis zum Millimeter,<\/strong><br data-start=\"1269\" data-end=\"1272\">\u2714\ufe0f <strong data-start=\"1275\" data-end=\"1302\">Ultra-pr\u00e4zise Montage<\/strong>,<br data-start=\"1303\" data-end=\"1306\">\u2714\ufe0f <strong data-start=\"1309\" data-end=\"1353\">Koh\u00e4rente und kontrollierte fruchtige Explosion<\/strong>,<br data-start=\"1354\" data-end=\"1357\">\u2714\ufe0f <strong data-start=\"1360\" data-end=\"1419\">Ein perfektes Gleichgewicht zwischen S\u00fc\u00dfe, S\u00e4ure und Saftigkeit<\/strong>.<\/p>\n<hr data-start=\"1527\" data-end=\"1530\">\n<h3 data-start=\"1532\" data-end=\"1592\"><strong data-start=\"1537\" data-end=\"1590\">50-ml-Shortfill-Format: einfach, sauber, effektiv<\/strong><\/h3>\n<p data-start=\"1594\" data-end=\"1736\">Ihr fruchtiges Elixier kommt in einer <strong data-start=\"1629\" data-end=\"1656\">60-ml-Einhornflasche<\/strong> mit <strong data-start=\"1668\" data-end=\"1694\">50 ml verst\u00e4rkten Aromen<\/strong> an, bereit, nach Wunsch nikotin zu werden:<\/p>\n<ul data-start=\"1738\" data-end=\"1851\">\n<li data-start=\"1738\" data-end=\"1781\">\n<p data-start=\"1740\" data-end=\"1781\">\u2795 <strong data-start=\"1742\" data-end=\"1755\">1 Auffrischung<\/strong> \u2192 ~60 ml in <strong data-start=\"1768\" data-end=\"1779\">3 mg\/ml<\/strong><\/p>\n<\/li>\n<li data-start=\"1782\" data-end=\"1851\">\n<p data-start=\"1784\" data-end=\"1851\">\u2795\u2795 <strong data-start=\"1787\" data-end=\"1801\">2 Auffrischungsdosen<\/strong> \u2192 ~70 ml in <strong data-start=\"1814\" data-end=\"1825\">6 mg\/ml<\/strong> (mit geeigneter Flasche)<\/p>\n<\/li>\n<\/ul>\n<p data-start=\"1853\" data-end=\"1949\">Was ist, wenn du ohne Nikotin dampfst? Spr\u00fchen Sie es so, wie es ist: Es ist schon eine vollst\u00e4ndige sensorische Reise. <\/p>\n<hr data-start=\"1951\" data-end=\"1954\">\n<h3 data-start=\"1956\" data-end=\"2004\">\u2699\ufe0f <strong data-start=\"1961\" data-end=\"2002\">Ein ultra-gieriges Verh\u00e4ltnis: 20\/80 PG\/VG<\/strong><\/h3>\n<p data-start=\"2006\" data-end=\"2057\">Hier sind wir eindeutig auf <strong data-start=\"2036\" data-end=\"2055\">Cloud &amp; Flavour<\/strong> :<\/p>\n<ul data-start=\"2059\" data-end=\"2223\">\n<li data-start=\"2059\" data-end=\"2105\">\n<p data-start=\"2061\" data-end=\"2105\">Dichter, \u00fcppiger und gro\u00dfz\u00fcgiger <strong data-start=\"2061\" data-end=\"2077\">Dampf<\/strong><\/p>\n<\/li>\n<li data-start=\"2106\" data-end=\"2141\">\n<p data-start=\"2108\" data-end=\"2141\"><strong data-start=\"2108\" data-end=\"2139\">Tiefe, runde Aromen<\/strong><\/p>\n<\/li>\n<li data-start=\"2142\" data-end=\"2223\">\n<p data-start=\"2144\" data-end=\"2223\">Ideal f\u00fcr <strong data-start=\"2159\" data-end=\"2176\">Subohm-Liebhaber<\/strong>, breite Schlitze und starke Wolken<\/p>\n<\/li>\n<\/ul>\n<p data-start=\"2225\" data-end=\"2304\">Wenn Sie dicke und kr\u00e4ftige Fl\u00fcssigkeiten m\u00f6gen, f\u00fchlen Sie sich zu Hause.<\/p>\n<hr data-start=\"2306\" data-end=\"2309\">\n<h3 data-start=\"2311\" data-end=\"2371\"><strong data-start=\"2316\" data-end=\"2369\">Made in the USA: Die Kunst der Fr\u00fcchte im gro\u00dfen Format<\/strong><\/h3>\n<p data-start=\"2373\" data-end=\"2564\">Hergestellt in den USA, entworfen f\u00fcr Obstliebhaber, die <em data-start=\"2435\" data-end=\"2441\">mehr<\/em> wollen, immer mehr.<br data-start=\"2457\" data-end=\"2460\">Mit jedem Zug sieht es so aus, als w\u00fcrden kalifornische Obstg\u00e4rten direkt in Ihren Clearomiser gelangen.<\/p>\n<p><span style=\"vertical-align: inherit;\">Erhalten Sie Rabatte oder die neuesten Informationen zu unseren Produkten, indem Sie uns in unseren sozialen Netzwerken folgen: <\/span><a href=\"https:\/\/www.facebook.com\/VapeAigleCH\" target=\"_blank\" rel=\"noopener\"><span style=\"vertical-align: inherit;\">Facebook<\/span><\/a><span style=\"vertical-align: inherit;\"> oder <\/span><a href=\"https:\/\/www.instagram.com\/vapotheque\/\" target=\"_blank\" rel=\"noopener\"><span style=\"vertical-align: inherit;\">Instagram<\/span><\/a><span style=\"vertical-align: inherit;\"> .<\/span><\/p>\n","protected":false},"excerpt":{"rendered":"<p>Pachamama &#8211; Fuji Apfel Erdbeer-Nektarine 50 ml \/ 60 ml (Charlie&#8217;s Chalk Dust): das fruchtige Trio, auf das sich alle einigen Bereitet eure Geschmacksknospen vor, lasst uns direkt zu einem verzauberten Obstgarten gehen, wo die Fr\u00fcchte beschlossen haben zu feiern!Mit Pachamama \u2013 Fuji Apfel-Erdbeer-Nektarine 50 ml \/ 60 ml liefert Ihnen die Pachamama-Reihe einen Schuss [&hellip;]<\/p>\n","protected":false},"featured_media":48150,"template":"","meta":{"_acf_changed":false},"product_cat":[405,404,442,408,1685,1679],"product_tag":[],"class_list":{"0":"post-48158","1":"product","2":"type-product","3":"status-publish","4":"has-post-thumbnail","6":"product_brand-pachamama-de","7":"product_cat-e-liquids","8":"product_cat-fruchtig","9":"product_cat-hervorgehobene-produkte","10":"product_cat-lieferbar-innerhalb-von-24-stunden-de","11":"product_cat-50-ml-fur-60-ml","12":"product_cat-menge-e-flussigkeit-kapazitat-flasche","14":"first","15":"instock","16":"taxable","17":"shipping-taxable","18":"purchasable","19":"product-type-simple"},"acf":[],"jetpack_sharing_enabled":true,"_links":{"self":[{"href":"https:\/\/vapotheque.ch\/de\/wp-json\/wp\/v2\/product\/48158","targetHints":{"allow":["GET"]}}],"collection":[{"href":"https:\/\/vapotheque.ch\/de\/wp-json\/wp\/v2\/product"}],"about":[{"href":"https:\/\/vapotheque.ch\/de\/wp-json\/wp\/v2\/types\/product"}],"wp:featuredmedia":[{"embeddable":true,"href":"https:\/\/vapotheque.ch\/de\/wp-json\/wp\/v2\/media\/48150"}],"wp:attachment":[{"href":"https:\/\/vapotheque.ch\/de\/wp-json\/wp\/v2\/media?parent=48158"}],"wp:term":[{"taxonomy":"product_cat","embeddable":true,"href":"https:\/\/vapotheque.ch\/de\/wp-json\/wp\/v2\/product_cat?post=48158"},{"taxonomy":"product_tag","embeddable":true,"href":"https:\/\/vapotheque.ch\/de\/wp-json\/wp\/v2\/product_tag?post=48158"}],"curies":[{"name":"wp","href":"https:\/\/api.w.org\/{rel}","templated":true}]}}