{"id":48157,"date":"2025-11-29T17:25:55","date_gmt":"2025-11-29T16:25:55","guid":{"rendered":"https:\/\/vapotheque.ch\/boutique\/voopoo-kit-pod-drag-x3\/"},"modified":"2025-11-29T17:25:55","modified_gmt":"2025-11-29T16:25:55","slug":"voopoo-kit-pod-drag-x3","status":"publish","type":"product","link":"https:\/\/vapotheque.ch\/de\/shop\/voopoo-kit-pod-drag-x3\/","title":{"rendered":"Voopoo \u2013 Kit Pod Drag X3"},"content":{"rendered":"<h1 data-start=\"342\" data-end=\"404\">\u2b50 Voopoo \u2013 Drag Pod Kit X3<strong data-start=\"346\" data-end=\"402\"> : das Comeback, das den Hammer macht!<\/strong><\/h1>\n<p data-start=\"406\" data-end=\"819\">Drag X ist zur\u00fcck&#8230; Und er kommt nicht zur\u00fcck, um ein Statist zu sein. F\u00fcr die dritte Generation bringt Voopoo ein echtes <em data-start=\"535\" data-end=\"545\">Level Up:<\/em> einen eleganteren, intelligenteren, innovativeren Pod, kurz gesagt&#8230; Eine Kapsel, die gezeigt hat, dass man wie ein guter Whisky altern kann. Der <strong>Voopoo-Drag Pod Kit X3<\/strong> ist ein bisschen wie der Typ, der zum Alumni-Treffen zur\u00fcckkehrt: gebaut, in Leder gekleidet und mit futuristischen Technologien ausgestattet.  <\/p>\n<p data-start=\"821\" data-end=\"997\">Egal, ob Sie ein langj\u00e4hriger Fan, ein Liebhaber sch\u00f6ner Pods sind oder einfach nur ein Setup suchen, das Stil und Leistung verbindet \u2013 machen Sie sich bereit: Der Drag X3 wird Ihnen ein gutes Gef\u00fchl geben.<\/p>\n<blockquote data-start=\"999\" data-end=\"1065\">\n<p data-start=\"1001\" data-end=\"1065\"><strong data-start=\"1001\" data-end=\"1065\">\u26a0\ufe0f Kleine Pr\u00e4zision: Dieses Set ben\u00f6tigt eine Batterie (nicht enthalten).<\/strong><\/p>\n<\/blockquote>\n<hr data-start=\"1067\" data-end=\"1070\">\n<h1 data-start=\"1072\" data-end=\"1127\"><strong data-start=\"1077\" data-end=\"1125\">Lederlook, Premium-Haltung: Glow-up best\u00e4tigt<\/strong><\/h1>\n<p data-start=\"1129\" data-end=\"1523\">Aus der Ferne sagen wir uns: &#8220;Hey, Drag X!&#8221; Aus der N\u00e4he ist klar, dass er einen VIP-Spa-Aufenthalt hatte.<br data-start=\"1235\" data-end=\"1238\">Der <strong>Voopoo-Drag Pod Kit X3<\/strong> verf\u00fcgt \u00fcber ein ultrabequemes Lederkleid, hochwertige Oberfl\u00e4chen und eine kompakte Gr\u00f6\u00dfe trotz seiner Buffalo-Kraft. Seine Abmessungen (132,7 \u00d7 34,2 \u00d7 27,8 mm) sind perfekt ausbalanciert: kompakt genug, um in die Tasche zu passen, breit genug, um ernsthaft zu sein.  <\/p>\n<p data-start=\"1525\" data-end=\"1816\">Und als ob das Design nicht genug w\u00e4re, hat Voopoo einen <strong data-start=\"1581\" data-end=\"1615\">1,66&#8243;-Farbtouchscreen<\/strong> hinzugef\u00fcgt, hell und fl\u00fcssig, der jede Anpassung in einen kleinen Moment digitaler Freude verwandelt.<br data-start=\"1705\" data-end=\"1708\">Es gibt mehrere Farben, und jede vermittelt eine andere Atmosph\u00e4re: elegant, sportlich oder richtig badass.<\/p>\n<hr data-start=\"1818\" data-end=\"1821\">\n<h1 data-start=\"1823\" data-end=\"1884\"><strong data-start=\"1828\" data-end=\"1882\">Kapazitiver Schalter im Everest Lab: ein futuristischer Knopf<\/strong><\/h1>\n<p data-start=\"1886\" data-end=\"2047\">Der Drag X3 hat sich entschieden, die klassischen Tasten aus dem Dienst zu nehmen. Stattdessen?<br data-start=\"1966\" data-end=\"1969\">Ein ultra-responsiver <strong data-start=\"1972\" data-end=\"1992\">kapazitiver Schalter<\/strong> , der auf die Ber\u00fchrung eines Fingers reagiert. <\/p>\n<ul data-start=\"2049\" data-end=\"2164\">\n<li data-start=\"2049\" data-end=\"2110\">\n<p data-start=\"2051\" data-end=\"2110\">Du ber\u00fchrst: Er entsperrt sich und ist bereit zum Dampfen.<\/p>\n<\/li>\n<li data-start=\"2111\" data-end=\"2164\">\n<p data-start=\"2113\" data-end=\"2164\">Du l\u00e4sst los: Es sperrt sich automatisch.<\/p>\n<\/li>\n<\/ul>\n<p data-start=\"2166\" data-end=\"2279\">Einfach. Wirksam. Stilvoll.  <br data-start=\"2190\" data-end=\"2193\">Keine Feuertasten mehr, die in der Tasche aktiviert werden und deine Jeans in eine Sauna verwandeln.<\/p>\n<p data-start=\"2281\" data-end=\"2500\">Und wenn ihr ein &#8220;Back to Basics&#8221;-Team seid, keine Panik: Ihr k\u00f6nnt <strong data-start=\"2362\" data-end=\"2390\">weiterhin kontinuierlich freischalten<\/strong> oder <strong data-start=\"2394\" data-end=\"2425\">wie zuvor die Vape-by-Taste benutzen<\/strong> . Auf dem Drag X3 ist alles m\u00f6glich, sogar zur\u00fcck zur alten Schule. <\/p>\n<hr data-start=\"2502\" data-end=\"2505\">\n<h1 data-start=\"2507\" data-end=\"2560\">\ufe0f <strong data-start=\"2513\" data-end=\"2558\">Navigation, die wie Butter gleitet<\/strong><\/h1>\n<p data-start=\"2562\" data-end=\"2807\">Dank seines gro\u00dfen Touchscreens wird die Navigation zu einem Vergn\u00fcgen:<br data-start=\"2629\" data-end=\"2632\">Modi wechseln, Watt anpassen, Optionen ver\u00e4ndern&#8230; Alles wird mit der Fingerspitze erledigt.<br data-start=\"2723\" data-end=\"2726\">Die Benutzeroberfl\u00e4che ist klar, intuitiv und reaktionsschnell: Man sp\u00fcrt, dass Voopoo alle Register aus dem Kopf gezogen hat.<\/p>\n<hr data-start=\"2809\" data-end=\"2812\">\n<h1 data-start=\"2814\" data-end=\"2870\">\u2699\ufe0f <strong data-start=\"2819\" data-end=\"2868\">Muscular Chipsatz: 80W, 3 Modi, 100 % Ruhe<\/strong><\/h1>\n<p data-start=\"2872\" data-end=\"2961\">Der Drag X3 hat nicht nur Stil: Er hat auch K\u00f6pfe.<br data-start=\"2922\" data-end=\"2925\">Sein kompletter Chipsatz bietet Ihnen:<\/p>\n<h3 data-start=\"2963\" data-end=\"2986\"><strong data-start=\"2967\" data-end=\"2984\">  Modus SMART<\/strong><\/h3>\n<p data-start=\"2987\" data-end=\"3124\">Er erkennt automatisch den Widerstand und stellt die ideale Leistung an. Perfekt f\u00fcr Anf\u00e4nger oder diejenigen, die es locker angehen wollen. <\/p>\n<h3 data-start=\"3126\" data-end=\"3147\"><strong data-start=\"3130\" data-end=\"3145\">  Modus RBA<\/strong><\/h3>\n<p data-start=\"3148\" data-end=\"3238\">F\u00fcr anspruchsvolle Dampfer, die die Leistung auf das n\u00e4chstgelegene Watt einstellen m\u00f6chten. Totale Freiheit. <\/p>\n<h3 data-start=\"3240\" data-end=\"3261\"><strong data-start=\"3244\" data-end=\"3259\">  Modus ECO<\/strong><\/h3>\n<p data-start=\"3262\" data-end=\"3319\">Um Autonomie zu gewinnen und l\u00e4nger zu dampfen.<\/p>\n<p data-start=\"3321\" data-end=\"3467\">Dazu kommt ein komplettes Schutzsystem (\u00dcberhitzung, Kurzschluss, \u00dcberlastung usw.) und man erh\u00e4lt ein Bausatz, das ebenso beruhigend wie effizient ist.<\/p>\n<hr data-start=\"3469\" data-end=\"3472\">\n<h1 data-start=\"3474\" data-end=\"3527\"><strong data-start=\"3479\" data-end=\"3525\">Accu 18650 oder 21700: ma\u00dfgeschneiderte Autonomie<\/strong><\/h1>\n<p data-start=\"3529\" data-end=\"3624\">Hier gibt es keinen internen Akku: <strong data-start=\"3559\" data-end=\"3587\">Externer Akku ist Pflicht<\/strong> und wird davon ausgegangen.<br data-start=\"3598\" data-end=\"3601\">Sie k\u00f6nnen w\u00e4hlen:<\/p>\n<ul data-start=\"3626\" data-end=\"3743\">\n<li data-start=\"3626\" data-end=\"3667\">\n<p data-start=\"3628\" data-end=\"3667\"><strong data-start=\"3628\" data-end=\"3637\">18650<\/strong> : kompakter, leichter.<\/p>\n<\/li>\n<li data-start=\"3668\" data-end=\"3743\">\n<p data-start=\"3670\" data-end=\"3743\"><strong data-start=\"3670\" data-end=\"3679\">21700:<\/strong> Verl\u00e4ngerte Akkulaufzeit, den ganzen Tag leise Stromversorgung.<\/p>\n<\/li>\n<\/ul>\n<p data-start=\"3745\" data-end=\"3875\">Ein <strong data-start=\"3748\" data-end=\"3763\">5V\/2A USB-C<\/strong> ist vorhanden, um dir zu helfen, aber Voopoo empfiehlt (und wir auch) ein externes Ladeger\u00e4t, um deine Akkus zu schonen.<\/p>\n<hr data-start=\"3877\" data-end=\"3880\">\n<h1 data-start=\"3882\" data-end=\"3952\">\ufe0f <strong data-start=\"3888\" data-end=\"3950\">Potenz, Dampf, Geschmack: ein solides DTL&#8230; Aber nicht nur!<\/strong><\/h1>\n<p data-start=\"3954\" data-end=\"3980\">Der Drag X3 kommt mit:<\/p>\n<ul data-start=\"3982\" data-end=\"4137\">\n<li data-start=\"3982\" data-end=\"4019\">\n<p data-start=\"3984\" data-end=\"4019\">Eine <strong data-start=\"3988\" data-end=\"4016\">5-ml-PnP X DTL-Patrone<\/strong>,<\/p>\n<\/li>\n<li data-start=\"4020\" data-end=\"4044\">\n<p data-start=\"4022\" data-end=\"4044\">Eine <strong data-start=\"4025\" data-end=\"4041\">Tropfspitze 810<\/strong>,<\/p>\n<\/li>\n<li data-start=\"4045\" data-end=\"4077\">\n<p data-start=\"4047\" data-end=\"4077\">Ein <strong data-start=\"4050\" data-end=\"4074\">verstellbarer Luftstromdeckel<\/strong>,<\/p>\n<\/li>\n<li data-start=\"4078\" data-end=\"4137\">\n<p data-start=\"4080\" data-end=\"4137\">Zwei <strong data-start=\"4085\" data-end=\"4106\">PnP X-Spulen,<\/strong> die die Maische schicken sollen.<\/p>\n<\/li>\n<\/ul>\n<h3 data-start=\"4139\" data-end=\"4177\"><strong data-start=\"4143\" data-end=\"4175\">  PnP-Widerstand x 0,15 Ohm<\/strong><\/h3>\n<ul data-start=\"4178\" data-end=\"4276\">\n<li data-start=\"4178\" data-end=\"4206\">\n<p data-start=\"4180\" data-end=\"4206\">Vape: Sehr luftig DTL<\/p>\n<\/li>\n<li data-start=\"4207\" data-end=\"4225\">\n<p data-start=\"4209\" data-end=\"4225\">Reichweite: 60\u201380W<\/p>\n<\/li>\n<li data-start=\"4226\" data-end=\"4251\">\n<p data-start=\"4228\" data-end=\"4251\">Verh\u00e4ltnis: 40\/60 bis 20\/80<\/p>\n<\/li>\n<li data-start=\"4252\" data-end=\"4276\">\n<p data-start=\"4254\" data-end=\"4276\">Nikotin: \u2264 3 mg\/ml<\/p>\n<\/li>\n<\/ul>\n<h3 data-start=\"4278\" data-end=\"4315\"><strong data-start=\"4282\" data-end=\"4313\">  PnP-Widerstand X 0,3 Ohm<\/strong><\/h3>\n<ul data-start=\"4316\" data-end=\"4400\">\n<li data-start=\"4316\" data-end=\"4330\">\n<p data-start=\"4318\" data-end=\"4330\">Vape: RDL<\/p>\n<\/li>\n<li data-start=\"4331\" data-end=\"4349\">\n<p data-start=\"4333\" data-end=\"4349\">Reichweite: 32\u201340W<\/p>\n<\/li>\n<li data-start=\"4350\" data-end=\"4375\">\n<p data-start=\"4352\" data-end=\"4375\">Verh\u00e4ltnis: 40\/60 bis 30\/70<\/p>\n<\/li>\n<li data-start=\"4376\" data-end=\"4400\">\n<p data-start=\"4378\" data-end=\"4400\">Nikotin: \u2264 6 mg\/ml<\/p>\n<\/li>\n<\/ul>\n<p data-start=\"4402\" data-end=\"4570\">Hast du Lust auf MTL?<br data-start=\"4416\" data-end=\"4419\">Der Drag X3 \u00f6ffnet die T\u00fcren zum gesamten <strong data-start=\"4470\" data-end=\"4479\">PnP X-Universum<\/strong> : dedizierte Cartridges, verschiedene Widerst\u00e4nde, Versionen mit integrierten Widerst\u00e4nden&#8230; Das volle Programm.<\/p>\n<blockquote data-start=\"4572\" data-end=\"4658\">\n<p data-start=\"4574\" data-end=\"4658\">\u26a0\ufe0f PnP X-Module (DTL\/MTL) sind nur mit PnPX-Widerst\u00e4nden kompatibel.<\/p>\n<\/blockquote>\n<hr data-start=\"4660\" data-end=\"4663\">\n<h1 data-start=\"4665\" data-end=\"4700\"><strong data-start=\"4670\" data-end=\"4698\">Was ist im Voopoo \u2013 Drag Pod Kit X3:<\/strong><\/h1>\n<ul data-start=\"4702\" data-end=\"4880\">\n<li data-start=\"4702\" data-end=\"4723\">\n<p data-start=\"4704\" data-end=\"4723\">1 <strong data-start=\"4710\" data-end=\"4721\">x Drag Pod X3<\/strong><\/p>\n<\/li>\n<li data-start=\"4724\" data-end=\"4760\">\n<p data-start=\"4726\" data-end=\"4760\">1 <strong data-start=\"4728\" data-end=\"4751\">x PnP X DTL Patrone<\/strong> (5 ml)<\/p>\n<\/li>\n<li data-start=\"4761\" data-end=\"4796\">\n<p data-start=\"4763\" data-end=\"4796\">1 <strong data-start=\"4776\" data-end=\"4794\">x 0,15 Ohm PnP-Widerstand<\/strong><\/p>\n<\/li>\n<li data-start=\"4797\" data-end=\"4831\">\n<p data-start=\"4799\" data-end=\"4831\">1 <strong data-start=\"4812\" data-end=\"4829\">x 0,3 ohm PnP-Widerstand<\/strong><\/p>\n<\/li>\n<li data-start=\"4832\" data-end=\"4853\">\n<p data-start=\"4834\" data-end=\"4853\">1 <strong data-start=\"4842\" data-end=\"4851\">USB-C-Kabel<\/strong><\/p>\n<\/li>\n<li data-start=\"4854\" data-end=\"4880\">\n<p data-start=\"4856\" data-end=\"4880\">1 Benutzerhandbuch<\/p>\n<\/li>\n<\/ul>\n<p>Entdecken Sie alle Produkte der Marke <a href=\"..\/product_brand\/voopoo\/\" target=\"_blank\" rel=\"noopener\">Voopoo<\/a>.<\/p>\n<p>Erhalten Sie Rabatte oder die neuesten Informationen zu unseren anderen Produkten, die im Gesch\u00e4ft erh\u00e4ltlich sind, indem Sie uns in unseren sozialen Netzwerken folgen: <a href=\"https:\/\/www.facebook.com\/VapeAigleCH\" target=\"_blank\" rel=\"noopener\">Facebook<\/a> oder <a href=\"https:\/\/www.instagram.com\/vapotheque_aigle\/\" target=\"_blank\" rel=\"noopener\">Instagram<\/a>.<\/p>\n","protected":false},"excerpt":{"rendered":"<p>\u2b50 Voopoo \u2013 Drag Pod Kit X3 : das Comeback, das den Hammer macht! Drag X ist zur\u00fcck&#8230; Und er kommt nicht zur\u00fcck, um ein Statist zu sein. F\u00fcr die dritte Generation bringt Voopoo ein echtes Level Up: einen eleganteren, intelligenteren, innovativeren Pod, kurz gesagt&#8230; Eine Kapsel, die gezeigt hat, dass man wie ein guter [&hellip;]<\/p>\n","protected":false},"featured_media":48006,"template":"","meta":{"_acf_changed":false},"product_cat":[448,450,442,408],"product_tag":[],"class_list":{"0":"post-48157","1":"product","2":"type-product","3":"status-publish","4":"has-post-thumbnail","6":"product_brand-voopoo-de","7":"product_cat-box-mods-de","8":"product_cat-elektro","9":"product_cat-hervorgehobene-produkte","10":"product_cat-lieferbar-innerhalb-von-24-stunden-de","12":"first","13":"instock","14":"taxable","15":"shipping-taxable","16":"purchasable","17":"product-type-variable"},"acf":[],"jetpack_sharing_enabled":true,"_links":{"self":[{"href":"https:\/\/vapotheque.ch\/de\/wp-json\/wp\/v2\/product\/48157","targetHints":{"allow":["GET"]}}],"collection":[{"href":"https:\/\/vapotheque.ch\/de\/wp-json\/wp\/v2\/product"}],"about":[{"href":"https:\/\/vapotheque.ch\/de\/wp-json\/wp\/v2\/types\/product"}],"wp:featuredmedia":[{"embeddable":true,"href":"https:\/\/vapotheque.ch\/de\/wp-json\/wp\/v2\/media\/48006"}],"wp:attachment":[{"href":"https:\/\/vapotheque.ch\/de\/wp-json\/wp\/v2\/media?parent=48157"}],"wp:term":[{"taxonomy":"product_cat","embeddable":true,"href":"https:\/\/vapotheque.ch\/de\/wp-json\/wp\/v2\/product_cat?post=48157"},{"taxonomy":"product_tag","embeddable":true,"href":"https:\/\/vapotheque.ch\/de\/wp-json\/wp\/v2\/product_tag?post=48157"}],"curies":[{"name":"wp","href":"https:\/\/api.w.org\/{rel}","templated":true}]}}