{"id":47897,"date":"2025-11-12T11:13:29","date_gmt":"2025-11-12T10:13:29","guid":{"rendered":"https:\/\/vapotheque.ch\/boutique\/aspire-box-zelos-x80\/"},"modified":"2025-11-12T11:13:29","modified_gmt":"2025-11-12T10:13:29","slug":"aspire-box-zelos-x80","status":"publish","type":"product","link":"https:\/\/vapotheque.ch\/de\/shop\/aspire-box-zelos-x80\/","title":{"rendered":"Aspire \u2013 Box Zelos X80"},"content":{"rendered":"<h2 data-start=\"258\" data-end=\"332\"><strong data-start=\"262\" data-end=\"332\">Zelos X80 Box von Aspire \u2013 Kraft, Freiheit und Stil komprimiert \u26a1<\/strong><\/h2>\n<p data-start=\"334\" data-end=\"711\">Aspire markiert mit dem <strong data-start=\"394\" data-end=\"407\">Zelos X80<\/strong> die gro\u00dfe R\u00fcckkehr nomadischer Kraft, einer kompakten, nerv\u00f6sen und \u00e4u\u00dferst vielseitigen Box.<br data-start=\"457\" data-end=\"460\">Hier gibt es keinen auferlegten Clearomisier: <strong data-start=\"494\" data-end=\"528\">Du bist der Dirigent<\/strong>. Egal, ob Sie ein <strong data-start=\"571\" data-end=\"578\">Fan von engen MTL-Z\u00fcgen<\/strong>, einem RDL-Aerial-Vape oder riesigen <strong data-start=\"628\" data-end=\"635\">DTL-Wolken<\/strong> sind \u2013 das Zelos X80 passt sich mit beunruhigender Leichtigkeit an alle Profile an.<strong data-start=\"600\" data-end=\"607\"><\/strong> <\/p>\n<p data-start=\"713\" data-end=\"1029\">Unter seiner kompakten Gr\u00f6\u00dfe verbirgt <strong data-start=\"749\" data-end=\"794\">er ein Zentrum von Technologie und Freiheit<\/strong> : herausnehmbarer 18650-Akku (nicht enthalten), vollst\u00e4ndiger ASP-Chipsatz, Farbbildschirm, robustes Design und sorgf\u00e4ltige Oberfl\u00e4chen.<br data-start=\"914\" data-end=\"917\">Kurz gesagt, eine Kiste, die bereit ist, deinem Tempo zu folgen, vom ersten Atemzug des Morgens bis zur letzten Wolke des Tages. \ufe0f<\/p>\n<p data-start=\"1031\" data-end=\"1086\"><em data-start=\"1031\" data-end=\"1084\">(Warnung: Diese Box ben\u00f6tigt eine externe Batterie!)<\/em><\/p>\n<hr data-start=\"1088\" data-end=\"1091\">\n<h3 data-start=\"1093\" data-end=\"1150\"><strong data-start=\"1097\" data-end=\"1150\">Beeindruckende Kompaktheit und ein auff\u00e4lliges Aussehen  <\/strong><\/h3>\n<p data-start=\"1152\" data-end=\"1542\">Der <strong data-start=\"1155\" data-end=\"1168\">Zelos X80<\/strong> greift die Aspire-DNA auf: ein <strong data-start=\"1195\" data-end=\"1222\">massives Metallgeh\u00e4use<\/strong>, <strong data-start=\"1228\" data-end=\"1248\">elegante Linien<\/strong> und <strong data-start=\"1256\" data-end=\"1292\">ergonomische Eigenschaften, die auf Komfort ausgelegt<\/strong> sind.<br data-start=\"1293\" data-end=\"1296\">Die <strong data-start=\"1300\" data-end=\"1329\">beiden eingebauten LED-Streifen<\/strong> sind nicht nur dazu da, h\u00fcbsch auszusehen \u2013 sie zeigen auch stilvoll den Akkustand an. Und dank des <strong data-start=\"1441\" data-end=\"1468\">0,96&#8243; Farb-TFT-Bildschirms<\/strong> wird die Navigation durch die Men\u00fcs so fl\u00fcssig wie das Scrollen auf Netflix. <\/p>\n<p data-start=\"1544\" data-end=\"1754\">Kompakt (84 x 36,5 x 26 mm), leicht und in mehreren Farben erh\u00e4ltlich, kann er leicht mit jedem Verdampfer kombiniert werden, um <strong data-start=\"1684\" data-end=\"1715\">das passende Setup<\/strong> zu schaffen \u2013 n\u00fcchtern, farbenfroh oder geradezu auff\u00e4llig.<\/p>\n<hr data-start=\"1756\" data-end=\"1759\">\n<h3 data-start=\"1761\" data-end=\"1825\"><strong data-start=\"1765\" data-end=\"1825\">Ein komplettes ASP-Chipset f\u00fcr einen zu 100 % ma\u00dfgeschneiderten Vape  <\/strong><\/h3>\n<p data-start=\"1827\" data-end=\"2055\">Unter die Haube hat Aspire seinen ber\u00fchmten <strong data-start=\"1870\" data-end=\"1885\">ASP-Chipsatz<\/strong> versteckt, der reaktionsschnell, pr\u00e4zise und ultra-komplett ist.<br data-start=\"1920\" data-end=\"1923\">Mit seinen <strong data-start=\"1932\" data-end=\"1957\">80 Watt<\/strong> Leistung bietet der Zelos X80 eine Reihe von Modi, die alle Dampferstile zufriedenstellen:<\/p>\n<ul data-start=\"2057\" data-end=\"2596\">\n<li data-start=\"2057\" data-end=\"2142\">\n<p data-start=\"2059\" data-end=\"2142\"><strong data-start=\"2059\" data-end=\"2084\">VW (Variable Wattage):<\/strong> der klassische, effiziente und einfach zu bedienende Modell.<\/p>\n<\/li>\n<li data-start=\"2143\" data-end=\"2236\">\n<p data-start=\"2145\" data-end=\"2236\"><strong data-start=\"2145\" data-end=\"2155\">Bypass<\/strong> : Das rohe Erlebnis des Mecha-Mods, aber mit der Sicherheit eines elektronischen Mods.<\/p>\n<\/li>\n<li data-start=\"2237\" data-end=\"2328\">\n<p data-start=\"2239\" data-end=\"2328\"><strong data-start=\"2239\" data-end=\"2264\">VV (Variable Voltage):<\/strong> F\u00fcr Puristen, die die Spannung gerne auf den n\u00e4chstgelegenen Volt dosieren.<\/p>\n<\/li>\n<li data-start=\"2329\" data-end=\"2450\">\n<p data-start=\"2331\" data-end=\"2450\"><strong data-start=\"2331\" data-end=\"2360\">TC (Temperaturkontrolle): Passen<\/strong> Sie die Temperatur entsprechend Ihrem Widerstandsdraht (Ni, Ti, SS) f\u00fcr einen Goldschmiede-Vape ein.<\/p>\n<\/li>\n<li data-start=\"2451\" data-end=\"2596\">\n<p data-start=\"2453\" data-end=\"2596\"><strong data-start=\"2453\" data-end=\"2483\">CPS (Custom Power Setting):<\/strong> Erstellen Sie Ihre eigene <strong data-start=\"2505\" data-end=\"2542\">individuelle Leistungskurve<\/strong> \u2013 einen Spielplatz f\u00fcr Perfektionisten.<\/p>\n<\/li>\n<\/ul>\n<p data-start=\"2598\" data-end=\"2688\">Egal, ob Sie neugieriger Anf\u00e4nger oder leidenschaftlicher Experte sind \u2013 <strong data-start=\"2636\" data-end=\"2668\">der Zelos X80 sitzt Ihnen<\/strong> wie angegossen.<\/p>\n<hr data-start=\"2690\" data-end=\"2693\">\n<h3 data-start=\"2695\" data-end=\"2741\"><strong data-start=\"2699\" data-end=\"2741\">Externe Batterie = ma\u00dfgeschneiderte Autonomie  <\/strong><\/h3>\n<p data-start=\"2743\" data-end=\"3122\">Auf Wiedersehen, eingebaute Batterie, hallo <strong data-start=\"2776\" data-end=\"2790\">18650 Batterie<\/strong> !<br data-start=\"2792\" data-end=\"2795\">Mit dem <strong data-start=\"2803\" data-end=\"2816\">Zelos X80<\/strong> kannst du deine Reichweite \u00e0 la carte verwalten. Musst du den ganzen Tag durchhalten? Eine neue Batterie einsetzen und sofort losfahren. Als Bonus erm\u00f6glicht <strong data-start=\"2948\" data-end=\"2979\">das 5V\/2A USB-C-Schnellladen<\/strong> , ohne zu warten aufzuladen \u2013 obwohl Aspire zur Haltbarkeit der Akkus ein <strong data-start=\"3093\" data-end=\"3119\">spezielles externes Ladeger\u00e4t<\/strong> empfiehlt.   <\/p>\n<p data-start=\"3124\" data-end=\"3235\">Praktisch, flexibel und f\u00fcr alles bereit \u2013 diese Box ist f\u00fcr Dampfer gemacht, die sich weigern, am Netz zu bleiben. \u26a1<\/p>\n<hr data-start=\"3237\" data-end=\"3240\">\n<h3 data-start=\"3242\" data-end=\"3271\"><strong data-start=\"3246\" data-end=\"3271\">Was in der Box ist:<\/strong><\/h3>\n<ul data-start=\"3272\" data-end=\"3348\">\n<li data-start=\"3272\" data-end=\"3295\">\n<p data-start=\"3274\" data-end=\"3295\">1 <strong data-start=\"3276\" data-end=\"3293\">Zelos X80 Box<\/strong><\/p>\n<\/li>\n<li data-start=\"3296\" data-end=\"3317\">\n<p data-start=\"3298\" data-end=\"3317\">1 <strong data-start=\"3300\" data-end=\"3315\">USB-C-Kabel<\/strong><\/p>\n<\/li>\n<li data-start=\"3318\" data-end=\"3348\">\n<p data-start=\"3320\" data-end=\"3348\">1 <strong data-start=\"3322\" data-end=\"3346\">Benutzerhandbuch<\/strong><\/p>\n<\/li>\n<\/ul>\n<p>Entdecken Sie alle anderen Produkte der <strong><a href=\"..\/product_brand\/aspire\/\" target=\"_blank\" rel=\"noopener\">Marke Aspire<\/a><\/strong>.<\/p>\n<p>Erhalten Sie Rabatte oder die neuesten Informationen zu unseren anderen im Gesch\u00e4ft verf\u00fcgbaren Produkten, indem Sie uns in unseren sozialen Netzwerken folgen: <strong><a href=\"https:\/\/www.facebook.com\/VapeAigleCH\" target=\"_blank\" rel=\"noopener\">Facebook<\/a><\/strong> oder <strong><a href=\"https:\/\/www.instagram.com\/vapotheque_aigle\/\" target=\"_blank\" rel=\"noopener\">Instagram<\/a><\/strong>.<\/p>\n","protected":false},"excerpt":{"rendered":"<p>Zelos X80 Box von Aspire \u2013 Kraft, Freiheit und Stil komprimiert \u26a1 Aspire markiert mit dem Zelos X80 die gro\u00dfe R\u00fcckkehr nomadischer Kraft, einer kompakten, nerv\u00f6sen und \u00e4u\u00dferst vielseitigen Box.Hier gibt es keinen auferlegten Clearomisier: Du bist der Dirigent. Egal, ob Sie ein Fan von engen MTL-Z\u00fcgen, einem RDL-Aerial-Vape oder riesigen DTL-Wolken sind \u2013 das [&hellip;]<\/p>\n","protected":false},"featured_media":47621,"template":"","meta":{"_acf_changed":false},"product_cat":[448,450,442,408],"product_tag":[],"class_list":{"0":"post-47897","1":"product","2":"type-product","3":"status-publish","4":"has-post-thumbnail","6":"product_brand-aspire-de","7":"product_cat-box-mods-de","8":"product_cat-elektro","9":"product_cat-hervorgehobene-produkte","10":"product_cat-lieferbar-innerhalb-von-24-stunden-de","12":"first","13":"instock","14":"taxable","15":"shipping-taxable","16":"purchasable","17":"product-type-variable"},"acf":[],"jetpack_sharing_enabled":true,"_links":{"self":[{"href":"https:\/\/vapotheque.ch\/de\/wp-json\/wp\/v2\/product\/47897","targetHints":{"allow":["GET"]}}],"collection":[{"href":"https:\/\/vapotheque.ch\/de\/wp-json\/wp\/v2\/product"}],"about":[{"href":"https:\/\/vapotheque.ch\/de\/wp-json\/wp\/v2\/types\/product"}],"wp:featuredmedia":[{"embeddable":true,"href":"https:\/\/vapotheque.ch\/de\/wp-json\/wp\/v2\/media\/47621"}],"wp:attachment":[{"href":"https:\/\/vapotheque.ch\/de\/wp-json\/wp\/v2\/media?parent=47897"}],"wp:term":[{"taxonomy":"product_cat","embeddable":true,"href":"https:\/\/vapotheque.ch\/de\/wp-json\/wp\/v2\/product_cat?post=47897"},{"taxonomy":"product_tag","embeddable":true,"href":"https:\/\/vapotheque.ch\/de\/wp-json\/wp\/v2\/product_tag?post=47897"}],"curies":[{"name":"wp","href":"https:\/\/api.w.org\/{rel}","templated":true}]}}