{"id":47896,"date":"2025-11-12T17:08:21","date_gmt":"2025-11-12T16:08:21","guid":{"rendered":"https:\/\/vapotheque.ch\/boutique\/aspire-kit-pod-minican-lite\/"},"modified":"2025-11-12T17:08:21","modified_gmt":"2025-11-12T16:08:21","slug":"aspire-kit-pod-minican-lite","status":"publish","type":"product","link":"https:\/\/vapotheque.ch\/de\/shop\/aspire-kit-pod-minican-lite\/","title":{"rendered":"Aspire \u2013 Kit Pod Minican Lite"},"content":{"rendered":"<h2 data-start=\"229\" data-end=\"304\"><strong data-start=\"233\" data-end=\"304\">Aspire Minican Lite Pod Kit \u2013 Klein, stilvoll und teuflisch effizient \u26a1<\/strong><\/h2>\n<p data-start=\"306\" data-end=\"606\">Aspire kehrt auf seine ikonische <strong data-start=\"345\" data-end=\"356\">Minican-Reihe<\/strong> zur\u00fcck und bietet ein kleines Wunder: das <strong data-start=\"397\" data-end=\"421\">Minican Lite Pod Kit<\/strong>.<br data-start=\"422\" data-end=\"425\">Kompakt, elegant und voller Charakter vereint dieser Pod <strong data-start=\"480\" data-end=\"502\">minimalistisches Design<\/strong>, <strong data-start=\"504\" data-end=\"523\">maximalen Komfort<\/strong> und <strong data-start=\"527\" data-end=\"553\">leistungsstarke Leistung<\/strong> in einer Gr\u00f6\u00dfe, die in die Handfl\u00e4che passt.<\/p>\n<p data-start=\"608\" data-end=\"883\">Hinter seiner n\u00fcchternen und kultivierten Silhouette verbirgt sich der Minican Lite <strong data-start=\"672\" data-end=\"709\">ein integrierter 1200-mAh-Akku<\/strong> , der von morgens bis abends ungebrochen unterwegs ist. Die <strong data-start=\"764\" data-end=\"794\">smarte LED-Anzeige<\/strong> informiert Sie sofort \u00fcber den Ladestand, sodass Sie nie \u00fcberrascht werden. <\/p>\n<hr data-start=\"885\" data-end=\"888\">\n<h3 data-start=\"890\" data-end=\"931\"><strong data-start=\"894\" data-end=\"931\">Kompaktes Design, absoluter Komfort  <\/strong><\/h3>\n<p data-start=\"933\" data-end=\"1389\">Mit seinem modernen Look und den schlanken Linien beweist der <strong data-start=\"989\" data-end=\"1005\">Minican Lite<\/strong> , dass ein kleiner Pod auch ein echtes stilvolles Juwel sein kann.<br data-start=\"1068\" data-end=\"1071\">Seine <strong data-start=\"1075\" data-end=\"1113\">Tropfspitze in Form eines Entenschnabels<\/strong> schmiegt sich nat\u00fcrlich an die Lippen f\u00fcr glatte und angenehme Z\u00fcge, w\u00e4hrend der <strong data-start=\"1204\" data-end=\"1236\">verstellbare Luftstrom an der Seite<\/strong> es erm\u00f6glicht, den Zug perfekt anzupassen:<br data-start=\"1289\" data-end=\"1292\">fester f\u00fcr einen leckeren MTL-Vape,<br data-start=\"1335\" data-end=\"1338\">Mehr offen f\u00fcr einen leicht luftigen Zug.<\/p>\n<p data-start=\"1391\" data-end=\"1470\">Jeder Einatmen wird zu einem kleinen Moment des Vergn\u00fcgens, pr\u00e4zise und pers\u00f6nlich.<\/p>\n<hr data-start=\"1472\" data-end=\"1475\">\n<h3 data-start=\"1477\" data-end=\"1532\"><strong data-start=\"1481\" data-end=\"1532\">Technologie, die den entscheidenden Unterschied macht  <\/strong><\/h3>\n<p data-start=\"1534\" data-end=\"1923\">Unter seinem minimalistischen Erscheinungsbild verbirgt sich der Minican Lite ein echtes technologisches Monster.<br data-start=\"1618\" data-end=\"1621\">Dank seiner <strong data-start=\"1632\" data-end=\"1660\">eingebauten Netzfestigkeit<\/strong> bietet es <strong data-start=\"1675\" data-end=\"1710\">eine intensive Geschmackswiedergabe<\/strong>, <strong data-start=\"1716\" data-end=\"1750\">eine gro\u00dfz\u00fcgige Dampfproduktion<\/strong> und einen <strong data-start=\"1757\" data-end=\"1796\">perfekt ausgewogenen Throat-Hit.<\/strong><br data-start=\"1797\" data-end=\"1800\">Egal, ob Sie ein Fan von Klassikern sind, fruchtig oder gourmet \u2013 Ihre Lieblings-E-Liquids waren noch nie so pr\u00e4sent!<\/p>\n<hr data-start=\"1925\" data-end=\"1928\">\n<h3 data-start=\"1930\" data-end=\"1999\"><strong data-start=\"1934\" data-end=\"1999\">Einfach, praktisch und kompatibel mit der gesamten Minican-Reihe  <\/strong><\/h3>\n<p data-start=\"2001\" data-end=\"2297\">Du musst dein Leben nicht verkomplizieren: <strong data-start=\"2041\" data-end=\"2057\">Der Minican Lite<\/strong> ist <strong data-start=\"2062\" data-end=\"2115\">mit allen Pods der Minican-Serie kompatibel<\/strong>, sodass du Geschmack oder Coil im Handumdrehen wechseln kannst.<br data-start=\"2191\" data-end=\"2194\">Die F\u00fcllung ist einfach, das System <strong data-start=\"2236\" data-end=\"2250\">undicht<\/strong> und das Ganze bleibt <strong data-start=\"2269\" data-end=\"2294\">federleicht<\/strong>.<\/p>\n<p data-start=\"2299\" data-end=\"2407\">Es ist der perfekte Begleiter f\u00fcr unkompliziertes Dampfen, mit Aspire-Zuverl\u00e4ssigkeit und -Qualit\u00e4t als Bonus.<\/p>\n<hr data-start=\"2409\" data-end=\"2412\">\n<h3 data-start=\"2414\" data-end=\"2433\"><strong data-start=\"2418\" data-end=\"2433\">Kurz gesagt:<\/strong><\/h3>\n<p data-start=\"2434\" data-end=\"2470\">Der <strong data-start=\"2437\" data-end=\"2460\">Aspire Minican Lite<\/strong> ist:<\/p>\n<ul data-start=\"2471\" data-end=\"2806\">\n<li data-start=\"2471\" data-end=\"2542\">\n<p data-start=\"2473\" data-end=\"2542\"><strong data-start=\"2476\" data-end=\"2513\">Ein eingebauter 1200-mAh-Akku<\/strong> f\u00fcr eine stabile Akkulaufzeit.<\/p>\n<\/li>\n<li data-start=\"2543\" data-end=\"2610\">\n<p data-start=\"2545\" data-end=\"2610\"><strong data-start=\"2548\" data-end=\"2571\">Ein verstellbarer Verbrauch<\/strong> nach deinen W\u00fcnschen (MTL oder leichter RDL).<\/p>\n<\/li>\n<li data-start=\"2611\" data-end=\"2690\">\n<p data-start=\"2613\" data-end=\"2690\"><strong data-start=\"2616\" data-end=\"2639\">Mesh-Coil<\/strong> f\u00fcr starke Aromen und dichten Dampf.<\/p>\n<\/li>\n<li data-start=\"2691\" data-end=\"2754\">\n<p data-start=\"2693\" data-end=\"2754\"><strong data-start=\"2696\" data-end=\"2724\">Volle Kompatibilit\u00e4t<\/strong> mit allen Minican-Pods.<\/p>\n<\/li>\n<li data-start=\"2755\" data-end=\"2806\">\n<p data-start=\"2757\" data-end=\"2806\"><strong data-start=\"2760\" data-end=\"2804\">Ein kompaktes, stilvolles und ultraleichtes Design.<\/strong><\/p>\n<\/li>\n<\/ul>\n<p>Hier finden Sie alle unsere <strong><a href=\"..\/..\/categorie\/pods?orderby=date\/\" target=\"_blank\" rel=\"noopener\">Pods.<\/a><br \/>Entdecken Sie alle anderen Produkte der Marke <strong><a href=\"..\/..\/product_brand\/aspire\/\" target=\"_blank\" rel=\"noopener\">Aspire<\/a><\/strong>.<\/strong><\/p>\n<p>Erhalten Sie Rabatte oder die neuesten Informationen zu unseren anderen im Gesch\u00e4ft verf\u00fcgbaren Produkten, indem Sie uns in unseren sozialen Netzwerken folgen: <strong><a href=\"https:\/\/www.facebook.com\/VapeAigleCH\" target=\"_blank\" rel=\"noopener\">Facebook<\/a><\/strong> oder <strong><a href=\"https:\/\/www.instagram.com\/vapotheque_aigle\/\" target=\"_blank\" rel=\"noopener\">Instagram<\/a><\/strong>.<\/p>\n","protected":false},"excerpt":{"rendered":"<p>Aspire Minican Lite Pod Kit \u2013 Klein, stilvoll und teuflisch effizient \u26a1 Aspire kehrt auf seine ikonische Minican-Reihe zur\u00fcck und bietet ein kleines Wunder: das Minican Lite Pod Kit.Kompakt, elegant und voller Charakter vereint dieser Pod minimalistisches Design, maximalen Komfort und leistungsstarke Leistung in einer Gr\u00f6\u00dfe, die in die Handfl\u00e4che passt. Hinter seiner n\u00fcchternen und [&hellip;]<\/p>\n","protected":false},"featured_media":47669,"template":"","meta":{"_acf_changed":false},"product_cat":[442,408,453,454],"product_tag":[],"class_list":{"0":"post-47896","1":"product","2":"type-product","3":"status-publish","4":"has-post-thumbnail","6":"product_brand-aspire-de","7":"product_cat-hervorgehobene-produkte","8":"product_cat-lieferbar-innerhalb-von-24-stunden-de","9":"product_cat-pods-de","10":"product_cat-vapes-pods-de","12":"first","13":"instock","14":"taxable","15":"shipping-taxable","16":"purchasable","17":"product-type-variable"},"acf":[],"jetpack_sharing_enabled":true,"_links":{"self":[{"href":"https:\/\/vapotheque.ch\/de\/wp-json\/wp\/v2\/product\/47896","targetHints":{"allow":["GET"]}}],"collection":[{"href":"https:\/\/vapotheque.ch\/de\/wp-json\/wp\/v2\/product"}],"about":[{"href":"https:\/\/vapotheque.ch\/de\/wp-json\/wp\/v2\/types\/product"}],"wp:featuredmedia":[{"embeddable":true,"href":"https:\/\/vapotheque.ch\/de\/wp-json\/wp\/v2\/media\/47669"}],"wp:attachment":[{"href":"https:\/\/vapotheque.ch\/de\/wp-json\/wp\/v2\/media?parent=47896"}],"wp:term":[{"taxonomy":"product_cat","embeddable":true,"href":"https:\/\/vapotheque.ch\/de\/wp-json\/wp\/v2\/product_cat?post=47896"},{"taxonomy":"product_tag","embeddable":true,"href":"https:\/\/vapotheque.ch\/de\/wp-json\/wp\/v2\/product_tag?post=47896"}],"curies":[{"name":"wp","href":"https:\/\/api.w.org\/{rel}","templated":true}]}}