{"id":47894,"date":"2025-11-25T10:07:55","date_gmt":"2025-11-25T09:07:55","guid":{"rendered":"https:\/\/vapotheque.ch\/boutique\/eliquid-nicopulse-fresh-booster-20-mg-ml-10-ml\/"},"modified":"2025-11-25T10:07:55","modified_gmt":"2025-11-25T09:07:55","slug":"eliquid-nicopulse-fresh-booster-20-mg-ml-10-ml","status":"publish","type":"product","link":"https:\/\/vapotheque.ch\/de\/shop\/eliquid-nicopulse-fresh-booster-20-mg-ml-10-ml\/","title":{"rendered":"Eliquid &#8211; NicoPulse Fresh Booster 20 mg\/ml &#8211; 10 ml"},"content":{"rendered":"<h2 data-start=\"218\" data-end=\"307\"><strong data-start=\"221\" data-end=\"307\">Eliquid &#8211; NicoPulse Fresh Booster 20 mg\/ml &#8211; 10 ml: Der frische Kick, der Ihren E-Liquids einen Schub verleiht \u2744\ufe0f\u26a1<\/strong><\/h2>\n<p data-start=\"309\" data-end=\"589\">M\u00f6chten Sie Ihren Shortfills und DIY-Rezepten neues Leben einhauchen?<br data-start=\"384\" data-end=\"387\">Der <strong data-start=\"390\" data-end=\"410\">Nico Pulse Fresh<\/strong> von Eliquid France kommt dazu, um deine Fl\u00fcssigkeiten <em data-start=\"440\" data-end=\"449\">zu st\u00e4rken<\/em> und dabei das zu respektieren, was du am meisten magst: <strong data-start=\"510\" data-end=\"586\">die Frische, die kribbelt, aufwacht und bei jedem Zug &#8220;wooooh&#8221; macht<\/strong>.<\/p>\n<p data-start=\"591\" data-end=\"801\">Dieses kleine 10-ml-Fl\u00e4schchen enth\u00e4lt ein <strong data-start=\"641\" data-end=\"675\">Spitzen-Nikotin, dosiert mit 20 mg\/ml<\/strong>, in einer <strong data-start=\"686\" data-end=\"724\">perfekt ausbalancierten 50\/50-Basis<\/strong>, die sich wie ein Eisw\u00fcrfel in einem Mojito in Ihre E-Liquids mischen kann.<\/p>\n<hr data-start=\"803\" data-end=\"806\">\n<h2 data-start=\"808\" data-end=\"876\">\u2744\ufe0f <strong data-start=\"814\" data-end=\"876\">Ein Booster, der dich k\u00fchl h\u00e4lt \u2013 auch nach dem Blenden!<\/strong><\/h2>\n<p data-start=\"878\" data-end=\"1239\">Mit <strong data-start=\"886\" data-end=\"906\">Nico Pulse Fresh<\/strong> steht kein Zweifel daran, das frostige Gef\u00fchl Ihrer minzigen oder fruchtigen eisigen Fl\u00fcssigkeiten zu opfern.<br data-start=\"998\" data-end=\"1001\">Sein Geheimnis?<br data-start=\"1013\" data-end=\"1016\">Ein <strong data-start=\"1027\" data-end=\"1051\">speziell entwickelter Booster<\/strong> , um die Frische w\u00e4hrend der Verd\u00fcnnung zu erhalten.<br data-start=\"1100\" data-end=\"1103\">\ud83d\udc49 Du gibst Nikotin dazu.<br data-start=\"1134\" data-end=\"1137\">\ud83d\udc49 Ihr E-Liquid bleibt so frisch wie ein Polarwind.<br data-start=\"1193\" data-end=\"1196\">\ud83d\udc49 Deine Aromen bewegen sich keinen Grad.<\/p>\n<p data-start=\"1241\" data-end=\"1388\">Es ist einfach: Es ist der perfekte Booster f\u00fcr alle, die frische, <em data-start=\"1327\" data-end=\"1334\">echte,<\/em> nachh\u00f6hlenweckende Vape und sch\u00fcttelnde Geschmacksknospen lieben.<\/p>\n<hr data-start=\"1390\" data-end=\"1393\">\n<h2 data-start=\"1395\" data-end=\"1466\">\ud83d\udca7 <strong data-start=\"1401\" data-end=\"1466\">50\/50: das perfekte Verh\u00e4ltnis f\u00fcr eine unkomplizierte Verd\u00fcnnung<\/strong><\/h2>\n<p data-start=\"1468\" data-end=\"1776\">F\u00fcr eine homogene Mischung ohne Intensit\u00e4tsverlust ist <strong data-start=\"1525\" data-end=\"1569\">es ratsam, das gleiche PG\/VG-Verh\u00e4ltnis<\/strong> zwischen Ihrem E-Liquid und Ihrem Booster zu verwenden.<br data-start=\"1609\" data-end=\"1612\">Das ist gut: Mit seinem <strong data-start=\"1637\" data-end=\"1646\">50\/50<\/strong> passt der Nico Pulse Fresh in die meisten Shortfills auf dem Markt und beh\u00e4lt eine hervorragende Vielseitigkeit f\u00fcr deine DIY-Kreationen.<\/p>\n<p data-start=\"1778\" data-end=\"1794\">Perfekt f\u00fcr:<\/p>\n<ul data-start=\"1795\" data-end=\"1916\">\n<li data-start=\"1795\" data-end=\"1819\">\n<p data-start=\"1797\" data-end=\"1819\">Frostig fruchtig<\/p>\n<\/li>\n<li data-start=\"1820\" data-end=\"1848\">\n<p data-start=\"1822\" data-end=\"1848\">Ultra-frische Menthole<\/p>\n<\/li>\n<li data-start=\"1849\" data-end=\"1916\">\n<p data-start=\"1851\" data-end=\"1916\">Hausgemachte Rezepte, die einen kleinen &#8220;Nordwind&#8221;-\u2744\ufe0f Effekt verdienen<\/p>\n<\/li>\n<\/ul>\n<hr data-start=\"1918\" data-end=\"1921\">\n<h2 data-start=\"1923\" data-end=\"1961\">\ud83c\uddeb\ud83c\uddf7 <strong data-start=\"1931\" data-end=\"1961\">Nat\u00fcrlich in Frankreich hergestellt<\/strong><\/h2>\n<p data-start=\"1963\" data-end=\"2130\">Tadellose Qualit\u00e4t, kontrollierte Formulierung, Kindersicherheit: Der Booster wird in Frankreich hergestellt, um bei jeder Nutzung einen sauberen, sicheren und angenehmen Vape zu garantieren.<\/p>\n<hr data-start=\"2132\" data-end=\"2135\">\n<h2 data-start=\"2137\" data-end=\"2190\"><strong data-start=\"2140\" data-end=\"2190\">Funktionen des Nico Pulse Fresh Boosters:<\/strong><\/h2>\n<ul data-start=\"2191\" data-end=\"2409\">\n<li data-start=\"2191\" data-end=\"2234\">\n<p data-start=\"2193\" data-end=\"2234\"><strong data-start=\"2202\" data-end=\"2211\">10 ml<\/strong> Fl\u00e4schchen mit Kindersicherheit<\/p>\n<\/li>\n<li data-start=\"2235\" data-end=\"2260\">\n<p data-start=\"2237\" data-end=\"2260\">Nikotin <strong data-start=\"2246\" data-end=\"2258\">20 mg\/ml<\/strong><\/p>\n<\/li>\n<li data-start=\"2261\" data-end=\"2288\">\n<p data-start=\"2263\" data-end=\"2288\"><strong data-start=\"2263\" data-end=\"2286\">PG\/VG-Verh\u00e4ltnis: 50\/50<\/strong><\/p>\n<\/li>\n<li data-start=\"2289\" data-end=\"2348\">\n<p data-start=\"2291\" data-end=\"2348\">Entwickelt, um Ihre E-Liquids frisch <strong data-start=\"2302\" data-end=\"2328\">zu halten<\/strong><\/p>\n<\/li>\n<li data-start=\"2349\" data-end=\"2381\">\n<p data-start=\"2351\" data-end=\"2381\">Ideal f\u00fcr Shortfills und DIY<\/p>\n<\/li>\n<li data-start=\"2382\" data-end=\"2409\">\n<p data-start=\"2384\" data-end=\"2409\">Hergestellt in Frankreich \ud83c\uddeb\ud83c\uddf7<\/p>\n<\/li>\n<\/ul>\n","protected":false},"excerpt":{"rendered":"<p>Eliquid &#8211; NicoPulse Fresh Booster 20 mg\/ml &#8211; 10 ml: Der frische Kick, der Ihren E-Liquids einen Schub verleiht \u2744\ufe0f\u26a1 M\u00f6chten Sie Ihren Shortfills und DIY-Rezepten neues Leben einhauchen?Der Nico Pulse Fresh von Eliquid France kommt dazu, um deine Fl\u00fcssigkeiten zu st\u00e4rken und dabei das zu respektieren, was du am meisten magst: die Frische, die [&hellip;]<\/p>\n","protected":false},"featured_media":47887,"template":"","meta":{"_acf_changed":false},"product_cat":[443,408,498],"product_tag":[],"class_list":{"0":"post-47894","1":"product","2":"type-product","3":"status-publish","4":"has-post-thumbnail","6":"product_brand-eliquid-frankreich","7":"product_cat-diy-de","8":"product_cat-lieferbar-innerhalb-von-24-stunden-de","9":"product_cat-boosters-diy-de","11":"first","12":"instock","13":"taxable","14":"shipping-taxable","15":"purchasable","16":"product-type-simple"},"acf":[],"jetpack_sharing_enabled":true,"_links":{"self":[{"href":"https:\/\/vapotheque.ch\/de\/wp-json\/wp\/v2\/product\/47894","targetHints":{"allow":["GET"]}}],"collection":[{"href":"https:\/\/vapotheque.ch\/de\/wp-json\/wp\/v2\/product"}],"about":[{"href":"https:\/\/vapotheque.ch\/de\/wp-json\/wp\/v2\/types\/product"}],"wp:featuredmedia":[{"embeddable":true,"href":"https:\/\/vapotheque.ch\/de\/wp-json\/wp\/v2\/media\/47887"}],"wp:attachment":[{"href":"https:\/\/vapotheque.ch\/de\/wp-json\/wp\/v2\/media?parent=47894"}],"wp:term":[{"taxonomy":"product_cat","embeddable":true,"href":"https:\/\/vapotheque.ch\/de\/wp-json\/wp\/v2\/product_cat?post=47894"},{"taxonomy":"product_tag","embeddable":true,"href":"https:\/\/vapotheque.ch\/de\/wp-json\/wp\/v2\/product_tag?post=47894"}],"curies":[{"name":"wp","href":"https:\/\/api.w.org\/{rel}","templated":true}]}}