{"id":47569,"date":"2024-10-14T12:07:38","date_gmt":"2024-10-14T10:07:38","guid":{"rendered":"https:\/\/vapotheque.ch\/boutique\/vaping-in-paris-silver-fox-ananas-erdbeere-sels-10-ml-e-liquid\/"},"modified":"2024-10-14T12:07:38","modified_gmt":"2024-10-14T10:07:38","slug":"vaping-in-paris-silver-fox-ananas-erdbeere-sels-10-ml-e-liquid","status":"publish","type":"product","link":"https:\/\/vapotheque.ch\/de\/shop\/vaping-in-paris-silver-fox-ananas-erdbeere-sels-10-ml-e-liquid\/","title":{"rendered":"Vaping In Paris &#8211; Silver Fox &#8211; Ananas Erdbeere SELS 10 ml E-Liquid"},"content":{"rendered":"<h2><strong>Vaping In Paris Silver Fox &#8211; Pineapple Strawberry SELS 10 ml E-Liquid: Begeben Sie sich auf eine frostig-fruchtige Reise!<\/strong><\/h2>\n<p>Machen Sie sich bereit f\u00fcr eine Lawine tropischer Frische, mit einer Geschmacksexplosion bei jedem Zug mit dem <strong>Vaping In Paris Silver Fox &#8211; Pineapple Strawberry SELS 10ml E-Liquid<\/strong>. Dieses mit Ananas glasierte Erdbeer-Duo ist wie ein Sommercocktail, den man unter der Sonne genie\u00dfen kann, aber mit einer guten Portion Frische direkt vom Nordpol. Ja, das ist m\u00f6glich, und das alles in Deinem Vape!  <\/p>\n<h3><strong>Ein exotischer Eiscocktail, der nicht unbemerkt bleibt!<\/strong><\/h3>\n<p>Stellen Sie sich vor, Sie bei\u00dfen in eine saftige, s\u00fc\u00dfe und leicht s\u00e4uerliche Ananas, die sich mit der S\u00fc\u00dfe einer leuchtend roten Erdbeere vermischt. F\u00fcgen Sie dann eine eisige Brise hinzu, um bei jedem Zug den ultimativen K\u00fchleffekt zu erzielen. Diese k\u00fchne Kombination wird Liebhaber fruchtiger Aromen ansprechen, die eine frostige Note m\u00f6gen, um das Ganze abzurunden. Pures Gl\u00fcck mit jedem Zug!   <\/p>\n<h3><strong>Der Silver Fox Spirit: das Einweg-Puff-Erlebnis, aber mit einer langlebigen Version<\/strong><\/h3>\n<p>Die <strong>E-Liquids der Silver Fox Salt-Reihe<\/strong> erfinden die kultigen Geschmacksrichtungen von Einweg-Puffs neu und bieten Ihnen ein viel nachhaltigeres und umweltfreundlicheres Erlebnis. Wenn Sie ein Fan dieser s\u00fcchtig machenden und ultra-fruchtigen Geschmacksrichtungen sind, werden Sie diese lang anhaltende Version in einem nachf\u00fcllbaren Format lieben. <\/p>\n<h3><strong>Nikotinsalze: Sanftheit, Schnelligkeit und Wirksamkeit<\/strong><\/h3>\n<p>Die Nikotinsalze in diesem E-Liquid sorgen f\u00fcr einen sanften Biss, ohne den Hals anzugreifen, selbst bei einem h\u00f6heren Nikotingehalt. Ergebnis? Sofortiges Vergn\u00fcgen, mit weniger Z\u00fcgen, die erforderlich sind, um Zufriedenheit zu erreichen, und eine l\u00e4nger anhaltende Wirkung.  <\/p>\n<h3><strong>Tipps f\u00fcr einen Top-Vape!<\/strong><\/h3>\n<p>Um diese Mischung aus Ananas und glasierten Erdbeeren in vollen Z\u00fcgen genie\u00dfen zu k\u00f6nnen, wird empfohlen, 18 Watt nicht zu \u00fcberschreiten, um die Qualit\u00e4t der Nikotinsalze zu erhalten und eine Ver\u00e4nderung der Aromen zu vermeiden. Verwenden Sie eine Spule von mindestens 1 Ohm (oder sogar mehr) f\u00fcr einen gleichm\u00e4\u00dfigen Dampf und eine tadellose Geschmackswiedergabe. <\/p>\n<h3><strong>Vaping In Paris Qualit\u00e4t: nat\u00fcrlich und ausgewogen<\/strong><\/h3>\n<p>Dieses E-Liquid ist mit 100% pflanzlichen und nat\u00fcrlichen Aromen ausgestattet, ohne Koolada oder k\u00fcnstliche S\u00fc\u00dfstoffe. Das Verh\u00e4ltnis von 50 PG Gem\u00fcse \/ 50 VG sorgt f\u00fcr ein perfektes Gleichgewicht zwischen Dampfproduktion und Geschmacksintensit\u00e4t f\u00fcr ein reines, sanftes und authentisches Dampferlebnis. <\/p>\n<p><strong>Sehnen Sie sich nach einer erfrischenden tropischen Reise mit jedem Zug?<\/strong><br \/>Mit dem <strong>Vaping In Paris Silver Fox &#8211; Pineapple Strawberry SELS 10 ml E-Liquid<\/strong>, lassen Sie sich von einem Wirbelwind aus exotischen, fruchtigen und frostigen Aromen mitrei\u00dfen. Ein eisiger Genuss, der Ihre Geschmacksknospen nicht gleichg\u00fcltig lassen wird! \u2744\ufe0f  <\/p>\n<\/p>\n<p><strong><span style=\"vertical-align: inherit\">Wichtig<\/span><\/strong><span style=\"vertical-align: inherit\"> : E-Liquid bereits nikotiniert, verkauft in einer 10 ml Flasche.<\/span><\/p>\n<p class=\"class-fabrication\"><span style=\"vertical-align: inherit\">Hergestellt in Frankreich; MPGV\/GV-Dosierung: 50% \/ 50%. Passt sich jeder Art von Ausr\u00fcstung an. <\/span><\/p>\n<\/p>\n<p><span style=\"vertical-align: inherit\">Entdecken Sie die anderen Produkte der Marke Vaping <\/span><a href=\"..\/..\/marque\/vaping-in-paris\"><span style=\"vertical-align: inherit\">in Paris<\/span><\/a> <span style=\"vertical-align: inherit\"> .<\/span><\/p>\n<p><span style=\"vertical-align: inherit\">Erhalten Sie Rabatte oder die neuesten Informationen zu unseren Produkten, indem Sie uns in unseren sozialen Netzwerken folgen: <\/span><a href=\"https:\/\/www.facebook.com\/VapeAigleCH\" target=\"_blank\" rel=\"noopener\"><span style=\"vertical-align: inherit\">Facebook<\/span><\/a><span style=\"vertical-align: inherit\"> oder <\/span><a href=\"https:\/\/www.instagram.com\/vapotheque\/\" target=\"_blank\" rel=\"noopener\"><span style=\"vertical-align: inherit\">Instagram<\/span><\/a><span style=\"vertical-align: inherit\"> .<\/span><\/p>\n","protected":false},"excerpt":{"rendered":"<p>Vaping In Paris Silver Fox &#8211; Pineapple Strawberry SELS 10 ml E-Liquid: Begeben Sie sich auf eine frostig-fruchtige Reise! Machen Sie sich bereit f\u00fcr eine Lawine tropischer Frische, mit einer Geschmacksexplosion bei jedem Zug mit dem Vaping In Paris Silver Fox &#8211; Pineapple Strawberry SELS 10ml E-Liquid. Dieses mit Ananas glasierte Erdbeer-Duo ist wie ein [&hellip;]<\/p>\n","protected":false},"featured_media":35603,"template":"","meta":{"_acf_changed":false},"product_cat":[405,404,442,408,1629,1716],"product_tag":[],"class_list":{"0":"post-47569","1":"product","2":"type-product","3":"status-publish","4":"has-post-thumbnail","6":"product_brand-vaping-in-paris-de","7":"product_cat-e-liquids","8":"product_cat-fruchtig","9":"product_cat-hervorgehobene-produkte","10":"product_cat-lieferbar-innerhalb-von-24-stunden-de","11":"product_cat-10-ml-mit-nikotin","12":"product_cat-10ml-790-de","14":"first","15":"instock","16":"taxable","17":"shipping-taxable","18":"purchasable","19":"product-type-variable"},"acf":[],"jetpack_sharing_enabled":true,"_links":{"self":[{"href":"https:\/\/vapotheque.ch\/de\/wp-json\/wp\/v2\/product\/47569","targetHints":{"allow":["GET"]}}],"collection":[{"href":"https:\/\/vapotheque.ch\/de\/wp-json\/wp\/v2\/product"}],"about":[{"href":"https:\/\/vapotheque.ch\/de\/wp-json\/wp\/v2\/types\/product"}],"wp:featuredmedia":[{"embeddable":true,"href":"https:\/\/vapotheque.ch\/de\/wp-json\/wp\/v2\/media\/35603"}],"wp:attachment":[{"href":"https:\/\/vapotheque.ch\/de\/wp-json\/wp\/v2\/media?parent=47569"}],"wp:term":[{"taxonomy":"product_cat","embeddable":true,"href":"https:\/\/vapotheque.ch\/de\/wp-json\/wp\/v2\/product_cat?post=47569"},{"taxonomy":"product_tag","embeddable":true,"href":"https:\/\/vapotheque.ch\/de\/wp-json\/wp\/v2\/product_tag?post=47569"}],"curies":[{"name":"wp","href":"https:\/\/api.w.org\/{rel}","templated":true}]}}