{"id":47568,"date":"2024-10-15T13:20:20","date_gmt":"2024-10-15T11:20:20","guid":{"rendered":"https:\/\/vapotheque.ch\/boutique\/ben-northon-indische-spirituose-sels-10-ml-e-fluessigkeit\/"},"modified":"2024-10-15T13:20:20","modified_gmt":"2024-10-15T11:20:20","slug":"ben-northon-indische-spirituose-sels-10-ml-e-fluessigkeit","status":"publish","type":"product","link":"https:\/\/vapotheque.ch\/de\/shop\/ben-northon-indische-spirituose-sels-10-ml-e-fluessigkeit\/","title":{"rendered":"Ben Northon &#8211; Indische Spirituose SELS 10 ml E-Fl\u00fcssigkeit"},"content":{"rendered":"<h2><strong>Ben Northon Indian Spirit SELS 10 ml E-Liquid<\/strong> : Der Ruf des Wilden Westens!<\/h2>\n<p>Das <strong>Ben Northon Indian Spirit SELS 10 ml E-Liquid<\/strong> ist inspiriert vom einfachen und harmonischen Leben der Indianerst\u00e4mme, bei dem jeder Moment in Verbindung mit der Natur steht. Dieses E-Liquid eliminiert das \u00dcberfl\u00fcssige, um sich auf das Wesentliche zu konzentrieren: einen authentischen Geschmack von <strong>klassischem Blond<\/strong>, trocken und nat\u00fcrlich. Eine echte rohe Gewalt, um das dr\u00e4ngende Verlangen nach Zigaretten zu stillen und Ihnen zu helfen, den Sturm des Entzugs zu \u00fcberstehen.  <\/p>\n<h3>Warum Nikotinsalze?<\/h3>\n<p>Das <strong>Ben Northon Indian Spirit SELS 10 ml E-Liquid <\/strong>bietet Ihnen dank seiner Nikotinsalze eine starke Dosis Nikotin, jedoch ohne die Halsreizungen des klassischen Zuges. Das Ergebnis? Eine sanfte und kraftvolle Einnahme, ideal f\u00fcr Dampfer, die einen erfolgreichen Entzug suchen. Mehr Zufriedenheit, weniger \u00c4rger, es ist ein gewinnbringendes Gesch\u00e4ft!   <\/p>\n<p>Entdecken Sie mit <strong>Indian Spirit<\/strong> die Kraft der freien Natur neu und z\u00e4hmen Sie Ihr Verlangen nach Nikotin in aller Ruhe.<\/p>\n<\/p>\n<p><strong><span style=\"vertical-align: inherit\">Wichtig<\/span><\/strong><span style=\"vertical-align: inherit\"> : E-Liquid bereits nikotiniert, verkauft in einer 10 ml Flasche.<\/span><\/p>\n<p class=\"class-fabrication\"><span style=\"vertical-align: inherit\">Hergestellt in Frankreich; PG\/GV-Dosierung: 50% \/ 50%. Passt sich jeder Art von Ausr\u00fcstung an. <\/span><\/p>\n<\/p>\n<p>Entdecken Sie die anderen Produkte der Marke <a href=\"..\/..\/marque\/ben-northon\/\" target=\"_blank\" rel=\"noopener\">Ben Northon<\/a>.<\/p>\n<p><span style=\"vertical-align: inherit\">Erhalten Sie Rabatte oder die neuesten Informationen zu unseren Produkten, indem Sie uns in unseren sozialen Netzwerken folgen: <\/span><a href=\"https:\/\/www.facebook.com\/VapeAigleCH\" target=\"_blank\" rel=\"noopener\"><span style=\"vertical-align: inherit\">Facebook<\/span><\/a><span style=\"vertical-align: inherit\"> oder <\/span><a href=\"https:\/\/www.instagram.com\/vapotheque\" target=\"_blank\" rel=\"noopener\"><span style=\"vertical-align: inherit\">Instagram<\/span><\/a><span style=\"vertical-align: inherit\"> .<\/span><\/p>\n","protected":false},"excerpt":{"rendered":"<p>Die legend\u00e4ren E-Liquids der franz\u00f6sischen Marke <strong>Ben Northon<\/strong> legen mit einer neuen Version mit <strong>Nikotinsalzen<\/strong> noch einen drauf! Die Must-Haves der Serie kehren mit unvergleichlicher Geschmeidigkeit und noch intensiverer Zufriedenheit mit jedem Zug zur\u00fcck.<\/p>\n<ul>\n<li><strong>PG\/VG-Verh\u00e4ltnis: 50\/50<\/strong>, f\u00fcr die perfekte Balance von Geschmack und Dampf.<\/li>\n<li>Erh\u00e4ltlich in <strong>10 mg\/ml<\/strong> oder <strong>20 mg\/ml<\/strong> , je nach Bedarf.<\/li>\n<li><strong>Hergestellt in Frankreich<\/strong>, f\u00fcr eine Qualit\u00e4t, die Ihren Erwartungen entspricht.<\/li>\n<\/ul>\n","protected":false},"featured_media":35733,"template":"","meta":{"_acf_changed":false},"product_cat":[405,442,408,403,1629,1715],"product_tag":[],"class_list":{"0":"post-47568","1":"product","2":"type-product","3":"status-publish","4":"has-post-thumbnail","6":"product_brand-ben-northon-de","7":"product_cat-e-liquids","8":"product_cat-hervorgehobene-produkte","9":"product_cat-lieferbar-innerhalb-von-24-stunden-de","10":"product_cat-tabak","11":"product_cat-10-ml-mit-nikotin","12":"product_cat-10ml-750-de","14":"first","15":"instock","16":"taxable","17":"shipping-taxable","18":"purchasable","19":"product-type-variable"},"acf":[],"jetpack_sharing_enabled":true,"_links":{"self":[{"href":"https:\/\/vapotheque.ch\/de\/wp-json\/wp\/v2\/product\/47568","targetHints":{"allow":["GET"]}}],"collection":[{"href":"https:\/\/vapotheque.ch\/de\/wp-json\/wp\/v2\/product"}],"about":[{"href":"https:\/\/vapotheque.ch\/de\/wp-json\/wp\/v2\/types\/product"}],"wp:featuredmedia":[{"embeddable":true,"href":"https:\/\/vapotheque.ch\/de\/wp-json\/wp\/v2\/media\/35733"}],"wp:attachment":[{"href":"https:\/\/vapotheque.ch\/de\/wp-json\/wp\/v2\/media?parent=47568"}],"wp:term":[{"taxonomy":"product_cat","embeddable":true,"href":"https:\/\/vapotheque.ch\/de\/wp-json\/wp\/v2\/product_cat?post=47568"},{"taxonomy":"product_tag","embeddable":true,"href":"https:\/\/vapotheque.ch\/de\/wp-json\/wp\/v2\/product_tag?post=47568"}],"curies":[{"name":"wp","href":"https:\/\/api.w.org\/{rel}","templated":true}]}}