{"id":47550,"date":"2025-02-11T14:07:11","date_gmt":"2025-02-11T13:07:11","guid":{"rendered":"https:\/\/vapotheque.ch\/boutique\/uwell-em2-patronen-packung-x2\/"},"modified":"2025-11-11T18:25:23","modified_gmt":"2025-11-11T17:25:23","slug":"uwell-em2-pods-pack-x2","status":"publish","type":"product","link":"https:\/\/vapotheque.ch\/de\/shop\/uwell-em2-pods-pack-x2\/","title":{"rendered":"Uwell &#8211; EM2 Pods Pack x2"},"content":{"rendered":"<h3 data-start=\"101\" data-end=\"190\"><strong data-start=\"105\" data-end=\"188\">Uwell &#8211; EM2 Pods Pack x2 \u2013 4,5ml: Die perfekte Verschmelzung von Aromen und Innovation!<\/strong><\/h3>\n<p data-start=\"192\" data-end=\"484\">Warum sollten Sie sich mit einem klassischen Vape zufrieden geben, wenn Sie nach Exzellenz streben k\u00f6nnen? Mit <strong data-start=\"279\" data-end=\"306\">den EM2-Tonabnehmern von Uwell<\/strong> betritt Ihr <strong>Uwell &#8211; EM2 Pods Pack x2<\/strong>\u00a0eine neue Dimension! Pr\u00e4zision, explosive Aromen und keine Lecks&#8230; Diese Ersatztanks sind Dein Schl\u00fcssel zu einem Verdampfer, der immer makellos ist.<\/p>\n<p data-start=\"486\" data-end=\"846\"><strong data-start=\"489\" data-end=\"532\">Zwei Coils, zwei Arten von Vape!<\/strong><br data-start=\"532\" data-end=\"535\" \/>Egal, ob Sie ein Fan von <strong data-start=\"558\" data-end=\"579\">volumin\u00f6sen Wolken<\/strong> oder einem <strong data-start=\"589\" data-end=\"620\">ausgewogeneren Geschmack<\/strong> sind, Uwell bietet Ihnen die Wahl:<br data-start=\"648\" data-end=\"651\" \/><strong data-start=\"654\" data-end=\"665\">0,3 Ohm<\/strong> \u2013 Ideal f\u00fcr einen Aerial Vape (RDL) mit dichtem Dampf und einem starken Zug.<br data-start=\"748\" data-end=\"751\" \/><strong data-start=\"754\" data-end=\"765\">0,6 Ohm<\/strong> \u2013 Perfekt f\u00fcr ein sanfteres Erlebnis und eine sch\u00f6ne R\u00fcckgabe von Aromen.<\/p>\n<p data-start=\"848\" data-end=\"1057\"><strong data-start=\"851\" data-end=\"900\">Pro-FOCS-Technologie: Geschmack auf h\u00f6chstem Niveau!<\/strong><br data-start=\"900\" data-end=\"903\" \/>Dank des <strong data-start=\"912\" data-end=\"932\">Pro-FOCS-Systems<\/strong> wertet jeder Zug Ihre E-Liquids auf. Mehr Aromen, mehr Intensit\u00e4t&#8230; Es ist ein wahres Fest f\u00fcr Ihre Geschmacksknospen!<\/p>\n<p data-start=\"1059\" data-end=\"1356\"><strong data-start=\"1062\" data-end=\"1099\">EM-LOCK: Der Auslaufschutz!<\/strong><br data-start=\"1099\" data-end=\"1102\" \/>Uwell brachte die schwere Artillerie mit <strong data-start=\"1141\" data-end=\"1152\">EM-LOCK,<\/strong> einem <strong data-start=\"1157\" data-end=\"1195\">revolution\u00e4ren Anti-Leckage-System<\/strong>, auf den Markt. Sein Geheimnis? Eine <strong data-start=\"1214\" data-end=\"1252\">rotierende elektromagnetische Barriere<\/strong> , die sich bei jeder Inhalation \u00f6ffnet und schlie\u00dft. Das Ergebnis: eine <strong data-start=\"1318\" data-end=\"1352\">saubere, praktische und auslaufsichere<\/strong> Kapsel!<\/p>\n<p data-start=\"1358\" data-end=\"1580\"><strong data-start=\"1361\" data-end=\"1406\">Vereinfachte Abf\u00fcllung, 4,5 ml Freiheit!<\/strong><br data-start=\"1406\" data-end=\"1409\" \/>Kein Grund mehr zu k\u00e4mpfen! Mit <strong data-start=\"1442\" data-end=\"1478\">einer ultra-einfachen Seitenbef\u00fcllung<\/strong> laden Sie Ihren Tank <strong data-start=\"1503\" data-end=\"1527\">in wenigen Sekunden<\/strong> auf und genie\u00dfen eine sch\u00f6ne <strong data-start=\"1551\" data-end=\"1577\">E-Liquid-Autonomie<\/strong>.<\/p>\n<p data-start=\"1582\" data-end=\"1754\"><strong data-start=\"1585\" data-end=\"1635\">Packung mit 2 Patronen: immer bereit zum Verdampfen!<\/strong><br data-start=\"1635\" data-end=\"1638\" \/>Mit <strong data-start=\"1643\" data-end=\"1683\">zwei EM2-Patronen in jeder Packung<\/strong> haben Sie immer einen Vorrat zur Hand, um zu verhindern, dass Ihnen der Kraftstoff ausgeht.<\/p>\n<p data-start=\"1756\" data-end=\"2092\"><strong data-start=\"1759\" data-end=\"1774\">Kurz gesagt:<\/strong><br data-start=\"1774\" data-end=\"1777\" \/>\u2705 <strong data-start=\"1779\" data-end=\"1801\">4,5 ml Fassungsverm\u00f6gen<\/strong> f\u00fcr eine gute Autonomie<br data-start=\"1826\" data-end=\"1829\" \/>\u2705 <strong data-start=\"1831\" data-end=\"1862\">Eingebauter Maschenwiderstand f\u00fcr Top-Aromen<\/strong><br data-start=\"1886\" data-end=\"1889\" \/>\u2705 <strong data-start=\"1891\" data-end=\"1914\">EM-LOCK-Technologie<\/strong> : keine Leckagen mehr!<br data-start=\"1934\" data-end=\"1937\" \/>\u2705 <strong data-start=\"1939\" data-end=\"1959\">Pro-FOCS-System<\/strong> : Sublimierte Aromen<br data-start=\"1981\" data-end=\"1984\" \/>\u2705 Einfache und saubere <strong data-start=\"1986\" data-end=\"2016\">Seitenbef\u00fcllung<\/strong><br data-start=\"2026\" data-end=\"2029\" \/>\u2705 <strong data-start=\"2031\" data-end=\"2044\">2er-Pack<\/strong> , um immer eine Ersatzpatrone zu haben<\/p>\n<p data-start=\"2094\" data-end=\"2169\"><strong data-start=\"2094\" data-end=\"2121\">Uwell EM2 Patronen<\/strong> : weil Ihr Vape das Beste verdient!<\/p>\n","protected":false},"excerpt":{"rendered":"<p>Uwell &#8211; EM2 Pods Pack x2 \u2013 4,5ml: Die perfekte Verschmelzung von Aromen und Innovation! Warum sollten Sie sich mit einem klassischen Vape zufrieden geben, wenn Sie nach Exzellenz streben k\u00f6nnen? Mit den EM2-Tonabnehmern von Uwell betritt Ihr Uwell &#8211; EM2 Pods Pack x2\u00a0eine neue Dimension! Pr\u00e4zision, explosive Aromen und keine Lecks&#8230; Diese Ersatztanks sind [&hellip;]<\/p>\n","protected":false},"featured_media":43673,"template":"","meta":{"_acf_changed":false},"product_cat":[442,408,453,469],"product_tag":[],"class_list":{"0":"post-47550","1":"product","2":"type-product","3":"status-publish","4":"has-post-thumbnail","6":"product_brand-uwell-de","7":"product_cat-hervorgehobene-produkte","8":"product_cat-lieferbar-innerhalb-von-24-stunden-de","9":"product_cat-pods-de","10":"product_cat-zubehor-pods","12":"first","13":"instock","14":"taxable","15":"shipping-taxable","16":"purchasable","17":"product-type-variable"},"acf":[],"jetpack_sharing_enabled":true,"_links":{"self":[{"href":"https:\/\/vapotheque.ch\/de\/wp-json\/wp\/v2\/product\/47550","targetHints":{"allow":["GET"]}}],"collection":[{"href":"https:\/\/vapotheque.ch\/de\/wp-json\/wp\/v2\/product"}],"about":[{"href":"https:\/\/vapotheque.ch\/de\/wp-json\/wp\/v2\/types\/product"}],"wp:featuredmedia":[{"embeddable":true,"href":"https:\/\/vapotheque.ch\/de\/wp-json\/wp\/v2\/media\/43673"}],"wp:attachment":[{"href":"https:\/\/vapotheque.ch\/de\/wp-json\/wp\/v2\/media?parent=47550"}],"wp:term":[{"taxonomy":"product_cat","embeddable":true,"href":"https:\/\/vapotheque.ch\/de\/wp-json\/wp\/v2\/product_cat?post=47550"},{"taxonomy":"product_tag","embeddable":true,"href":"https:\/\/vapotheque.ch\/de\/wp-json\/wp\/v2\/product_tag?post=47550"}],"curies":[{"name":"wp","href":"https:\/\/api.w.org\/{rel}","templated":true}]}}