{"id":47549,"date":"2025-02-11T13:49:54","date_gmt":"2025-02-11T12:49:54","guid":{"rendered":"https:\/\/vapotheque.ch\/boutique\/uwell-bausatz-pod-em2\/"},"modified":"2025-11-11T18:33:05","modified_gmt":"2025-11-11T17:33:05","slug":"uwell-kit-pod-em2-de","status":"publish","type":"product","link":"https:\/\/vapotheque.ch\/de\/shop\/uwell-kit-pod-em2-de\/","title":{"rendered":"Uwell &#8211; Kit Pod EM2"},"content":{"rendered":"<h3 data-pm-slice=\"1 1 []\"><strong>Uwell EM2 Pod Kit \u2013 Die perfekte Kombination aus Einfachheit, Leistung und Innovation! \u26a1<\/strong><\/h3>\n<p>Uwell schl\u00e4gt mit seinem <strong>EM2 Pod Kit<\/strong> wieder zu, einem wiederaufladbaren Pod, der <strong>Praktikabilit\u00e4t, Leistung und ultramodernes Design<\/strong> vereint! Nach dem Erfolg der <strong>Caliburn-Reihe<\/strong> liefert die Marke hier eine elektronische Zigarette, die f\u00fcr <strong>alle Dampfer<\/strong> konzipiert ist, egal ob sie Anf\u00e4nger oder Experten sind, die einen vielseitigen und leistungsstarken Pod suchen.<\/p>\n<div>\n<hr \/>\n<\/div>\n<h3><strong>Kraftpaket in einem kompakten Formfaktor <\/strong><\/h3>\n<p>Lassen Sie sich nicht t\u00e4uschen <strong>Minimalistisches und elegantes Design<\/strong> : unter seiner <strong>Aluminiumlegierung<\/strong> Versteckt eine Batterie <strong>1200mAh eingebaut<\/strong>, die in der Lage ist, <strong>bis zu 40 W Leistung<\/strong> ! Egal, ob Sie ein Fan von <strong>Dichte Wolken<\/strong> oder ein weicherer Dampf, dieses kleine Juwel passt sich Ihrem Stil an.<\/p>\n<p><strong>Autonomie an der<\/strong> Spitze: den ganzen Tag ohne Stress dampfen<br \/>\n\u26a1 <strong>Einstellbare Leistung (5-40 W):<\/strong> ein Pod, der sich an Sie anpasst<br \/>\n\u26a1 <strong>USB-C-Schnellladung<\/strong> : denn Zeit ist Dampf!<\/p>\n<div>\n<hr \/>\n<\/div>\n<h3><strong>EM-Lock: der ultimative Schutz vor Leckagen \ufe0f<\/strong><\/h3>\n<p>Uwell innoviert mit <strong>der EM-Lock-Technologie<\/strong>, einem <strong>revolution\u00e4ren Anti-Leckage-System<\/strong>, Basierend auf einer elektromagnetischen Abschirmung. Dank dieses genialen Mechanismus:<\/p>\n<p><strong>Keine Lecks<\/strong> : Ihr Pod bleibt immer sauber<br \/>\n<strong>Automatisches \u00d6ffnen bei jedem Zug<\/strong> : ultra-intuitive Bedienung<br \/>\n<strong>Kompatibel mit High PG &amp; High VG E-Liquids<\/strong> : f\u00fcr einen ma\u00dfgeschneiderten Dampf<\/p>\n<p>Vergessen Sie Taschen oder T\u00fcten! Mit dem <strong>EM2<\/strong> ist <strong>100% Spa\u00df, 0% \u00c4rger<\/strong>.<\/p>\n<div>\n<hr \/>\n<\/div>\n<h3><strong>Vollst\u00e4ndige Anpassung mit einstellbarem \ufe0f Luftstrom<\/strong><\/h3>\n<p>M\u00f6chten Sie einen engen MTL-Draw, Semi-Aerial <strong>RDL<\/strong> oder Totally Aerial <strong>DL<\/strong> ? Ein einfacher <strong>Ein Schieben auf den Druckknopf<\/strong> reicht aus, um <strong>die \u00d6ffnung des Luftstroms<\/strong> einzustellen und passen Sie den Zugwiderstand an. Egal, ob Sie intensive oder weichere Empfindungen bevorzugen, der EM2 erf\u00fcllt alle Ihre W\u00fcnsche im Handumdrehen.<\/p>\n<div>\n<hr \/>\n<\/div>\n<h3><strong>EM2-Patronen: Einfachheit, Leistung und maximaler Geschmack! <\/strong><\/h3>\n<p><strong>EM2-Patronen<\/strong> wurden entwickelt, um <strong>Dampfern das Leben zu erleichtern<\/strong> und gleichzeitig dank der <strong>Pro-FOCS-Technologie<\/strong> von Uwell eine au\u00dfergew\u00f6hnliche <strong>Geschmackswiedergabe<\/strong> zu garantieren.<\/p>\n<p>\u2705 <strong>Gro\u00dfz\u00fcgiges Fassungsverm\u00f6gen von 4,5 ml<\/strong> : weniger Nachf\u00fcllungen, mehr Spa\u00df<br \/>\n\u2705 <strong>Einfache Seitenbef\u00fcllung<\/strong> : keine komplizierte Handhabung mehr<br \/>\n\u2705 <strong>Zwei Optionen f\u00fcr eingebaute Widerst\u00e4nde<\/strong> :<\/p>\n<ul data-spread=\"false\">\n<li><strong>0,3 Ohm<\/strong> f\u00fcr einen luftigen Dampf und gro\u00dfe Wolken \ufe0f<\/li>\n<li><strong>0,6 Ohm<\/strong> f\u00fcr einen gleichm\u00e4\u00dfigeren und schmackhafteren Zug<\/li>\n<\/ul>\n<p>\u26a0\ufe0f <strong>Kleine Erinnerung<\/strong>: die Widerst\u00e4nde, die <strong>integriert<\/strong> werden, wechseln Sie einfach die Patrone, sobald sie abgenutzt ist. Praktisch, oder?<\/p>\n<div>\n<hr \/>\n<\/div>\n<h3><strong>Warum sollten Sie sich f\u00fcr das EM2 Uwell Pod Kit entscheiden? <\/strong><\/h3>\n<p><strong>Leistung und Autonomie (<\/strong> 40W + 1200mAh)<br \/>\n<strong>Einstellbarer Luftstrom<\/strong> f\u00fcr ein personalisiertes Erlebnis<br \/>\n\ufe0f <strong>Auslaufsichere EM-Lock-Technologie<\/strong> : Dampfen ohne Sorgen<br \/>\n<strong>Au\u00dfergew\u00f6hnlicher Geschmack mit<\/strong> EM2-Patronen<br \/>\n\u26a1 <strong>USB-C-Schnellladung<\/strong> : immer bereit zum Dampfen<\/p>\n<p>Egal, ob Sie ein Anf\u00e4nger sind, der <strong>nach Einfachheit sucht<\/strong>, oder ein Veteran, der <strong>einen vielseitigen Pod sucht<\/strong>, der <strong>EM2<\/strong> ist f\u00fcr Sie!<\/p>\n<p><strong>Packungsinhalt<\/strong> :<br \/>\n\u2714 1 x EM2 1200mAh Akku<br \/>\n\u2714 1 x EM2 0,3 Ohm Tonabnehmer<br \/>\n\u2714 1 x EM2 0,6 Ohm Tonabnehmer<br \/>\n\u2714 1 x USB-C-Kabel<br \/>\n\u2714 1 x Benutzerhandbuch<\/p>\n<p><strong>Sind Sie bereit, einen sanften, kraftvollen und stressfreien Dampf zu entdecken? Das EM2 Pod Kit von Uwell ist daf\u00fcr da! <\/strong><\/p>\n","protected":false},"excerpt":{"rendered":"<p>Uwell EM2 Pod Kit \u2013 Die perfekte Kombination aus Einfachheit, Leistung und Innovation! \u26a1 Uwell schl\u00e4gt mit seinem EM2 Pod Kit wieder zu, einem wiederaufladbaren Pod, der Praktikabilit\u00e4t, Leistung und ultramodernes Design vereint! Nach dem Erfolg der Caliburn-Reihe liefert die Marke hier eine elektronische Zigarette, die f\u00fcr alle Dampfer konzipiert ist, egal ob sie Anf\u00e4nger [&hellip;]<\/p>\n","protected":false},"featured_media":43663,"template":"","meta":{"_acf_changed":false},"product_cat":[442,408,453,454],"product_tag":[],"class_list":{"0":"post-47549","1":"product","2":"type-product","3":"status-publish","4":"has-post-thumbnail","6":"product_brand-uwell-de","7":"product_cat-hervorgehobene-produkte","8":"product_cat-lieferbar-innerhalb-von-24-stunden-de","9":"product_cat-pods-de","10":"product_cat-vapes-pods-de","12":"first","13":"instock","14":"taxable","15":"shipping-taxable","16":"purchasable","17":"product-type-variable"},"acf":[],"jetpack_sharing_enabled":true,"_links":{"self":[{"href":"https:\/\/vapotheque.ch\/de\/wp-json\/wp\/v2\/product\/47549","targetHints":{"allow":["GET"]}}],"collection":[{"href":"https:\/\/vapotheque.ch\/de\/wp-json\/wp\/v2\/product"}],"about":[{"href":"https:\/\/vapotheque.ch\/de\/wp-json\/wp\/v2\/types\/product"}],"wp:featuredmedia":[{"embeddable":true,"href":"https:\/\/vapotheque.ch\/de\/wp-json\/wp\/v2\/media\/43663"}],"wp:attachment":[{"href":"https:\/\/vapotheque.ch\/de\/wp-json\/wp\/v2\/media?parent=47549"}],"wp:term":[{"taxonomy":"product_cat","embeddable":true,"href":"https:\/\/vapotheque.ch\/de\/wp-json\/wp\/v2\/product_cat?post=47549"},{"taxonomy":"product_tag","embeddable":true,"href":"https:\/\/vapotheque.ch\/de\/wp-json\/wp\/v2\/product_tag?post=47549"}],"curies":[{"name":"wp","href":"https:\/\/api.w.org\/{rel}","templated":true}]}}