{"id":47547,"date":"2024-12-13T17:15:42","date_gmt":"2024-12-13T16:15:42","guid":{"rendered":"https:\/\/vapotheque.ch\/boutique\/voopoo-vmate-v3-cartridges-packung-x2\/"},"modified":"2025-11-11T15:46:20","modified_gmt":"2025-11-11T14:46:20","slug":"voopoo-vmate-v3-cartridges-packung-x2","status":"publish","type":"product","link":"https:\/\/vapotheque.ch\/de\/shop\/voopoo-vmate-v3-cartridges-packung-x2\/","title":{"rendered":"Voopoo &#8211; VMate V3 Cartridges &#8211; Packung x2"},"content":{"rendered":"<h2><strong>Voopoo VMate V2 Cartridges: \u00c4ndern Sie Ihren Geschmack im Handumdrehen!<\/strong><\/h2>\n<p>M\u00f6gen Sie es, die Freuden ohne Kompromisse zu variieren? Mit den Voopoo VMate V2 Cartridges wird der Wechsel von einem Gourmet-Pudding zu einer frischen Minze zum Kinderspiel (aber mischen Sie sie nicht, wir sehen Sie kommen!). Diese Kartuschen sind praktisch, hygienisch und effizient und ersetzen sowohl Ihre verschlissene Spule als auch Ihren leeren Tank.<\/p>\n<hr \/>\n<h3><strong>Ein All-in-One-Panzer<\/strong> \ufe0f<\/h3>\n<p>Kein kompliziertes Basteln mehr: Hier ist die Spule direkt in die Kartusche integriert. Wenn Ihre Spule Erm\u00fcdungserscheinungen aufweist, wechseln Sie einfach die gesamte Patrone. Ergebnis? Ein Vape, der immer an der Spitze ist, ohne Kopfschmerzen zu haben.<\/p>\n<hr \/>\n<h3><strong>Kompatibilit\u00e4t auf dem neuesten Stand<\/strong><\/h3>\n<p>Die <strong>Voopoo VMate V2 Cartridges <\/strong>passen perfekt zu <strong>Vthru Pro<\/strong> Pods und der gesamten <strong>VMate-Reihe<\/strong>.<\/p>\n<hr \/>\n<h3><strong>Zwei Optionen, zwei Erfahrungen<\/strong> \ufe0f<\/h3>\n<p>W\u00e4hlen Sie Ihren Vape-Stil mit zwei Modellen, die all Ihren W\u00fcnschen entsprechen:<\/p>\n<ul>\n<li><strong>0,7 Ohm<\/strong> : RDL (Semi-Antenne) Zug \u2013 perfekt f\u00fcr ein Verh\u00e4ltnis von 50PG\/50VG bis 30PG\/70VG.<\/li>\n<li><strong>1,2 Ohm<\/strong> : MTL-Zug (fest) \u2013 ideal f\u00fcr Nikotinsalze, CBD oder E-Liquids mit hohem Nikotingehalt. Kompatibel mit dem Verh\u00e4ltnis 70PG\/30VG bis 50PG\/50VG.<\/li>\n<\/ul>\n<hr \/>\n<h3><strong>Verm\u00f6genswerte, die den Unterschied machen<\/strong><\/h3>\n<p><strong>Voopoo VMate V2 Cartridges<\/strong> sind nicht nur leistungsstark, sondern k\u00fcmmern sich auch mit cleveren Innovationen um Sie:<\/p>\n<ul>\n<li><strong>Antibakterieller Schutz<\/strong> dank der in die Tropfspitze integrierten Silberionen.<\/li>\n<li><strong>Mehrschichtiges Dichtungssystem<\/strong>, denn Undichtigkeiten sind kein Danke!<\/li>\n<\/ul>\n<hr \/>\n<h3><strong>Leicht zu bef\u00fcllen, noch einfacher zu wechseln<\/strong> \u26fd<\/h3>\n<p>Mit einem Fassungsverm\u00f6gen von <strong>3 ml<\/strong> ist das Bef\u00fcllen Ihrer Kartusche ein Kinderspiel:<\/p>\n<ol>\n<li>L\u00f6sen Sie die Patrone von Ihrem Pod.<\/li>\n<li>Hebe die Silikonkappe zur Seite.<\/li>\n<li>F\u00fcgen Sie Ihr Lieblings-E-Liquid hinzu.<\/li>\n<li>Schlie\u00dfen Sie es, warten <strong>Sie 10 Minuten<\/strong> , wenn es neu ist, und los geht&#8217;s f\u00fcr einen leckeren Dampf!<\/li>\n<\/ol>\n<p>Wenn Ihre Patrone abgenutzt ist, bringen Sie Ihre Basketballf\u00e4higkeiten zum Vorschein: L\u00f6sen Sie sie und werfen Sie sie stilvoll (aber nat\u00fcrlich in den richtigen M\u00fclleimer \u267b\ufe0f).<\/p>\n<hr \/>\n<h3><strong>Wann sollten Sie Ihre Patrone austauschen?<\/strong><\/h3>\n<ul>\n<li><strong>Etwa alle 2 Wochen<\/strong>, je nach Nutzung.<\/li>\n<li>Wenn Sie den Geschmack \u00e4ndern, um fragw\u00fcrdige Mischungen zu vermeiden.<\/li>\n<li>Wenn Sie einen verbrannten Geschmack riechen \u2013 das ist das ultimative Warnzeichen!<\/li>\n<\/ul>\n<p>Entdecken Sie alle Produkte der Marke <a href=\"..\/..\/product_brand\/voopoo\/\" target=\"_blank\" rel=\"noopener\">Voopoo<\/a>.<\/p>\n<p>Erhalten Sie Rabatte oder die neuesten Informationen zu unseren anderen Produkten, die im Gesch\u00e4ft erh\u00e4ltlich sind, indem Sie uns in unseren sozialen Netzwerken folgen: <a href=\"https:\/\/www.facebook.com\/VapeAigleCH\" target=\"_blank\" rel=\"noopener\">Facebook<\/a> oder <a href=\"https:\/\/www.instagram.com\/vapotheque_aigle\/\" target=\"_blank\" rel=\"noopener\">Instagram<\/a>.<\/p>\n","protected":false},"excerpt":{"rendered":"<p>Voopoo VMate V2 Cartridges: \u00c4ndern Sie Ihren Geschmack im Handumdrehen! M\u00f6gen Sie es, die Freuden ohne Kompromisse zu variieren? Mit den Voopoo VMate V2 Cartridges wird der Wechsel von einem Gourmet-Pudding zu einer frischen Minze zum Kinderspiel (aber mischen Sie sie nicht, wir sehen Sie kommen!). Diese Kartuschen sind praktisch, hygienisch und effizient und ersetzen [&hellip;]<\/p>\n","protected":false},"featured_media":41416,"template":"","meta":{"_acf_changed":false},"product_cat":[442,408,453,423,469],"product_tag":[],"class_list":{"0":"post-47547","1":"product","2":"type-product","3":"status-publish","4":"has-post-thumbnail","6":"product_brand-voopoo-de","7":"product_cat-hervorgehobene-produkte","8":"product_cat-lieferbar-innerhalb-von-24-stunden-de","9":"product_cat-pods-de","10":"product_cat-promos","11":"product_cat-zubehor-pods","13":"first","14":"instock","15":"taxable","16":"shipping-taxable","17":"purchasable","18":"product-type-variable"},"acf":[],"jetpack_sharing_enabled":true,"_links":{"self":[{"href":"https:\/\/vapotheque.ch\/de\/wp-json\/wp\/v2\/product\/47547","targetHints":{"allow":["GET"]}}],"collection":[{"href":"https:\/\/vapotheque.ch\/de\/wp-json\/wp\/v2\/product"}],"about":[{"href":"https:\/\/vapotheque.ch\/de\/wp-json\/wp\/v2\/types\/product"}],"wp:featuredmedia":[{"embeddable":true,"href":"https:\/\/vapotheque.ch\/de\/wp-json\/wp\/v2\/media\/41416"}],"wp:attachment":[{"href":"https:\/\/vapotheque.ch\/de\/wp-json\/wp\/v2\/media?parent=47547"}],"wp:term":[{"taxonomy":"product_cat","embeddable":true,"href":"https:\/\/vapotheque.ch\/de\/wp-json\/wp\/v2\/product_cat?post=47547"},{"taxonomy":"product_tag","embeddable":true,"href":"https:\/\/vapotheque.ch\/de\/wp-json\/wp\/v2\/product_tag?post=47547"}],"curies":[{"name":"wp","href":"https:\/\/api.w.org\/{rel}","templated":true}]}}