{"id":47545,"date":"2024-12-10T15:10:22","date_gmt":"2024-12-10T14:10:22","guid":{"rendered":"https:\/\/vapotheque.ch\/boutique\/elf-bar-bausatz-af5000\/"},"modified":"2025-11-11T15:33:25","modified_gmt":"2025-11-11T14:33:25","slug":"elf-bar-kit-af5000-de","status":"publish","type":"product","link":"https:\/\/vapotheque.ch\/de\/shop\/elf-bar-kit-af5000-de\/","title":{"rendered":"Elf Bar &#8211; Kit AF5000"},"content":{"rendered":"<h2><strong>Elf Bar Kit AF5000: Ihre Eintrittskarte f\u00fcr einen einfachen und intensiven Dampf<\/strong><\/h2>\n<p><strong>Suchen Sie nach einer elektronischen Zigarette, die Einfachheit, Leistung und helle Aromen vereint?<\/strong> Entdecken Sie das <strong>Elf Bar Kit AF5000<\/strong>, eine Einweg-E-Zigarette der n\u00e4chsten Generation, die Ihnen <strong>bis zu 5.000 Z\u00fcge puren Genusses<\/strong> bietet. Mit seinem <strong>wiederaufladbaren 650-mAh-Akku<\/strong> (USB-C-Kabel nicht im Lieferumfang enthalten) und dem ultrakompakten Design ist der AF5000 der perfekte Begleiter f\u00fcr Dampfer, die auf der Suche nach Praktikabilit\u00e4t und Stil sind.<\/p>\n<hr \/>\n<h3><strong>Ein intelligentes und einfach zu lebendes Format<\/strong><\/h3>\n<p>Das <strong>Elf Bar Kit AF5000<\/strong> enth\u00e4lt <strong>10 ml E-Liquid<\/strong> , das im Handumdrehen einen 2 ml Tank f\u00fcllt. <strong>Ergebnis?<\/strong> Beeindruckende Akkulaufzeit im Taschenformat, das Sie \u00fcberall hin mitnehmen k\u00f6nnen. Das intuitive System ist so konzipiert, dass Sie jeden Zug m\u00fchelos genie\u00dfen k\u00f6nnen, und das Nachf\u00fcllen des E-Liquids ist in Sekundenschnelle erledigt.<\/p>\n<hr \/>\n<h3><strong>Eine Explosion von fruchtigen und frostigen Aromen<\/strong><\/h3>\n<p>Tauchen Sie ein in eine Welt voller <strong>fruchtiger und erfrischender Aromen<\/strong>, die perfekt sind, um Ihre Geschmacksknospen zu wecken. Das E-Liquid auf Basis <strong>von Nikotinsalzen<\/strong> (20 mg\/ml) sorgt dank schneller Absorption und einem sanften Schlag im Hals f\u00fcr sofortige Befriedigung. <strong>S\u00fc\u00dfe Mischungen und eisige Empfindungen<\/strong>, das ist das Rezept f\u00fcr den Genuss signiert Elf Bar.<\/p>\n<hr \/>\n<h3><strong>Wie funktioniert das? Spielend leicht! <\/strong><\/h3>\n<ol>\n<li><strong>Bereiten Sie Ihr Elf Bar Kit AF5000 vor:<\/strong> \u00d6ffnen Sie die mitgelieferte E-Liquid-Flasche, ohne die Gummispitze zu entfernen.<\/li>\n<li><strong>Entfernen Sie die Schutzma\u00dfnahmen:<\/strong> Entfernen Sie die Silikonkappen von der Batterie.<\/li>\n<li><strong>F\u00fcllen:<\/strong> Setzen Sie die Flasche in die Batterierinne ein, bis sie einrastet.<\/li>\n<li><strong>Abwarten:<\/strong> Drehen Sie den AF5000 10 Sekunden lang auf den Kopf, damit sich der Tank f\u00fcllt.<\/li>\n<li><strong>Verdampfen!<\/strong> Genie\u00dfe einen k\u00f6stlichen Zug und passe ihn an, indem du nachf\u00fcllst, wenn der Geschmack nachl\u00e4sst.<\/li>\n<\/ol>\n<p>Sobald das E-Liquid aufgebraucht ist, recyceln Sie den Akku an einer geeigneten Sammelstelle.<\/p>\n<p><img data-recalc-dims=\"1\" decoding=\"async\" class=\"size-large wp-image-40838\" src=\"https:\/\/i0.wp.com\/vapotheque.ch\/wp-content\/uploads\/2024\/12\/how-to-use-af5000-steps.webp?resize=800%2C755&#038;ssl=1\" alt=\"Anleitung Elf Bar Kit AF5000\" width=\"800\" height=\"755\" \/><\/p>\n<hr \/>\n<h3><strong>Das Elf Bar Kit AF5000: Ihr Anti-Zigaretten-Partner<\/strong><\/h3>\n<p>Dank <strong>der Nikotinsalze<\/strong> bietet das <strong>Elf Bar Kit AF5000<\/strong> eine sanfte und effektive L\u00f6sung f\u00fcr alle, die <strong>sich vom Tabak befreien<\/strong> m\u00f6chten. Mit einem leichten, aber dennoch befriedigenden Halsschlag ist dieses Ger\u00e4t ideal, um Ihr Verlangen zu reduzieren und gleichzeitig ein angenehmes und kompromissloses Erlebnis zu genie\u00dfen.<\/p>\n<hr \/>\n<h3><strong>Das Tor zum &#8220;echten Vape&#8221;<\/strong><\/h3>\n<p>Der AF5000 ist perfekt f\u00fcr Anf\u00e4nger: <strong>Einfach, zuverl\u00e4ssig und effektiv<\/strong> bringt er Dich auf den Weg zu einem fortgeschritteneren Vape. Sobald Sie Ihre Zigaretten gegen dieses kleine Juwel eingetauscht haben, m\u00fcssen Sie nur <strong>noch offene Systeme<\/strong> wie Pods und andere E-Zigaretten erkunden, um ein noch pers\u00f6nlicheres Erlebnis zu erzielen.<\/p>\n<p><a href=\"https:\/\/vapotheque.ch\/de\/marque\/elf-bar-de\/\">Hier<\/a> finden Sie alle Produkte der Marke ELF BAR.<\/p>\n<p>Erhalten Sie Rabatte oder die neuesten Informationen zu unseren anderen Produkten, die im Gesch\u00e4ft erh\u00e4ltlich sind, indem Sie uns in unseren sozialen Netzwerken folgen: <a href=\"https:\/\/www.facebook.com\/VapeAigleCH\" target=\"_blank\" rel=\"noopener noreferrer nofollow\">Facebook<\/a> oder <a href=\"https:\/\/www.instagram.com\/vapotheque_aigle\/\" target=\"_blank\" rel=\"noopener noreferrer nofollow\">Instagram<\/a>.<\/p>\n","protected":false},"excerpt":{"rendered":"<p>Elf Bar Kit AF5000: Ihre Eintrittskarte f\u00fcr einen einfachen und intensiven Dampf Suchen Sie nach einer elektronischen Zigarette, die Einfachheit, Leistung und helle Aromen vereint? Entdecken Sie das Elf Bar Kit AF5000, eine Einweg-E-Zigarette der n\u00e4chsten Generation, die Ihnen bis zu 5.000 Z\u00fcge puren Genusses bietet. Mit seinem wiederaufladbaren 650-mAh-Akku (USB-C-Kabel nicht im Lieferumfang enthalten) [&hellip;]<\/p>\n","protected":false},"featured_media":31184,"template":"","meta":{"_acf_changed":false},"product_cat":[408,453,466],"product_tag":[],"class_list":{"0":"post-47545","1":"product","2":"type-product","3":"status-publish","4":"has-post-thumbnail","6":"product_brand-elf-bar-de","7":"product_cat-lieferbar-innerhalb-von-24-stunden-de","8":"product_cat-pods-de","9":"product_cat-puff-einweg-vapes","11":"first","12":"instock","13":"taxable","14":"shipping-taxable","15":"purchasable","16":"product-type-variable"},"acf":[],"jetpack_sharing_enabled":true,"_links":{"self":[{"href":"https:\/\/vapotheque.ch\/de\/wp-json\/wp\/v2\/product\/47545","targetHints":{"allow":["GET"]}}],"collection":[{"href":"https:\/\/vapotheque.ch\/de\/wp-json\/wp\/v2\/product"}],"about":[{"href":"https:\/\/vapotheque.ch\/de\/wp-json\/wp\/v2\/types\/product"}],"wp:featuredmedia":[{"embeddable":true,"href":"https:\/\/vapotheque.ch\/de\/wp-json\/wp\/v2\/media\/31184"}],"wp:attachment":[{"href":"https:\/\/vapotheque.ch\/de\/wp-json\/wp\/v2\/media?parent=47545"}],"wp:term":[{"taxonomy":"product_cat","embeddable":true,"href":"https:\/\/vapotheque.ch\/de\/wp-json\/wp\/v2\/product_cat?post=47545"},{"taxonomy":"product_tag","embeddable":true,"href":"https:\/\/vapotheque.ch\/de\/wp-json\/wp\/v2\/product_tag?post=47545"}],"curies":[{"name":"wp","href":"https:\/\/api.w.org\/{rel}","templated":true}]}}