{"id":47504,"date":"2025-11-07T17:01:31","date_gmt":"2025-11-07T16:01:31","guid":{"rendered":"https:\/\/vapotheque.ch\/boutique\/vaporesso-itank-t\/"},"modified":"2025-11-07T17:23:31","modified_gmt":"2025-11-07T16:23:31","slug":"vaporesso-itank-t","status":"publish","type":"product","link":"https:\/\/vapotheque.ch\/de\/shop\/vaporesso-itank-t\/","title":{"rendered":"Vaporesso &#8211; iTank T"},"content":{"rendered":"<h2><strong>Vaporesso iTank T: Power in DTL!<\/strong><\/h2>\n<p>Mach Dich bereit, mit dem <strong>iTank T Clearomizer<\/strong> von <strong>Vaporesso<\/strong> in ein kraftvolles und dichtes Vape-Universum einzutauchen. Konzipiert f\u00fcr Liebhaber von starkem Dampf und direkter Inhalation (DTL), ist dieser robuste Edelstahltank ein wahres Juwel in Technik und Design. Der iTank T ist in verschiedenen Farbvarianten erh\u00e4ltlich und zeichnet sich durch seine F\u00e4higkeit aus, ein personalisiertes Dampferlebnis zu bieten und gleichzeitig stilvoll und langlebig zu sein.<\/p>\n<h3><strong>Ein Design, das Ihren Stil aufzwingt<\/strong><\/h3>\n<p>Mit seiner <strong>810er Tropfspitze<\/strong> , die entwickelt wurde, um die Dampfproduktion zu maximieren, spielt der iTank T nicht herum, wenn es darum geht, Ihnen eine dicke, geschmackvolle Wolke zu geben. Dank des <strong>verstellbaren Luftstromrings<\/strong> , der oben am Tank angebracht ist, verabschieden Sie sich von l\u00e4stigen Lecks und passen Sie Ihren Zug an Ihre W\u00fcnsche an, von den luftigsten bis zu den restriktivsten. Sein intuitives Design und seine sorgf\u00e4ltige Verarbeitung machen ihn zur perfekten Wahl f\u00fcr alle, die <strong>\u00c4sthetik und Leistung<\/strong> kombinieren m\u00f6chten.<\/p>\n<h3><strong>Zwei Tanks, um alle Ihre W\u00fcnsche zu erf\u00fcllen<\/strong><\/h3>\n<p>Der iTank T wird mit nicht nur einem, sondern <strong>gleich zwei Pyrex-Panzern<\/strong> geliefert! Der <strong> 6-ml-Bubble-Tank erm\u00f6glicht es Ihnen, lange Vape-Sessions zu genie\u00dfen, ohne st\u00e4ndig nachf\u00fcllen zu m\u00fcssen, w\u00e4hrend der <strong>gerade 3-ml-Tank<\/strong> f\u00fcr diejenigen gedacht ist, die ein diskreteres Setup bevorzugen. Was auch immer Sie bevorzugen, Vaporesso hat an alles gedacht, um Ihnen das bestm\u00f6gliche Erlebnis zu bieten.<\/strong><\/p>\n<h3><strong>Eine explosive Kombination: iTank T und GTi Widerst\u00e4nde<\/strong><\/h3>\n<p>Der Schl\u00fcssel zum Erfolg des iTank T liegt in seiner <strong>Kompatibilit\u00e4t mit den GTi-Spulen von Vaporesso<\/strong> , die f\u00fcr ihre Qualit\u00e4t und Langlebigkeit bekannt sind. Diese Mesh-Coils, die in 0,2 Ohm und 0,4 Ohm erh\u00e4ltlich sind, sind ideal f\u00fcr einen Subohm-Vape , der reich an Geschmack und Dampf ist. Egal, ob Du ein Fan von gro\u00dfen Wolken bist oder einen engeren Zug bevorzugst, die GTi-Coils sorgen daf\u00fcr, dass Du mit jedem Zug einen intensiven und befriedigenden Dampf erh\u00e4ltst.<\/p>\n<ul>\n<li><strong>GTi 0,2 Ohm Coil<\/strong> : F\u00fcr einen <strong>ultra-luftigen DTL-Vape<\/strong>, der zwischen 60W und 75W verwendet werden kann.<\/li>\n<li><strong>GTi 0,4 Ohm Coil<\/strong> : F\u00fcr einen <strong>kleineren DTL-Bezug<\/strong>, der zwischen 50 W und 60 W verwendet werden kann.<\/li>\n<\/ul>\n<h3><strong>Einfach zu bedienen, noch einfacher zu \u00fcbernehmen<\/strong><\/h3>\n<p>Das Bef\u00fcllen Ihres iTank T Clearomisers ist dank der <strong>verschiebbaren oberen Kappe<\/strong> , mit der Sie schnell und problemlos E-Liquid nachf\u00fcllen k\u00f6nnen, ein Kinderspiel. M\u00f6chten Sie Ihre Spule wechseln? Schrauben Sie einfach den Sockel ab, setzen Sie die neue GTi-Spule ein, schrauben Sie sie wieder fest und fertig! Vergessen Sie nicht, die neue Spule zu grundieren, indem Sie sie etwa zehn Minuten lang in E-Fl\u00fcssigkeit einweichen lassen, um einen verbrannten Geschmack zu vermeiden.<\/p>\n<h4><strong>Inhalt des iTank T Packs<\/strong><\/h4>\n<ul>\n<li>1 iTank T Clearomiser (6 ml Tank vorinstalliert)<\/li>\n<li>1 GTi 0,2 Ohm Spule<\/li>\n<li>1 GTi 0,4 Ohm Spule<\/li>\n<li>1 x 3 ml Pyrex-Tank<\/li>\n<li>1 Satz Ersatzdichtungen<\/li>\n<li>1 Benutzerhandbuch<\/li>\n<\/ul>\n<p>Mit dem iTank T bietet Ihnen Vaporesso das Beste aus DTL Vape in einem schlanken und funktionalen Design. <strong>Sind Sie bereit, die Wolken zu z\u00e4hmen?<\/strong><\/p>\n<p>Entdecken Sie alle anderen Produkte der Marke <a href=\"..\/..\/marque\/vaporesso\/\" target=\"_blank\" rel=\"noopener\">Vaporesso<\/a>.<\/p>\n<p>Erhalten Sie Rabatte oder die neuesten Informationen zu unseren anderen Produkten, die im Gesch\u00e4ft erh\u00e4ltlich sind, indem Sie uns in unseren sozialen Netzwerken folgen: <a href=\"https:\/\/www.facebook.com\/VapeAigleCH\" target=\"_blank\" rel=\"noopener\">Facebook<\/a> oder <a href=\"https:\/\/www.instagram.com\/vapotheque_aigle\/\" target=\"_blank\" rel=\"noopener\">Instagram.<\/a><\/p>\n","protected":false},"excerpt":{"rendered":"<p>Vaporesso iTank T: Power in DTL! Mach Dich bereit, mit dem iTank T Clearomizer von Vaporesso in ein kraftvolles und dichtes Vape-Universum einzutauchen. Konzipiert f\u00fcr Liebhaber von starkem Dampf und direkter Inhalation (DTL), ist dieser robuste Edelstahltank ein wahres Juwel in Technik und Design. Der iTank T ist in verschiedenen Farbvarianten erh\u00e4ltlich und zeichnet sich [&hellip;]<\/p>\n","protected":false},"featured_media":47484,"template":"","meta":{"_acf_changed":false},"product_cat":[440,418,442,408],"product_tag":[],"class_list":{"0":"post-47504","1":"product","2":"type-product","3":"status-publish","4":"has-post-thumbnail","6":"product_brand-vaporesso-de","7":"product_cat-atomizer","8":"product_cat-clearomizer","9":"product_cat-hervorgehobene-produkte","10":"product_cat-lieferbar-innerhalb-von-24-stunden-de","12":"first","13":"instock","14":"taxable","15":"shipping-taxable","16":"purchasable","17":"product-type-variable"},"acf":[],"jetpack_sharing_enabled":true,"_links":{"self":[{"href":"https:\/\/vapotheque.ch\/de\/wp-json\/wp\/v2\/product\/47504","targetHints":{"allow":["GET"]}}],"collection":[{"href":"https:\/\/vapotheque.ch\/de\/wp-json\/wp\/v2\/product"}],"about":[{"href":"https:\/\/vapotheque.ch\/de\/wp-json\/wp\/v2\/types\/product"}],"wp:featuredmedia":[{"embeddable":true,"href":"https:\/\/vapotheque.ch\/de\/wp-json\/wp\/v2\/media\/47484"}],"wp:attachment":[{"href":"https:\/\/vapotheque.ch\/de\/wp-json\/wp\/v2\/media?parent=47504"}],"wp:term":[{"taxonomy":"product_cat","embeddable":true,"href":"https:\/\/vapotheque.ch\/de\/wp-json\/wp\/v2\/product_cat?post=47504"},{"taxonomy":"product_tag","embeddable":true,"href":"https:\/\/vapotheque.ch\/de\/wp-json\/wp\/v2\/product_tag?post=47504"}],"curies":[{"name":"wp","href":"https:\/\/api.w.org\/{rel}","templated":true}]}}