{"id":47445,"date":"2021-10-22T10:32:59","date_gmt":"2021-10-22T08:32:59","guid":{"rendered":"https:\/\/vapotheque.ch\/boutique\/nevoks-spl10-widerstaende-pack-x5\/"},"modified":"2025-11-06T14:10:19","modified_gmt":"2025-11-06T13:10:19","slug":"nevoks-spl10-widerstaende-pack-x5","status":"publish","type":"product","link":"https:\/\/vapotheque.ch\/de\/shop\/nevoks-spl10-widerstaende-pack-x5\/","title":{"rendered":"Nevoks SPL10 &#8211; Widerst\u00e4nde &#8211; Pack x5"},"content":{"rendered":"<h2 style=\"font-family: Saira,sans-serif; font-weight: bold; line-height: 1.3; font-size: 37px; margin-top: 12.5px; margin-bottom: 12.5px;\">Nevoks bietet uns seine SPL 10-Widerst\u00e4nde an.<\/h2>\n<p>Spulen SPL 10 Mesh Nevoks kompatibel mit <strong>dem Feelin Pod, dem Feelin C1 Pod<\/strong> und <strong>dem Feelin X Pod<\/strong> von Nevoks.<\/p>\n<p>Die <strong>Mesh-Technologie<\/strong> f\u00f6rdert sowohl die hervorragende Geschmackswiedergabe als auch die gro\u00dfe Dampfwolke. Beachten Sie, dass der Dampf bei einem Widerstand von 0,6 Ohm dichter und RDL-orientiert ist. Erh\u00e4ltlich in 4 Ausf\u00fchrungen: <strong>0,3, 0,6 Ohm, 0,8 Ohm und 1,0 Ohm<\/strong>.<\/p>\n<p><strong>Enger MTL\/RDL-Dampf <\/strong>je nach gew\u00e4hltem Widerstand.<\/p>\n<p><strong>Verkauft in Schachteln mit 5 St\u00fcck.<\/strong><\/p>\n<p>Achtung, die SPL 10 <strong>0,3 Ohm Widerst\u00e4nde sind nicht mit dem Feelin oder Feelin c1 Pod kompatibel<\/strong>, sondern nur mit dem Feelin X Pod.<\/p>\n<p>Sehen Sie sich alle Produkte der Marke <a href=\"..\/..\/product_brand\/nevoks\/\" target=\"_blank\" rel=\"noopener\">Nevoks<\/a> an.<\/p>\n<p>Erhalten Sie Rabatte oder die neuesten Informationen \u00fcber unsere anderen Produkte, die in unseren Gesch\u00e4ften erh\u00e4ltlich sind, indem Sie uns auf unseren sozialen Netzwerken folgen: <a href=\"https:\/\/www.facebook.com\/VapeAigleCH\" target=\"_blank\" rel=\"noopener\">Facebook<\/a> oder <a href=\"https:\/\/www.instagram.com\/vapotheque_aigle\/\" target=\"_blank\" rel=\"noopener\">Instagram<\/a>.<\/p>\n","protected":false},"excerpt":{"rendered":"<p>Nevoks bietet uns seine SPL 10-Widerst\u00e4nde an. Spulen SPL 10 Mesh Nevoks kompatibel mit dem Feelin Pod, dem Feelin C1 Pod und dem Feelin X Pod von Nevoks. Die Mesh-Technologie f\u00f6rdert sowohl die hervorragende Geschmackswiedergabe als auch die gro\u00dfe Dampfwolke. Beachten Sie, dass der Dampf bei einem Widerstand von 0,6 Ohm dichter und RDL-orientiert ist. [&hellip;]<\/p>\n","protected":false},"featured_media":16168,"template":"","meta":{"_acf_changed":false},"product_cat":[440,442,408,399],"product_tag":[],"class_list":{"0":"post-47445","1":"product","2":"type-product","3":"status-publish","4":"has-post-thumbnail","6":"product_brand-nevoks-de","7":"product_cat-atomizer","8":"product_cat-hervorgehobene-produkte","9":"product_cat-lieferbar-innerhalb-von-24-stunden-de","10":"product_cat-vorgefertigte-widerstande","12":"first","13":"instock","14":"taxable","15":"shipping-taxable","16":"purchasable","17":"product-type-variable"},"acf":[],"jetpack_sharing_enabled":true,"_links":{"self":[{"href":"https:\/\/vapotheque.ch\/de\/wp-json\/wp\/v2\/product\/47445","targetHints":{"allow":["GET"]}}],"collection":[{"href":"https:\/\/vapotheque.ch\/de\/wp-json\/wp\/v2\/product"}],"about":[{"href":"https:\/\/vapotheque.ch\/de\/wp-json\/wp\/v2\/types\/product"}],"wp:featuredmedia":[{"embeddable":true,"href":"https:\/\/vapotheque.ch\/de\/wp-json\/wp\/v2\/media\/16168"}],"wp:attachment":[{"href":"https:\/\/vapotheque.ch\/de\/wp-json\/wp\/v2\/media?parent=47445"}],"wp:term":[{"taxonomy":"product_cat","embeddable":true,"href":"https:\/\/vapotheque.ch\/de\/wp-json\/wp\/v2\/product_cat?post=47445"},{"taxonomy":"product_tag","embeddable":true,"href":"https:\/\/vapotheque.ch\/de\/wp-json\/wp\/v2\/product_tag?post=47445"}],"curies":[{"name":"wp","href":"https:\/\/api.w.org\/{rel}","templated":true}]}}