{"id":47441,"date":"2020-03-13T12:12:06","date_gmt":"2020-03-13T11:12:06","guid":{"rendered":"https:\/\/vapotheque.ch\/boutique\/amazone-japura-50-ml-70-ml-e-liquid\/"},"modified":"2020-03-13T12:12:06","modified_gmt":"2020-03-13T11:12:06","slug":"amazone-japura-50-ml-70-ml-e-liquid","status":"publish","type":"product","link":"https:\/\/vapotheque.ch\/de\/shop\/amazone-japura-50-ml-70-ml-e-liquid\/","title":{"rendered":"Amazone &#8211; Japura 50 ml \/ 70 ml E-Liquid"},"content":{"rendered":"<h2>Der franz\u00f6sische Hersteller E Tasty bietet uns das Amazone Japura 50 ml \/ 70 ml E-Liquid an!<\/h2>\n<p>Finden Sie im <g id=\"gid_0\">Amazon Japura 50 ml \/ 70 ml E-Liquid<\/g>, eine <strong>Limettenlimonade<\/strong> passt zu <strong>roten Fr\u00fcchten<\/strong> und <strong>schwarzer Johannisbeere<\/strong> in einem prickelnden Rezept voller <strong>Frische<\/strong>.<strong><\/strong>   Ein One-Way-Ticket in ein Land der unerforschten Geschm\u00e4cker wartet auf Sie!<\/p>\n<p>Mit ihrer leicht <strong>frischen<\/strong> Seite werden diese Fr\u00fcchte, die nach Sommer riechen, auch die Papillen des widerspenstigsten Dampfers begeistern! Ein Wunder, das man ohne M\u00e4\u00dfigung dampfen kann!<\/p>\n<p>Wichtig: E-Liquid in 50-ml-Geschmacksrichtungen, verkauft in einer 70-ml-Flasche.<\/p>\n<p class=\"class-fabrication\">Hergestellt in Frankreich; PG\/VG-Verh\u00e4ltnis: 50% \/ 50%<\/p>\n<p>Entdecken Sie die anderen Produkte der Marke  <a href=\"..\/..\/marque\/e-tasty\/\" target=\"_blank\" rel=\"noopener\">E Tasty.<\/a><\/p>\n<p>Erhalten Sie Rabatte oder die neuesten Informationen zu unseren Produkten, indem Sie uns in unseren sozialen Netzwerken folgen: <a href=\"https:\/\/www.facebook.com\/VapeAigleCH\" target=\"_blank\" rel=\"noopener\">Facebook<\/a> oder <a href=\"https:\/\/www.instagram.com\/vapotheque\" target=\"_blank\" rel=\"noopener\">Instagram<\/a>.<\/p>\n","protected":false},"excerpt":{"rendered":"<p>Der franz\u00f6sische Hersteller E Tasty bietet uns das Amazone Japura 50 ml \/ 70 ml E-Liquid an! Finden Sie im Amazon Japura 50 ml \/ 70 ml E-Liquid, eine Limettenlimonade passt zu roten Fr\u00fcchten und schwarzer Johannisbeere in einem prickelnden Rezept voller Frische. Ein One-Way-Ticket in ein Land der unerforschten Geschm\u00e4cker wartet auf Sie! Mit [&hellip;]<\/p>\n","protected":false},"featured_media":14378,"template":"","meta":{"_acf_changed":false},"product_cat":[405,404,408,1686,1679],"product_tag":[],"class_list":{"0":"post-47441","1":"product","2":"type-product","3":"status-publish","4":"has-post-thumbnail","6":"product_brand-e-tasty-de","7":"product_cat-e-liquids","8":"product_cat-fruchtig","9":"product_cat-lieferbar-innerhalb-von-24-stunden-de","10":"product_cat-50-ml-fur-70-ml","11":"product_cat-menge-e-flussigkeit-kapazitat-flasche","13":"first","14":"instock","15":"taxable","16":"shipping-taxable","17":"purchasable","18":"product-type-simple"},"acf":[],"jetpack_sharing_enabled":true,"_links":{"self":[{"href":"https:\/\/vapotheque.ch\/de\/wp-json\/wp\/v2\/product\/47441","targetHints":{"allow":["GET"]}}],"collection":[{"href":"https:\/\/vapotheque.ch\/de\/wp-json\/wp\/v2\/product"}],"about":[{"href":"https:\/\/vapotheque.ch\/de\/wp-json\/wp\/v2\/types\/product"}],"wp:featuredmedia":[{"embeddable":true,"href":"https:\/\/vapotheque.ch\/de\/wp-json\/wp\/v2\/media\/14378"}],"wp:attachment":[{"href":"https:\/\/vapotheque.ch\/de\/wp-json\/wp\/v2\/media?parent=47441"}],"wp:term":[{"taxonomy":"product_cat","embeddable":true,"href":"https:\/\/vapotheque.ch\/de\/wp-json\/wp\/v2\/product_cat?post=47441"},{"taxonomy":"product_tag","embeddable":true,"href":"https:\/\/vapotheque.ch\/de\/wp-json\/wp\/v2\/product_tag?post=47441"}],"curies":[{"name":"wp","href":"https:\/\/api.w.org\/{rel}","templated":true}]}}