{"id":47440,"date":"2020-03-13T12:08:21","date_gmt":"2020-03-13T11:08:21","guid":{"rendered":"https:\/\/vapotheque.ch\/boutique\/botanics-minze-50-ml-60-ml-e-liquid\/"},"modified":"2020-03-13T12:08:21","modified_gmt":"2020-03-13T11:08:21","slug":"botanics-minze-50-ml-60-ml-e-liquid","status":"publish","type":"product","link":"https:\/\/vapotheque.ch\/de\/shop\/botanics-minze-50-ml-60-ml-e-liquid\/","title":{"rendered":"Botanics &#8211; Minze 50 ml \/ 60 ml E-Liquid"},"content":{"rendered":"<h2>Der franz\u00f6sische Hersteller Vaponaute bietet uns das E-Liquid La Menthe in seiner Botanics-Reihe an.<\/h2>\n<p>Das Botanics E-Liquid La Menthe enth\u00e4lt <strong>Menthol<\/strong>, <strong>Chlorophyll<\/strong>, <strong>gr\u00fcne<\/strong> Minze und <strong>Pfefferminze<\/strong> in einem idealen Zusammenspiel. <strong>Frisch<\/strong> und <strong>komplex<\/strong>, ist es perfekt f\u00fcr Liebhaber von frischen Vapes!<\/p>\n<\/p>\n<p>Wichtig: E-Liquid in Aromen 50 ml, verkauft in einer 60 ml Flasche.<\/p>\n<p class=\"class-fabrication\">Hergestellt in Frankreich; PG\/VG-Verh\u00e4ltnis: 40% \/ 60%.<\/p>\n<p>Entdecken Sie weitere Produkte der Marke <a href=\"..\/..\/marque\/vaponaute\/\" target=\"_blank\" rel=\"noopener\">Vaponaute<\/a>.<\/p>\n<p>Erhalten Sie Rabatte oder die neuesten Informationen zu unseren Produkten, indem Sie uns in unseren sozialen Netzwerken folgen: <a href=\"https:\/\/www.facebook.com\/VapeAigleCH\" target=\"_blank\" rel=\"noopener\">Facebook<\/a> oder <a href=\"https:\/\/www.instagram.com\/vapotheque\" target=\"_blank\" rel=\"noopener\">Instagram<\/a>.<\/p>\n","protected":false},"excerpt":{"rendered":"<p>Der franz\u00f6sische Hersteller Vaponaute bietet uns das E-Liquid La Menthe in seiner Botanics-Reihe an. Das Botanics E-Liquid La Menthe enth\u00e4lt Menthol, Chlorophyll, gr\u00fcne Minze und Pfefferminze in einem idealen Zusammenspiel. Frisch und komplex, ist es perfekt f\u00fcr Liebhaber von frischen Vapes! Wichtig: E-Liquid in Aromen 50 ml, verkauft in einer 60 ml Flasche. Hergestellt in [&hellip;]<\/p>\n","protected":false},"featured_media":17078,"template":"","meta":{"_acf_changed":false},"product_cat":[405,408,401,1685,1679],"product_tag":[],"class_list":{"0":"post-47440","1":"product","2":"type-product","3":"status-publish","4":"has-post-thumbnail","6":"product_brand-vaponaute-de","7":"product_cat-e-liquids","8":"product_cat-lieferbar-innerhalb-von-24-stunden-de","9":"product_cat-minze","10":"product_cat-50-ml-fur-60-ml","11":"product_cat-menge-e-flussigkeit-kapazitat-flasche","13":"first","14":"outofstock","15":"taxable","16":"shipping-taxable","17":"purchasable","18":"product-type-simple"},"acf":[],"jetpack_sharing_enabled":true,"_links":{"self":[{"href":"https:\/\/vapotheque.ch\/de\/wp-json\/wp\/v2\/product\/47440","targetHints":{"allow":["GET"]}}],"collection":[{"href":"https:\/\/vapotheque.ch\/de\/wp-json\/wp\/v2\/product"}],"about":[{"href":"https:\/\/vapotheque.ch\/de\/wp-json\/wp\/v2\/types\/product"}],"wp:featuredmedia":[{"embeddable":true,"href":"https:\/\/vapotheque.ch\/de\/wp-json\/wp\/v2\/media\/17078"}],"wp:attachment":[{"href":"https:\/\/vapotheque.ch\/de\/wp-json\/wp\/v2\/media?parent=47440"}],"wp:term":[{"taxonomy":"product_cat","embeddable":true,"href":"https:\/\/vapotheque.ch\/de\/wp-json\/wp\/v2\/product_cat?post=47440"},{"taxonomy":"product_tag","embeddable":true,"href":"https:\/\/vapotheque.ch\/de\/wp-json\/wp\/v2\/product_tag?post=47440"}],"curies":[{"name":"wp","href":"https:\/\/api.w.org\/{rel}","templated":true}]}}