{"id":47334,"date":"2025-10-25T14:52:34","date_gmt":"2025-10-25T12:52:34","guid":{"rendered":"https:\/\/vapotheque.ch\/boutique\/aspire-nexi-pro-tonabnehmer-packung-x2\/"},"modified":"2025-10-25T14:52:34","modified_gmt":"2025-10-25T12:52:34","slug":"aspire-nexi-pro-tonabnehmer-packung-x2","status":"publish","type":"product","link":"https:\/\/vapotheque.ch\/de\/shop\/aspire-nexi-pro-tonabnehmer-packung-x2\/","title":{"rendered":"Aspire &#8211; Nexi Pro Tonabnehmer &#8211; Packung x2"},"content":{"rendered":"<h3 data-start=\"129\" data-end=\"201\">Aspire &#8211; Nexi Pro Cartridges &#8211; Pack x2: Der neue Look, auf den Ihr Vape Pen gewartet hat<\/h3>\n<p data-start=\"203\" data-end=\"648\">F\u00e4ngt Ihr Nexi Pro an zu husten oder zieht das Gesicht? Keine Panik, wir haben das, was er braucht, um wie am ersten Tag wieder <g id=\"gid_0\">anzufangen: die Nexi Pro Ersatzpatronen<\/g> !<br data-start=\"379\" data-end=\"382\">Diese Packung mit 2 brandneuen Patronen gibt Ihrem Vape einen Schub, mit <g id=\"gid_1\">eingebauten 1,2 Ohm Mesh-Spulen<\/g> , die schwere Aromen senden. Ein kleiner Tausch, und fertig: Hier geht&#8217;s wieder los f\u00fcr ein <strong data-start=\"583\" data-end=\"627\">leckeres und tightes MTL-Erlebnis<\/strong>, ganz so, wie Sie es m\u00f6gen.  <\/p>\n<p data-start=\"650\" data-end=\"822\">Jede Kartusche verf\u00fcgt \u00fcber ein <strong data-start=\"682\" data-end=\"703\">2 ml Reservoir<\/strong>, das sich dank einer seitlichen Lasche aus Silikon leicht bef\u00fcllen l\u00e4sst. Eine einfache, saubere Geste, ohne Leckagen, ohne Kopfschmerzen. <\/p>\n<p data-start=\"824\" data-end=\"1037\">Wenn der Widerstand ersch\u00f6pft ist? Keine Demontage, kein Schraubenzieher, keine Panik: <g id=\"gid_0\">Wir wechseln die ganze Kartusche<\/g> und machen uns wieder auf den Weg zu neuen Geschmacksabenteuern. Es ist schnell, sauber und ultra bequem.  <\/p>\n<hr data-start=\"1039\" data-end=\"1042\">\n<h3 data-start=\"1044\" data-end=\"1086\">Top-Aromen, m\u00fchelos<\/h3>\n<p data-start=\"1088\" data-end=\"1418\">Mit ihrem ultra-reaktiven <strong data-start=\"1098\" data-end=\"1117\">Netzwiderstand<\/strong> erhitzen diese Nexi Pro-Patronen Ihr E-Liquid gleichm\u00e4\u00dfig und sorgen so f\u00fcr eine erstklassige Aromenr\u00fcckgabe. Das Ergebnis: ein <strong data-start=\"1252\" data-end=\"1294\">fl\u00fcssiger, ausgewogener und druckvoller Dampf<\/strong>, perfekt f\u00fcr den Genuss Ihrer Lieblingsfl\u00fcssigkeiten, insbesondere f\u00fcr Rezepte mit einer guten Dosis PG (und Nikotin, falls n\u00f6tig!). <\/p>\n<p data-start=\"1420\" data-end=\"1453\"><strong data-start=\"1423\" data-end=\"1449\">Gebrauchsanweisung<\/strong> :<\/p>\n<ul data-start=\"1454\" data-end=\"1639\">\n<li data-start=\"1454\" data-end=\"1511\">\n<p data-start=\"1456\" data-end=\"1511\">Vape-Typ: <strong data-start=\"1471\" data-end=\"1478\">MTL<\/strong> (enger Zug, Zigarettentyp)<\/p>\n<\/li>\n<li data-start=\"1512\" data-end=\"1545\">\n<p data-start=\"1514\" data-end=\"1545\">Widerstand: <strong data-start=\"1527\" data-end=\"1543\">1,2 Ohm Masche<\/strong><\/p>\n<\/li>\n<li data-start=\"1546\" data-end=\"1597\">\n<p data-start=\"1548\" data-end=\"1597\">Empfohlene E-Liquids: <strong data-start=\"1572\" data-end=\"1595\">50\/50 bis 70\/30 PG\/VG<\/strong><\/p>\n<\/li>\n<li data-start=\"1598\" data-end=\"1639\">\n<p data-start=\"1600\" data-end=\"1639\">Nikotingehalt: <strong data-start=\"1619\" data-end=\"1639\">bis zu 20 mg\/ml<\/strong><\/p>\n<\/li>\n<\/ul>\n<p>Hier finden Sie alle unsere <strong><a href=\"..\/..\/categorie\/pods?orderby=date\/\" target=\"_blank\" rel=\"noopener\">Pods.<\/a><br \/>\nEntdecken Sie alle anderen Produkte der Marke <strong><a href=\"..\/..\/product_brand\/aspire\/\" target=\"_blank\" rel=\"noopener\">Aspire<\/a><\/strong>.<\/strong><\/p>\n<p>Erhalten Sie Rabatte oder die neuesten Informationen zu unseren anderen Produkten, die im Gesch\u00e4ft erh\u00e4ltlich sind, indem Sie uns in unseren sozialen Netzwerken folgen: <strong><a href=\"https:\/\/www.facebook.com\/VapeAigleCH\" target=\"_blank\" rel=\"noopener\">Facebook<\/a><\/strong> oder <strong><a href=\"https:\/\/www.instagram.com\/vapotheque_aigle\/\" target=\"_blank\" rel=\"noopener\">Instagram<\/a><\/strong>.<\/p>\n","protected":false},"excerpt":{"rendered":"<p>Aspire &#8211; Nexi Pro Cartridges &#8211; Pack x2: Der neue Look, auf den Ihr Vape Pen gewartet hat F\u00e4ngt Ihr Nexi Pro an zu husten oder zieht das Gesicht? Keine Panik, wir haben das, was er braucht, um wie am ersten Tag wieder anzufangen: die Nexi Pro Ersatzpatronen !Diese Packung mit 2 brandneuen Patronen gibt [&hellip;]<\/p>\n","protected":false},"featured_media":47331,"template":"","meta":{"_acf_changed":false},"product_cat":[442,408,453,469],"product_tag":[],"class_list":{"0":"post-47334","1":"product","2":"type-product","3":"status-publish","4":"has-post-thumbnail","6":"product_brand-aspire-de","7":"product_cat-hervorgehobene-produkte","8":"product_cat-lieferbar-innerhalb-von-24-stunden-de","9":"product_cat-pods-de","10":"product_cat-zubehor-pods","12":"first","13":"instock","14":"taxable","15":"shipping-taxable","16":"purchasable","17":"product-type-simple"},"acf":[],"jetpack_sharing_enabled":true,"_links":{"self":[{"href":"https:\/\/vapotheque.ch\/de\/wp-json\/wp\/v2\/product\/47334","targetHints":{"allow":["GET"]}}],"collection":[{"href":"https:\/\/vapotheque.ch\/de\/wp-json\/wp\/v2\/product"}],"about":[{"href":"https:\/\/vapotheque.ch\/de\/wp-json\/wp\/v2\/types\/product"}],"wp:featuredmedia":[{"embeddable":true,"href":"https:\/\/vapotheque.ch\/de\/wp-json\/wp\/v2\/media\/47331"}],"wp:attachment":[{"href":"https:\/\/vapotheque.ch\/de\/wp-json\/wp\/v2\/media?parent=47334"}],"wp:term":[{"taxonomy":"product_cat","embeddable":true,"href":"https:\/\/vapotheque.ch\/de\/wp-json\/wp\/v2\/product_cat?post=47334"},{"taxonomy":"product_tag","embeddable":true,"href":"https:\/\/vapotheque.ch\/de\/wp-json\/wp\/v2\/product_tag?post=47334"}],"curies":[{"name":"wp","href":"https:\/\/api.w.org\/{rel}","templated":true}]}}